{"id":4393,"date":"2024-05-03T06:36:07","date_gmt":"2024-05-03T06:36:07","guid":{"rendered":"https:\/\/elfsight.com\/de\/?page_id=4393"},"modified":"2024-11-08T09:24:45","modified_gmt":"2024-11-08T09:24:45","slug":"wordpress","status":"publish","type":"page","link":"https:\/\/elfsight.com\/de\/facebook-feed-widget\/wordpress\/","title":{"rendered":"Facebook Feed &#8211; WordPress"},"content":{"rendered":"\n<div class=\"application-platform-content-item-description application-platform-content-item\" id=\"description\" data-nav-section=\"description\">\n<h2>Facebook-Feed in WordPress mit dem Elfsight-Widget einbetten<\/h2>\n<p>Zeigen Sie Ihre Facebook-Seite \u00fcber unser universelles Plugin \u2013 Facebook-Feed. Beitr\u00e4ge, Videos, Fotos \u2013 stellen Sie sicher, dass Ihre Leser keinen einzigen Inhalt von Ihnen \u00fcberspringen. Eine ansprechende Benutzeroberfl\u00e4che mit Originalelementen von Facebook wird garantiert ins Auge fallen und wird nicht nur dazu beitragen, aktuelle Benutzer auf der Website zu halten, sondern auch neue Facebook-Abonnenten anzulocken.<\/p>\n<p><b>Heben Sie Ihre Website auf ein neues Level mit dem besten WordPress-Facebook-Plugin.<\/b><\/p>\n<ul>\n    <li><b>St\u00e4rken Sie die Glaubw\u00fcrdigkeit Ihres Unternehmens<\/b>.<br>Ein Unternehmen, das \u00fcber aktive Profile in sozialen Netzwerken verf\u00fcgt, erh\u00e4lt 75 % mehr Vertrauen bei den Lesern. Pr\u00e4sentieren Sie Ihr Facebook-Profil auf der Website, um den Benutzern zu beweisen, dass Ihr Unternehmen echt und vertrauensw\u00fcrdig ist.<\/li>\n    <li><b>Erh\u00f6hen Sie die Anzahl der Facebook-Abonnenten Ihres Profils<\/b>.<br>Verwandeln Sie Website-Benutzer in Facebook-Abonnenten. Richten Sie ein lebendiges Plugin ein, das Ihre Seite anzeigt, und f\u00fcgen Sie es auf der Website hinzu, damit jeder Leser die M\u00f6glichkeit hat, Ihrer Seite zu folgen.<\/li>\n    <li><b>1 Facebook-Widget statt 3<\/b>.<br>Sie k\u00f6nnen alle Ihre Facebook-Inhalte in einem Plugin anzeigen lassen: F\u00fcgen Sie Beitr\u00e4ge mit Kommentaren, Likes oder allen verf\u00fcgbaren Reaktionen ein; Holen Sie sich Bilder und Video-Playlists aus Facebook-Alben auf die Website.<\/li>\n<\/ul>\n<\/div>\n\n<div class=\"faq\" data-component=\"FAQ\">\n<div class=\"faq-item\">\r\n\t\t\t\t\t<div class=\"faq-item-question\">\r\n\t\t\t\t\t\t<h3 class=\"faq-item-question-text\">Welche anderen Tools f\u00fcr WordPress haben Sie zu bieten?<\/h3>\r\n\r\n\t\t\t\t\t\t<div class=\"faq-item-question-icon\"><\/div>\r\n\t\t\t\t\t<\/div>\r\n\r\n\t\t\t\t\t<div class=\"faq-item-answer\">\r\n\t\t\t\t\t\t<div class=\"faq-item-answer-text\">\n<p>Wir bieten Ihnen eine Vielzahl von Tools f\u00fcr verschiedene Zwecke. Sehen Sie sich einige davon an: <a href=\"https:\/\/elfsight.com\/popup-widget\/webflow\/\">Popup<\/a>, <a href=\"https:\/\/elfsight.com\/facebook-chat-widget\/wordpress\/\">Facebook-Chat<\/a>, <a href=\"https:\/\/elfsight.com\/google-reviews-widget\/wordpress\/\">Google-Bewertungen<\/a>, <a href=\"https:\/\/elfsight.com\/testimonials-slider-widget\/wordpress\/\">Testimonials-Slider<\/a>, <a href=\"https:\/\/elfsight.com\/youtube-channel-plugin-yottie\/wordpress\/\">YouTube-Feed<\/a>. Sie k\u00f6nnen sie je nach Bedarf zu Ihrer Website hinzuf\u00fcgen.<\/p>\n<\/div>\r\n\t\t\t\t\t<\/div>\r\n\t\t\t\t<\/div>\n\n<div class=\"faq-item\">\r\n\t\t\t\t\t<div class=\"faq-item-question\">\r\n\t\t\t\t\t\t<h3 class=\"faq-item-question-text\">Wie bette ich das Facebook-Feed-Plugin in meine WordPress-Website ein?<\/h3>\r\n\r\n\t\t\t\t\t\t<div class=\"faq-item-question-icon\"><\/div>\r\n\t\t\t\t\t<\/div>\r\n\r\n\t\t\t\t\t<div class=\"faq-item-answer\">\r\n\t\t\t\t\t\t<div class=\"faq-item-answer-text\">\n<p>Sie k\u00f6nnen das Facebook-Feed-Plugin einfach zu Ihrer WordPress-Site hinzuf\u00fcgen. \u00d6ffnen Sie das Administrator-Panel und f\u00fchren Sie die folgenden Schritte aus:<\/p>\n<ol>\n    <li>Klicken Sie auf die Einstellungen Ihrer WordPress-Website.<\/li>\n    <li>W\u00e4hlen Sie den Block aus, in dem Sie den Facebook-Feed implementieren m\u00f6chten.<\/li>\n    <li>Betten Sie den Code aus dem Elfsight Apps-Dienst ein und speichern Sie die \u00c4nderungen.<\/li>\n    <li>Alles ist erledigt.<\/li>\n<\/ol>\n<p>Eine vollst\u00e4ndige Anleitung finden Sie <a href=\"https:\/\/elfsight.com\/tutorials\/how-to-add-facebook-feed-to-any-website\/#wordpress-facebook-plugin\" target=\"_blank\" rel=\"noopener noreferrer\">hier<\/a>.<\/p>\n<\/div>\r\n\t\t\t\t\t<\/div>\r\n\t\t\t\t<\/div>\n\n<div class=\"faq-item\">\r\n\t\t\t\t\t<div class=\"faq-item-question\">\r\n\t\t\t\t\t\t<h3 class=\"faq-item-question-text\">Darf ich Ihr WordPress-Facebook-Feed-Plugin testen?<\/h3>\r\n\r\n\t\t\t\t\t\t<div class=\"faq-item-question-icon\"><\/div>\r\n\t\t\t\t\t<\/div>\r\n\r\n\t\t\t\t\t<div class=\"faq-item-answer\">\r\n\t\t\t\t\t\t<div class=\"faq-item-answer-text\">\n<p>Ja, Sie k\u00f6nnen unsere aktive <a href=\"https:\/\/elfsight.com\/facebook-feed-widget\/#demo\">Demo<\/a> nutzen, um alle Funktionen des Plugins zu testen und das Tool zu Ihrer WordPress-Website hinzuzuf\u00fcgen!<\/p>\n<\/div>\r\n\t\t\t\t\t<\/div>\r\n\t\t\t\t<\/div>\n<\/div>\n\n<div class=\"application-platform-content-item-features application-platform-content-item\" id=\"features\" data-nav-section=\"features\">\n<h2>Hauptfunktionen des Facebook-Feed-Widgets<\/h2>\n<p>Hauptfunktionen, die unseren Facebook-Feed zu einem der besten Plugins f\u00fcr jede WordPress-Website machen.<\/p>\n<ul>\n    <li>3 anzeigbare Arten von Facebook-Inhalten: Beitr\u00e4ge, Videos und Fotos mit Alben;<\/li>\n    <li>Anpassbare Kopfzeile mit anpassbaren Elementen: Titelbild, Aktionen, Seitenbild, Anzahl der Likes;<\/li>\n    <li>Gef\u00e4llt mir- und Teilen-Schaltfl\u00e4chen in der Kopfzeile;<\/li>\n    <li>Variables Beitragslimit;<\/li>\n    <li>Regelm\u00e4\u00dfige Live-Updates, um es auf dem neuesten Stand zu halten.<\/li>\n<\/ul>\n<p><a href=\"#demo\">Testen Sie alle Funktionen in der Live-Demo<\/a><\/p>\n<\/div>\n\n<div class=\"application-platform-content-item-installation application-platform-content-item\" id=\"installation\" data-nav-section=\"installation\">\n<h2>So betten Sie das Facebook-Plugin in WordPress ein<\/h2>\n<div class=\"video-container\">\n    <iframe src=\"https:\/\/www.youtube.com\/embed\/URsM7tz9sAc\" width=\"720\" height=\"405\" frameborder=\"0\" allowfullscreen=\"allowfullscreen\"><\/iframe>\n<\/div>\n<p>F\u00fchren Sie die folgenden Schritte aus, um das Widget in WordPress zu integrieren:<\/p>\n<ol>\n    <li><b>Nutzen Sie unsere kostenlose Demo und beginnen Sie mit dem Bau Ihres ma\u00dfgeschneiderten Instruments.<\/b><br> Geben Sie das benutzerdefinierte Design und die Funktionalit\u00e4t des Widgets an und wenden Sie die \u00c4nderungen an.<\/li>\n    <li><b>Erhalten Sie den individuellen Code, der im speziellen Formular auf Elfsight Apps angezeigt wird.<\/b><br> Kopieren Sie den Code und speichern Sie ihn f\u00fcr sp\u00e4ter.<\/li>\n    <li><b>F\u00fcgen Sie den Code in Ihre WordPress-Site ein.<\/b><br> Integrieren Sie den Code in Ihre Website und speichern Sie die \u00c4nderungen.<\/li>\n    <li><b>Fertig! Die Integration wurde erfolgreich durchgef\u00fchrt.<\/b><br> \u00dcberpr\u00fcfen Sie Ihre Website, um das Ergebnis zu sehen.<\/li>\n<\/ol>\n<p>F\u00fcr umfassendere Unterst\u00fctzung lesen Sie die vollst\u00e4ndige Anleitung <a href=\"https:\/\/elfsight.com\/tutorials\/how-to-add-facebook-feed-plugin-to-wordpress\/\" target=\"_blank\" rel=\"noopener noreferrer\">hier<\/a> oder wenden Sie sich an unser Hilfecenter.<\/p>\n<\/div>\n\n","protected":false},"excerpt":{"rendered":"","protected":false},"author":9,"featured_media":0,"parent":651,"menu_order":0,"comment_status":"closed","ping_status":"closed","template":"templates\/template-application-platform.php","meta":{"publish_to_discourse":"","publish_post_category":"","wpdc_auto_publish_overridden":"","wpdc_topic_tags":"","wpdc_pin_topic":"","wpdc_pin_until":"","discourse_post_id":"","discourse_permalink":"","wpdc_publishing_response":"","wpdc_publishing_error":"","footnotes":""},"class_list":["post-4393","page","type-page","status-publish","hentry"],"yoast_head":"<!-- This site is optimized with the Yoast SEO plugin v25.3.1 - https:\/\/yoast.com\/wordpress\/plugins\/seo\/ -->\n<title>F\u00fcgen Sie Ihrer Website das WordPress-Facebook-Feed-Plugin hinzu (kostenlos)<\/title>\n<meta name=\"description\" content=\"Betten Sie das beste Facebook-Feed-Plugin in Ihre WordPress-Website ein. Testen Sie unsere Live-Demo und erstellen Sie Ihr Plugin in nur 1 Minute.\" \/>\n<meta name=\"robots\" content=\"index, follow, max-snippet:-1, max-image-preview:large, max-video-preview:-1\" \/>\n<link rel=\"canonical\" href=\"https:\/\/elfsight.com\/de\/facebook-feed-widget\/wordpress\/\" \/>\n<meta property=\"og:locale\" content=\"de_DE\" \/>\n<meta property=\"og:type\" content=\"article\" \/>\n<meta property=\"og:title\" content=\"F\u00fcgen Sie Ihrer Website das WordPress-Facebook-Feed-Plugin hinzu (kostenlos)\" \/>\n<meta property=\"og:description\" content=\"Betten Sie das beste Facebook-Feed-Plugin in Ihre WordPress-Website ein. Testen Sie unsere Live-Demo und erstellen Sie Ihr Plugin in nur 1 Minute.\" \/>\n<meta property=\"og:url\" content=\"https:\/\/elfsight.com\/de\/facebook-feed-widget\/wordpress\/\" \/>\n<meta property=\"og:site_name\" content=\"Elfsight DE\" \/>\n<meta property=\"article:modified_time\" content=\"2024-11-08T09:24:45+00:00\" \/>\n<meta name=\"twitter:card\" content=\"summary_large_image\" \/>\n<meta name=\"twitter:label1\" content=\"Gesch\u00e4tzte Lesezeit\" \/>\n\t<meta name=\"twitter:data1\" content=\"4\u00a0Minuten\" \/>\n<!-- \/ Yoast SEO plugin. -->","yoast_head_json":{"title":"F\u00fcgen Sie Ihrer Website das WordPress-Facebook-Feed-Plugin hinzu (kostenlos)","description":"Betten Sie das beste Facebook-Feed-Plugin in Ihre WordPress-Website ein. Testen Sie unsere Live-Demo und erstellen Sie Ihr Plugin in nur 1 Minute.","robots":{"index":"index","follow":"follow","max-snippet":"max-snippet:-1","max-image-preview":"max-image-preview:large","max-video-preview":"max-video-preview:-1"},"canonical":"https:\/\/elfsight.com\/de\/facebook-feed-widget\/wordpress\/","og_locale":"de_DE","og_type":"article","og_title":"F\u00fcgen Sie Ihrer Website das WordPress-Facebook-Feed-Plugin hinzu (kostenlos)","og_description":"Betten Sie das beste Facebook-Feed-Plugin in Ihre WordPress-Website ein. Testen Sie unsere Live-Demo und erstellen Sie Ihr Plugin in nur 1 Minute.","og_url":"https:\/\/elfsight.com\/de\/facebook-feed-widget\/wordpress\/","og_site_name":"Elfsight DE","article_modified_time":"2024-11-08T09:24:45+00:00","twitter_card":"summary_large_image","twitter_misc":{"Gesch\u00e4tzte Lesezeit":"4\u00a0Minuten"},"schema":{"@context":"https:\/\/schema.org","@graph":[{"@type":"WebPage","@id":"https:\/\/elfsight.com\/de\/facebook-feed-widget\/wordpress\/","url":"https:\/\/elfsight.com\/de\/facebook-feed-widget\/wordpress\/","name":"F\u00fcgen Sie Ihrer Website das WordPress-Facebook-Feed-Plugin hinzu (kostenlos)","isPartOf":{"@id":"https:\/\/elfsight.com\/de\/#website"},"datePublished":"2024-05-03T06:36:07+00:00","dateModified":"2024-11-08T09:24:45+00:00","description":"Betten Sie das beste Facebook-Feed-Plugin in Ihre WordPress-Website ein. Testen Sie unsere Live-Demo und erstellen Sie Ihr Plugin in nur 1 Minute.","breadcrumb":{"@id":"https:\/\/elfsight.com\/de\/facebook-feed-widget\/wordpress\/#breadcrumb"},"inLanguage":"de","potentialAction":[{"@type":"ReadAction","target":["https:\/\/elfsight.com\/de\/facebook-feed-widget\/wordpress\/"]}]},{"@type":"BreadcrumbList","@id":"https:\/\/elfsight.com\/de\/facebook-feed-widget\/wordpress\/#breadcrumb","itemListElement":[{"@type":"ListItem","position":1,"name":"Home","item":"https:\/\/elfsight.com\/de\/"},{"@type":"ListItem","position":2,"name":"Facebook Feed","item":"https:\/\/elfsight.com\/de\/facebook-feed-widget\/"},{"@type":"ListItem","position":3,"name":"Facebook Feed &#8211; WordPress"}]},{"@type":"WebSite","@id":"https:\/\/elfsight.com\/de\/#website","url":"https:\/\/elfsight.com\/de\/","name":"Elfsight DE","description":"Just another Elfsight Sites site","potentialAction":[{"@type":"SearchAction","target":{"@type":"EntryPoint","urlTemplate":"https:\/\/elfsight.com\/de\/?s={search_term_string}"},"query-input":{"@type":"PropertyValueSpecification","valueRequired":true,"valueName":"search_term_string"}}],"inLanguage":"de"}]}},"meta_box":{"industry":"","seo_heading":"","heading":"","description":"","cta_heading":"","cta_description":"","application":"185","h1":"WordPress-Facebook-Feed-Plugin","h1_caption":"Betten Sie Beitr\u00e4ge von Ihrer Facebook-Seite ein, um Ihre Website-Besucher m\u00fchelos \u00fcber die neuesten Updates und Neuigkeiten auf Ihrer WordPress-Website zu informieren.","application_category":[],"applications_title":"","applications_request_title":"","applications_request_button_text":"","hero_text":"","hero_video":"","hero_video_schema_markup":"","selling_points_title":"","selling_points_caption":"","selling_points":[],"selling_points_cta_text":"","features_title":"","features":"","ed_cta_examples_text":"","ed_cta_examples_hidden":"","ed_cta_demo_text":"","ed_cta_demo_hidden":"","why_caption":"","why_editor_title":"","why_editor_text":"","why_team_title":"","why_team_text":"","why_service_title":"","why_service_text":"","template_catalog_visible":"0","template_catalog_title":"","template_catalog_text":"","template_catalog_categories_visible":"","demo_title":"Erstellen Sie Ihr Facebook-Feed-Plugin","demo_caption":"Konfigurieren Sie Ihren Facebook-Feed und f\u00fcgen Sie ihn kostenlos zu Ihrer WordPress-Website hinzu!","default_faq_hidden":"","app_template_category":[],"platform":"266","template_public_id":"","codecanyon_url":"","codecanyon_item_id":"","codecanyon_price":"","pricing_caption":"","pricing_elfsight_apps_hide_column":"","pricing_elfsight_apps_url":"","pricing_codecanyon_price_caption":"","integration_category":[],"integration_request_title":"","integration_request_cta":"","integration_platform":"","integrations":[],"platform_category":[],"video_schema_markup":"","price":"ab 0 $ \/ Monat","trial":"","benefits":[{"text":"Kostenlose Installationshilfe"},{"text":"Au\u00dfergew\u00f6hnlicher Support"},{"text":"14-t\u00e4gige R\u00fcckerstattungsgarantie"},{"text":"Laufende kostenlose Verbesserungen"}],"button_url":"#demo","button_target_blank":"0","button_nofollow":"0","attributes":[{"name":"Installiert","content":"100,000 - 500,000","_state":"expanded"},{"name":"Reaktionsfreudig","content":"Ja","_state":"expanded"},{"name":"Kompatible Browser","content":"Firefox, Safari, Opera, Chrome, Edge"}],"tags":[],"tags_disable_links":"0","hide_more_platforms":"","video_object":"{\r\n  \"@context\": \"http:\/\/schema.org\",\r\n  \"@type\": \"VideoObject\",\r\n  \"name\": \"How to Add Facebook Feed to WordPress (2020)\",\r\n  \"description\": \"Embed the best Facebook Feed plugin on your WordPress website. Test our live demo and create your plugin in just 1 minute.\",\r\n  \"thumbnailUrl\": \"https:\/\/i.ytimg.com\/vi\/URsM7tz9sAc\/default.jpg\",\r\n  \"uploadDate\": \"2020-02-28T14:57:43.000Z\",\r\n  \"duration\": \"PT2M32S\",\r\n  \"embedUrl\": \"https:\/\/www.youtube.com\/embed\/URsM7tz9sAc\",\r\n  \"interactionCount\": \"10022\"\r\n}","demo_hide_cta":"0","demo_hide_cloud_options":"0","pricing_title":"","pricing":[{"pricing_icon":"platform","pricing_title":"Elfsight Apps","pricing_title_caption":"Plattformunabh\u00e4ngige L\u00f6sung","pricing_price":"ab 0 $ \/ Monat","pricing_price_caption":"Beginnen Sie mit einem kostenlosen Plan","pricing_benefits":[{"text":"Unbegrenzte Domains"},{"text":"Schnelle Unterst\u00fctzung"},{"text":"Kostenlose Installationsunterst\u00fctzung"},{"text":"Sonderangebot f\u00fcr mehrere Apps"}],"pricing_button_text":"Zur Website hinzuf\u00fcgen","pricing_button_url":"#demo","_state":"expanded"}],"related_apps_title":"","related_apps_hidden":"1","author":"","image":[],"title":"","job":"","social_networks":[]},"_links":{"self":[{"href":"https:\/\/elfsight.com\/de\/wp-json\/wp\/v2\/pages\/4393","targetHints":{"allow":["GET"]}}],"collection":[{"href":"https:\/\/elfsight.com\/de\/wp-json\/wp\/v2\/pages"}],"about":[{"href":"https:\/\/elfsight.com\/de\/wp-json\/wp\/v2\/types\/page"}],"author":[{"embeddable":true,"href":"https:\/\/elfsight.com\/de\/wp-json\/wp\/v2\/users\/9"}],"replies":[{"embeddable":true,"href":"https:\/\/elfsight.com\/de\/wp-json\/wp\/v2\/comments?post=4393"}],"version-history":[{"count":8,"href":"https:\/\/elfsight.com\/de\/wp-json\/wp\/v2\/pages\/4393\/revisions"}],"predecessor-version":[{"id":22712,"href":"https:\/\/elfsight.com\/de\/wp-json\/wp\/v2\/pages\/4393\/revisions\/22712"}],"up":[{"embeddable":true,"href":"https:\/\/elfsight.com\/de\/wp-json\/wp\/v2\/pages\/651"}],"wp:attachment":[{"href":"https:\/\/elfsight.com\/de\/wp-json\/wp\/v2\/media?parent=4393"}],"curies":[{"name":"wp","href":"https:\/\/api.w.org\/{rel}","templated":true}]}}