{"id":4384,"date":"2024-05-03T06:33:14","date_gmt":"2024-05-03T06:33:14","guid":{"rendered":"https:\/\/elfsight.com\/de\/?page_id=4384"},"modified":"2025-01-15T07:01:59","modified_gmt":"2025-01-15T07:01:59","slug":"wordpress","status":"publish","type":"page","link":"https:\/\/elfsight.com\/de\/cookie-consent-widget\/wordpress\/","title":{"rendered":"Cookie Consent &#8211; WordPress"},"content":{"rendered":"\n<div class=\"application-platform-content-item-description application-platform-content-item\" id=\"description\" data-nav-section=\"description\"><h2>Cookie-Einwilligung in WordPress mit dem Elfsight-Widget einbetten<\/h2><p>Mit dem Elfsight-Cookie-Plugin ist es \u00e4u\u00dferst unkompliziert, Ihre Benutzer zu benachrichtigen dass Ihre Website Cookies verwendet, \u00fcber ein sch\u00f6nes Popup-Fenster. Mit dem Widget k\u00f6nnen Sie Ihre Nachricht verfassen, einen Link zu den Nutzungsbedingungen Ihrer Website hinzuf\u00fcgen und aktive Schaltfl\u00e4chen hinzuf\u00fcgen, um die Zustimmung der Benutzer einzuholen. Sie k\u00f6nnen w\u00e4hlen, ob die Benachrichtigung als Leiste oder als reaktionsf\u00e4higes Feld dargestellt werden soll, und den entsprechenden Standort festlegen. Dar\u00fcber hinaus helfen Ihnen Farboptionen dabei, das Widget konsistent zu gestalten und dem Gesamtstil der Website anzupassen.<\/p> <div class=\"faq\" data-component=\"FAQ\"><div class=\"faq-item\">\r\n\t\t\t\t\t<div class=\"faq-item-question\">\r\n\t\t\t\t\t\t<h3 class=\"faq-item-question-text\">Wie kann ich eine Cookie-Einwilligung in WordPress einbetten? site?<\/h3>\r\n\r\n\t\t\t\t\t\t<div class=\"faq-item-question-icon\"><\/div>\r\n\t\t\t\t\t<\/div>\r\n\r\n\t\t\t\t\t<div class=\"faq-item-answer\">\r\n\t\t\t\t\t\t<div class=\"faq-item-answer-text\"><p>Die Erstellung des Widgets erfolgt innerhalb des Elfsight-Dienstes und Sie m\u00fcssen keinen Code schreiben. Nutzen Sie unsere Online-Demo, um Ihre eigene App anzupassen, den Code zu erhalten und ihn in Ihre Website einzuf\u00fcgen. <\/p><\/div>\r\n\t\t\t\t\t<\/div>\r\n\t\t\t\t<\/div><div class=\"faq-item\">\r\n\t\t\t\t\t<div class=\"faq-item-question\">\r\n\t\t\t\t\t\t<h3 class=\"faq-item-question-text\">Die besten M\u00f6glichkeiten, die Integration von Cookie-Einwilligungshinweisen zu nutzen<\/h3>\r\n\r\n\t\t\t\t\t\t<div class=\"faq-item-question-icon\"><\/div>\r\n\t\t\t\t\t<\/div>\r\n\r\n\t\t\t\t\t<div class=\"faq-item-answer\">\r\n\t\t\t\t\t\t<div class=\"faq-item-answer-text\"><p>Wir bieten Ihnen viele Anpassungsm\u00f6glichkeiten: Widgets in voller L\u00e4nge zum Einf\u00fcgen in die Inhaltsbereich, schwebende Widgets mit Scrolloptionen, Layouts f\u00fcr Fu\u00dfzeile, Kopfzeile und alle m\u00f6glichen vertikalen M\u00f6glichkeiten f\u00fcr Seitenleisten und Men\u00fcs. <\/p><\/div>\r\n\t\t\t\t\t<\/div>\r\n\t\t\t\t<\/div><div class=\"faq-item\">\r\n\t\t\t\t\t<div class=\"faq-item-question\">\r\n\t\t\t\t\t\t<h3 class=\"faq-item-question-text\">Kann ich \u00fcber die Agentur Ihres Redakteurs eine schwebende Box oder eine Bottom-Cookie-Zustimmung erstellen?<\/h3>\r\n\r\n\t\t\t\t\t\t<div class=\"faq-item-question-icon\"><\/div>\r\n\t\t\t\t\t<\/div>\r\n\r\n\t\t\t\t\t<div class=\"faq-item-answer\">\r\n\t\t\t\t\t\t<div class=\"faq-item-answer-text\"><p>Sie k\u00f6nnen die \u00c4nderungen jedes Widgets erstellen. Im Editor stehen Ihnen unz\u00e4hlige Layouts zur Verf\u00fcgung, die Sie alle schnell an Ihre Bed\u00fcrfnisse anpassen k\u00f6nnen. <\/p><\/div>\r\n\t\t\t\t\t<\/div>\r\n\t\t\t\t<\/div><\/div><\/div><div class=\"application-platform-content-item-features application-platform-content-item\" id=\"features\" data-nav-section=\"features\"><h2>Hauptfunktionen des Cookie-Einwilligungs-Widgets<\/h2><p>Um ein klareres Wissen \u00fcber die Cookie-Einwilligung zu erlangen, Sehen Sie sich die Liste der wichtigsten Funktionen an. Sie machen unser Widget f\u00fcr Ihre Website maximal effizient:<\/p><ul><li>Erstellen Sie nur Benachrichtigungen oder Genehmigungsanfragen; <\/li> <li>Die Option, eine benutzerdefinierte Ank\u00fcndigungsnachricht mit Formatierungsfunktionen und Links zu schreiben; <\/li> <li>Einen aktiven Link zu den Cookie-Bedingungen mit benutzerdefiniertem Linktext einblenden oder ausblenden; <\/li> <li>Die Option zur Auswahl der Balken- oder Box-Layoutvariante des Widgets; <\/li> <li>W\u00e4hlen Sie die Farbe der Schaltfl\u00e4chen und Links aus. <\/li> <\/ul><p><a href=\"#demo\">Um alle Funktionen zu sehen, sehen Sie sich unsere Demo an<\/a><\/p><\/div><div class=\"application-platform-content-item-installation application-platform-content-item\" id=\"installation\" data-nav-section=\"installation\"><h2>\u00dcberpr\u00fcfen Sie, wie Sie die Cookie-Einwilligung zu Ihrem WordPress hinzuf\u00fcgen<\/h2><div class=\"video-container\"><iframe width=\"560\" height=\"315\" src=\"https:\/\/www.youtube.com\/embed\/hO_iY0D1eV8?si=cIR7ui7pBh-EJoFE\" frameborder=\"0\" allow=\"accelerometer; autoplay; clipboard-write; encrypted-media; gyroscope; picture-in-picture; web-share\" allowfullscreen><\/iframe><\/div><p>Folgen Sie einfach den Anweisungen unten, um das Widget in WordPress zu integrieren.<\/p> <ol><li><b> Starten Sie unseren kostenlosen Editor und beginnen Sie mit der Erstellung Ihres ma\u00dfgeschneiderten Instruments. <\/b><br> Bestimmen Sie das bevorzugte Aussehen und die bevorzugten Aspekte des Widgets und wenden Sie die Korrekturen an. <\/li> <li><b>Kopieren Sie Ihren pers\u00f6nlichen Code, der im Fenster von Elfsight Apps angezeigt wird. <\/b><br> Nachdem die Erstellung Ihres pers\u00f6nlichen Cookie-Einwilligungs-Widgets abgeschlossen ist, kopieren Sie den exklusiven Code aus dem angezeigten Popup und speichern Sie ihn zur sp\u00e4teren Verwendung. <\/li> <li><b>Initiieren Sie die Nutzung des Tools auf Ihrer WordPress-Site. <\/b><br> F\u00fcgen Sie den zuvor gespeicherten Code in Ihre Website ein und \u00fcbernehmen Sie die Anpassungen. <\/li> <li><b>Fertig! Die Einrichtung ist erfolgreich abgeschlossen. <\/b><br> Besuchen Sie Ihre Website, um zu pr\u00fcfen, wie das Tool funktioniert. <\/li><\/ol> <p>Zweifeln Sie immer noch an etwas? Oder haben Sie Fragen? Schreiben Sie einfach eine Anfrage an unser Support-Team. Wir sind immer f\u00fcr Sie da, um Ihnen bei Problemen zu helfen. <\/p><\/div>\n","protected":false},"excerpt":{"rendered":"","protected":false},"author":9,"featured_media":0,"parent":859,"menu_order":0,"comment_status":"closed","ping_status":"closed","template":"templates\/template-application-platform.php","meta":{"publish_to_discourse":"","publish_post_category":"","wpdc_auto_publish_overridden":"","wpdc_topic_tags":"","wpdc_pin_topic":"","wpdc_pin_until":"","discourse_post_id":"","discourse_permalink":"","wpdc_publishing_response":"","wpdc_publishing_error":"","footnotes":""},"class_list":["post-4384","page","type-page","status-publish","hentry"],"yoast_head":"<!-- This site is optimized with the Yoast SEO plugin v25.3.1 - https:\/\/yoast.com\/wordpress\/plugins\/seo\/ -->\n<title>Cookie-Zustimmungs-Plugin zur WordPress-Website hinzuf\u00fcgen (kostenlos und schnell)<\/title>\n<meta name=\"description\" content=\"Gestalten Sie mit Elfsight Ihr Cookie-Zustimmungs-Plugin und f\u00fcgen Sie es auf der WordPress-Website hinzu. Wir bieten kostenlosen Kundenservice und weitere Boni.\" \/>\n<meta name=\"robots\" content=\"index, follow, max-snippet:-1, max-image-preview:large, max-video-preview:-1\" \/>\n<link rel=\"canonical\" href=\"https:\/\/elfsight.com\/de\/cookie-consent-widget\/wordpress\/\" \/>\n<meta property=\"og:locale\" content=\"de_DE\" \/>\n<meta property=\"og:type\" content=\"article\" \/>\n<meta property=\"og:title\" content=\"Cookie-Zustimmungs-Plugin zur WordPress-Website hinzuf\u00fcgen (kostenlos und schnell)\" \/>\n<meta property=\"og:description\" content=\"Gestalten Sie mit Elfsight Ihr Cookie-Zustimmungs-Plugin und f\u00fcgen Sie es auf der WordPress-Website hinzu. Wir bieten kostenlosen Kundenservice und weitere Boni.\" \/>\n<meta property=\"og:url\" content=\"https:\/\/elfsight.com\/de\/cookie-consent-widget\/wordpress\/\" \/>\n<meta property=\"og:site_name\" content=\"Elfsight DE\" \/>\n<meta property=\"article:modified_time\" content=\"2025-01-15T07:01:59+00:00\" \/>\n<meta name=\"twitter:card\" content=\"summary_large_image\" \/>\n<meta name=\"twitter:label1\" content=\"Gesch\u00e4tzte Lesezeit\" \/>\n\t<meta name=\"twitter:data1\" content=\"3\u00a0Minuten\" \/>\n<!-- \/ Yoast SEO plugin. -->","yoast_head_json":{"title":"Cookie-Zustimmungs-Plugin zur WordPress-Website hinzuf\u00fcgen (kostenlos und schnell)","description":"Gestalten Sie mit Elfsight Ihr Cookie-Zustimmungs-Plugin und f\u00fcgen Sie es auf der WordPress-Website hinzu. Wir bieten kostenlosen Kundenservice und weitere Boni.","robots":{"index":"index","follow":"follow","max-snippet":"max-snippet:-1","max-image-preview":"max-image-preview:large","max-video-preview":"max-video-preview:-1"},"canonical":"https:\/\/elfsight.com\/de\/cookie-consent-widget\/wordpress\/","og_locale":"de_DE","og_type":"article","og_title":"Cookie-Zustimmungs-Plugin zur WordPress-Website hinzuf\u00fcgen (kostenlos und schnell)","og_description":"Gestalten Sie mit Elfsight Ihr Cookie-Zustimmungs-Plugin und f\u00fcgen Sie es auf der WordPress-Website hinzu. Wir bieten kostenlosen Kundenservice und weitere Boni.","og_url":"https:\/\/elfsight.com\/de\/cookie-consent-widget\/wordpress\/","og_site_name":"Elfsight DE","article_modified_time":"2025-01-15T07:01:59+00:00","twitter_card":"summary_large_image","twitter_misc":{"Gesch\u00e4tzte Lesezeit":"3\u00a0Minuten"},"schema":{"@context":"https:\/\/schema.org","@graph":[{"@type":"WebPage","@id":"https:\/\/elfsight.com\/de\/cookie-consent-widget\/wordpress\/","url":"https:\/\/elfsight.com\/de\/cookie-consent-widget\/wordpress\/","name":"Cookie-Zustimmungs-Plugin zur WordPress-Website hinzuf\u00fcgen (kostenlos und schnell)","isPartOf":{"@id":"https:\/\/elfsight.com\/de\/#website"},"datePublished":"2024-05-03T06:33:14+00:00","dateModified":"2025-01-15T07:01:59+00:00","description":"Gestalten Sie mit Elfsight Ihr Cookie-Zustimmungs-Plugin und f\u00fcgen Sie es auf der WordPress-Website hinzu. Wir bieten kostenlosen Kundenservice und weitere Boni.","breadcrumb":{"@id":"https:\/\/elfsight.com\/de\/cookie-consent-widget\/wordpress\/#breadcrumb"},"inLanguage":"de","potentialAction":[{"@type":"ReadAction","target":["https:\/\/elfsight.com\/de\/cookie-consent-widget\/wordpress\/"]}]},{"@type":"BreadcrumbList","@id":"https:\/\/elfsight.com\/de\/cookie-consent-widget\/wordpress\/#breadcrumb","itemListElement":[{"@type":"ListItem","position":1,"name":"Home","item":"https:\/\/elfsight.com\/de\/"},{"@type":"ListItem","position":2,"name":"Cookie Consent","item":"https:\/\/elfsight.com\/de\/cookie-consent-widget\/"},{"@type":"ListItem","position":3,"name":"Cookie Consent &#8211; WordPress"}]},{"@type":"WebSite","@id":"https:\/\/elfsight.com\/de\/#website","url":"https:\/\/elfsight.com\/de\/","name":"Elfsight DE","description":"Just another Elfsight Sites site","potentialAction":[{"@type":"SearchAction","target":{"@type":"EntryPoint","urlTemplate":"https:\/\/elfsight.com\/de\/?s={search_term_string}"},"query-input":{"@type":"PropertyValueSpecification","valueRequired":true,"valueName":"search_term_string"}}],"inLanguage":"de"}]}},"meta_box":{"industry":"","seo_heading":"","heading":"","description":"","cta_heading":"","cta_description":"","application":"486","h1":"WordPress-Cookie-Zustimmungs-Plugin","h1_caption":"Halten Sie die Datenschutzbestimmungen ein, indem Sie Ihrer Website ein Cookie-Zustimmungsbanner hinzuf\u00fcgen und so die Transparenz der Benutzerdaten auf Ihrer WordPress-Website m\u00fchelos gew\u00e4hrleisten.","application_category":[],"applications_title":"","applications_request_title":"","applications_request_button_text":"","hero_text":"","hero_video":"","hero_video_schema_markup":"","selling_points_title":"","selling_points_caption":"","selling_points":[],"selling_points_cta_text":"","features_title":"","features":"","ed_cta_examples_text":"","ed_cta_examples_hidden":"","ed_cta_demo_text":"","ed_cta_demo_hidden":"","why_caption":"","why_editor_title":"","why_editor_text":"","why_team_title":"","why_team_text":"","why_service_title":"","why_service_text":"","template_catalog_visible":"0","template_catalog_title":"","template_catalog_text":"","template_catalog_categories_visible":"","demo_title":"Erstellen Sie Ihr Cookie-Zustimmungs-Plugin","demo_caption":"Konfigurieren Sie Ihre Cookie-Einwilligung und f\u00fcgen Sie sie kostenlos zu Ihrer WordPress-Website hinzu!","default_faq_hidden":"","app_template_category":[],"platform":"266","template_public_id":"","codecanyon_url":"","codecanyon_item_id":"","codecanyon_price":"","pricing_caption":"","pricing_elfsight_apps_hide_column":"","pricing_elfsight_apps_url":"","pricing_codecanyon_price_caption":"","integration_category":[],"integration_request_title":"","integration_request_cta":"","integration_platform":"","integrations":[],"platform_category":[],"video_schema_markup":"","price":"ab 0 $ \/ Monat","trial":"","benefits":[{"text":"Kostenlose Installationsunterst\u00fctzung"},{"text":"Professioneller Kundenservice"},{"text":"14-t\u00e4gige Geld-zur\u00fcck-Garantie"},{"text":"Kontinuierliche Updates"}],"button_url":"#demo","button_target_blank":"0","button_nofollow":"0","attributes":[{"name":"Installiert","content":"100,000 - 500,000","_state":"expanded"},{"name":"Reaktionsfreudig","content":"Ja","_state":"expanded"},{"name":"Kompatible Browser","content":"Firefox, Safari, Opera, Chrome, Edge"}],"tags":[],"tags_disable_links":"0","hide_more_platforms":"","video_object":"{\r\n  \"@context\": \"http:\/\/schema.org\",\r\n  \"@type\": \"VideoObject\",\r\n  \"name\": \"How to Add Cookie Consent to WordPress (2020)\",\r\n  \"description\": \"With Elfsight, shape your Cookie Consent plugin and add it on the WordPress website. We have free client service and more bonuses.\",\r\n  \"thumbnailUrl\": \"https:\/\/i.ytimg.com\/vi\/hO_iY0D1eV8\/default.jpg\",\r\n  \"uploadDate\": \"2020-02-07T13:12:31.000Z\",\r\n  \"duration\": \"PT2M16S\",\r\n  \"embedUrl\": \"https:\/\/www.youtube.com\/embed\/hO_iY0D1eV8\",\r\n  \"interactionCount\": \"2217\"\r\n}","demo_hide_cta":"0","demo_hide_cloud_options":"0","pricing_title":"","pricing":[{"pricing_icon":"platform","pricing_title":"Elfsight Apps","pricing_title_caption":"Plattform\u00fcbergreifende Software","pricing_price":"ab 0 $ \/ Monat","pricing_price_caption":"Beginnen Sie mit einem kostenlosen Plan","pricing_benefits":[{"text":"Unbegrenzte Domains"},{"text":"Schnelle Unternehmensunterst\u00fctzung"},{"text":"Kostenlose Installationsunterst\u00fctzung"},{"text":"Tolles Angebot f\u00fcr mehrere Apps"}],"pricing_button_text":"Zur Website hinzuf\u00fcgen","pricing_button_url":"#demo","_state":"expanded"}],"related_apps_title":"","related_apps_hidden":"1","author":"","image":[],"title":"","job":"","social_networks":[]},"_links":{"self":[{"href":"https:\/\/elfsight.com\/de\/wp-json\/wp\/v2\/pages\/4384","targetHints":{"allow":["GET"]}}],"collection":[{"href":"https:\/\/elfsight.com\/de\/wp-json\/wp\/v2\/pages"}],"about":[{"href":"https:\/\/elfsight.com\/de\/wp-json\/wp\/v2\/types\/page"}],"author":[{"embeddable":true,"href":"https:\/\/elfsight.com\/de\/wp-json\/wp\/v2\/users\/9"}],"replies":[{"embeddable":true,"href":"https:\/\/elfsight.com\/de\/wp-json\/wp\/v2\/comments?post=4384"}],"version-history":[{"count":8,"href":"https:\/\/elfsight.com\/de\/wp-json\/wp\/v2\/pages\/4384\/revisions"}],"predecessor-version":[{"id":23765,"href":"https:\/\/elfsight.com\/de\/wp-json\/wp\/v2\/pages\/4384\/revisions\/23765"}],"up":[{"embeddable":true,"href":"https:\/\/elfsight.com\/de\/wp-json\/wp\/v2\/pages\/859"}],"wp:attachment":[{"href":"https:\/\/elfsight.com\/de\/wp-json\/wp\/v2\/media?parent=4384"}],"curies":[{"name":"wp","href":"https:\/\/api.w.org\/{rel}","templated":true}]}}