{"id":4379,"date":"2024-05-03T06:33:04","date_gmt":"2024-05-03T06:33:04","guid":{"rendered":"https:\/\/elfsight.com\/de\/?page_id=4379"},"modified":"2026-01-14T13:23:37","modified_gmt":"2026-01-14T13:23:37","slug":"wordpress","status":"publish","type":"page","link":"https:\/\/elfsight.com\/de\/contact-form-widget\/wordpress\/","title":{"rendered":"Contact Form &#8211; WordPress"},"content":{"rendered":"\n<div class=\"application-platform-content-item-description application-platform-content-item\" id=\"description\" data-nav-section=\"description\"><h2>Kontaktformular f\u00fcr WordPress<\/h2><p>Responsive Kontaktformular-Plugin f\u00fcr WordPress ist ein Tool, dessen Hauptziel darin besteht, Sie bei allem zu unterst\u00fctzen st\u00e4ndige Anforderungen an die Gewinnung von Eindr\u00fccken und Anfragen von Kunden auf Ihrer Website. Zeigen Sie die zum Ausf\u00fcllen erforderlichen Elemente an, w\u00e4hlen Sie die richtige Vorlage aus und gestalten Sie die Benutzeroberfl\u00e4che Ihres WordPress-Kontaktformular-Plugins, um Ihre Benutzer dazu zu bringen, Anfragen f\u00fcr Dienstleistungen Ihres Unternehmens zu stellen. Das Formular-Widget ist so gestaltet, dass es alle Ihre Anforderungen erf\u00fcllt, Feedback zu sammeln und mit Ihren Kunden in Kontakt zu bleiben.<\/p><p><b>Empfangen Sie Feedback, erhalten Sie Bestellungen und schreiben Sie Antworten auf Fragen Ihrer Website-Besucher!<\/b><\/p><ul><li><b>Fortschreitende Lead-Generierung<\/b>.<br>Bleiben Sie mit Ihren zuk\u00fcnftigen Kunden in Kontakt und inspirieren Sie sie, jederzeit \u00fcber das WordPress-Kontaktformular-Widget mit Ihnen zu sprechen. Eine geringere Anzahl von Feldern f\u00fchrt zur h\u00f6chsten Conversion. <\/li><li><b>Vermeiden Sie Spam<\/b>.<br>Verwenden Sie nur organische Kommunikation durch den umfassenden Schutz des Google reCAPTCHA-Tools vor Spam und Bots.<\/li><li><b>Holen Sie sich jederzeit Feedback <\/b>.<br>Erstellen Sie ein auff\u00e4lliges Kontaktformular f\u00fcr WordPress oder Elementor, damit es frei auf den Seiten Ihrer Website verf\u00fcgbar ist und Ihre Benutzer dazu inspiriert, Ihnen jederzeit Feedback zu geben.<\/li><\/ul><\/div><div class=\"application-platform-content-item-features application-platform-content-item\" id=\"features\" data-nav-section=\"features\"><h2>Funktionen des Kontaktformular-Plugins<\/h2><p>Was macht unser Kontaktformular zum besten Plugin zum Sammeln von Feedback und zum Erhalten von Anfragen f\u00fcr WordPress-Websites? Testen Sie die wichtigsten Funktionen:<\/p><ul><li>Legen Sie Ihre eigenen Feldbeschriftungen fest;<\/li><li>Pinnen Sie ein Bild, ein Logo oder ein Foto \u00fcber Ihr Formular;<\/li><li>Inline Layout mit automatischer Feldanpassung an die Breite des Formulars;<\/li><li>Google reCAPTCHA sch\u00fctzt Ihr Formular vor Spam und Bots;<\/li><li>Nahtloses Design, das sofort f\u00fcr 99 % der Websites geeignet ist.<\/li><\/ul><p><a href=\"#demo\">\u00dcberpr\u00fcfen Sie alle Funktionen in unserem Konfigurator<\/a><\/p><\/div><div class=\"application-platform-content-item-installation application-platform-content-item\" id=\"installation\" data-nav-section=\"installation\"><h2>So f\u00fcgen Sie ein Kontaktformular zur WordPress-Website hinzu<\/h2><div class=\"video-container\">\n<iframe width=\"720\" height=\"405\" src=\"https:\/\/www.youtube.com\/embed\/x8OtxMvGjMc?si=1s3BJaBoY2AwAr-0\" frameborder=\"0\" allowfullscreen=\"\"><\/iframe>\n<\/div><p>Befolgen Sie einfach die nachstehenden Anweisungen, um das Plugin in WordPress einzuf\u00fcgen.<\/p> <ol><li><b>\u00d6ffnen Sie unsere Kostenlose Demo und beginnen Sie mit der Erstellung Ihres ma\u00dfgeschneiderten Kontaktformular-Plugins. <\/b><br> Suchen Sie die bevorzugte Schnittstelle und die Parameter des Widgets und speichern Sie die \u00c4nderungen. <\/li> <li><b>Erhalten Sie den einzigartigen Code, der in der speziellen Form auf Elfsight Apps angezeigt wird. <\/b><br> Sobald die Erstellung Ihres pers\u00f6nlichen Kontaktformulars abgeschlossen ist, kopieren Sie den pers\u00f6nlichen Code aus dem angezeigten Feld und speichern Sie ihn zur weiteren Verwendung. <\/li> <li><b>Initiieren Sie die Nutzung des Plugins auf Ihrer WordPress-Site. <\/b><br> Geben Sie den k\u00fcrzlich auf Ihrer Seite kopierten Code ein und speichern Sie die \u00c4nderungen. <\/li> <li><b>Fertig! Das Setup ist vollst\u00e4ndig beendet. <\/b><br> Besuchen Sie Ihre Website, um zu sehen, wie das Widget funktioniert. <\/li><\/ol> <p>Haben Sie Probleme beim Befolgen des Handbuchs oder beim Einrichten Ihres Formulars? Studieren Sie ein ausf\u00fchrliches Tutorial &#8222;<a href=\"https:\/\/elfsight.com\/tutorials\/how-to-add-contact-form-plugin-to-wordpress\/\" target=\"_blank\" rel=\"noopener noreferrer\">So f\u00fcgen Sie ein Kontaktformular in eine WordPress-Website ein<\/a>&#8220; und versuchen Sie, es noch einmal selbst zu installieren, oder schreiben Sie an das Support-Team von Elfsight und erl\u00e4utern Sie Ihr Problem ausf\u00fchrlich. Unser Team wird sein Bestes tun, um Sie zu beraten.<\/p><div class=\"faq\" data-component=\"FAQ\"> <div class=\"faq-item\">\r\n\t\t\t\t\t<div class=\"faq-item-question\">\r\n\t\t\t\t\t\t<h3 class=\"faq-item-question-text\">Wie f\u00fcge ich ein Kontaktformular ohne Programmierkenntnisse zu meiner WordPress-Website hinzu?<\/h3>\r\n\r\n\t\t\t\t\t\t<div class=\"faq-item-question-icon\"><\/div>\r\n\t\t\t\t\t<\/div>\r\n\r\n\t\t\t\t\t<div class=\"faq-item-answer\">\r\n\t\t\t\t\t\t<div class=\"faq-item-answer-text\"> <p>Elfsight bietet eine SaaS-L\u00f6sung, mit der Sie ein erstellen k\u00f6nnen Erstellen Sie selbst ein Kontaktformular-Widget und sehen Sie, wie einfach der Vorgang ist: Erstellen Sie direkt im Online-Editor ein Kontaktformular-Widget, das Sie gerne auf Ihrer WordPress-Website sehen w\u00fcrden. W\u00e4hlen Sie eine der vorgefertigten Vorlagen aus und passen Sie die Einstellungen des Kontaktformulars an, f\u00fcgen Sie Ihre Inhalte hinzu, \u00e4ndern Sie das Layout und die Farben ohne Programmierkenntnisse. Speichern Sie das Kontaktformular und kopieren Sie den Installationscode, damit Sie es einfach zu Ihrer WordPress-Website hinzuf\u00fcgen k\u00f6nnen, ohne eine kostenpflichtige Version kaufen zu m\u00fcssen. Mit unserem intuitiven Editor kann jeder Internetnutzer online ein Kontaktformular-Widget erstellen und es einfach in seine WordPress-Website einbetten. Sie m\u00fcssen weder bezahlen noch Ihre Kartendaten eingeben, um auf den Service zuzugreifen. Wenn Sie bei irgendeinem Schritt auf Probleme sto\u00dfen, wenden Sie sich bitte an unser technisches Support-Team.<\/p> <\/div>\r\n\t\t\t\t\t<\/div>\r\n\t\t\t\t<\/div> <div class=\"faq-item\">\r\n\t\t\t\t\t<div class=\"faq-item-question\">\r\n\t\t\t\t\t\t<h3 class=\"faq-item-question-text\">Gibt es Kontaktformularvorlagen f\u00fcr die WordPress-Website?<\/h3>\r\n\r\n\t\t\t\t\t\t<div class=\"faq-item-question-icon\"><\/div>\r\n\t\t\t\t\t<\/div>\r\n\r\n\t\t\t\t\t<div class=\"faq-item-answer\">\r\n\t\t\t\t\t\t<div class=\"faq-item-answer-text\"><p>Ja, es gibt! Das Elfsight-Team hat eine gro\u00dfartige Sammlung von \u00fcber 300 gebrauchsfertigen Vorlagen erstellt. Und Sie werden von den <a href=\"https:\/\/elfsight.com\/online-form-builder\/templates\/contact-forms\/\">Kontaktformularvorlagen<\/a> mit Sicherheit nicht entt\u00e4uscht sein.<\/p> <\/div>\r\n\t\t\t\t\t<\/div>\r\n\t\t\t\t<\/div><\/div> <\/div>\n","protected":false},"excerpt":{"rendered":"","protected":false},"author":9,"featured_media":0,"parent":949,"menu_order":0,"comment_status":"closed","ping_status":"closed","template":"templates\/template-application-platform.php","meta":{"publish_to_discourse":"","publish_post_category":"","wpdc_auto_publish_overridden":"","wpdc_topic_tags":"","wpdc_pin_topic":"","wpdc_pin_until":"","discourse_post_id":"","discourse_permalink":"","wpdc_publishing_response":"","wpdc_publishing_error":"","footnotes":""},"class_list":["post-4379","page","type-page","status-publish","hentry"],"yoast_head":"<!-- This site is optimized with the Yoast SEO plugin v25.3.1 - https:\/\/yoast.com\/wordpress\/plugins\/seo\/ -->\n<title>Erstellen Sie kostenlos ein Kontaktformular auf WordPress und f\u00fcgen Sie es hinzu!<\/title>\n<meta name=\"description\" content=\"Erstellen Sie Ihr bestes Kontaktformular-Plugin f\u00fcr WordPress und zeigen Sie es auf Ihrer Website. Kostenlose Demo, Hilfe bei der Einrichtung und viele weitere Boni von Elfsight!\" \/>\n<meta name=\"robots\" content=\"index, follow, max-snippet:-1, max-image-preview:large, max-video-preview:-1\" \/>\n<link rel=\"canonical\" href=\"https:\/\/elfsight.com\/de\/contact-form-widget\/wordpress\/\" \/>\n<meta property=\"og:locale\" content=\"de_DE\" \/>\n<meta property=\"og:type\" content=\"article\" \/>\n<meta property=\"og:title\" content=\"Erstellen Sie kostenlos ein Kontaktformular auf WordPress und f\u00fcgen Sie es hinzu!\" \/>\n<meta property=\"og:description\" content=\"Erstellen Sie Ihr bestes Kontaktformular-Plugin f\u00fcr WordPress und zeigen Sie es auf Ihrer Website. Kostenlose Demo, Hilfe bei der Einrichtung und viele weitere Boni von Elfsight!\" \/>\n<meta property=\"og:url\" content=\"https:\/\/elfsight.com\/de\/contact-form-widget\/wordpress\/\" \/>\n<meta property=\"og:site_name\" content=\"Elfsight DE\" \/>\n<meta property=\"article:modified_time\" content=\"2026-01-14T13:23:37+00:00\" \/>\n<meta name=\"twitter:card\" content=\"summary_large_image\" \/>\n<meta name=\"twitter:label1\" content=\"Gesch\u00e4tzte Lesezeit\" \/>\n\t<meta name=\"twitter:data1\" content=\"4\u00a0Minuten\" \/>\n<!-- \/ Yoast SEO plugin. -->","yoast_head_json":{"title":"Erstellen Sie kostenlos ein Kontaktformular auf WordPress und f\u00fcgen Sie es hinzu!","description":"Erstellen Sie Ihr bestes Kontaktformular-Plugin f\u00fcr WordPress und zeigen Sie es auf Ihrer Website. Kostenlose Demo, Hilfe bei der Einrichtung und viele weitere Boni von Elfsight!","robots":{"index":"index","follow":"follow","max-snippet":"max-snippet:-1","max-image-preview":"max-image-preview:large","max-video-preview":"max-video-preview:-1"},"canonical":"https:\/\/elfsight.com\/de\/contact-form-widget\/wordpress\/","og_locale":"de_DE","og_type":"article","og_title":"Erstellen Sie kostenlos ein Kontaktformular auf WordPress und f\u00fcgen Sie es hinzu!","og_description":"Erstellen Sie Ihr bestes Kontaktformular-Plugin f\u00fcr WordPress und zeigen Sie es auf Ihrer Website. Kostenlose Demo, Hilfe bei der Einrichtung und viele weitere Boni von Elfsight!","og_url":"https:\/\/elfsight.com\/de\/contact-form-widget\/wordpress\/","og_site_name":"Elfsight DE","article_modified_time":"2026-01-14T13:23:37+00:00","twitter_card":"summary_large_image","twitter_misc":{"Gesch\u00e4tzte Lesezeit":"4\u00a0Minuten"},"schema":{"@context":"https:\/\/schema.org","@graph":[{"@type":"WebPage","@id":"https:\/\/elfsight.com\/de\/contact-form-widget\/wordpress\/","url":"https:\/\/elfsight.com\/de\/contact-form-widget\/wordpress\/","name":"Erstellen Sie kostenlos ein Kontaktformular auf WordPress und f\u00fcgen Sie es hinzu!","isPartOf":{"@id":"https:\/\/elfsight.com\/de\/#website"},"datePublished":"2024-05-03T06:33:04+00:00","dateModified":"2026-01-14T13:23:37+00:00","description":"Erstellen Sie Ihr bestes Kontaktformular-Plugin f\u00fcr WordPress und zeigen Sie es auf Ihrer Website. Kostenlose Demo, Hilfe bei der Einrichtung und viele weitere Boni von Elfsight!","breadcrumb":{"@id":"https:\/\/elfsight.com\/de\/contact-form-widget\/wordpress\/#breadcrumb"},"inLanguage":"de","potentialAction":[{"@type":"ReadAction","target":["https:\/\/elfsight.com\/de\/contact-form-widget\/wordpress\/"]}]},{"@type":"BreadcrumbList","@id":"https:\/\/elfsight.com\/de\/contact-form-widget\/wordpress\/#breadcrumb","itemListElement":[{"@type":"ListItem","position":1,"name":"Home","item":"https:\/\/elfsight.com\/de\/"},{"@type":"ListItem","position":2,"name":"Contact Form","item":"https:\/\/elfsight.com\/de\/contact-form-widget\/"},{"@type":"ListItem","position":3,"name":"Contact Form &#8211; WordPress"}]},{"@type":"WebSite","@id":"https:\/\/elfsight.com\/de\/#website","url":"https:\/\/elfsight.com\/de\/","name":"Elfsight DE","description":"Just another Elfsight Sites site","potentialAction":[{"@type":"SearchAction","target":{"@type":"EntryPoint","urlTemplate":"https:\/\/elfsight.com\/de\/?s={search_term_string}"},"query-input":{"@type":"PropertyValueSpecification","valueRequired":true,"valueName":"search_term_string"}}],"inLanguage":"de"}]}},"meta_box":{"industry":"","seo_heading":"","heading":"","description":"","cta_heading":"","cta_description":"","application":"465","h1":"WordPress-Kontaktformular-Plugin","h1_caption":"Erstellen Sie ganz einfach Kontaktformulare und betten Sie sie in Ihre Website ein, um Benutzerinteraktionen und Anfragen auf Ihrer WordPress-Website m\u00fchelos zu f\u00f6rdern.","application_category":[],"applications_title":"","applications_request_title":"","applications_request_button_text":"","hero_text":"","hero_video":"","hero_video_schema_markup":"","selling_points_title":"","selling_points_caption":"","selling_points":[],"selling_points_cta_text":"","features_title":"","features":"","ed_cta_examples_text":"","ed_cta_examples_hidden":"","ed_cta_demo_text":"","ed_cta_demo_hidden":"","why_caption":"","why_editor_title":"","why_editor_text":"","why_team_title":"","why_team_text":"","why_service_title":"","why_service_text":"","template_catalog_visible":"0","template_catalog_title":"","template_catalog_text":"","template_catalog_categories_visible":"","demo_title":"Erstellen Sie Ihr Kontaktformular-Plugin","demo_caption":"Konfigurieren Sie Ihr Kontaktformular und f\u00fcgen Sie es kostenlos zu Ihrer WordPress-Website hinzu!","default_faq_hidden":"","app_template_category":[],"platform":"266","template_public_id":"","codecanyon_url":"","codecanyon_item_id":"","codecanyon_price":"","pricing_caption":"","pricing_elfsight_apps_hide_column":"","pricing_elfsight_apps_url":"","pricing_codecanyon_price_caption":"","integration_category":[],"integration_request_title":"","integration_request_cta":"","integration_platform":"","integrations":[],"platform_category":[],"video_schema_markup":"","price":"ab 0 $ \/ Monat","trial":"","benefits":[{"text":"Kostenlose Installationsunterst\u00fctzung"},{"text":"Effektiver Kundenservice"},{"text":"14-t\u00e4gige R\u00fcckerstattungsgarantie"},{"text":"Fortlaufende Entwicklung"}],"button_url":"#demo","button_target_blank":"0","button_nofollow":"0","attributes":[{"name":"Installiert","content":"100,000 - 500,000","_state":"expanded"},{"name":"Reaktionsfreudig","content":"Ja","_state":"expanded"},{"name":"Kompatible Browser","content":"Firefox, Safari, Opera, Chrome, Edge"}],"tags":[],"tags_disable_links":"0","hide_more_platforms":"0","video_object":"{\r\n  \"@context\": \"http:\/\/schema.org\",\r\n  \"@type\": \"VideoObject\",\r\n  \"name\": \"How to Add Contact Form to WordPress (2020)\",\r\n  \"description\": \"Create your best Contact Form plugin for WordPress and show on your website just in 1 minute. Free demo, help with setup, and much more various bonuses from Elfsight!\",\r\n  \"thumbnailUrl\": \"https:\/\/i.ytimg.com\/vi\/nSQmv8i_RsQ\/default.jpg\",\r\n  \"uploadDate\": \"2020-04-24T07:10:31.000Z\",\r\n  \"duration\": \"PT2M16S\",\r\n  \"embedUrl\": \"https:\/\/www.youtube.com\/embed\/nSQmv8i_RsQ\",\r\n  \"interactionCount\": \"767\"\r\n}","demo_hide_cta":"1","demo_hide_cloud_options":"0","pricing_title":"","pricing":[{"pricing_icon":"platform","pricing_title":"Elfsight Apps","pricing_title_caption":"Multiplattform-Software","pricing_price":"ab 0 $ \/ Monat","pricing_price_caption":"Beginnen Sie mit einem kostenlosen Plan","pricing_benefits":[{"text":"Unbegrenzte Websites"},{"text":"Support rund um die Uhr"},{"text":"Kostenlose Installationshilfe"},{"text":"Sonderpreis f\u00fcr mehrere Apps"}],"pricing_button_text":"Zur Website hinzuf\u00fcgen","pricing_button_url":"#demo","_state":"expanded"}],"related_apps_title":"","related_apps_hidden":"1","author":"","image":[],"title":"","job":"","social_networks":[]},"_links":{"self":[{"href":"https:\/\/elfsight.com\/de\/wp-json\/wp\/v2\/pages\/4379","targetHints":{"allow":["GET"]}}],"collection":[{"href":"https:\/\/elfsight.com\/de\/wp-json\/wp\/v2\/pages"}],"about":[{"href":"https:\/\/elfsight.com\/de\/wp-json\/wp\/v2\/types\/page"}],"author":[{"embeddable":true,"href":"https:\/\/elfsight.com\/de\/wp-json\/wp\/v2\/users\/9"}],"replies":[{"embeddable":true,"href":"https:\/\/elfsight.com\/de\/wp-json\/wp\/v2\/comments?post=4379"}],"version-history":[{"count":11,"href":"https:\/\/elfsight.com\/de\/wp-json\/wp\/v2\/pages\/4379\/revisions"}],"predecessor-version":[{"id":25595,"href":"https:\/\/elfsight.com\/de\/wp-json\/wp\/v2\/pages\/4379\/revisions\/25595"}],"up":[{"embeddable":true,"href":"https:\/\/elfsight.com\/de\/wp-json\/wp\/v2\/pages\/949"}],"wp:attachment":[{"href":"https:\/\/elfsight.com\/de\/wp-json\/wp\/v2\/media?parent=4379"}],"curies":[{"name":"wp","href":"https:\/\/api.w.org\/{rel}","templated":true}]}}