{"id":4371,"date":"2024-05-03T06:34:56","date_gmt":"2024-05-03T06:34:56","guid":{"rendered":"https:\/\/elfsight.com\/de\/?page_id=4371"},"modified":"2025-12-19T10:44:13","modified_gmt":"2025-12-19T10:44:13","slug":"wordpress","status":"publish","type":"page","link":"https:\/\/elfsight.com\/de\/event-calendar-widget\/wordpress\/","title":{"rendered":"Event Calendar &#8211; WordPress"},"content":{"rendered":"<div class=\"application-platform-content-item-description application-platform-content-item\" id=\"description\" data-nav-section=\"description\"> <h2>Veranstaltungskalender mit Elfsight-Widget einbetten<\/h2> <p>Das Kalender-Plugin ist ein bemerkenswertes Tool, mit dem Sie Ihre Veranstaltungen m\u00fchelos mit dem teilen k\u00f6nnen Rest der Welt. Es bietet viele M\u00f6glichkeiten, bevorstehende Veranstaltungen auf repr\u00e4sentativste Weise zu pr\u00e4sentieren. Personalisieren Sie es, um das Design mit der \u00c4sthetik Ihrer Seite zu kombinieren. Erstellen Sie mehrere Veranstaltungen, f\u00fcgen Sie mehrere Tags hinzu, laden Sie Ihre eigenen Bilder und Videos hoch und halten Sie Besucher \u00fcber Ihre Agenda auf dem Laufenden. Alles im Kalender-Plugin ist darauf ausgelegt, echte Marktbed\u00fcrfnisse zu erf\u00fcllen und das Erlebnis des Publikums zu verbessern.<\/p> <p><b>Mit dem Veranstaltungskalender-Plugin k\u00f6nnen Sie bequem f\u00fcr Ihre bevorstehenden Aktivit\u00e4ten werben und das Engagement auf Ihrer Website steigern. <\/b><\/p> <\/div> <div class=\"application-platform-content-item-features application-platform-content-item\" id=\"features\" data-nav-section=\"features\"> <h2>Hauptfunktionen des Veranstaltungskalender-Widgets<\/h2> <p>Unser Kalender ist nicht nur eine No-Code-L\u00f6sung f\u00fcr Websites. Das WordPress-Kalender-Plugin von Elfsight bietet Ihnen Funktionen, die Unternehmen gerne sehen. Die Funktionen sind so konzipiert, dass das Event-Plugin benutzerfreundlich und ansprechend ist. Sehen Sie sich alle Funktionen des besten WordPress-Kalender-Plugins an. Diese k\u00f6nnen Sie direkt im Editor festlegen und helfen Ihnen dabei, das Widget genau f\u00fcr Ihren Fall zu erstellen. <\/p> <ul> <li>Verwenden Sie praktikable Inhaltsoptionen, um das Widget f\u00fcr Ihre Art von Aktivit\u00e4ten zu verstehen. <\/li> <li>Erm\u00f6glichen Sie Benutzern, Ereignisse zu ihren h\u00e4ufig verwendeten Apps hinzuzuf\u00fcgen. <\/li> <li>Initiieren Sie verschiedene Arten von Veranstaltungen, markieren Sie Orte und f\u00fcgen Sie Gastgeber hinzu. <\/li> <li>Kategorisieren Sie alle Ihre Veranstaltungen und weisen Sie ihnen Tags zu. <\/li> <li>Unterscheiden Sie zwischen 4 Layoutvarianten. <\/li> <\/ul> <p><a href=\"#demo\">\u00dcberpr\u00fcfen Sie in unserer Demo, wie alle Funktionen funktionieren<\/a><\/p> <\/div> <div class=\"application-platform-content-item-installation application-platform-content-item\" id=\"installation\" data-nav-section=\"installation\"> <h2>Wie f\u00fcge ich das Eventkalender-Plugin zu WordPress hinzu? <\/h2> <div class=\"video-container\"><iframe allowfullscreen=\"\" frameborder=\"0\" height=\"405\" src=\"https:\/\/www.youtube.com\/embed\/AvWtgopDAT8?si=9RhwkydrS9tce42U\" width=\"720\"><\/iframe><\/div><p>Der Kalender ist nicht nur einfach zu verwalten, sondern l\u00e4sst sich auch schnell in die Website einbetten. Sie ben\u00f6tigen keine besonderen Kenntnisse, um <a href=\"https:\/\/elfsight.com\/blog\/embed-calendar-to-wordpress\/\" target=\"_blank\" rel=\"noopener\">unser WordPress-Kalender-Plugin hinzuzuf\u00fcgen<\/a>. Um mit der Verwendung des Kalender-Widgets zu beginnen, f\u00fchren Sie einfach diese kurzen Schritte aus. <\/p> <ol><li><b>Starten Sie unseren kostenlosen Editor und beginnen Sie mit der Erstellung Ihres eigenen Plugins. <\/b><br> W\u00e4hlen Sie die gew\u00fcnschte Anordnung und Aspekte des Plugins aus und speichern Sie alle Korrekturen. <\/li> <li><b>Kopieren Sie den pers\u00f6nlichen Code, der im speziellen Formular auf Elfsight Apps angezeigt wird. <\/b><br> Wenn die Einrichtung Ihres Plugins abgeschlossen ist, kopieren Sie Ihren Code aus dem erscheinenden Popup und speichern Sie ihn zur sp\u00e4teren Verwendung. <\/li> <li><b>Beginnen Sie mit der Verwendung des Plugins auf der WordPress-Webseite. <\/b><br> F\u00fcgen Sie den zuvor gespeicherten Code in Ihre Website ein und wenden Sie die Verbesserungen an. <\/li> <li><b>Das Setup ist vollst\u00e4ndig beendet. <\/b><br> Besuchen Sie Ihre Webseite, um die Leistung des Plugins zu sehen. <\/li><\/ol> Unsere Spezialisten helfen Ihnen gerne bei jeder Anfrage rund um das Event-Plugin von Elfsight weiter. Au\u00dferdem k\u00f6nnen wir Sie bei der besseren Nutzung der umfangreichen Sammlung n\u00fctzlicher Website-L\u00f6sungen beraten.<\/p> <\/div><div class=\"faq\" data-component=\"FAQ\"><div class=\"faq-item\">\r\n\t\t\t\t\t<div class=\"faq-item-question\">\r\n\t\t\t\t\t\t<h3 class=\"faq-item-question-text\">Die besten M\u00f6glichkeiten, Online zu nutzen Kalenderintegration<\/h3>\r\n\r\n\t\t\t\t\t\t<div class=\"faq-item-question-icon\"><\/div>\r\n\t\t\t\t\t<\/div>\r\n\r\n\t\t\t\t\t<div class=\"faq-item-answer\">\r\n\t\t\t\t\t\t<div class=\"faq-item-answer-text\"><p>Wir bieten eine breite Palette an Personalisierungsm\u00f6glichkeiten: Widgets in voller L\u00e4nge zur Implementierung im Inhaltsbereich, schwebende Widgets f\u00fcr die Scrollfunktion, Miniaturansichten f\u00fcr die Fu\u00dfzeile, den Kopfbereich und alle Variationen vertikaler M\u00f6glichkeiten f\u00fcr Seitenleisten und Men\u00fcs. <\/p><\/div>\r\n\t\t\t\t\t<\/div>\r\n\t\t\t\t<\/div><div class=\"faq-item\">\r\n\t\t\t\t\t<div class=\"faq-item-question\">\r\n\t\t\t\t\t\t<h3 class=\"faq-item-question-text\">Wie erstelle ich mit Hilfe Ihres Editors einen Veranstaltungskalender f\u00fcr Museen oder St\u00e4dte? <\/h3>\r\n\r\n\t\t\t\t\t\t<div class=\"faq-item-question-icon\"><\/div>\r\n\t\t\t\t\t<\/div>\r\n\r\n\t\t\t\t\t<div class=\"faq-item-answer\">\r\n\t\t\t\t\t\t<div class=\"faq-item-answer-text\"><p>Sie k\u00f6nnen gerne die Variationen jedes Widgets gestalten. Im Editor stehen zahlreiche Layouts zur Verf\u00fcgung, die alle schnell an Ihre Bed\u00fcrfnisse angepasst werden k\u00f6nnen. <\/p><\/div>\r\n\t\t\t\t\t<\/div>\r\n\t\t\t\t<\/div><\/div>","protected":false},"excerpt":{"rendered":"","protected":false},"author":9,"featured_media":0,"parent":1011,"menu_order":0,"comment_status":"closed","ping_status":"closed","template":"templates\/template-application-platform.php","meta":{"publish_to_discourse":"","publish_post_category":"","wpdc_auto_publish_overridden":"","wpdc_topic_tags":"","wpdc_pin_topic":"","wpdc_pin_until":"","discourse_post_id":"","discourse_permalink":"","wpdc_publishing_response":"","wpdc_publishing_error":"","footnotes":""},"class_list":["post-4371","page","type-page","status-publish","hentry"],"yoast_head":"<!-- This site is optimized with the Yoast SEO plugin v25.3.1 - https:\/\/yoast.com\/wordpress\/plugins\/seo\/ -->\n<title>WordPress-Veranstaltungskalender-Widget \u2013 Veranstaltungskalender zu Wordpress hinzuf\u00fcgen [ 2025 ]<\/title>\n<meta name=\"description\" content=\"Entwerfen Sie mit Elfsight Ihr Veranstaltungskalender-Plugin und f\u00fcgen Sie es Ihrer WordPress-Website hinzu. Wir bieten kostenlosen Kundensupport und andere Boni.\" \/>\n<meta name=\"robots\" content=\"index, follow, max-snippet:-1, max-image-preview:large, max-video-preview:-1\" \/>\n<link rel=\"canonical\" href=\"https:\/\/elfsight.com\/de\/event-calendar-widget\/wordpress\/\" \/>\n<meta property=\"og:locale\" content=\"de_DE\" \/>\n<meta property=\"og:type\" content=\"article\" \/>\n<meta property=\"og:title\" content=\"WordPress-Veranstaltungskalender-Widget \u2013 Veranstaltungskalender zu Wordpress hinzuf\u00fcgen [ 2025 ]\" \/>\n<meta property=\"og:description\" content=\"Entwerfen Sie mit Elfsight Ihr Veranstaltungskalender-Plugin und f\u00fcgen Sie es Ihrer WordPress-Website hinzu. Wir bieten kostenlosen Kundensupport und andere Boni.\" \/>\n<meta property=\"og:url\" content=\"https:\/\/elfsight.com\/de\/event-calendar-widget\/wordpress\/\" \/>\n<meta property=\"og:site_name\" content=\"Elfsight DE\" \/>\n<meta property=\"article:modified_time\" content=\"2025-12-19T10:44:13+00:00\" \/>\n<meta name=\"twitter:card\" content=\"summary_large_image\" \/>\n<meta name=\"twitter:label1\" content=\"Gesch\u00e4tzte Lesezeit\" \/>\n\t<meta name=\"twitter:data1\" content=\"3\u00a0Minuten\" \/>\n<!-- \/ Yoast SEO plugin. -->","yoast_head_json":{"title":"WordPress-Veranstaltungskalender-Widget \u2013 Veranstaltungskalender zu Wordpress hinzuf\u00fcgen [ 2025 ]","description":"Entwerfen Sie mit Elfsight Ihr Veranstaltungskalender-Plugin und f\u00fcgen Sie es Ihrer WordPress-Website hinzu. Wir bieten kostenlosen Kundensupport und andere Boni.","robots":{"index":"index","follow":"follow","max-snippet":"max-snippet:-1","max-image-preview":"max-image-preview:large","max-video-preview":"max-video-preview:-1"},"canonical":"https:\/\/elfsight.com\/de\/event-calendar-widget\/wordpress\/","og_locale":"de_DE","og_type":"article","og_title":"WordPress-Veranstaltungskalender-Widget \u2013 Veranstaltungskalender zu Wordpress hinzuf\u00fcgen [ 2025 ]","og_description":"Entwerfen Sie mit Elfsight Ihr Veranstaltungskalender-Plugin und f\u00fcgen Sie es Ihrer WordPress-Website hinzu. Wir bieten kostenlosen Kundensupport und andere Boni.","og_url":"https:\/\/elfsight.com\/de\/event-calendar-widget\/wordpress\/","og_site_name":"Elfsight DE","article_modified_time":"2025-12-19T10:44:13+00:00","twitter_card":"summary_large_image","twitter_misc":{"Gesch\u00e4tzte Lesezeit":"3\u00a0Minuten"},"schema":{"@context":"https:\/\/schema.org","@graph":[{"@type":"WebPage","@id":"https:\/\/elfsight.com\/de\/event-calendar-widget\/wordpress\/","url":"https:\/\/elfsight.com\/de\/event-calendar-widget\/wordpress\/","name":"WordPress-Veranstaltungskalender-Widget \u2013 Veranstaltungskalender zu Wordpress hinzuf\u00fcgen [ 2025 ]","isPartOf":{"@id":"https:\/\/elfsight.com\/de\/#website"},"datePublished":"2024-05-03T06:34:56+00:00","dateModified":"2025-12-19T10:44:13+00:00","description":"Entwerfen Sie mit Elfsight Ihr Veranstaltungskalender-Plugin und f\u00fcgen Sie es Ihrer WordPress-Website hinzu. Wir bieten kostenlosen Kundensupport und andere Boni.","breadcrumb":{"@id":"https:\/\/elfsight.com\/de\/event-calendar-widget\/wordpress\/#breadcrumb"},"inLanguage":"de","potentialAction":[{"@type":"ReadAction","target":["https:\/\/elfsight.com\/de\/event-calendar-widget\/wordpress\/"]}]},{"@type":"BreadcrumbList","@id":"https:\/\/elfsight.com\/de\/event-calendar-widget\/wordpress\/#breadcrumb","itemListElement":[{"@type":"ListItem","position":1,"name":"Home","item":"https:\/\/elfsight.com\/de\/"},{"@type":"ListItem","position":2,"name":"Event Calendar","item":"https:\/\/elfsight.com\/de\/event-calendar-widget\/"},{"@type":"ListItem","position":3,"name":"Event Calendar &#8211; WordPress"}]},{"@type":"WebSite","@id":"https:\/\/elfsight.com\/de\/#website","url":"https:\/\/elfsight.com\/de\/","name":"Elfsight DE","description":"Just another Elfsight Sites site","potentialAction":[{"@type":"SearchAction","target":{"@type":"EntryPoint","urlTemplate":"https:\/\/elfsight.com\/de\/?s={search_term_string}"},"query-input":{"@type":"PropertyValueSpecification","valueRequired":true,"valueName":"search_term_string"}}],"inLanguage":"de"}]}},"meta_box":{"industry":"","seo_heading":"","heading":"","description":"","cta_heading":"","cta_description":"","application":"500","h1":"WordPress-Veranstaltungskalender-Plugin","h1_caption":"Verwalten und teilen Sie Veranstaltungen auf Ihrer Website m\u00fchelos mit einem interaktiven und benutzerfreundlichen Veranstaltungskalender auf Ihrer WordPress-Website.","application_category":[],"applications_title":"","applications_request_title":"","applications_request_button_text":"","hero_text":"","hero_video":"","hero_video_schema_markup":"","selling_points_title":"","selling_points_caption":"","selling_points":[],"selling_points_cta_text":"","features_title":"","features":"","ed_cta_examples_text":"","ed_cta_examples_hidden":"","ed_cta_demo_text":"","ed_cta_demo_hidden":"","why_caption":"","why_editor_title":"","why_editor_text":"","why_team_title":"","why_team_text":"","why_service_title":"","why_service_text":"","template_catalog_visible":"0","template_catalog_title":"","template_catalog_text":"","template_catalog_categories_visible":"","demo_title":"Erstellen Sie Ihr Eventkalender-Plugin","demo_caption":"Konfigurieren Sie Ihren Veranstaltungskalender und f\u00fcgen Sie ihn kostenlos zu Ihrer WordPress-Website hinzu!","default_faq_hidden":"","app_template_category":[],"platform":"266","template_public_id":"","codecanyon_url":"","codecanyon_item_id":"","codecanyon_price":"","pricing_caption":"","pricing_elfsight_apps_hide_column":"","pricing_elfsight_apps_url":"","pricing_codecanyon_price_caption":"","integration_category":[],"integration_request_title":"","integration_request_cta":"","integration_platform":"","integrations":[],"platform_category":[],"video_schema_markup":"","price":"ab 0 $ \/ Monat","trial":"","benefits":[{"text":"Kostenloser Installationsservice"},{"text":"Professioneller Kundensupport"},{"text":"14-t\u00e4gige Geld-zur\u00fcck-Garantie"},{"text":"St\u00e4ndige Aktualisierung"}],"button_url":"#demo","button_target_blank":"0","button_nofollow":"0","attributes":[{"name":"Installiert","content":"100,000 - 500,000","_state":"expanded"},{"name":"Reaktionsfreudig","content":"Ja","_state":"expanded"},{"name":"Kompatible Browser","content":"Firefox, Safari, Opera, Chrome, Edge"}],"tags":[],"tags_disable_links":"0","hide_more_platforms":"0","video_object":"{\r\n  \"@context\": \"http:\/\/schema.org\",\r\n  \"@type\": \"VideoObject\",\r\n  \"name\": \"How to Add Event Calendar to WordPress (2020)\",\r\n  \"description\": \"With Elfsight, design your Event Calendar plugin and add it to your WordPress website swiftly. We offer free customer support and other bonuses.\",\r\n  \"thumbnailUrl\": \"https:\/\/i.ytimg.com\/vi\/i4pcUUflTOo\/default.jpg\",\r\n  \"uploadDate\": \"2020-05-08T17:25:37Z\",\r\n  \"duration\": \"PT2M22S\",\r\n  \"embedUrl\": \"https:\/\/www.youtube.com\/embed\/i4pcUUflTOo\",\r\n  \"interactionCount\": \"816\"\r\n}","demo_hide_cta":"0","demo_hide_cloud_options":"0","pricing_title":"","pricing":[{"pricing_icon":"platform","pricing_title":"Elfsight Apps","pricing_title_caption":"Plattformunabh\u00e4ngige Version, die auf jeder Website funktioniert","pricing_price":"ab 0 $ \/ Monat","pricing_price_caption":"Beginnen Sie mit einem kostenlosen Plan","pricing_benefits":[{"text":"Unbegrenzte Domains"},{"text":"Kundensupport rund um die Uhr"},{"text":"Kostenlose Installationshilfe"},{"text":"Zeitlich begrenztes Angebot f\u00fcr mehrere Apps"}],"pricing_button_text":"Zur Website hinzuf\u00fcgen","pricing_button_url":"#demo","_state":"expanded"}],"related_apps_title":"","related_apps_hidden":"1","author":"","image":[],"title":"","job":"","social_networks":[]},"_links":{"self":[{"href":"https:\/\/elfsight.com\/de\/wp-json\/wp\/v2\/pages\/4371","targetHints":{"allow":["GET"]}}],"collection":[{"href":"https:\/\/elfsight.com\/de\/wp-json\/wp\/v2\/pages"}],"about":[{"href":"https:\/\/elfsight.com\/de\/wp-json\/wp\/v2\/types\/page"}],"author":[{"embeddable":true,"href":"https:\/\/elfsight.com\/de\/wp-json\/wp\/v2\/users\/9"}],"replies":[{"embeddable":true,"href":"https:\/\/elfsight.com\/de\/wp-json\/wp\/v2\/comments?post=4371"}],"version-history":[{"count":13,"href":"https:\/\/elfsight.com\/de\/wp-json\/wp\/v2\/pages\/4371\/revisions"}],"predecessor-version":[{"id":25584,"href":"https:\/\/elfsight.com\/de\/wp-json\/wp\/v2\/pages\/4371\/revisions\/25584"}],"up":[{"embeddable":true,"href":"https:\/\/elfsight.com\/de\/wp-json\/wp\/v2\/pages\/1011"}],"wp:attachment":[{"href":"https:\/\/elfsight.com\/de\/wp-json\/wp\/v2\/media?parent=4371"}],"curies":[{"name":"wp","href":"https:\/\/api.w.org\/{rel}","templated":true}]}}