{"id":4359,"date":"1970-01-01T00:00:00","date_gmt":"1970-01-01T00:00:00","guid":{"rendered":"https:\/\/elfsight.com\/de\/?page_id=4359"},"modified":"2025-02-14T05:07:36","modified_gmt":"2025-02-14T05:07:36","slug":"wordpress","status":"publish","type":"page","link":"https:\/\/elfsight.com\/de\/twitter-feed-widget\/wordpress\/","title":{"rendered":"Twitter Feed &#8211; WordPress"},"content":{"rendered":"\n<div class=\"application-platform-content-item-description application-platform-content-item\" id=\"description\" data-nav-section=\"description\"><h2>Twitter-Feed in WordPress mit dem Elfsight-Widget einbetten<\/h2><p>Elfsight Twitter ist ein anpassbares Plugin, mit dem Sie Twitter einf\u00fchren k\u00f6nnen Feed oder ausgew\u00e4hlte Tweets auf einer WordPress-Site. Sie k\u00f6nnen Ihren Twitter-Newsfeed anzeigen oder Testimonial-Tweets demonstrieren, die dazu beitragen, das Engagement der Besucher zu steigern und das Vertrauen der Kunden zu st\u00e4rken. Was unser Twitter-Plugin zu einem der besten seiner Art f\u00fcr jede Website macht, ist eine gro\u00dfe Menge an Einstellungen, voreingestellte Vorlagen f\u00fcr jeden Anwendungsfall und sein adaptives Design.<\/p><p><b>Erzielen Sie eine bessere Benutzereinbindung und h\u00f6heres Vertrauen in Ihre Website<\/b><\/p><ul><li><b>Besucher l\u00e4nger auf der Website halten<\/b>.<br>Besucher l\u00e4nger auf der Website halten.<\/li><li><b>Bewerben Sie gemeinsam Ihr Twitter und Ihre Website<\/b>.<br>Ihre Website ist ein zus\u00e4tzliches Instrument zur Werbung f\u00fcr Ihr Twitter-Konto, wobei Retweeten und Antworten von der Seite aus unterst\u00fctzt werden; w\u00e4hrend besseres Engagement und Social Proof auf der Website die SEO-Ergebnisse verbessern.<\/li><li><b>Steigern Sie das Vertrauen mit Hilfe von Kundenstimmen auf Twitter<\/b>.<br>W\u00e4hlen Sie die besten Kundenstimmen \u00fcber Ihr Unternehmen aus Twittern Sie und ver\u00f6ffentlichen Sie sie auf Ihrer Website, um das Vertrauen in Ihr Unternehmen zu st\u00e4rken und Ihre Artikel verlockend aussehen zu lassen.<\/li><\/ul><\/div><div class=\"application-platform-content-item-features application-platform-content-item\" id=\"features\" data-nav-section=\"features\"><h2>Hauptfunktionen des Twitter-Feed-Widgets <\/h2><p>Wichtige Funktionen des Elfsight Twitter-Plugins, die dazu beitragen, dass es das beste WordPress-Instrument zum Einbetten von Twitter bleibt.<\/p><ul><li>Feed- oder Testimonials-Typ der Pr\u00e4sentation;<\/li><li>Kopfzeile ausblenden, um nur Tweets anzuzeigen;<\/li><li>Sch\u00f6ne Vorschau-Links in Tweets;<\/li><li>Browser-Datencache \u2013 schnelleres Laden mit Widgets auf mehreren Seiten;<\/li><li>Automatischer Feed F\u00e4rben mit Themenfarben aus Ihrem Twitter-Konto.<\/li><\/ul><p><a href=\"#demo\">Alle Optionen in der Elfsight-Demo anzeigen<\/a><\/p><\/div><div class=\"application-platform-content-item-installation application-platform-content-item\" id=\"installation\" data-nav-section=\"installation\"><h2>So betten Sie Twitter-Feeds in die WordPress-Website ein<\/h2><div class=\"video-container\"><iframe width=\"560\" height=\"315\" src=\"https:\/\/www.youtube.com\/embed\/OyUx7mlBDKY?si=x_yizEqNf7vsgWZA\" frameborder=\"0\" allow=\"accelerometer; autoplay; clipboard-write; encrypted-media; gyroscope; picture-in-picture; web-share\" allowfullscreen><\/iframe><\/div><p>Befolgen Sie einfach die unten aufgef\u00fchrten Schritte, um das Plugin in WordPress einzuf\u00fcgen.<\/p> <ol><li><b>Verwalten Sie unsere kostenlose Demo und beginnen Sie mit dem Bau Ihres ma\u00dfgeschneiderten Instruments. <\/b><br> W\u00e4hlen Sie die ausgew\u00e4hlte Form und Optionen des Plugins und speichern Sie die \u00c4nderungen. <\/li> <li><b>Erhalten Sie Ihren einzigartigen Code, der im Fenster von Elfsight Apps angezeigt wird. <\/b><br> Sobald die Einrichtung Ihres Twitter-Plugins abgeschlossen ist, kopieren Sie den einzelnen Code im angezeigten Popup und speichern Sie ihn zur sp\u00e4teren Verwendung. <\/li> <li><b>Beginnen Sie mit der Verwendung des Widgets auf Ihrer WordPress-Site. <\/b><br> F\u00fcgen Sie den Code, den Sie zuvor gespeichert haben, auf Ihrer Seite hinzu und \u00fcbernehmen Sie die Anpassungen. <\/li> <li><b>Du bist fertig! Das Setup ist vollst\u00e4ndig beendet. <\/b><br> Gehen Sie auf Ihre Seite, um zu sehen, wie das Widget funktioniert. <\/li><\/ol> <p>Sie k\u00f6nnen das Plugin nicht auf Ihrer Website entwerfen oder hinzuf\u00fcgen? Studieren Sie unser <a href=\"https:\/\/elfsight.com\/tutorials\/how-to-add-twitter-feed-plugin-to-wordpress\/\" target=\"_blank\" rel=\"noopener noreferrer\">umfangreiches Handbuch<\/a> oder wenden Sie sich an unser Hilfeteam.<\/p><\/div><div class=\"faq\" data-component=\"FAQ\"><div class=\"faq-item\">\r\n\t\t\t\t\t<div class=\"faq-item-question\">\r\n\t\t\t\t\t\t<h3 class=\"faq-item-question-text\">Wie kann ich meiner WordPress-Website einen Twitter-Feed hinzuf\u00fcgen?<\/h3>\r\n\r\n\t\t\t\t\t\t<div class=\"faq-item-question-icon\"><\/div>\r\n\t\t\t\t\t<\/div>\r\n\r\n\t\t\t\t\t<div class=\"faq-item-answer\">\r\n\t\t\t\t\t\t<div class=\"faq-item-answer-text\"><p>Die Erstellung des Widgets erfolgt auf der Elfsight-Website und es ist nicht erforderlich, das Programmieren zu erlernen. Nutzen Sie unsere Online-Demo, um Ihr eigenes Tool zu entwickeln, den Code zu erwerben und ihn in Ihre Website zu implementieren. <\/p><\/div>\r\n\t\t\t\t\t<\/div>\r\n\t\t\t\t<\/div><div class=\"faq-item\">\r\n\t\t\t\t\t<div class=\"faq-item-question\">\r\n\t\t\t\t\t\t<h3 class=\"faq-item-question-text\">Wie erhalte ich Twitter Hashtag Feed oder Grid \u00fcber Elfsight-Plugins?<\/h3>\r\n\r\n\t\t\t\t\t\t<div class=\"faq-item-question-icon\"><\/div>\r\n\t\t\t\t\t<\/div>\r\n\r\n\t\t\t\t\t<div class=\"faq-item-answer\">\r\n\t\t\t\t\t\t<div class=\"faq-item-answer-text\"><p>Eine F\u00fclle von Vorlagen steht f\u00fcr Sie bereit: Raster, Feed, Galerie, Mauerwerk, Liste und viele andere, einschlie\u00dflich anpassbarer Layoutanpassungen, um sie an Ihre Bedingungen anzupassen. Es steht Ihnen frei, fast jedes Werkzeug zu erstellen, das Ihnen fehlt. <\/p><\/div>\r\n\t\t\t\t\t<\/div>\r\n\t\t\t\t<\/div><div class=\"faq-item\">\r\n\t\t\t\t\t<div class=\"faq-item-question\">\r\n\t\t\t\t\t\t<h3 class=\"faq-item-question-text\">Mein WordPress-Twitter-Feed funktioniert\/aktualisiert nicht<\/h3>\r\n\r\n\t\t\t\t\t\t<div class=\"faq-item-question-icon\"><\/div>\r\n\t\t\t\t\t<\/div>\r\n\r\n\t\t\t\t\t<div class=\"faq-item-answer\">\r\n\t\t\t\t\t\t<div class=\"faq-item-answer-text\"><p>Sobald Sie Probleme mit den WordPress-Widgets haben, wenden Sie sich an den Kundensupport. Jede Hilfe ist f\u00fcr alle Elfsight-Kunden absolut kostenlos. <\/p><\/div>\r\n\t\t\t\t\t<\/div>\r\n\t\t\t\t<\/div><\/div>\n","protected":false},"excerpt":{"rendered":"","protected":false},"author":9,"featured_media":0,"parent":771,"menu_order":0,"comment_status":"closed","ping_status":"closed","template":"templates\/template-application-platform.php","meta":{"publish_to_discourse":"","publish_post_category":"","wpdc_auto_publish_overridden":"","wpdc_topic_tags":"","wpdc_pin_topic":"","wpdc_pin_until":"","discourse_post_id":"","discourse_permalink":"","wpdc_publishing_response":"","wpdc_publishing_error":"","footnotes":""},"class_list":["post-4359","page","type-page","status-publish","hentry"],"yoast_head":"<!-- This site is optimized with the Yoast SEO plugin v25.3.1 - https:\/\/yoast.com\/wordpress\/plugins\/seo\/ -->\n<title>Das beste Twitter-Feed-Plugin f\u00fcr WordPress-Websites (2025)<\/title>\n<meta name=\"description\" content=\"Generieren Sie in nur einer Minute ein personalisiertes WordPress-Twitter-Feed-Plugin. Kostenlose Demo, Hilfe bei der Einrichtung und weitere Vorteile von Elfsight sind im Preis inbegriffen!\" \/>\n<meta name=\"robots\" content=\"index, follow, max-snippet:-1, max-image-preview:large, max-video-preview:-1\" \/>\n<link rel=\"canonical\" href=\"https:\/\/elfsight.com\/de\/twitter-feed-widget\/wordpress\/\" \/>\n<meta property=\"og:locale\" content=\"de_DE\" \/>\n<meta property=\"og:type\" content=\"article\" \/>\n<meta property=\"og:title\" content=\"Das beste Twitter-Feed-Plugin f\u00fcr WordPress-Websites (2025)\" \/>\n<meta property=\"og:description\" content=\"Generieren Sie in nur einer Minute ein personalisiertes WordPress-Twitter-Feed-Plugin. Kostenlose Demo, Hilfe bei der Einrichtung und weitere Vorteile von Elfsight sind im Preis inbegriffen!\" \/>\n<meta property=\"og:url\" content=\"https:\/\/elfsight.com\/de\/twitter-feed-widget\/wordpress\/\" \/>\n<meta property=\"og:site_name\" content=\"Elfsight DE\" \/>\n<meta property=\"article:modified_time\" content=\"2025-02-14T05:07:36+00:00\" \/>\n<meta name=\"twitter:card\" content=\"summary_large_image\" \/>\n<meta name=\"twitter:label1\" content=\"Gesch\u00e4tzte Lesezeit\" \/>\n\t<meta name=\"twitter:data1\" content=\"3\u00a0Minuten\" \/>\n<!-- \/ Yoast SEO plugin. -->","yoast_head_json":{"title":"Das beste Twitter-Feed-Plugin f\u00fcr WordPress-Websites (2025)","description":"Generieren Sie in nur einer Minute ein personalisiertes WordPress-Twitter-Feed-Plugin. Kostenlose Demo, Hilfe bei der Einrichtung und weitere Vorteile von Elfsight sind im Preis inbegriffen!","robots":{"index":"index","follow":"follow","max-snippet":"max-snippet:-1","max-image-preview":"max-image-preview:large","max-video-preview":"max-video-preview:-1"},"canonical":"https:\/\/elfsight.com\/de\/twitter-feed-widget\/wordpress\/","og_locale":"de_DE","og_type":"article","og_title":"Das beste Twitter-Feed-Plugin f\u00fcr WordPress-Websites (2025)","og_description":"Generieren Sie in nur einer Minute ein personalisiertes WordPress-Twitter-Feed-Plugin. Kostenlose Demo, Hilfe bei der Einrichtung und weitere Vorteile von Elfsight sind im Preis inbegriffen!","og_url":"https:\/\/elfsight.com\/de\/twitter-feed-widget\/wordpress\/","og_site_name":"Elfsight DE","article_modified_time":"2025-02-14T05:07:36+00:00","twitter_card":"summary_large_image","twitter_misc":{"Gesch\u00e4tzte Lesezeit":"3\u00a0Minuten"},"schema":{"@context":"https:\/\/schema.org","@graph":[{"@type":"WebPage","@id":"https:\/\/elfsight.com\/de\/twitter-feed-widget\/wordpress\/","url":"https:\/\/elfsight.com\/de\/twitter-feed-widget\/wordpress\/","name":"Das beste Twitter-Feed-Plugin f\u00fcr WordPress-Websites (2025)","isPartOf":{"@id":"https:\/\/elfsight.com\/de\/#website"},"datePublished":"1970-01-01T00:00:00+00:00","dateModified":"2025-02-14T05:07:36+00:00","description":"Generieren Sie in nur einer Minute ein personalisiertes WordPress-Twitter-Feed-Plugin. Kostenlose Demo, Hilfe bei der Einrichtung und weitere Vorteile von Elfsight sind im Preis inbegriffen!","breadcrumb":{"@id":"https:\/\/elfsight.com\/de\/twitter-feed-widget\/wordpress\/#breadcrumb"},"inLanguage":"de","potentialAction":[{"@type":"ReadAction","target":["https:\/\/elfsight.com\/de\/twitter-feed-widget\/wordpress\/"]}]},{"@type":"BreadcrumbList","@id":"https:\/\/elfsight.com\/de\/twitter-feed-widget\/wordpress\/#breadcrumb","itemListElement":[{"@type":"ListItem","position":1,"name":"Home","item":"https:\/\/elfsight.com\/de\/"},{"@type":"ListItem","position":2,"name":"Twitter Feed","item":"https:\/\/elfsight.com\/de\/twitter-feed-widget\/"},{"@type":"ListItem","position":3,"name":"Twitter Feed &#8211; WordPress"}]},{"@type":"WebSite","@id":"https:\/\/elfsight.com\/de\/#website","url":"https:\/\/elfsight.com\/de\/","name":"Elfsight DE","description":"Just another Elfsight Sites site","potentialAction":[{"@type":"SearchAction","target":{"@type":"EntryPoint","urlTemplate":"https:\/\/elfsight.com\/de\/?s={search_term_string}"},"query-input":{"@type":"PropertyValueSpecification","valueRequired":true,"valueName":"search_term_string"}}],"inLanguage":"de"}]}},"meta_box":{"industry":"","seo_heading":"","heading":"","description":"","cta_heading":"","cta_description":"","application":"472","h1":"WordPress-Twitter-Feed-Plugin","h1_caption":"Betten Sie Tweets von Ihrem Twitter-Konto oder per Hashtag ein, um Ihre Besucher m\u00fchelos mit Echtzeitinhalten auf Ihrer WordPress-Website auf dem Laufenden zu halten.","application_category":[],"applications_title":"","applications_request_title":"","applications_request_button_text":"","hero_text":"","hero_video":"","hero_video_schema_markup":"","selling_points_title":"","selling_points_caption":"","selling_points":[],"selling_points_cta_text":"","features_title":"","features":"","ed_cta_examples_text":"","ed_cta_examples_hidden":"","ed_cta_demo_text":"","ed_cta_demo_hidden":"","why_caption":"","why_editor_title":"","why_editor_text":"","why_team_title":"","why_team_text":"","why_service_title":"","why_service_text":"","template_catalog_visible":"0","template_catalog_title":"","template_catalog_text":"","template_catalog_categories_visible":"","demo_title":"Erstellen Sie Ihr Twitter-Feed-Plugin","demo_caption":"Konfigurieren Sie Ihren Twitter-Feed und f\u00fcgen Sie ihn kostenlos zu Ihrer WordPress-Website hinzu!","default_faq_hidden":"","app_template_category":[],"platform":"266","template_public_id":"","codecanyon_url":"","codecanyon_item_id":"","codecanyon_price":"","pricing_caption":"","pricing_elfsight_apps_hide_column":"","pricing_elfsight_apps_url":"","pricing_codecanyon_price_caption":"","integration_category":[],"integration_request_title":"","integration_request_cta":"","integration_platform":"","integrations":[],"platform_category":[],"video_schema_markup":"","price":"ab 0 $ \/ Monat","trial":"","benefits":[{"text":"Kostenlose Installationshilfe"},{"text":"Professioneller Kundenservice"},{"text":"14-t\u00e4gige Geld-zur\u00fcck-Garantie"},{"text":"Kontinuierliche Verbesserungen"}],"button_url":"#demo","button_target_blank":"0","button_nofollow":"0","attributes":[{"name":"Installiert","content":"10,000 - 100,000","_state":"expanded"},{"name":"Reaktionsfreudig","content":"Ja","_state":"expanded"},{"name":"Kompatible Browser","content":"Firefox, Safari, Opera, Chrome, Edge","_state":"expanded"}],"tags":[],"tags_disable_links":"1","hide_more_platforms":"0","video_object":"{\r\n  \"@context\": \"http:\/\/schema.org\",\r\n  \"@type\": \"VideoObject\",\r\n  \"name\": \"How to Add Twitter Feed to WordPress (2020)\",\r\n  \"description\": \"Generate your personalized WordPress Twitter Feed plugin just in a minute. Free demo, help with setup and more perks from Elfsight are included!\",\r\n  \"thumbnailUrl\": \"https:\/\/i.ytimg.com\/vi\/OyUx7mlBDKY\/default.jpg\",\r\n  \"uploadDate\": \"2019-06-21T11:44:06.000Z\",\r\n  \"duration\": \"PT2M31S\",\r\n  \"embedUrl\": \"https:\/\/www.youtube.com\/embed\/OyUx7mlBDKY\",\r\n  \"interactionCount\": \"2279\"\r\n}","demo_hide_cta":"0","demo_hide_cloud_options":"0","pricing_title":"","pricing":[{"pricing_icon":"platform","pricing_title":"Elfsight Apps","pricing_title_caption":"Plattform\u00fcbergreifende Version, die auf jeder Site funktioniert","pricing_price":"ab 0 $ \/ Monat","pricing_price_caption":"Beginnen Sie mit einem kostenlosen Plan","pricing_benefits":[{"text":"Unbegrenzte Domains"},{"text":"Premium-Support"},{"text":"Kostenlose Installationsunterst\u00fctzung"},{"text":"Sonderpreis f\u00fcr mehrere Apps"}],"pricing_button_text":"Zur Website hinzuf\u00fcgen","pricing_button_url":"#demo","_state":"expanded"}],"related_apps_title":"","related_apps_hidden":"1","author":"","image":[],"title":"","job":"","social_networks":[]},"_links":{"self":[{"href":"https:\/\/elfsight.com\/de\/wp-json\/wp\/v2\/pages\/4359","targetHints":{"allow":["GET"]}}],"collection":[{"href":"https:\/\/elfsight.com\/de\/wp-json\/wp\/v2\/pages"}],"about":[{"href":"https:\/\/elfsight.com\/de\/wp-json\/wp\/v2\/types\/page"}],"author":[{"embeddable":true,"href":"https:\/\/elfsight.com\/de\/wp-json\/wp\/v2\/users\/9"}],"replies":[{"embeddable":true,"href":"https:\/\/elfsight.com\/de\/wp-json\/wp\/v2\/comments?post=4359"}],"version-history":[{"count":8,"href":"https:\/\/elfsight.com\/de\/wp-json\/wp\/v2\/pages\/4359\/revisions"}],"predecessor-version":[{"id":24141,"href":"https:\/\/elfsight.com\/de\/wp-json\/wp\/v2\/pages\/4359\/revisions\/24141"}],"up":[{"embeddable":true,"href":"https:\/\/elfsight.com\/de\/wp-json\/wp\/v2\/pages\/771"}],"wp:attachment":[{"href":"https:\/\/elfsight.com\/de\/wp-json\/wp\/v2\/media?parent=4359"}],"curies":[{"name":"wp","href":"https:\/\/api.w.org\/{rel}","templated":true}]}}