{"id":433,"date":"2020-02-27T10:05:06","date_gmt":"2020-02-27T10:05:06","guid":{"rendered":"https:\/\/elfsight.com\/de\/?page_id=433"},"modified":"2021-12-15T11:32:21","modified_gmt":"2021-12-15T11:32:21","slug":"bigcommerce-apps","status":"publish","type":"page","link":"https:\/\/elfsight.com\/de\/bigcommerce-apps\/","title":{"rendered":"BigCommerce Apps"},"content":{"rendered":"\n<p>\u00dcber einige Jahre hat Elfsight Team viele vollkommen intuitiven und schlichten Werkzeuge f\u00fcr BigCommerce Websites realisiert. Mit Hilfe dieser Werkzeuge k\u00f6nnen Sie die Benutzerinteraktion erh\u00f6hen, Ihren Gewinn steigern, jederzeit \u00fcber Chats mit Kunden in Kontakt bleiben und andere unternehmerischen Herausforderungen l\u00f6sen. <\/p> \n\n<p>Elfsight Team bietet vielgestaltig Peiswahlen: von kostenfrei bis zu Premium. Anreichern Ihre Website-Funktionalit\u00e4t ohne Zusatzausgaben. <\/p>\n\n\n<h2>Was macht unsere BigCommerce-Werkzeuge so einzigartig? <\/h2>\n\n<p> Lesen Sie die anschlie\u00dfende Auflistung der besonderen Leistungen: <\/p> \n<ul>\n<li> Kostenloser Installationsservice des Apps; <\/li>\n\n<li>Absolut reaktionsschnelle f\u00fcr jeden Bildschirm; <\/li>\n\n<li>Keine Programmierkenntnisse erforderlich; <\/li>\n\n<li>Eine breite Palette von anpassbare und fertige Templates; <\/li>\n\n<li>Intuitive Benutzeroberfl\u00e4che; <\/li>\n\n<li>Die Cloud-basierte Services f\u00fcr hoher Ladegeschwindigkeit; <\/li> \n\n<li>Die regelm\u00e4\u00dfige automatische Aktualisierung; <\/li> \n\n<li>Professionelle Hilfe von erfahrenen Elfsight Team. <\/li> \n<\/ul>\n\n<p>Testen Sie mit kostenfreien Widget. Schauen Sie alle Funktionen oder erwerben Sie ausgew\u00e4hlte App mit 20% Rabatt. <\/p> \n\n<h2>Wie kann man ein App auf BigCommerce Website einbinden? <\/h2> \n<p>Um ein App auf der Webseite zu installieren, lesen Sie einfach die folgenden Anweisungen: <\/p>\n<ol>\n<li>Finden Sie das entsprechend Werkzeug und passen Sie es an. Speichern Sie die \u00c4nderungen. <\/li> \n\n<li>F\u00fcgen Sie Code hinzu um das App auf Ihrer Webseite zu integrieren. <\/li>\n\n<li>Widget-Integration ist erfolgreich durchgef\u00fchrt! <\/li>\n<\/ol>\n<p>Falls Sie eine kostenfreie Empfehlung f\u00fcr die Integration des Widgets ben\u00f6tigen, dann unserer Support Team ist immer gl\u00fccklich, Ihnen zu helfen. <\/p>\n","protected":false},"excerpt":{"rendered":"\u00dcber einige Jahre hat Elfsight Team viele vollkommen intuitiven und schlichten Werkzeuge f\u00fcr BigCommerce Websites realisiert. Mit Hilfe dieser Werkzeuge k\u00f6nnen Sie die Benutzerinteraktion erh\u00f6hen, Ihren Gewinn steigern, jederzeit \u00fcber Chats mit Kunden in Kontakt bleiben und andere unternehmerischen Herausforderungen l\u00f6sen. Elfsight Team bietet vielgestaltig Peiswahlen: von kostenfrei bis zu&#8230;","protected":false},"author":11,"featured_media":0,"parent":0,"menu_order":0,"comment_status":"closed","ping_status":"closed","template":"templates\/template-platform.php","meta":{"publish_to_discourse":"","publish_post_category":"","wpdc_auto_publish_overridden":"","wpdc_topic_tags":"","wpdc_pin_topic":"","wpdc_pin_until":"","discourse_post_id":"","discourse_permalink":"","wpdc_publishing_response":"","wpdc_publishing_error":"","footnotes":""},"class_list":["post-433","page","type-page","status-publish","hentry"],"yoast_head":"<!-- This site is optimized with the Yoast SEO plugin v25.3.1 - https:\/\/yoast.com\/wordpress\/plugins\/seo\/ -->\n<title>Die mobile-freundlichen BigCommerce App f\u00fcr Ihre Website (2025)<\/title>\n<meta name=\"description\" content=\"Auflistung von problemlosen Werkzeuge gerade f\u00fcr Ihre BigCommerce Websites. Hilfe bei Individualisierung und unbeschr\u00e4nkte M\u00f6glichkeiten.\" \/>\n<meta name=\"robots\" content=\"index, follow, max-snippet:-1, max-image-preview:large, max-video-preview:-1\" \/>\n<link rel=\"canonical\" href=\"https:\/\/elfsight.com\/de\/bigcommerce-apps\/\" \/>\n<meta property=\"og:locale\" content=\"de_DE\" \/>\n<meta property=\"og:type\" content=\"article\" \/>\n<meta property=\"og:title\" content=\"Die mobile-freundlichen BigCommerce App f\u00fcr Ihre Website (2025)\" \/>\n<meta property=\"og:description\" content=\"Auflistung von problemlosen Werkzeuge gerade f\u00fcr Ihre BigCommerce Websites. Hilfe bei Individualisierung und unbeschr\u00e4nkte M\u00f6glichkeiten.\" \/>\n<meta property=\"og:url\" content=\"https:\/\/elfsight.com\/de\/bigcommerce-apps\/\" \/>\n<meta property=\"og:site_name\" content=\"Elfsight DE\" \/>\n<meta property=\"article:modified_time\" content=\"2021-12-15T11:32:21+00:00\" \/>\n<meta name=\"twitter:card\" content=\"summary_large_image\" \/>\n<meta name=\"twitter:label1\" content=\"Gesch\u00e4tzte Lesezeit\" \/>\n\t<meta name=\"twitter:data1\" content=\"1\u00a0Minute\" \/>\n<!-- \/ Yoast SEO plugin. -->","yoast_head_json":{"title":"Die mobile-freundlichen BigCommerce App f\u00fcr Ihre Website (2025)","description":"Auflistung von problemlosen Werkzeuge gerade f\u00fcr Ihre BigCommerce Websites. Hilfe bei Individualisierung und unbeschr\u00e4nkte M\u00f6glichkeiten.","robots":{"index":"index","follow":"follow","max-snippet":"max-snippet:-1","max-image-preview":"max-image-preview:large","max-video-preview":"max-video-preview:-1"},"canonical":"https:\/\/elfsight.com\/de\/bigcommerce-apps\/","og_locale":"de_DE","og_type":"article","og_title":"Die mobile-freundlichen BigCommerce App f\u00fcr Ihre Website (2025)","og_description":"Auflistung von problemlosen Werkzeuge gerade f\u00fcr Ihre BigCommerce Websites. Hilfe bei Individualisierung und unbeschr\u00e4nkte M\u00f6glichkeiten.","og_url":"https:\/\/elfsight.com\/de\/bigcommerce-apps\/","og_site_name":"Elfsight DE","article_modified_time":"2021-12-15T11:32:21+00:00","twitter_card":"summary_large_image","twitter_misc":{"Gesch\u00e4tzte Lesezeit":"1\u00a0Minute"},"schema":{"@context":"https:\/\/schema.org","@graph":[{"@type":"WebPage","@id":"https:\/\/elfsight.com\/de\/bigcommerce-apps\/","url":"https:\/\/elfsight.com\/de\/bigcommerce-apps\/","name":"Die mobile-freundlichen BigCommerce App f\u00fcr Ihre Website (2025)","isPartOf":{"@id":"https:\/\/elfsight.com\/de\/#website"},"datePublished":"2020-02-27T10:05:06+00:00","dateModified":"2021-12-15T11:32:21+00:00","description":"Auflistung von problemlosen Werkzeuge gerade f\u00fcr Ihre BigCommerce Websites. Hilfe bei Individualisierung und unbeschr\u00e4nkte M\u00f6glichkeiten.","breadcrumb":{"@id":"https:\/\/elfsight.com\/de\/bigcommerce-apps\/#breadcrumb"},"inLanguage":"de","potentialAction":[{"@type":"ReadAction","target":["https:\/\/elfsight.com\/de\/bigcommerce-apps\/"]}]},{"@type":"BreadcrumbList","@id":"https:\/\/elfsight.com\/de\/bigcommerce-apps\/#breadcrumb","itemListElement":[{"@type":"ListItem","position":1,"name":"Home","item":"https:\/\/elfsight.com\/de\/"},{"@type":"ListItem","position":2,"name":"BigCommerce Apps"}]},{"@type":"WebSite","@id":"https:\/\/elfsight.com\/de\/#website","url":"https:\/\/elfsight.com\/de\/","name":"Elfsight DE","description":"Just another Elfsight Sites site","potentialAction":[{"@type":"SearchAction","target":{"@type":"EntryPoint","urlTemplate":"https:\/\/elfsight.com\/de\/?s={search_term_string}"},"query-input":{"@type":"PropertyValueSpecification","valueRequired":true,"valueName":"search_term_string"}}],"inLanguage":"de"}]}},"meta_box":{"industry":"","seo_heading":"","heading":"","description":"","cta_heading":"","cta_description":"","application":"","h1":"Hochwertige responsive L\u00f6sungen f\u00fcr Ihre BigCommerce Seite","h1_caption":"Dies ist die \u00dcbersicht von besseren Bedienelemente f\u00fcr Internetseite, um seine Umsatz zu steigern und grundlegende wirtschaftliche Zweck zu erlangen. Die s\u00e4mtliche Bedienelemente kann schnell adaptiert und integriert werden. Die Firma bereitstellt die unbeschr\u00e4nkte Anzahl von Merkmalen und die beste technische Unterst\u00fctzung f\u00fcr alle Benutzer.","application_category":[],"applications_title":"Versuchen Sie alle schl\u00fcsselfertigen kostenlosen BigCommerce Bedienelemente aus der Liste:","applications_request_title":"Haben Sie das gew\u00fcnschte App nicht gefunden?","applications_request_button_text":"Fordern Sie ein App an","hero_text":"","hero_video":"","hero_video_schema_markup":"","selling_points_title":"","selling_points_caption":"","selling_points":[],"selling_points_cta_text":"","features_title":"","features":"","ed_cta_examples_text":"","ed_cta_examples_hidden":"","ed_cta_demo_text":"","ed_cta_demo_hidden":"","why_caption":"","why_editor_title":"","why_editor_text":"","why_team_title":"","why_team_text":"","why_service_title":"","why_service_text":"","template_catalog_visible":"","template_catalog_title":"","template_catalog_text":"","template_catalog_categories_visible":"","demo_title":"","demo_caption":"","default_faq_hidden":"","app_template_category":[],"platform":"268","template_public_id":"","codecanyon_url":"","codecanyon_item_id":"","codecanyon_price":"","pricing_caption":"","pricing_elfsight_apps_hide_column":"","pricing_elfsight_apps_url":"","pricing_codecanyon_price_caption":"","integration_category":[],"integration_request_title":"","integration_request_cta":"","integration_platform":"","integrations":[],"platform_category":[],"video_schema_markup":"","price":"","trial":"","benefits":[],"button_url":"","button_target_blank":"","button_nofollow":"","attributes":[],"tags":[],"tags_disable_links":"","hide_more_platforms":"","video_object":"","demo_hide_cta":"","demo_hide_cloud_options":"","pricing_title":"","pricing":[],"related_apps_title":"","related_apps_hidden":"","author":"","image":[],"title":"","job":"","social_networks":[]},"_links":{"self":[{"href":"https:\/\/elfsight.com\/de\/wp-json\/wp\/v2\/pages\/433","targetHints":{"allow":["GET"]}}],"collection":[{"href":"https:\/\/elfsight.com\/de\/wp-json\/wp\/v2\/pages"}],"about":[{"href":"https:\/\/elfsight.com\/de\/wp-json\/wp\/v2\/types\/page"}],"author":[{"embeddable":true,"href":"https:\/\/elfsight.com\/de\/wp-json\/wp\/v2\/users\/11"}],"replies":[{"embeddable":true,"href":"https:\/\/elfsight.com\/de\/wp-json\/wp\/v2\/comments?post=433"}],"version-history":[{"count":4,"href":"https:\/\/elfsight.com\/de\/wp-json\/wp\/v2\/pages\/433\/revisions"}],"predecessor-version":[{"id":4808,"href":"https:\/\/elfsight.com\/de\/wp-json\/wp\/v2\/pages\/433\/revisions\/4808"}],"wp:attachment":[{"href":"https:\/\/elfsight.com\/de\/wp-json\/wp\/v2\/media?parent=433"}],"curies":[{"name":"wp","href":"https:\/\/api.w.org\/{rel}","templated":true}]}}