{"id":432,"date":"2020-02-27T10:00:24","date_gmt":"2020-02-27T10:00:24","guid":{"rendered":"https:\/\/elfsight.com\/de\/?page_id=432"},"modified":"2021-10-06T12:01:39","modified_gmt":"2021-10-06T12:01:39","slug":"wordpress-plugins","status":"publish","type":"page","link":"https:\/\/elfsight.com\/de\/wordpress-plugins\/","title":{"rendered":"WordPress Plugins"},"content":{"rendered":"\n<p>\u00dcber einige Jahre hat Elfsight Kompanie viele vollkommen effizienten und einfachen L\u00f6sungen f\u00fcr WordPress Webseiten gebaut. Mit Hilfe Elfsight Plugins k\u00f6nnen Sie die Benutzerinteraktion erh\u00f6hen, die Qualit\u00e4t des Kundensupports verbessern, jederzeit \u00fcber Chats mit Kunden in Kontakt bleiben und andere unternehmerischen Herausforderungen l\u00f6sen. <\/p> \n\n<p>Unsere Team offeriert eine gro\u00dfe Auswahl von Preisoptionen: von kostenfrei bis zu Premium. Vergr\u00f6\u00dfern Ihre Website-Funktionalit\u00e4t ohne Zusatzausgaben. <\/p>\n\n\n<h2>Warum w\u00e4hlen viele Website-Eigent\u00fcmer unsere Widgets? <\/h2>\n\n<p>Untersuchen Sie die anschlie\u00dfende Serie der wichtigsten Vorz\u00fcge: <\/p> \n<ul>\n<li>Kostenlose Installationshilfe des Apps; <\/li>\n\n<li>Ganz ansprechende f\u00fcr jeden Bildschirm; <\/li>\n\n<li>Keine \u0421odierung; <\/li>\n\n<li>Eine Vielzahl von anpassbare und einsatzf\u00e4hige Schablonen; <\/li>\n\n<li>Benutzerfreundlicher Konfigurator; <\/li>\n\n<li>Die Cloud-L\u00f6sungen f\u00fcr hoher Ladegeschwindigkeit; <\/li> \n\n<li>Die regelm\u00e4\u00dfige automatische Aktualisierung; <\/li> \n\n<li>Schnelle Unterst\u00fctzung von freuflichen Elfsight Team. <\/li> \n<\/ul>\n\n<p> Probieren Sie mit kostenfreien Version. Pr\u00fcfen Sie alle Funktionen oder kaufen Sie ein beliebiges Plugin mit 20% Erm\u00e4ssigung. <\/p> \n\n<h2>Wie kann ich ein Plugin auf WordPress Website einf\u00fcgen? <\/h2> \n<p>Um ein Plugin auf der Webseite einzubetten, folgen Sie einfach den Schritten: <\/p>\n<ol>\n<li>W\u00e4hlen Sie das optimal Werkzeug und w\u00e4hlen Sie die entsprechenden Einstellungen. Klicken Sie auf Speichern. <\/li> \n\n<li>F\u00fcgen Sie Code hinzu um das Plugin auf Ihrer Webseite einzubetten. <\/li>\n\n<li>Vollbracht! Sie haben das App erfolgreich auf der WordPress Webseite eingebettet. <\/li>\n<\/ol>\n<p>Falls Sie eine kostenfreie Empfehlung brauchen, um das Widget zu installieren, dann k\u00f6nnen Sie sich unseren technischen Elfsight Support wenden. <\/p>\n","protected":false},"excerpt":{"rendered":"\u00dcber einige Jahre hat Elfsight Kompanie viele vollkommen effizienten und einfachen L\u00f6sungen f\u00fcr WordPress Webseiten gebaut. Mit Hilfe Elfsight Plugins k\u00f6nnen Sie die Benutzerinteraktion erh\u00f6hen, die Qualit\u00e4t des Kundensupports verbessern, jederzeit \u00fcber Chats mit Kunden in Kontakt bleiben und andere unternehmerischen Herausforderungen l\u00f6sen. Unsere Team offeriert eine gro\u00dfe Auswahl von&#8230;","protected":false},"author":11,"featured_media":0,"parent":0,"menu_order":0,"comment_status":"closed","ping_status":"closed","template":"templates\/template-platform.php","meta":{"publish_to_discourse":"","publish_post_category":"","wpdc_auto_publish_overridden":"","wpdc_topic_tags":"","wpdc_pin_topic":"","wpdc_pin_until":"","discourse_post_id":"","discourse_permalink":"","wpdc_publishing_response":"","wpdc_publishing_error":"","footnotes":""},"class_list":["post-432","page","type-page","status-publish","hentry"],"yoast_head":"<!-- This site is optimized with the Yoast SEO plugin v25.3.1 - https:\/\/yoast.com\/wordpress\/plugins\/seo\/ -->\n<title>Die besten mobile-freundlichen WordPress Pluginsf\u00fcr Ihre Website (2026)<\/title>\n<meta name=\"description\" content=\"Eine Liste von zuverl\u00e4ssig Plugins speziell f\u00fcr Ihre WordPress Web-Seiten. Hilfe zu der Anpassung und unbeschr\u00e4nkte Anzahl von M\u00f6glichkeiten.\" \/>\n<meta name=\"robots\" content=\"index, follow, max-snippet:-1, max-image-preview:large, max-video-preview:-1\" \/>\n<link rel=\"canonical\" href=\"https:\/\/elfsight.com\/de\/wordpress-plugins\/\" \/>\n<meta property=\"og:locale\" content=\"de_DE\" \/>\n<meta property=\"og:type\" content=\"article\" \/>\n<meta property=\"og:title\" content=\"Die besten mobile-freundlichen WordPress Pluginsf\u00fcr Ihre Website (2026)\" \/>\n<meta property=\"og:description\" content=\"Eine Liste von zuverl\u00e4ssig Plugins speziell f\u00fcr Ihre WordPress Web-Seiten. Hilfe zu der Anpassung und unbeschr\u00e4nkte Anzahl von M\u00f6glichkeiten.\" \/>\n<meta property=\"og:url\" content=\"https:\/\/elfsight.com\/de\/wordpress-plugins\/\" \/>\n<meta property=\"og:site_name\" content=\"Elfsight DE\" \/>\n<meta property=\"article:modified_time\" content=\"2021-10-06T12:01:39+00:00\" \/>\n<meta name=\"twitter:card\" content=\"summary_large_image\" \/>\n<meta name=\"twitter:label1\" content=\"Gesch\u00e4tzte Lesezeit\" \/>\n\t<meta name=\"twitter:data1\" content=\"1\u00a0Minute\" \/>\n<!-- \/ Yoast SEO plugin. -->","yoast_head_json":{"title":"Die besten mobile-freundlichen WordPress Pluginsf\u00fcr Ihre Website (2026)","description":"Eine Liste von zuverl\u00e4ssig Plugins speziell f\u00fcr Ihre WordPress Web-Seiten. Hilfe zu der Anpassung und unbeschr\u00e4nkte Anzahl von M\u00f6glichkeiten.","robots":{"index":"index","follow":"follow","max-snippet":"max-snippet:-1","max-image-preview":"max-image-preview:large","max-video-preview":"max-video-preview:-1"},"canonical":"https:\/\/elfsight.com\/de\/wordpress-plugins\/","og_locale":"de_DE","og_type":"article","og_title":"Die besten mobile-freundlichen WordPress Pluginsf\u00fcr Ihre Website (2026)","og_description":"Eine Liste von zuverl\u00e4ssig Plugins speziell f\u00fcr Ihre WordPress Web-Seiten. Hilfe zu der Anpassung und unbeschr\u00e4nkte Anzahl von M\u00f6glichkeiten.","og_url":"https:\/\/elfsight.com\/de\/wordpress-plugins\/","og_site_name":"Elfsight DE","article_modified_time":"2021-10-06T12:01:39+00:00","twitter_card":"summary_large_image","twitter_misc":{"Gesch\u00e4tzte Lesezeit":"1\u00a0Minute"},"schema":{"@context":"https:\/\/schema.org","@graph":[{"@type":"WebPage","@id":"https:\/\/elfsight.com\/de\/wordpress-plugins\/","url":"https:\/\/elfsight.com\/de\/wordpress-plugins\/","name":"Die besten mobile-freundlichen WordPress Pluginsf\u00fcr Ihre Website (2026)","isPartOf":{"@id":"https:\/\/elfsight.com\/de\/#website"},"datePublished":"2020-02-27T10:00:24+00:00","dateModified":"2021-10-06T12:01:39+00:00","description":"Eine Liste von zuverl\u00e4ssig Plugins speziell f\u00fcr Ihre WordPress Web-Seiten. Hilfe zu der Anpassung und unbeschr\u00e4nkte Anzahl von M\u00f6glichkeiten.","breadcrumb":{"@id":"https:\/\/elfsight.com\/de\/wordpress-plugins\/#breadcrumb"},"inLanguage":"de","potentialAction":[{"@type":"ReadAction","target":["https:\/\/elfsight.com\/de\/wordpress-plugins\/"]}]},{"@type":"BreadcrumbList","@id":"https:\/\/elfsight.com\/de\/wordpress-plugins\/#breadcrumb","itemListElement":[{"@type":"ListItem","position":1,"name":"Home","item":"https:\/\/elfsight.com\/de\/"},{"@type":"ListItem","position":2,"name":"WordPress Plugins"}]},{"@type":"WebSite","@id":"https:\/\/elfsight.com\/de\/#website","url":"https:\/\/elfsight.com\/de\/","name":"Elfsight DE","description":"Just another Elfsight Sites site","potentialAction":[{"@type":"SearchAction","target":{"@type":"EntryPoint","urlTemplate":"https:\/\/elfsight.com\/de\/?s={search_term_string}"},"query-input":{"@type":"PropertyValueSpecification","valueRequired":true,"valueName":"search_term_string"}}],"inLanguage":"de"}]}},"meta_box":{"industry":"","seo_heading":"","heading":"","description":"","cta_heading":"","cta_description":"","application":"","h1":"Wirksame responsive L\u00f6sungen f\u00fcr Ihre WordPress Web-Seite","h1_caption":"Dies ist die \u00dcbersicht von gebrauchsfertigen Werkzeuge f\u00fcr Webseite, um seine Anwenderaktivit\u00e4ten zu steigern und wesentliche wirtschaftliche Zweck zu erzielen. Die s\u00e4mtliche Oberfl\u00e4chenelemente kann m\u00fchelos konfiguriert und eingebettet werden. Unsere Firma gew\u00e4hrt die unbegrenzte Anzahl von Features und die beste technische Unterst\u00fctzung f\u00fcr alle Benutzer.","application_category":[],"applications_title":"Entdecken Sie alle gebrauchsfertigen kostenfreien WordPress L\u00f6sungen in der Liste:","applications_request_title":"Haben Sie das gew\u00fcnschte Pluginnicht gefunden?","applications_request_button_text":"Fordern Sie ein Plugin an","hero_text":"","hero_video":"","hero_video_schema_markup":"","selling_points_title":"","selling_points_caption":"","selling_points":[],"selling_points_cta_text":"","features_title":"","features":"","ed_cta_examples_text":"","ed_cta_examples_hidden":"","ed_cta_demo_text":"","ed_cta_demo_hidden":"","why_caption":"","why_editor_title":"","why_editor_text":"","why_team_title":"","why_team_text":"","why_service_title":"","why_service_text":"","template_catalog_visible":"","template_catalog_title":"","template_catalog_text":"","template_catalog_categories_visible":"","demo_title":"","demo_caption":"","default_faq_hidden":"","app_template_category":[],"platform":"266","template_public_id":"","codecanyon_url":"","codecanyon_item_id":"","codecanyon_price":"","pricing_caption":"","pricing_elfsight_apps_hide_column":"","pricing_elfsight_apps_url":"","pricing_codecanyon_price_caption":"","integration_category":[],"integration_request_title":"","integration_request_cta":"","integration_platform":"","integrations":[],"platform_category":[],"video_schema_markup":"","price":"","trial":"","benefits":[],"button_url":"","button_target_blank":"","button_nofollow":"","attributes":[],"tags":[],"tags_disable_links":"","hide_more_platforms":"","video_object":"","demo_hide_cta":"","demo_hide_cloud_options":"","pricing_title":"","pricing":[],"related_apps_title":"","related_apps_hidden":"","author":"","image":[],"title":"","job":"","social_networks":[]},"_links":{"self":[{"href":"https:\/\/elfsight.com\/de\/wp-json\/wp\/v2\/pages\/432","targetHints":{"allow":["GET"]}}],"collection":[{"href":"https:\/\/elfsight.com\/de\/wp-json\/wp\/v2\/pages"}],"about":[{"href":"https:\/\/elfsight.com\/de\/wp-json\/wp\/v2\/types\/page"}],"author":[{"embeddable":true,"href":"https:\/\/elfsight.com\/de\/wp-json\/wp\/v2\/users\/11"}],"replies":[{"embeddable":true,"href":"https:\/\/elfsight.com\/de\/wp-json\/wp\/v2\/comments?post=432"}],"version-history":[{"count":3,"href":"https:\/\/elfsight.com\/de\/wp-json\/wp\/v2\/pages\/432\/revisions"}],"predecessor-version":[{"id":3083,"href":"https:\/\/elfsight.com\/de\/wp-json\/wp\/v2\/pages\/432\/revisions\/3083"}],"wp:attachment":[{"href":"https:\/\/elfsight.com\/de\/wp-json\/wp\/v2\/media?parent=432"}],"curies":[{"name":"wp","href":"https:\/\/api.w.org\/{rel}","templated":true}]}}