{"id":431,"date":"1970-01-01T00:00:00","date_gmt":"1970-01-01T00:00:00","guid":{"rendered":"https:\/\/elfsight.com\/de\/?page_id=431"},"modified":"2026-01-13T09:59:43","modified_gmt":"2026-01-13T09:59:43","slug":"wix","status":"publish","type":"page","link":"https:\/\/elfsight.com\/de\/youtube-channel-plugin-yottie\/wix\/","title":{"rendered":"YouTube Gallery &#8211; Wix"},"content":{"rendered":"\n<div class=\"application-platform-content-item-description application-platform-content-item\" id=\"description\" data-nav-section=\"description\"><h2>Beschreibung<\/h2><p>YouTube Gallery ist ein leistungsstarkes Widget, mit dem Sie eine Vielzahl von Videos auf der Website ver\u00f6ffentlichen k\u00f6nnen. W\u00e4hlen Sie die gew\u00fcnschten Kan\u00e4le und Videoclips aus, stellen Sie Ihre pers\u00f6nliche Playlist zusammen und zeigen Sie sie im am besten geeigneten Layout (Videogalerie, Portfolio, Kanal, einzelnes Video) direkt auf der Webseite an. Unser Widget ist mit allen Formaten und Systemen kompatibel; Es verf\u00fcgt \u00fcber mehr als 100 Parameter, ein flexibles Layout und andere Eigenschaften, die es Ihnen erm\u00f6glichen, es auf jeder Website anzuzeigen.<\/p><p><b>Entwerfen Sie eine effiziente Videogalerie, um das Interesse der Zuschauer stets aufrechtzuerhalten.<\/b><\/p><ul><li><b>Halten Sie durch YouTube-Videos eine starke Bindung zu den Nutzern Ihrer Website aufrecht<\/b>.<br>\u00dcberraschen Sie Ihre Website-Besucher mit faszinierenden Videoinhalten von YouTube und binden Sie sie l\u00e4nger in den Bann.<\/li> <li><b>Erh\u00f6hen Sie mit Hilfe von YouTube-Inhalten die zum Kauf \u00fcberzeugenden Verk\u00e4ufe<\/b>.<br>Zeigen Sie Werbevideos, Rezensionen, Leitf\u00e4den, Tutorials und mehr, um ein positives Markenimage zu schaffen und den Verkauf anzukurbeln.<\/li> <li><b>Mehr Fans f\u00fcr Ihr YouTube-Profil<\/b>.<br>Verwandeln Sie Website-Besucher in Ihre Follower auf YouTube. Zeigen Sie Benutzern eine schnelle und unkomplizierte M\u00f6glichkeit, sich direkt auf der Website anzumelden und die Anzahl der Abonnenten zu erh\u00f6hen.<\/li><\/ul><\/div><div class=\"application-platform-content-item-features application-platform-content-item\" id=\"features\" data-nav-section=\"features\"><h2>Funktionen<\/h2><p>Siehe eines Eine der vorteilhaftesten Funktionen der Elfsight-App, die sie zum besten Instrument zum Einbetten von YouTube-Videos auf einer Wix-Seite machen.<\/p><ul><li>Unbegrenzte Quellen hinzuf\u00fcgen;<\/li><li>Kopfzeile anzeigen oder ausblenden;<\/li><li>Abstand zwischen Videos festlegen;<\/li><li>8 umschaltbare Elemente des Videos: Titel, Dauer, Beschreibung, Anzahl und mehr;<\/li><li>Optionaler kostenloser Modus zum Scrollen von Videos um eins nacheinander;<\/li><li>15 \u00fcbermalbare Videoelemente;<\/li><li>18 Sprachen verf\u00fcgbar.<\/li><\/ul><p><a href=\"#demo\">Probieren Sie alle aus Merkmale in der Demo<\/a><\/p><\/div><div class=\"application-platform-content-item-installation application-platform-content-item\" id=\"installation\" data-nav-section=\"installation\"><h2>So betten Sie die YouTube-Videogalerie in die Website von Wix ein<\/h2><div class=\"video-container\">\n    <iframe width=\"720\" height=\"405\" src=\"https:\/\/www.youtube.com\/embed\/Josn4ZT0eEQ?si=I_1huvEVkqZqKrj4\" frameborder=\"0\" allowfullscreen><\/iframe>\n<\/div><p>A Kurzanleitung von Elfsight zur Integration der App und zum \u00c4ndern der Benutzeroberfl\u00e4che. Es erfordert keine Entwicklungskenntnisse und dauert nur etwa 80 Sekunden.<\/p><ol><li><b>Erstellen Sie Ihr ma\u00dfgeschneidertes YouTube-Widget<\/b>.<br> Mithilfe unseres <a href=\" #demo\">kostenlose Demo<\/a>, erstellen Sie eine App mit bevorzugtem Design und bevorzugten Optionen.<\/li><li><b>Holen Sie sich einen Code zum Einbetten des Widgets<\/b>.<br> Nach der App-Konfiguration erhalten Sie eine Code f\u00fcr die YouTube-Videogalerie aus dem Popup-Fenster von Elfsight Apps.<\/li><li><b>Betten Sie das Widget auf der Website von Wix ein<\/b>.<br> F\u00fcgen Sie die App an der gew\u00fcnschten Stelle der Website hinzu und speichern Sie sie \u00c4nderungen.<\/li><li><b>Sie haben die Installation erfolgreich durchgef\u00fchrt<\/b>.<br> Gehen Sie zu Ihrer Website, um Ihre Video-App anzuzeigen.<\/li><\/ol><p>Es sind Probleme aufgetreten w\u00e4hrend der Einrichtung oder bei Versuchen, die App anzupassen? Sie k\u00f6nnen es in unserem Tutorial nachlesen \u00ab<a href=\"https:\/\/elfsight.com\/tutorials\/how-to-add-youtube-plugin-for-wix\/\" target=\"_blank\" rel=\"noopener noreferrer\">So betten Sie ein YouTube-Video auf der Website von Wix ein<\/a>\u00bb und versuchen Sie, das Problem selbst zu beheben. Oder senden Sie eine Beschreibung Ihres Problems an unseren Kundensupport.<\/p><\/div><div class=\"faq\" data-component=\"FAQ\"><div class=\"faq-item\">\r\n\t\t\t\t\t<div class=\"faq-item-question\">\r\n\t\t\t\t\t\t<h3 class=\"faq-item-question-text\">Wie kann ich der Website von Wix eine YouTube-Galerie hinzuf\u00fcgen? <\/h3>\r\n\r\n\t\t\t\t\t\t<div class=\"faq-item-question-icon\"><\/div>\r\n\t\t\t\t\t<\/div>\r\n\r\n\t\t\t\t\t<div class=\"faq-item-answer\">\r\n\t\t\t\t\t\t<div class=\"faq-item-answer-text\"><p>Die Erstellung des Tools erfolgt auf den Elfsight-Seiten und es ist nicht erforderlich, das Programmieren zu erlernen. Besuchen Sie unsere Live-Demo, um Ihr pers\u00f6nliches Tool anzupassen, den Code abzurufen und ihn auf Ihrer Website hinzuzuf\u00fcgen. <\/p><\/div>\r\n\t\t\t\t\t<\/div>\r\n\t\t\t\t<\/div><div class=\"faq-item\">\r\n\t\t\t\t\t<div class=\"faq-item-question\">\r\n\t\t\t\t\t\t<h3 class=\"faq-item-question-text\">Die besten M\u00f6glichkeiten zur Nutzung der YouTube-Videogalerie-Integration<\/h3>\r\n\r\n\t\t\t\t\t\t<div class=\"faq-item-question-icon\"><\/div>\r\n\t\t\t\t\t<\/div>\r\n\r\n\t\t\t\t\t<div class=\"faq-item-answer\">\r\n\t\t\t\t\t\t<div class=\"faq-item-answer-text\"><p>Wir bieten Ihnen eine breite Palette an Personalisierungsoptionen: vollst\u00e4ndige Widgets f\u00fcr Einf\u00fcgen in den Inhaltsbereich, schwebende Widgets f\u00fcr Scrolloptionen, Miniaturansichten f\u00fcr die Fu\u00dfzeile Ihrer Website, den Kopfbereich und alle Arten vertikaler M\u00f6glichkeiten f\u00fcr Seitenleisten und Men\u00fcs Ihrer Website. <\/p><\/div>\r\n\t\t\t\t\t<\/div>\r\n\t\t\t\t<\/div><div class=\"faq-item\">\r\n\t\t\t\t\t<div class=\"faq-item-question\">\r\n\t\t\t\t\t\t<h3 class=\"faq-item-question-text\">Kann ich mit der Agentur des Herausgebers einen YouTube-Kanal oder eine Playlist erstellen? <\/h3>\r\n\r\n\t\t\t\t\t\t<div class=\"faq-item-question-icon\"><\/div>\r\n\t\t\t\t\t<\/div>\r\n\r\n\t\t\t\t\t<div class=\"faq-item-answer\">\r\n\t\t\t\t\t\t<div class=\"faq-item-answer-text\"><p>Sie k\u00f6nnen gerne \u00c4nderungen an jedem Widget vornehmen. Im Editor stehen unz\u00e4hlige Layouts zur Verf\u00fcgung, die alle ganz einfach an Ihre Bed\u00fcrfnisse angepasst werden k\u00f6nnen. <\/p><\/div>\r\n\t\t\t\t\t<\/div>\r\n\t\t\t\t<\/div><\/div>\n","protected":false},"excerpt":{"rendered":"","protected":false},"author":9,"featured_media":0,"parent":106,"menu_order":0,"comment_status":"closed","ping_status":"closed","template":"templates\/template-application-platform.php","meta":{"publish_to_discourse":"","publish_post_category":"","wpdc_auto_publish_overridden":"","wpdc_topic_tags":"","wpdc_pin_topic":"","wpdc_pin_until":"","discourse_post_id":"","discourse_permalink":"","wpdc_publishing_response":"","wpdc_publishing_error":"","footnotes":""},"class_list":["post-431","page","type-page","status-publish","hentry"],"yoast_head":"<!-- This site is optimized with the Yoast SEO plugin v25.3.1 - https:\/\/yoast.com\/wordpress\/plugins\/seo\/ -->\n<title>YouTube-App \u2013 Betten Sie die YouTube-Videogalerie in die WIX-Website ein<\/title>\n<meta name=\"description\" content=\"Erstellen Sie in nur 3 Minuten eine wunderbare YouTube-Videogalerie f\u00fcr Ihre Wix-Website! Testen Sie einen kostenlosen Editor von Elfsight, um Ihre eigene YouTube-App zu erstellen.\" \/>\n<meta name=\"robots\" content=\"index, follow, max-snippet:-1, max-image-preview:large, max-video-preview:-1\" \/>\n<link rel=\"canonical\" href=\"https:\/\/elfsight.com\/de\/youtube-channel-plugin-yottie\/wix\/\" \/>\n<meta property=\"og:locale\" content=\"de_DE\" \/>\n<meta property=\"og:type\" content=\"article\" \/>\n<meta property=\"og:title\" content=\"YouTube-App \u2013 Betten Sie die YouTube-Videogalerie in die WIX-Website ein\" \/>\n<meta property=\"og:description\" content=\"Erstellen Sie in nur 3 Minuten eine wunderbare YouTube-Videogalerie f\u00fcr Ihre Wix-Website! Testen Sie einen kostenlosen Editor von Elfsight, um Ihre eigene YouTube-App zu erstellen.\" \/>\n<meta property=\"og:url\" content=\"https:\/\/elfsight.com\/de\/youtube-channel-plugin-yottie\/wix\/\" \/>\n<meta property=\"og:site_name\" content=\"Elfsight DE\" \/>\n<meta property=\"article:modified_time\" content=\"2026-01-13T09:59:43+00:00\" \/>\n<meta name=\"twitter:card\" content=\"summary_large_image\" \/>\n<meta name=\"twitter:label1\" content=\"Gesch\u00e4tzte Lesezeit\" \/>\n\t<meta name=\"twitter:data1\" content=\"4\u00a0Minuten\" \/>\n<!-- \/ Yoast SEO plugin. -->","yoast_head_json":{"title":"YouTube-App \u2013 Betten Sie die YouTube-Videogalerie in die WIX-Website ein","description":"Erstellen Sie in nur 3 Minuten eine wunderbare YouTube-Videogalerie f\u00fcr Ihre Wix-Website! Testen Sie einen kostenlosen Editor von Elfsight, um Ihre eigene YouTube-App zu erstellen.","robots":{"index":"index","follow":"follow","max-snippet":"max-snippet:-1","max-image-preview":"max-image-preview:large","max-video-preview":"max-video-preview:-1"},"canonical":"https:\/\/elfsight.com\/de\/youtube-channel-plugin-yottie\/wix\/","og_locale":"de_DE","og_type":"article","og_title":"YouTube-App \u2013 Betten Sie die YouTube-Videogalerie in die WIX-Website ein","og_description":"Erstellen Sie in nur 3 Minuten eine wunderbare YouTube-Videogalerie f\u00fcr Ihre Wix-Website! Testen Sie einen kostenlosen Editor von Elfsight, um Ihre eigene YouTube-App zu erstellen.","og_url":"https:\/\/elfsight.com\/de\/youtube-channel-plugin-yottie\/wix\/","og_site_name":"Elfsight DE","article_modified_time":"2026-01-13T09:59:43+00:00","twitter_card":"summary_large_image","twitter_misc":{"Gesch\u00e4tzte Lesezeit":"4\u00a0Minuten"},"schema":{"@context":"https:\/\/schema.org","@graph":[{"@type":"WebPage","@id":"https:\/\/elfsight.com\/de\/youtube-channel-plugin-yottie\/wix\/","url":"https:\/\/elfsight.com\/de\/youtube-channel-plugin-yottie\/wix\/","name":"YouTube-App \u2013 Betten Sie die YouTube-Videogalerie in die WIX-Website ein","isPartOf":{"@id":"https:\/\/elfsight.com\/de\/#website"},"datePublished":"1970-01-01T00:00:00+00:00","dateModified":"2026-01-13T09:59:43+00:00","description":"Erstellen Sie in nur 3 Minuten eine wunderbare YouTube-Videogalerie f\u00fcr Ihre Wix-Website! Testen Sie einen kostenlosen Editor von Elfsight, um Ihre eigene YouTube-App zu erstellen.","breadcrumb":{"@id":"https:\/\/elfsight.com\/de\/youtube-channel-plugin-yottie\/wix\/#breadcrumb"},"inLanguage":"de","potentialAction":[{"@type":"ReadAction","target":["https:\/\/elfsight.com\/de\/youtube-channel-plugin-yottie\/wix\/"]}]},{"@type":"BreadcrumbList","@id":"https:\/\/elfsight.com\/de\/youtube-channel-plugin-yottie\/wix\/#breadcrumb","itemListElement":[{"@type":"ListItem","position":1,"name":"Home","item":"https:\/\/elfsight.com\/de\/"},{"@type":"ListItem","position":2,"name":"YouTube Gallery","item":"https:\/\/elfsight.com\/de\/youtube-channel-plugin-yottie\/"},{"@type":"ListItem","position":3,"name":"YouTube Gallery &#8211; Wix"}]},{"@type":"WebSite","@id":"https:\/\/elfsight.com\/de\/#website","url":"https:\/\/elfsight.com\/de\/","name":"Elfsight DE","description":"Just another Elfsight Sites site","potentialAction":[{"@type":"SearchAction","target":{"@type":"EntryPoint","urlTemplate":"https:\/\/elfsight.com\/de\/?s={search_term_string}"},"query-input":{"@type":"PropertyValueSpecification","valueRequired":true,"valueName":"search_term_string"}}],"inLanguage":"de"}]}},"meta_box":{"industry":"","seo_heading":"","heading":"","description":"","cta_heading":"","cta_description":"","application":"98","h1":"YouTube-Videogalerie f\u00fcr Wix","h1_caption":"Betten Sie m\u00fchelos eine Galerie mit YouTube-Videos ein, um Inhalte wie Tutorials, Testimonials oder Produktpr\u00e4sentationen auf Ihrer Website zu pr\u00e4sentieren.","application_category":[],"applications_title":"Erforschen Sie alle hochwertigen kostenfreien Wix Miniprogramme aus der Liste:","applications_request_title":"Haben Sie das gew\u00fcnschte App nicht gefunden?","applications_request_button_text":"Fordern Sie ein App an","hero_text":"","hero_video":"","hero_video_schema_markup":"","selling_points_title":"","selling_points_caption":"","selling_points":[],"selling_points_cta_text":"","features_title":"","features":"","ed_cta_examples_text":"","ed_cta_examples_hidden":"","ed_cta_demo_text":"","ed_cta_demo_hidden":"","why_caption":"","why_editor_title":"","why_editor_text":"","why_team_title":"","why_team_text":"","why_service_title":"","why_service_text":"","template_catalog_visible":"0","template_catalog_title":"","template_catalog_text":"","template_catalog_categories_visible":"","demo_title":"Erstellen Sie Ihre YouTube-Galerie-App","demo_caption":"Konfigurieren Sie Ihre YouTube-Galerie und f\u00fcgen Sie sie kostenlos zu Ihrer Wix-Website hinzu!","default_faq_hidden":"","app_template_category":[],"platform":"265","template_public_id":"","codecanyon_url":"","codecanyon_item_id":"","codecanyon_price":"","pricing_caption":"","pricing_elfsight_apps_hide_column":"","pricing_elfsight_apps_url":"","pricing_codecanyon_price_caption":"","integration_category":[],"integration_request_title":"","integration_request_cta":"","integration_platform":"","integrations":[],"platform_category":[],"video_schema_markup":"","price":"ab 0 $ \/ Monat","trial":"","benefits":[{"text":"Kostenlose Installationshilfe"},{"text":"Erfahrener Kundensupport"},{"text":"14-t\u00e4gige R\u00fcckerstattungsgarantie"},{"text":"Laufende Updates"}],"button_url":"#demo","button_target_blank":"0","button_nofollow":"0","attributes":[{"name":"Installiert","content":"100,000 - 500,000"},{"name":"Reaktionsfreudig","content":"Ja"},{"name":"Kompatible Browser","content":"Firefox, Edge, Safari, Opera, Chrome"}],"tags":[],"tags_disable_links":"0","hide_more_platforms":"0","video_object":"","demo_hide_cta":"0","demo_hide_cloud_options":"0","pricing_title":"","pricing":[{"pricing_icon":"platform","pricing_title":"Wix app","pricing_title_caption":"Plattform\u00fcbergreifende L\u00f6sung, die zu jeder Website passt","pricing_price":"ab 0 $ \/ Monat","pricing_price_caption":"Beginnen Sie mit einem kostenlosen Plan","pricing_benefits":[{"text":"Unbegrenzte Websites"},{"text":"Premium-Support"},{"text":"Kostenlose Installationsunterst\u00fctzung"},{"text":"Sonderpreis f\u00fcr mehrere Apps"}],"pricing_button_text":"Zur Website hinzuf\u00fcgen","pricing_button_url":"#demo"}],"related_apps_title":"","related_apps_hidden":"0","author":"","image":[],"title":"","job":"","social_networks":[]},"_links":{"self":[{"href":"https:\/\/elfsight.com\/de\/wp-json\/wp\/v2\/pages\/431","targetHints":{"allow":["GET"]}}],"collection":[{"href":"https:\/\/elfsight.com\/de\/wp-json\/wp\/v2\/pages"}],"about":[{"href":"https:\/\/elfsight.com\/de\/wp-json\/wp\/v2\/types\/page"}],"author":[{"embeddable":true,"href":"https:\/\/elfsight.com\/de\/wp-json\/wp\/v2\/users\/9"}],"replies":[{"embeddable":true,"href":"https:\/\/elfsight.com\/de\/wp-json\/wp\/v2\/comments?post=431"}],"version-history":[{"count":8,"href":"https:\/\/elfsight.com\/de\/wp-json\/wp\/v2\/pages\/431\/revisions"}],"predecessor-version":[{"id":25590,"href":"https:\/\/elfsight.com\/de\/wp-json\/wp\/v2\/pages\/431\/revisions\/25590"}],"up":[{"embeddable":true,"href":"https:\/\/elfsight.com\/de\/wp-json\/wp\/v2\/pages\/106"}],"wp:attachment":[{"href":"https:\/\/elfsight.com\/de\/wp-json\/wp\/v2\/media?parent=431"}],"curies":[{"name":"wp","href":"https:\/\/api.w.org\/{rel}","templated":true}]}}