{"id":429,"date":"2020-02-27T09:42:55","date_gmt":"2020-02-27T09:42:55","guid":{"rendered":"https:\/\/elfsight.com\/de\/?page_id=429"},"modified":"2021-12-15T11:33:31","modified_gmt":"2021-12-15T11:33:31","slug":"blogger-widgets","status":"publish","type":"page","link":"https:\/\/elfsight.com\/de\/blogger-widgets\/","title":{"rendered":"Blogger Widgets"},"content":{"rendered":"\n<p>Seit einigen Jahren hat Elfsight Firma viele v\u00f6llig intuitiven und responsiven L\u00f6sungen f\u00fcr Blogger Websites entworfen. Mit Hilfe unserer Widgets k\u00f6nnen Sie den Umsatz steigern, die Funktionalit\u00e4t der Website verbessern, Kundenbewertungen aus sozialen Medien anzeigen und andere unternehmerischen Herausforderungen l\u00f6sen. <\/p> \n\n<p>Unsere Team pr\u00e4sentiert verschiedene Preisoptionen: von kostenlos bis zu Premium. Erweitern Ihre Website-Funktionalit\u00e4t ohne Mehrkosten. <\/p>\n\n\n<h2>Was macht unsere Blogger-L\u00f6sungen so einzigartig? <\/h2>\n\n<p>Betrachten Sie die folgende Auflistung der besonderen Vorz\u00fcge: <\/p> \n<ul>\n<li>Kostenfreie Hilfe bei der Einbetten des Apps; <\/li>\n\n<li>Ganz reaktionsschnelle f\u00fcr jeden Bildschirm; <\/li>\n\n<li>Keine Kodierung; <\/li>\n\n<li>Eine gro\u00dfe Auswahl von anpassbare und fertige Vorlagen; <\/li>\n\n<li>Einfach zu bedienende Konfigurator; <\/li>\n\n<li>Die Cloud-Services f\u00fcr hoher Ladegeschwindigkeit; <\/li> \n\n<li>Die regul\u00e4re automatische Aktualisierung; <\/li> \n\n<li>Fachliche Hilfe von h\u00f6flichen Elfsight Team. <\/li> \n<\/ul>\n\n<p>Starten Sie mit kostenlosen Plan. Entdecken Sie alle M\u00f6glichkeiten oder nutzen Sie jedes App mit 20% Skonto. <\/p> \n\n<h2>Wie kann man ein Widget auf Blogger Website einf\u00fcgen? <\/h2> \n<p>Um ein Werkzeug auf der Web-Seite einzubinden, sehen Sie einfach die folgenden Anweisungen: <\/p>\n<ol>\n<li>Bestimmen Sie das optimal Widget und passen Sie es an. Speichern Sie die \u00c4nderungen. <\/li> \n\n<li>F\u00fcgen Sie Code hinzu um das Widget auf Ihrer Website zu installieren. <\/li>\n\n<li>Widget-Integrierung ist erfolgreich beendet! <\/li>\n<\/ol>\n<p>Falls Sie eine kostenfreie Hilfe f\u00fcr die Einbindung des Widgets bed\u00fcrfen, dann unserer Unterst\u00fctzungsteam hilft Ihnen gerne weiter. <\/p>\n","protected":false},"excerpt":{"rendered":"Seit einigen Jahren hat Elfsight Firma viele v\u00f6llig intuitiven und responsiven L\u00f6sungen f\u00fcr Blogger Websites entworfen. Mit Hilfe unserer Widgets k\u00f6nnen Sie den Umsatz steigern, die Funktionalit\u00e4t der Website verbessern, Kundenbewertungen aus sozialen Medien anzeigen und andere unternehmerischen Herausforderungen l\u00f6sen. Unsere Team pr\u00e4sentiert verschiedene Preisoptionen: von kostenlos bis zu Premium&#8230;.","protected":false},"author":11,"featured_media":0,"parent":0,"menu_order":0,"comment_status":"closed","ping_status":"closed","template":"templates\/template-platform.php","meta":{"publish_to_discourse":"","publish_post_category":"","wpdc_auto_publish_overridden":"","wpdc_topic_tags":"","wpdc_pin_topic":"","wpdc_pin_until":"","discourse_post_id":"","discourse_permalink":"","wpdc_publishing_response":"","wpdc_publishing_error":"","footnotes":""},"class_list":["post-429","page","type-page","status-publish","hentry"],"yoast_head":"<!-- This site is optimized with the Yoast SEO plugin v25.3.1 - https:\/\/yoast.com\/wordpress\/plugins\/seo\/ -->\n<title>Die mobile-freundlichen Blogger Widgets f\u00fcr Ihre Website (2025)<\/title>\n<meta name=\"description\" content=\"Eine \u00dcbersicht von besseren kostenlosen Bedienelemente besonders f\u00fcr Ihre Blogger Websites. Hilfe mit der Anpassung und unbegrenzte Features.\" \/>\n<meta name=\"robots\" content=\"index, follow, max-snippet:-1, max-image-preview:large, max-video-preview:-1\" \/>\n<link rel=\"canonical\" href=\"https:\/\/elfsight.com\/de\/blogger-widgets\/\" \/>\n<meta property=\"og:locale\" content=\"de_DE\" \/>\n<meta property=\"og:type\" content=\"article\" \/>\n<meta property=\"og:title\" content=\"Die mobile-freundlichen Blogger Widgets f\u00fcr Ihre Website (2025)\" \/>\n<meta property=\"og:description\" content=\"Eine \u00dcbersicht von besseren kostenlosen Bedienelemente besonders f\u00fcr Ihre Blogger Websites. Hilfe mit der Anpassung und unbegrenzte Features.\" \/>\n<meta property=\"og:url\" content=\"https:\/\/elfsight.com\/de\/blogger-widgets\/\" \/>\n<meta property=\"og:site_name\" content=\"Elfsight DE\" \/>\n<meta property=\"article:modified_time\" content=\"2021-12-15T11:33:31+00:00\" \/>\n<meta name=\"twitter:card\" content=\"summary_large_image\" \/>\n<meta name=\"twitter:label1\" content=\"Gesch\u00e4tzte Lesezeit\" \/>\n\t<meta name=\"twitter:data1\" content=\"1\u00a0Minute\" \/>\n<!-- \/ Yoast SEO plugin. -->","yoast_head_json":{"title":"Die mobile-freundlichen Blogger Widgets f\u00fcr Ihre Website (2025)","description":"Eine \u00dcbersicht von besseren kostenlosen Bedienelemente besonders f\u00fcr Ihre Blogger Websites. Hilfe mit der Anpassung und unbegrenzte Features.","robots":{"index":"index","follow":"follow","max-snippet":"max-snippet:-1","max-image-preview":"max-image-preview:large","max-video-preview":"max-video-preview:-1"},"canonical":"https:\/\/elfsight.com\/de\/blogger-widgets\/","og_locale":"de_DE","og_type":"article","og_title":"Die mobile-freundlichen Blogger Widgets f\u00fcr Ihre Website (2025)","og_description":"Eine \u00dcbersicht von besseren kostenlosen Bedienelemente besonders f\u00fcr Ihre Blogger Websites. Hilfe mit der Anpassung und unbegrenzte Features.","og_url":"https:\/\/elfsight.com\/de\/blogger-widgets\/","og_site_name":"Elfsight DE","article_modified_time":"2021-12-15T11:33:31+00:00","twitter_card":"summary_large_image","twitter_misc":{"Gesch\u00e4tzte Lesezeit":"1\u00a0Minute"},"schema":{"@context":"https:\/\/schema.org","@graph":[{"@type":"WebPage","@id":"https:\/\/elfsight.com\/de\/blogger-widgets\/","url":"https:\/\/elfsight.com\/de\/blogger-widgets\/","name":"Die mobile-freundlichen Blogger Widgets f\u00fcr Ihre Website (2025)","isPartOf":{"@id":"https:\/\/elfsight.com\/de\/#website"},"datePublished":"2020-02-27T09:42:55+00:00","dateModified":"2021-12-15T11:33:31+00:00","description":"Eine \u00dcbersicht von besseren kostenlosen Bedienelemente besonders f\u00fcr Ihre Blogger Websites. Hilfe mit der Anpassung und unbegrenzte Features.","breadcrumb":{"@id":"https:\/\/elfsight.com\/de\/blogger-widgets\/#breadcrumb"},"inLanguage":"de","potentialAction":[{"@type":"ReadAction","target":["https:\/\/elfsight.com\/de\/blogger-widgets\/"]}]},{"@type":"BreadcrumbList","@id":"https:\/\/elfsight.com\/de\/blogger-widgets\/#breadcrumb","itemListElement":[{"@type":"ListItem","position":1,"name":"Home","item":"https:\/\/elfsight.com\/de\/"},{"@type":"ListItem","position":2,"name":"Blogger Widgets"}]},{"@type":"WebSite","@id":"https:\/\/elfsight.com\/de\/#website","url":"https:\/\/elfsight.com\/de\/","name":"Elfsight DE","description":"Just another Elfsight Sites site","potentialAction":[{"@type":"SearchAction","target":{"@type":"EntryPoint","urlTemplate":"https:\/\/elfsight.com\/de\/?s={search_term_string}"},"query-input":{"@type":"PropertyValueSpecification","valueRequired":true,"valueName":"search_term_string"}}],"inLanguage":"de"}]}},"meta_box":{"industry":"","seo_heading":"","heading":"","description":"","cta_heading":"","cta_description":"","application":"","h1":"Hochwertige ansprechbare L\u00f6sungen f\u00fcr Ihre Blogger Seite","h1_caption":"Dies ist die \u00dcbersicht von einsatzbereiten Werkzeuge f\u00fcr Web-Seite, um seine Benutzer zu optimieren und unterschiedliche kommerzielle Ziele zu erreichen. Diese Bedienelemente kann m\u00fchelos benutzerdefiniert und aktiviert werden. Unsere Kompanie bietet die unendliche Anzahl von Optionen und die professionelle technische Support f\u00fcr alle Kunden.","application_category":[],"applications_title":"Testen Sie alle schl\u00fcsselfertigen kostenlosen Blogger Bedienelemente von der Vielfalt:","applications_request_title":"Haben Sie das gew\u00fcnschte Widget nicht gefunden?","applications_request_button_text":"Fordern Sie ein Widget an","hero_text":"","hero_video":"","hero_video_schema_markup":"","selling_points_title":"","selling_points_caption":"","selling_points":[],"selling_points_cta_text":"","features_title":"","features":"","ed_cta_examples_text":"","ed_cta_examples_hidden":"","ed_cta_demo_text":"","ed_cta_demo_hidden":"","why_caption":"","why_editor_title":"","why_editor_text":"","why_team_title":"","why_team_text":"","why_service_title":"","why_service_text":"","template_catalog_visible":"","template_catalog_title":"","template_catalog_text":"","template_catalog_categories_visible":"","demo_title":"","demo_caption":"","default_faq_hidden":"","app_template_category":[],"platform":"262","template_public_id":"","codecanyon_url":"","codecanyon_item_id":"","codecanyon_price":"","pricing_caption":"","pricing_elfsight_apps_hide_column":"","pricing_elfsight_apps_url":"","pricing_codecanyon_price_caption":"","integration_category":[],"integration_request_title":"","integration_request_cta":"","integration_platform":"","integrations":[],"platform_category":[],"video_schema_markup":"","price":"","trial":"","benefits":[],"button_url":"","button_target_blank":"","button_nofollow":"","attributes":[],"tags":[],"tags_disable_links":"","hide_more_platforms":"","video_object":"","demo_hide_cta":"","demo_hide_cloud_options":"","pricing_title":"","pricing":[],"related_apps_title":"","related_apps_hidden":"","author":"","image":[],"title":"","job":"","social_networks":[]},"_links":{"self":[{"href":"https:\/\/elfsight.com\/de\/wp-json\/wp\/v2\/pages\/429","targetHints":{"allow":["GET"]}}],"collection":[{"href":"https:\/\/elfsight.com\/de\/wp-json\/wp\/v2\/pages"}],"about":[{"href":"https:\/\/elfsight.com\/de\/wp-json\/wp\/v2\/types\/page"}],"author":[{"embeddable":true,"href":"https:\/\/elfsight.com\/de\/wp-json\/wp\/v2\/users\/11"}],"replies":[{"embeddable":true,"href":"https:\/\/elfsight.com\/de\/wp-json\/wp\/v2\/comments?post=429"}],"version-history":[{"count":3,"href":"https:\/\/elfsight.com\/de\/wp-json\/wp\/v2\/pages\/429\/revisions"}],"predecessor-version":[{"id":3079,"href":"https:\/\/elfsight.com\/de\/wp-json\/wp\/v2\/pages\/429\/revisions\/3079"}],"wp:attachment":[{"href":"https:\/\/elfsight.com\/de\/wp-json\/wp\/v2\/media?parent=429"}],"curies":[{"name":"wp","href":"https:\/\/api.w.org\/{rel}","templated":true}]}}