{"id":428,"date":"1970-01-01T00:00:00","date_gmt":"1970-01-01T00:00:00","guid":{"rendered":"https:\/\/elfsight.com\/de\/?page_id=428"},"modified":"2025-07-25T10:38:31","modified_gmt":"2025-07-25T10:38:31","slug":"drupal","status":"publish","type":"page","link":"https:\/\/elfsight.com\/de\/youtube-channel-plugin-yottie\/drupal\/","title":{"rendered":"YouTube Gallery &#8211; Drupal"},"content":{"rendered":"\n<div class=\"application-platform-content-item-description application-platform-content-item\" id=\"description\" data-nav-section=\"description\">\n<h2>Beschreibung<\/h2>\n<p>Ein starkes Medienmodul f\u00fcr YouTube, mit dem Sie vielf\u00e4ltige Videos auf Ihrer Website anzeigen k\u00f6nnen. Finden Sie die passenden Kan\u00e4le und einzelnen Videoclips, um Ihre eigene Playlist zu erstellen und diese im passenden Layout (Videogalerie, Portfolio, Kanal, Einzelvideo) direkt auf der Webseite zu demonstrieren. Unser Modul reagiert vollst\u00e4ndig auf alle Formate und Browser. Es verf\u00fcgt \u00fcber rund 100 Parameter, eine anpassbare Vorlage und viele verschiedene Vorteile, die es erleichtern, es auf verschiedenen Websites hinzuzuf\u00fcgen.<\/p><p><b>Gestalten Sie eine einzigartige interaktive Videogalerie f\u00fcr eine st\u00e4rkere Anziehungskraft bei Ihren Benutzern.<\/b><\/p><ul><li><b>St\u00e4rken Sie mithilfe von YouTube-Videos die Verbindung zum Publikum Ihrer Website<\/b>.<br>\u00dcberraschen Sie die Leser Ihrer Website mit beeindruckenden Videoinhalten von YouTube und fesseln Sie sie besser als je zuvor. <\/li><li><b>Erhalten Sie maximale Bestellungen mit YouTube-Inhalten<\/b>.<br>Demonstrieren Sie Werbevideos, Testimonials, \u00dcbersichten, Anleitungen und andere Videos, um Ihrem Publikum detaillierte Informationen \u00fcber Ihre Angebote zu liefern und es davon zu \u00fcberzeugen F\u00fchren Sie eine Transaktion durch.<\/li><li><b>Zielen Sie Fans f\u00fcr Ihren YouTube-Kanal an<\/b>.<br>Verwandeln Sie Website-Kunden in Ihre Follower auf YouTube. F\u00fcgen Sie ein schnelles und unkompliziertes Tool hinzu, mit dem Benutzer direkt von der Seite Ihrer Website aus Videos ansehen und abonnieren k\u00f6nnen.<\/li><\/ul>\n<\/div>\n<div class=\"application-platform-content-item-features application-platform-content-item\" id=\"features\" data-nav-section=\"features\">\n<h2>Funktionen<\/h2>\n<p>Die Eigenschaften dieses Moduls, die es zum besten Medieninstrument machen, um YouTube-Videos auf einer Drupal-Website anzuzeigen.<\/p><ul><li>Einzelne Videos, Kan\u00e4le oder Wiedergabelisten hinzuf\u00fcgen;<\/li><li> Option zum Hochladen von Kanallogo und Kanalbanner;<\/li><li>Abstand zwischen Videos festlegen;<\/li><li>Ansichten und Likes z\u00e4hlen f\u00fcr Videos;<\/li><li>Umschaltbare Paginierung und Bildlaufleiste;<\/li><li>6 \u00fcbermalbare Men\u00fcelemente;<\/li><li>AdSense wird f\u00fcr die Monetarisierung von Inhalten unterst\u00fctzt.<\/li><\/ul><p><a href=\"#demo\">Probieren Sie die vollst\u00e4ndige Liste der Optionen aus Demo<\/a><\/p><\/div>\n\n<div class=\"application-platform-content-item-installation application-platform-content-item\" id=\"installation\" data-nav-section=\"installation\">\n<h2>So betten Sie das YouTube-Modul auf der Drupal-Website ein<\/h2>\n<p>F\u00fchren Sie einfach diese Schritte aus Unten dargestellt, um mit dem Tool auf Drupal zu arbeiten.<\/p> \n<ol>\n<li><b>F\u00fchren Sie unseren kostenlosen Editor aus und beginnen Sie mit der Erstellung Ihres einzigartigen YouTube-Galerie-Widgets. <\/b><br> W\u00e4hlen Sie das benutzerdefinierte Erscheinungsbild und die Aspekte des Tools und wenden Sie die \u00c4nderungen an. <\/li> \n<li><b>Erhalten Sie Ihren individuellen Code, der in der Box auf Elfsight Apps angezeigt wird. <\/b><br> Sobald die Erstellung Ihres pers\u00f6nlichen Plugins abgeschlossen ist, kopieren Sie den exklusiven Code aus dem angezeigten Fenster und bewahren Sie ihn f\u00fcr die zuk\u00fcnftige Verwendung auf. <\/li> \n<li><b>Erste Schritte mit der Verwendung des Moduls auf der Drupal-Website.<\/b><br> F\u00fcgen Sie den zuvor kopierten Code in Ihre Website ein und \u00fcbernehmen Sie die Korrekturen.<\/li> \n<li><b>Fertig! Das Setup ist vollst\u00e4ndig beendet.<\/b><br> Besuchen Sie Ihre Seite, um die Leistung des Tools zu \u00fcberpr\u00fcfen. <\/li>\n<\/ol>\n<p>Fand es schwierig, die Parameter der YouTube-Galerie einzurichten oder zu \u00e4ndern? Sie k\u00f6nnen einen <a href=\"https:\/\/elfsight.com\/tutorials\/how-to-add-youtube-media-module-to-drupal-websites\/\" target=\"_blank\" rel=\"noopener noreferrer\"> verwenden Erweiterte Anleitung<\/a> oder senden Sie eine Nachricht mit einer ausf\u00fchrlichen Beschreibung des Problems an das Support-Team.<\/p>\n\n<\/div>\n\n<div class=\"faq\" data-component=\"FAQ\">\n\n<div class=\"faq-item\">\r\n\t\t\t\t\t<div class=\"faq-item-question\">\r\n\t\t\t\t\t\t<h3 class=\"faq-item-question-text\">Wie kann ich Eine YouTube-Galerie zu meiner Drupal-Site hinzuf\u00fcgen?<\/h3>\r\n\r\n\t\t\t\t\t\t<div class=\"faq-item-question-icon\"><\/div>\r\n\t\t\t\t\t<\/div>\r\n\r\n\t\t\t\t\t<div class=\"faq-item-answer\">\r\n\t\t\t\t\t\t<div class=\"faq-item-answer-text\"><p>Die Erstellung des Widgets erfolgt auf den Elfsight-Seiten und Sie m\u00fcssen nicht programmieren. Nutzen Sie unsere Live-Demo, um Ihr pers\u00f6nliches Tool anzupassen, den Code zu erwerben und ihn in Ihre Website einzubetten.<\/p><\/div>\r\n\t\t\t\t\t<\/div>\r\n\t\t\t\t<\/div>\n\n<div class=\"faq-item\">\r\n\t\t\t\t\t<div class=\"faq-item-question\">\r\n\t\t\t\t\t\t<h3 class=\"faq-item-question-text\">Die besten M\u00f6glichkeiten, die YouTube-Videomodul-Integration zu nutzen?<\/h3>\r\n\r\n\t\t\t\t\t\t<div class=\"faq-item-question-icon\"><\/div>\r\n\t\t\t\t\t<\/div>\r\n\r\n\t\t\t\t\t<div class=\"faq-item-answer\">\r\n\t\t\t\t\t\t<div class=\"faq-item-answer-text\"><p>Wir bieten eine breite Palette an Anpassungsm\u00f6glichkeiten: vollwertige Widgets zur Implementierung in den Inhalt Bereich, schwebende Plugins f\u00fcr Scrolloptionen, Layouts f\u00fcr die Fu\u00dfzeile, den Kopfbereich und alle Arten vertikaler Optionen f\u00fcr Seitenleisten und Men\u00fcs. <\/p><\/div>\r\n\t\t\t\t\t<\/div>\r\n\t\t\t\t<\/div>\n\n<div class=\"faq-item\">\r\n\t\t\t\t\t<div class=\"faq-item-question\">\r\n\t\t\t\t\t\t<h3 class=\"faq-item-question-text\">Wie erstelle ich mit dem Editor ein Videoraster oder eine Playlists-YouTube-Galerie? <\/h3>\r\n\r\n\t\t\t\t\t\t<div class=\"faq-item-question-icon\"><\/div>\r\n\t\t\t\t\t<\/div>\r\n\r\n\t\t\t\t\t<div class=\"faq-item-answer\">\r\n\t\t\t\t\t\t<div class=\"faq-item-answer-text\"><p>Es steht Ihnen frei, \u00c4nderungen an jedem Widget vorzunehmen. Im Editor stehen Ihnen zahlreiche Layouts zur Verf\u00fcgung, die alle schnell an Ihre Bed\u00fcrfnisse angepasst werden k\u00f6nnen.<\/p><\/div>\r\n\t\t\t\t\t<\/div>\r\n\t\t\t\t<\/div>\n<\/div>\n","protected":false},"excerpt":{"rendered":"","protected":false},"author":9,"featured_media":0,"parent":106,"menu_order":0,"comment_status":"closed","ping_status":"closed","template":"templates\/template-application-platform.php","meta":{"publish_to_discourse":"","publish_post_category":"","wpdc_auto_publish_overridden":"","wpdc_topic_tags":"","wpdc_pin_topic":"","wpdc_pin_until":"","discourse_post_id":"","discourse_permalink":"","wpdc_publishing_response":"","wpdc_publishing_error":"","footnotes":""},"class_list":["post-428","page","type-page","status-publish","hentry"],"yoast_head":"<!-- This site is optimized with the Yoast SEO plugin v25.3.1 - https:\/\/yoast.com\/wordpress\/plugins\/seo\/ -->\n<title>Drupal YouTube-Modul \u2013 YouTube-Videogalerie zur Website hinzuf\u00fcgen<\/title>\n<meta name=\"description\" content=\"Erstellen Sie in nur 1 Minute eine einzigartige YouTube-Videogalerie f\u00fcr Ihre Drupal-Website! Probieren Sie einen kostenlosen Editor von Elfsight aus, um Ihr eigenes YouTube-Modul einzurichten.\" \/>\n<meta name=\"robots\" content=\"index, follow, max-snippet:-1, max-image-preview:large, max-video-preview:-1\" \/>\n<link rel=\"canonical\" href=\"https:\/\/elfsight.com\/de\/youtube-channel-plugin-yottie\/drupal\/\" \/>\n<meta property=\"og:locale\" content=\"de_DE\" \/>\n<meta property=\"og:type\" content=\"article\" \/>\n<meta property=\"og:title\" content=\"Drupal YouTube-Modul \u2013 YouTube-Videogalerie zur Website hinzuf\u00fcgen\" \/>\n<meta property=\"og:description\" content=\"Erstellen Sie in nur 1 Minute eine einzigartige YouTube-Videogalerie f\u00fcr Ihre Drupal-Website! Probieren Sie einen kostenlosen Editor von Elfsight aus, um Ihr eigenes YouTube-Modul einzurichten.\" \/>\n<meta property=\"og:url\" content=\"https:\/\/elfsight.com\/de\/youtube-channel-plugin-yottie\/drupal\/\" \/>\n<meta property=\"og:site_name\" content=\"Elfsight DE\" \/>\n<meta property=\"article:modified_time\" content=\"2025-07-25T10:38:31+00:00\" \/>\n<meta name=\"twitter:card\" content=\"summary_large_image\" \/>\n<!-- \/ Yoast SEO plugin. -->","yoast_head_json":{"title":"Drupal YouTube-Modul \u2013 YouTube-Videogalerie zur Website hinzuf\u00fcgen","description":"Erstellen Sie in nur 1 Minute eine einzigartige YouTube-Videogalerie f\u00fcr Ihre Drupal-Website! Probieren Sie einen kostenlosen Editor von Elfsight aus, um Ihr eigenes YouTube-Modul einzurichten.","robots":{"index":"index","follow":"follow","max-snippet":"max-snippet:-1","max-image-preview":"max-image-preview:large","max-video-preview":"max-video-preview:-1"},"canonical":"https:\/\/elfsight.com\/de\/youtube-channel-plugin-yottie\/drupal\/","og_locale":"de_DE","og_type":"article","og_title":"Drupal YouTube-Modul \u2013 YouTube-Videogalerie zur Website hinzuf\u00fcgen","og_description":"Erstellen Sie in nur 1 Minute eine einzigartige YouTube-Videogalerie f\u00fcr Ihre Drupal-Website! Probieren Sie einen kostenlosen Editor von Elfsight aus, um Ihr eigenes YouTube-Modul einzurichten.","og_url":"https:\/\/elfsight.com\/de\/youtube-channel-plugin-yottie\/drupal\/","og_site_name":"Elfsight DE","article_modified_time":"2025-07-25T10:38:31+00:00","twitter_card":"summary_large_image","schema":{"@context":"https:\/\/schema.org","@graph":[{"@type":"WebPage","@id":"https:\/\/elfsight.com\/de\/youtube-channel-plugin-yottie\/drupal\/","url":"https:\/\/elfsight.com\/de\/youtube-channel-plugin-yottie\/drupal\/","name":"Drupal YouTube-Modul \u2013 YouTube-Videogalerie zur Website hinzuf\u00fcgen","isPartOf":{"@id":"https:\/\/elfsight.com\/de\/#website"},"datePublished":"1970-01-01T00:00:00+00:00","dateModified":"2025-07-25T10:38:31+00:00","description":"Erstellen Sie in nur 1 Minute eine einzigartige YouTube-Videogalerie f\u00fcr Ihre Drupal-Website! Probieren Sie einen kostenlosen Editor von Elfsight aus, um Ihr eigenes YouTube-Modul einzurichten.","breadcrumb":{"@id":"https:\/\/elfsight.com\/de\/youtube-channel-plugin-yottie\/drupal\/#breadcrumb"},"inLanguage":"de","potentialAction":[{"@type":"ReadAction","target":["https:\/\/elfsight.com\/de\/youtube-channel-plugin-yottie\/drupal\/"]}]},{"@type":"BreadcrumbList","@id":"https:\/\/elfsight.com\/de\/youtube-channel-plugin-yottie\/drupal\/#breadcrumb","itemListElement":[{"@type":"ListItem","position":1,"name":"Home","item":"https:\/\/elfsight.com\/de\/"},{"@type":"ListItem","position":2,"name":"YouTube Gallery","item":"https:\/\/elfsight.com\/de\/youtube-channel-plugin-yottie\/"},{"@type":"ListItem","position":3,"name":"YouTube Gallery &#8211; Drupal"}]},{"@type":"WebSite","@id":"https:\/\/elfsight.com\/de\/#website","url":"https:\/\/elfsight.com\/de\/","name":"Elfsight DE","description":"Just another Elfsight Sites site","potentialAction":[{"@type":"SearchAction","target":{"@type":"EntryPoint","urlTemplate":"https:\/\/elfsight.com\/de\/?s={search_term_string}"},"query-input":{"@type":"PropertyValueSpecification","valueRequired":true,"valueName":"search_term_string"}}],"inLanguage":"de"}]}},"meta_box":{"industry":"","seo_heading":"","heading":"","description":"","cta_heading":"","cta_description":"","application":"98","h1":"YouTube-Videomodul f\u00fcr Drupal","h1_caption":"Betten Sie m\u00fchelos eine Galerie mit YouTube-Videos ein, um Inhalte wie Tutorials, Erfahrungsberichte oder Produktpr\u00e4sentationen auf Ihrer Website in Ihre Drupal-Website einzuf\u00fcgen.","application_category":[],"applications_title":"Untersuchen Sie alle erstklassigen kostenlosen Drupal Bedienelemente auf der Auflistung:","applications_request_title":"Haben Sie das gew\u00fcnschte Module nicht gefunden?","applications_request_button_text":"Fordern Sie ein Module an","hero_text":"","hero_video":"","hero_video_schema_markup":"","selling_points_title":"","selling_points_caption":"","selling_points":[],"selling_points_cta_text":"","features_title":"","features":"","ed_cta_examples_text":"","ed_cta_examples_hidden":"","ed_cta_demo_text":"","ed_cta_demo_hidden":"","why_caption":"","why_editor_title":"","why_editor_text":"","why_team_title":"","why_team_text":"","why_service_title":"","why_service_text":"","template_catalog_visible":"0","template_catalog_title":"","template_catalog_text":"","template_catalog_categories_visible":"","demo_title":"Erstellen Sie Ihr YouTube-Galerie-Modul","demo_caption":"Konfigurieren Sie Ihre YouTube-Galerie und f\u00fcgen Sie sie kostenlos zu Ihrer Drupal-Website hinzu!","default_faq_hidden":"","app_template_category":[],"platform":"261","template_public_id":"","codecanyon_url":"","codecanyon_item_id":"","codecanyon_price":"","pricing_caption":"","pricing_elfsight_apps_hide_column":"","pricing_elfsight_apps_url":"","pricing_codecanyon_price_caption":"","integration_category":[],"integration_request_title":"","integration_request_cta":"","integration_platform":"","integrations":[],"platform_category":[],"video_schema_markup":"","price":"ab 0 $ \/ Monat","trial":"","benefits":[{"text":"Kostenloser Installationsservice"},{"text":"Professioneller Kundensupport"},{"text":"14-t\u00e4gige Geld-zur\u00fcck-Garantie"},{"text":"St\u00e4ndige Aktualisierung"}],"button_url":"#demo","button_target_blank":"0","button_nofollow":"0","attributes":[{"name":"Installiert","content":"100,000 - 500,000"},{"name":"Reaktionsfreudig","content":"Ja"},{"name":"Kompatible Browser","content":"IE11, Firefox, Safari, Opera, Chrome, Edge"}],"tags":[],"tags_disable_links":"0","hide_more_platforms":"0","video_object":"","demo_hide_cta":"0","demo_hide_cloud_options":"0","pricing_title":"","pricing":[{"pricing_icon":"platform","pricing_title":"Elfsight Apps","pricing_title_caption":"Plattform\u00fcbergreifende Version, die f\u00fcr jede Website geeignet ist","pricing_price":"ab 0 $ \/ Monat","pricing_price_caption":"Beginnen Sie mit einem kostenlosen Plan","pricing_benefits":[{"text":"Unbegrenzte Domains"},{"text":"Schneller und p\u00fcnktlicher Support und gut dokumentiert"},{"text":"Kostenloser Installationssupport"},{"text":"Sonderpreis f\u00fcr mehrere Apps"}],"pricing_button_text":"Zur Website hinzuf\u00fcgen","pricing_button_url":"#demo"}],"related_apps_title":"","related_apps_hidden":"0","author":"","image":[],"title":"","job":"","social_networks":[]},"_links":{"self":[{"href":"https:\/\/elfsight.com\/de\/wp-json\/wp\/v2\/pages\/428","targetHints":{"allow":["GET"]}}],"collection":[{"href":"https:\/\/elfsight.com\/de\/wp-json\/wp\/v2\/pages"}],"about":[{"href":"https:\/\/elfsight.com\/de\/wp-json\/wp\/v2\/types\/page"}],"author":[{"embeddable":true,"href":"https:\/\/elfsight.com\/de\/wp-json\/wp\/v2\/users\/9"}],"replies":[{"embeddable":true,"href":"https:\/\/elfsight.com\/de\/wp-json\/wp\/v2\/comments?post=428"}],"version-history":[{"count":10,"href":"https:\/\/elfsight.com\/de\/wp-json\/wp\/v2\/pages\/428\/revisions"}],"predecessor-version":[{"id":23410,"href":"https:\/\/elfsight.com\/de\/wp-json\/wp\/v2\/pages\/428\/revisions\/23410"}],"up":[{"embeddable":true,"href":"https:\/\/elfsight.com\/de\/wp-json\/wp\/v2\/pages\/106"}],"wp:attachment":[{"href":"https:\/\/elfsight.com\/de\/wp-json\/wp\/v2\/media?parent=428"}],"curies":[{"name":"wp","href":"https:\/\/api.w.org\/{rel}","templated":true}]}}