{"id":427,"date":"1970-01-01T00:00:00","date_gmt":"1970-01-01T00:00:00","guid":{"rendered":"https:\/\/elfsight.com\/de\/?page_id=427"},"modified":"2025-01-13T12:02:23","modified_gmt":"2025-01-13T12:02:23","slug":"html","status":"publish","type":"page","link":"https:\/\/elfsight.com\/de\/youtube-channel-plugin-yottie\/html\/","title":{"rendered":"YouTube Gallery &#8211; HTML"},"content":{"rendered":"\n<div class=\"application-platform-content-item-description application-platform-content-item\" id=\"description\" data-nav-section=\"description\">\n<h2>Beschreibung<\/h2>\n<p>Ein vielseitiges Widget f\u00fcr YouTube, mit dem Sie alle Arten von Videos auf Ihrer Website hinzuf\u00fcgen k\u00f6nnen. Finden Sie gesch\u00e4ftsbezogene Kan\u00e4le und Videos, um Ihre individuelle Playlist zu erstellen und diese direkt auf der Webseite anzuzeigen, wobei Sie die besten Layout-Optionen ausw\u00e4hlen (Videogalerie, Portfolio, Kanal, einzelnes Video). Das Elfsight-Widget ist perfekt auf alle Formate und Plattformen anpassbar, es bietet etwa 100 Parameter, ein anpassbares Template und andere Vorteile, die es Ihnen erm\u00f6glichen, es auf allen Websites einzubetten.<\/p>\n<p><b>Erstellen Sie eine individuelle interaktive Videogalerie f\u00fcr eine st\u00e4rkere Bindung Ihrer Kunden.<\/b><\/p>\n<ul>\n<li><b>Steigern Sie die Zusammenarbeit mit den Besuchern Ihrer Website durch YouTube-Videos<\/b>.<br> Beeindrucken Sie Ihre Website-Besucher mit faszinierenden Videos von YouTube und halten Sie sie l\u00e4nger interessiert als je zuvor.<\/li>\n<li><b>Maximieren Sie Bestellungen mit Video-Inhalten<\/b>.<br> Nutzen Sie Werbung, Reaktionen, Analysen, Anleitungen und mehr, um Ihrer Zielgruppe detaillierte Informationen \u00fcber Ihre Produkte zu geben und sie zu einer Transaktion zu bewegen.<\/li>\n<li><b>Gewinnen Sie mehr Leser f\u00fcr Ihr YouTube-Konto<\/b>.<br> Verwandeln Sie Website-Besucher in Ihre Follower auf YouTube. Integrieren Sie eine einfache M\u00f6glichkeit f\u00fcr Nutzer, Videos anzusehen und direkt vom Site aus Ihrem Kanal zu folgen.<\/li>\n<\/ul>\n<\/div>\n<div class=\"faq\" data-component=\"FAQ\">\n<div class=\"faq-item\">\r\n\t\t\t\t\t<div class=\"faq-item-question\">\r\n\t\t\t\t\t\t<h3 class=\"faq-item-question-text\">Wie f\u00fcge ich eine YouTube-Galerie auf der HTML-Website ein?<\/h3>\r\n\r\n\t\t\t\t\t\t<div class=\"faq-item-question-icon\"><\/div>\r\n\t\t\t\t\t<\/div>\r\n\r\n\t\t\t\t\t<div class=\"faq-item-answer\">\r\n\t\t\t\t\t\t<div class=\"faq-item-answer-text\">\n<p>Die Erstellung des Tools erfolgt \u00fcber die Elfsight-Website und es ist keine Programmierung erforderlich. \u00d6ffnen Sie die Live-Demo, um Ihre App anzupassen, erhalten Sie den Code und f\u00fcgen Sie ihn auf Ihrer Website ein.<\/p>\n<\/div>\r\n\t\t\t\t\t<\/div>\r\n\t\t\t\t<\/div>\n<div class=\"faq-item\">\r\n\t\t\t\t\t<div class=\"faq-item-question\">\r\n\t\t\t\t\t\t<h3 class=\"faq-item-question-text\">Die besten M\u00f6glichkeiten, die YouTube-Videogalerie zu integrieren<\/h3>\r\n\r\n\t\t\t\t\t\t<div class=\"faq-item-question-icon\"><\/div>\r\n\t\t\t\t\t<\/div>\r\n\r\n\t\t\t\t\t<div class=\"faq-item-answer\">\r\n\t\t\t\t\t\t<div class=\"faq-item-answer-text\">\n<p>Wir bieten Ihnen eine Vielzahl von Anpassungsoptionen: Widgets in voller L\u00e4nge zur Einf\u00fcgung in den Inhaltsbereich, schwebende Widgets mit Scrollm\u00f6glichkeiten, Thumbnails f\u00fcr die Fu\u00dfzeile Ihrer Website, den Header und alle Arten von vertikalen M\u00f6glichkeiten f\u00fcr Sidebars und Men\u00fcs auf der Website.<\/p>\n<\/div>\r\n\t\t\t\t\t<\/div>\r\n\t\t\t\t<\/div>\n<div class=\"faq-item\">\r\n\t\t\t\t\t<div class=\"faq-item-question\">\r\n\t\t\t\t\t\t<h3 class=\"faq-item-question-text\">Gibt es eine M\u00f6glichkeit, eine Galerie- oder Grid-YouTube-Widget \u00fcber den Editor zu erstellen?<\/h3>\r\n\r\n\t\t\t\t\t\t<div class=\"faq-item-question-icon\"><\/div>\r\n\t\t\t\t\t<\/div>\r\n\r\n\t\t\t\t\t<div class=\"faq-item-answer\">\r\n\t\t\t\t\t\t<div class=\"faq-item-answer-text\">\n<p>Sie k\u00f6nnen jede Variante des Widgets erstellen. Es stehen viele Layouts im Editor zur Verf\u00fcgung, die alle ganz einfach nach Ihren W\u00fcnschen angepasst werden k\u00f6nnen.<\/p>\n<\/div>\r\n\t\t\t\t\t<\/div>\r\n\t\t\t\t<\/div>\n<\/div>\n\n<div class=\"application-platform-content-item-features application-platform-content-item\" id=\"features\" data-nav-section=\"features\">\n<h2>Funktionen<\/h2>\n<p>Die Merkmale dieses Widgets, die es zum besten Instrument machen, um YouTube-Videos auf einer HTML-Website zu integrieren.<\/p>\n<ul>\n<li>Quellen \u00fcber URL hinzuf\u00fcgen;<\/li>\n<li>W\u00e4hlen Sie das Layout f\u00fcr den Header: Klassisch, Akzent, Minimal;<\/li>\n<li>3 Layouts f\u00fcr Videos: Klassisch, Horizontal, Kino;<\/li>\n<li>3 Wiedergabemodi: Inline, im Popup und Umleitung zu YouTube;<\/li>\n<li>Autoplay-Option mit einstellbarer Geschwindigkeit;<\/li>\n<li>5 fertige Farbschemata;<\/li>\n<li>Unterst\u00fctzung von AdSense f\u00fcr die Monetarisierung von Inhalten.<\/li>\n<\/ul>\n<p><a href=\"#demo\">Entdecken Sie alle Vorteile im Panel<\/a><\/p>\n<\/div>\n\n<div class=\"application-platform-content-item-installation application-platform-content-item\" id=\"installation\" data-nav-section=\"installation\">\n<h2>So f\u00fcgen Sie eine YouTube-Videogalerie zu einer HTML-Website ein<\/h2>\n<div class=\"video-container\">\n<iframe width=\"720\" height=\"405\" src=\"https:\/\/www.youtube.com\/embed\/YUE_cbHLMIg\" frameborder=\"0\" allowfullscreen=\"\"><\/iframe>\n<\/div>\n<p>Ein kurzer Plan von Elfsight zur Integration und Anpassung ohne Webentwicklungskenntnisse. Die vollst\u00e4ndige Installationszeit betr\u00e4gt etwa 2 Minuten.<\/p>\n<ol>\n<li><b>Erstellen Sie Ihre benutzerdefinierte YouTube-Galerie<\/b>.<br>Verwenden Sie unseren kostenlosen Konfigurator, um ein Plugin mit dem erforderlichen Design und den Einstellungen zu erstellen.<\/li>\n<li><b>Erhalten Sie den Code zur Anzeige des Plugins<\/b>.<br>Nach der Anpassung des Widgets erhalten Sie einen Code f\u00fcr das YouTube-Plugin in einer Benachrichtigung auf Elfsight Apps.<\/li>\n<li><b>F\u00fcgen Sie das Widget auf der HTML-Website ein<\/b>.<br>\u00d6ffnen Sie den HTML-Code Ihrer Seite, platzieren Sie das Widget an der gew\u00fcnschten Stelle (Inhalt, Fu\u00dfzeile, Sidebar usw.) und ver\u00f6ffentlichen Sie die \u00c4nderungen.<\/li>\n<li><b>Installation abgeschlossen!<\/b><br>Gehen Sie auf die HTML-Website, um Ihr Plugin zu sehen.<\/li>\n<\/ol>\n<p>Haben Sie w\u00e4hrend der Installation oder der Einrichtung der YouTube-Videogalerie Probleme? Sehen Sie sich eine <a href=\"https:\/\/elfsight.com\/tutorials\/how-to-embed-youtube-video-widget-html-websites\/\" target=\"_blank\" rel=\"noopener noreferrer\">erweiterte Anleitung<\/a> an oder senden Sie eine Anfrage an das Support-Team mit einer ausf\u00fchrlichen Beschreibung Ihres Problems. Wir stehen Ihnen gerne f\u00fcr Ihre Fragen zur Verf\u00fcgung.<\/p>\n<\/div>\n","protected":false},"excerpt":{"rendered":"","protected":false},"author":9,"featured_media":0,"parent":106,"menu_order":0,"comment_status":"closed","ping_status":"closed","template":"templates\/template-application-platform.php","meta":{"publish_to_discourse":"","publish_post_category":"","wpdc_auto_publish_overridden":"","wpdc_topic_tags":"","wpdc_pin_topic":"","wpdc_pin_until":"","discourse_post_id":"","discourse_permalink":"","wpdc_publishing_response":"","wpdc_publishing_error":"","footnotes":""},"class_list":["post-427","page","type-page","status-publish","hentry"],"yoast_head":"<!-- This site is optimized with the Yoast SEO plugin v25.3.1 - https:\/\/yoast.com\/wordpress\/plugins\/seo\/ -->\n<title>YouTube-Videogalerie \u2013 Betten Sie YouTube-Videocode in eine HTML-Website ein<\/title>\n<meta name=\"description\" content=\"Entwerfen Sie in nur 3 Minuten eine personalisierte YouTube-Videogalerie f\u00fcr Ihre HTML-Website! Betreten Sie ein kostenloses Panel von Elfsight, um Ihren eigenen YouTube-Galerie-Code zu erstellen.\" \/>\n<meta name=\"robots\" content=\"index, follow, max-snippet:-1, max-image-preview:large, max-video-preview:-1\" \/>\n<link rel=\"canonical\" href=\"https:\/\/elfsight.com\/de\/youtube-channel-plugin-yottie\/html\/\" \/>\n<meta property=\"og:locale\" content=\"de_DE\" \/>\n<meta property=\"og:type\" content=\"article\" \/>\n<meta property=\"og:title\" content=\"YouTube-Videogalerie \u2013 Betten Sie YouTube-Videocode in eine HTML-Website ein\" \/>\n<meta property=\"og:description\" content=\"Entwerfen Sie in nur 3 Minuten eine personalisierte YouTube-Videogalerie f\u00fcr Ihre HTML-Website! Betreten Sie ein kostenloses Panel von Elfsight, um Ihren eigenen YouTube-Galerie-Code zu erstellen.\" \/>\n<meta property=\"og:url\" content=\"https:\/\/elfsight.com\/de\/youtube-channel-plugin-yottie\/html\/\" \/>\n<meta property=\"og:site_name\" content=\"Elfsight DE\" \/>\n<meta property=\"article:modified_time\" content=\"2025-01-13T12:02:23+00:00\" \/>\n<meta name=\"twitter:card\" content=\"summary_large_image\" \/>\n<meta name=\"twitter:label1\" content=\"Gesch\u00e4tzte Lesezeit\" \/>\n\t<meta name=\"twitter:data1\" content=\"4\u00a0Minuten\" \/>\n<!-- \/ Yoast SEO plugin. -->","yoast_head_json":{"title":"YouTube-Videogalerie \u2013 Betten Sie YouTube-Videocode in eine HTML-Website ein","description":"Entwerfen Sie in nur 3 Minuten eine personalisierte YouTube-Videogalerie f\u00fcr Ihre HTML-Website! Betreten Sie ein kostenloses Panel von Elfsight, um Ihren eigenen YouTube-Galerie-Code zu erstellen.","robots":{"index":"index","follow":"follow","max-snippet":"max-snippet:-1","max-image-preview":"max-image-preview:large","max-video-preview":"max-video-preview:-1"},"canonical":"https:\/\/elfsight.com\/de\/youtube-channel-plugin-yottie\/html\/","og_locale":"de_DE","og_type":"article","og_title":"YouTube-Videogalerie \u2013 Betten Sie YouTube-Videocode in eine HTML-Website ein","og_description":"Entwerfen Sie in nur 3 Minuten eine personalisierte YouTube-Videogalerie f\u00fcr Ihre HTML-Website! Betreten Sie ein kostenloses Panel von Elfsight, um Ihren eigenen YouTube-Galerie-Code zu erstellen.","og_url":"https:\/\/elfsight.com\/de\/youtube-channel-plugin-yottie\/html\/","og_site_name":"Elfsight DE","article_modified_time":"2025-01-13T12:02:23+00:00","twitter_card":"summary_large_image","twitter_misc":{"Gesch\u00e4tzte Lesezeit":"4\u00a0Minuten"},"schema":{"@context":"https:\/\/schema.org","@graph":[{"@type":"WebPage","@id":"https:\/\/elfsight.com\/de\/youtube-channel-plugin-yottie\/html\/","url":"https:\/\/elfsight.com\/de\/youtube-channel-plugin-yottie\/html\/","name":"YouTube-Videogalerie \u2013 Betten Sie YouTube-Videocode in eine HTML-Website ein","isPartOf":{"@id":"https:\/\/elfsight.com\/de\/#website"},"datePublished":"1970-01-01T00:00:00+00:00","dateModified":"2025-01-13T12:02:23+00:00","description":"Entwerfen Sie in nur 3 Minuten eine personalisierte YouTube-Videogalerie f\u00fcr Ihre HTML-Website! Betreten Sie ein kostenloses Panel von Elfsight, um Ihren eigenen YouTube-Galerie-Code zu erstellen.","breadcrumb":{"@id":"https:\/\/elfsight.com\/de\/youtube-channel-plugin-yottie\/html\/#breadcrumb"},"inLanguage":"de","potentialAction":[{"@type":"ReadAction","target":["https:\/\/elfsight.com\/de\/youtube-channel-plugin-yottie\/html\/"]}]},{"@type":"BreadcrumbList","@id":"https:\/\/elfsight.com\/de\/youtube-channel-plugin-yottie\/html\/#breadcrumb","itemListElement":[{"@type":"ListItem","position":1,"name":"Home","item":"https:\/\/elfsight.com\/de\/"},{"@type":"ListItem","position":2,"name":"YouTube Gallery","item":"https:\/\/elfsight.com\/de\/youtube-channel-plugin-yottie\/"},{"@type":"ListItem","position":3,"name":"YouTube Gallery &#8211; HTML"}]},{"@type":"WebSite","@id":"https:\/\/elfsight.com\/de\/#website","url":"https:\/\/elfsight.com\/de\/","name":"Elfsight DE","description":"Just another Elfsight Sites site","potentialAction":[{"@type":"SearchAction","target":{"@type":"EntryPoint","urlTemplate":"https:\/\/elfsight.com\/de\/?s={search_term_string}"},"query-input":{"@type":"PropertyValueSpecification","valueRequired":true,"valueName":"search_term_string"}}],"inLanguage":"de"}]}},"meta_box":{"industry":"","seo_heading":"","heading":"","description":"","cta_heading":"","cta_description":"","application":"98","h1":"YouTube-Videogalerie f\u00fcr HTML","h1_caption":"Betten Sie eine Galerie mit YouTube-Videos m\u00fchelos in Ihre HTML-Website ein, um Inhalte wie Tutorials, Testimonials oder Produktpr\u00e4sentationen auf Ihrer Website anzuzeigen.","application_category":[],"applications_title":"Erforschen Sie alle erstklassigen kostenfreien HTML Bedienelemente aus der Liste:","applications_request_title":"Haben Sie das gew\u00fcnschte Widget nicht gefunden?","applications_request_button_text":"Fordern Sie ein Widget an","hero_text":"","hero_video":"","hero_video_schema_markup":"","selling_points_title":"","selling_points_caption":"","selling_points":[],"selling_points_cta_text":"","features_title":"","features":"","ed_cta_examples_text":"","ed_cta_examples_hidden":"","ed_cta_demo_text":"","ed_cta_demo_hidden":"","why_caption":"","why_editor_title":"","why_editor_text":"","why_team_title":"","why_team_text":"","why_service_title":"","why_service_text":"","template_catalog_visible":"0","template_catalog_title":"","template_catalog_text":"","template_catalog_categories_visible":"","demo_title":"Erstellen Sie Ihr YouTube-Galerie-Widget","demo_caption":"Konfigurieren Sie Ihre YouTube-Galerie und f\u00fcgen Sie sie kostenlos zu Ihrer HTML-Website hinzu!","default_faq_hidden":"","app_template_category":[],"platform":"260","template_public_id":"","codecanyon_url":"","codecanyon_item_id":"","codecanyon_price":"","pricing_caption":"","pricing_elfsight_apps_hide_column":"","pricing_elfsight_apps_url":"","pricing_codecanyon_price_caption":"","integration_category":[],"integration_request_title":"","integration_request_cta":"","integration_platform":"","integrations":[],"platform_category":[],"video_schema_markup":"","price":"ab 0 $ \/ Monat","trial":"","benefits":[{"text":"Kostenlose Installationsunterst\u00fctzung"},{"text":"Effektiver Kundenservice"},{"text":"14-t\u00e4gige Geld-zur\u00fcck-Garantie"},{"text":"Zuk\u00fcnftige kostenlose Verbesserungen"}],"button_url":"#demo","button_target_blank":"0","button_nofollow":"0","attributes":[{"name":"Installiert","content":"100,000 - 500,000"},{"name":"Reaktionsfreudig","content":"Ja"},{"name":"Kompatible Browser","content":"Firefox, Safari, Opera, Chrome, Edge"}],"tags":[],"tags_disable_links":"0","hide_more_platforms":"","video_object":"","demo_hide_cta":"0","demo_hide_cloud_options":"0","pricing_title":"","pricing":[{"pricing_icon":"platform","pricing_title":"Elfsight Apps","pricing_title_caption":"Multiplattform-Software","pricing_price":"ab 0 $ \/ Monat","pricing_price_caption":"Beginnen Sie mit einem kostenlosen Plan","pricing_benefits":[{"text":"Unbegrenzte Websites"},{"text":"Support rund um die Uhr und gut dokumentiert"},{"text":"Kostenloser Installationssupport"},{"text":"Sonderpreis f\u00fcr mehrere Apps"}],"pricing_button_text":"Zur Website hinzuf\u00fcgen","pricing_button_url":"#demo"}],"related_apps_title":"","related_apps_hidden":"0","author":"","image":[],"title":"","job":"","social_networks":[]},"_links":{"self":[{"href":"https:\/\/elfsight.com\/de\/wp-json\/wp\/v2\/pages\/427","targetHints":{"allow":["GET"]}}],"collection":[{"href":"https:\/\/elfsight.com\/de\/wp-json\/wp\/v2\/pages"}],"about":[{"href":"https:\/\/elfsight.com\/de\/wp-json\/wp\/v2\/types\/page"}],"author":[{"embeddable":true,"href":"https:\/\/elfsight.com\/de\/wp-json\/wp\/v2\/users\/9"}],"replies":[{"embeddable":true,"href":"https:\/\/elfsight.com\/de\/wp-json\/wp\/v2\/comments?post=427"}],"version-history":[{"count":8,"href":"https:\/\/elfsight.com\/de\/wp-json\/wp\/v2\/pages\/427\/revisions"}],"predecessor-version":[{"id":23530,"href":"https:\/\/elfsight.com\/de\/wp-json\/wp\/v2\/pages\/427\/revisions\/23530"}],"up":[{"embeddable":true,"href":"https:\/\/elfsight.com\/de\/wp-json\/wp\/v2\/pages\/106"}],"wp:attachment":[{"href":"https:\/\/elfsight.com\/de\/wp-json\/wp\/v2\/media?parent=427"}],"curies":[{"name":"wp","href":"https:\/\/api.w.org\/{rel}","templated":true}]}}