{"id":425,"date":"2020-02-27T08:20:51","date_gmt":"2020-02-27T08:20:51","guid":{"rendered":"https:\/\/elfsight.com\/de\/?page_id=425"},"modified":"2021-12-15T11:43:40","modified_gmt":"2021-12-15T11:43:40","slug":"jquery-plugins","status":"publish","type":"page","link":"https:\/\/elfsight.com\/de\/jquery-plugins\/","title":{"rendered":"jQuery Plugins"},"content":{"rendered":"\n<p>F\u00fcr mehrere Jahre hat Elfsight Team viele absolut effektiven und schlichten Werkzeuge f\u00fcr jQuery  Websites gestaltet. Mit Hilfe unserer Widgets k\u00f6nnen Sie viel mehr Leads sammeln, die Anzahl Ihrer Follower erh\u00f6hen, Kundenbewertungen aus sozialen Medien anzeigen und andere gesch\u00e4ftlichen Herausforderungen l\u00f6sen.<\/p> \n\n<p>Unsere Team offeriert vielgestaltig Peiswahlen: von kostenfrei bis zu Premium.  Anreichern Ihre Website-Funktionalit\u00e4t ohne Mehrkosten.<\/p>\n\n\n<h2>Warum geniessen viele Website-Betreibern unsere Widgets?<\/h2>\n\n<p>Schauen Sie sich die folgende Reihe der herausragenden Leistungen:<\/p> \n<ul>\n<li>Kostenlose Unterst\u00fctzung bei der Integration  des Plugins;<\/li>\n\n<li>Voll ansprechende f\u00fcr jedes Ger\u00e4t; <\/li>\n\n<li>Ohne Kodierung;<\/li>\n\n<li>Eine Vielzahl von anpassbare und einsatzf\u00e4hige Templates;<\/li>\n\n<li>Leicht zu bedienende Konfigurator;<\/li>\n\n<li>Die Cloud-Dienste f\u00fcr hoher Ladegeschwindigkeit; <\/li>                                                                                                                \n\n<li>Die regul\u00e4re automatische Updat;<\/li> \n\n<li>Hochqualifizierte Unterst\u00fctzung von kompetent Elfsight Team.<\/li> \n<\/ul>\n\n<p>Starten  Sie mit  unentgeltlichen Plan. Zeigen Sie alle Potenzial oder integrieren Sie richtiges App mit 20% Skonto. <\/p> \n\n<h2>Wie kann man ein Plugin auf jQuery Website einf\u00fcgen?<\/h2> \n<p>Um ein Werkzeug auf der Web-Seite einzubinden,folgen Sie einfach den Schritten: <\/p>\n<ol>\n<li>Finden Sie das gew\u00fcnscht Plugin und \u00e4ndern Sie die Einstellungen. Klicken Sie auf Speichern.<\/li> \n\n<li>Kopieren und f\u00fcgen Sie den Code hinzu um das Plugin auf Ihrer Webseite zu integrieren. <\/li>\n\n<li>Gemacht! Sie haben das Widget erfolgreich auf der jQuery Site eingebunden. <\/li>\n<\/ol>\n<p>Falls Sie eine kostenlose Unterst\u00fctzung ben\u00f6tigen, um das Widget zu integrieren, dann unserer Support Team ist immer gl\u00fccklich, Ihnen zu helfen.<\/p>\n","protected":false},"excerpt":{"rendered":"F\u00fcr mehrere Jahre hat Elfsight Team viele absolut effektiven und schlichten Werkzeuge f\u00fcr jQuery Websites gestaltet. Mit Hilfe unserer Widgets k\u00f6nnen Sie viel mehr Leads sammeln, die Anzahl Ihrer Follower erh\u00f6hen, Kundenbewertungen aus sozialen Medien anzeigen und andere gesch\u00e4ftlichen Herausforderungen l\u00f6sen. Unsere Team offeriert vielgestaltig Peiswahlen: von kostenfrei bis zu&#8230;","protected":false},"author":11,"featured_media":0,"parent":0,"menu_order":0,"comment_status":"closed","ping_status":"closed","template":"templates\/template-platform.php","meta":{"publish_to_discourse":"","publish_post_category":"","wpdc_auto_publish_overridden":"","wpdc_topic_tags":"","wpdc_pin_topic":"","wpdc_pin_until":"","discourse_post_id":"","discourse_permalink":"","wpdc_publishing_response":"","wpdc_publishing_error":"","footnotes":""},"class_list":["post-425","page","type-page","status-publish","hentry"],"yoast_head":"<!-- This site is optimized with the Yoast SEO plugin v25.3.1 - https:\/\/yoast.com\/wordpress\/plugins\/seo\/ -->\n<title>Die mobile-freundlichen jQuery Plugins f\u00fcr Ihre Website (2025)<\/title>\n<meta name=\"description\" content=\"Eine \u00dcbersicht von hochwertigen L\u00f6sungen speziell f\u00fcr Ihre jQuery Seiten. Hilfe zu der Kundenbezogenheit und unbeschr\u00e4nkte Funktionen.\" \/>\n<meta name=\"robots\" content=\"index, follow, max-snippet:-1, max-image-preview:large, max-video-preview:-1\" \/>\n<link rel=\"canonical\" href=\"https:\/\/elfsight.com\/de\/jquery-plugins\/\" \/>\n<meta property=\"og:locale\" content=\"de_DE\" \/>\n<meta property=\"og:type\" content=\"article\" \/>\n<meta property=\"og:title\" content=\"Die mobile-freundlichen jQuery Plugins f\u00fcr Ihre Website (2025)\" \/>\n<meta property=\"og:description\" content=\"Eine \u00dcbersicht von hochwertigen L\u00f6sungen speziell f\u00fcr Ihre jQuery Seiten. Hilfe zu der Kundenbezogenheit und unbeschr\u00e4nkte Funktionen.\" \/>\n<meta property=\"og:url\" content=\"https:\/\/elfsight.com\/de\/jquery-plugins\/\" \/>\n<meta property=\"og:site_name\" content=\"Elfsight DE\" \/>\n<meta property=\"article:modified_time\" content=\"2021-12-15T11:43:40+00:00\" \/>\n<meta name=\"twitter:card\" content=\"summary_large_image\" \/>\n<meta name=\"twitter:label1\" content=\"Gesch\u00e4tzte Lesezeit\" \/>\n\t<meta name=\"twitter:data1\" content=\"1\u00a0Minute\" \/>\n<!-- \/ Yoast SEO plugin. -->","yoast_head_json":{"title":"Die mobile-freundlichen jQuery Plugins f\u00fcr Ihre Website (2025)","description":"Eine \u00dcbersicht von hochwertigen L\u00f6sungen speziell f\u00fcr Ihre jQuery Seiten. Hilfe zu der Kundenbezogenheit und unbeschr\u00e4nkte Funktionen.","robots":{"index":"index","follow":"follow","max-snippet":"max-snippet:-1","max-image-preview":"max-image-preview:large","max-video-preview":"max-video-preview:-1"},"canonical":"https:\/\/elfsight.com\/de\/jquery-plugins\/","og_locale":"de_DE","og_type":"article","og_title":"Die mobile-freundlichen jQuery Plugins f\u00fcr Ihre Website (2025)","og_description":"Eine \u00dcbersicht von hochwertigen L\u00f6sungen speziell f\u00fcr Ihre jQuery Seiten. Hilfe zu der Kundenbezogenheit und unbeschr\u00e4nkte Funktionen.","og_url":"https:\/\/elfsight.com\/de\/jquery-plugins\/","og_site_name":"Elfsight DE","article_modified_time":"2021-12-15T11:43:40+00:00","twitter_card":"summary_large_image","twitter_misc":{"Gesch\u00e4tzte Lesezeit":"1\u00a0Minute"},"schema":{"@context":"https:\/\/schema.org","@graph":[{"@type":"WebPage","@id":"https:\/\/elfsight.com\/de\/jquery-plugins\/","url":"https:\/\/elfsight.com\/de\/jquery-plugins\/","name":"Die mobile-freundlichen jQuery Plugins f\u00fcr Ihre Website (2025)","isPartOf":{"@id":"https:\/\/elfsight.com\/de\/#website"},"datePublished":"2020-02-27T08:20:51+00:00","dateModified":"2021-12-15T11:43:40+00:00","description":"Eine \u00dcbersicht von hochwertigen L\u00f6sungen speziell f\u00fcr Ihre jQuery Seiten. Hilfe zu der Kundenbezogenheit und unbeschr\u00e4nkte Funktionen.","breadcrumb":{"@id":"https:\/\/elfsight.com\/de\/jquery-plugins\/#breadcrumb"},"inLanguage":"de","potentialAction":[{"@type":"ReadAction","target":["https:\/\/elfsight.com\/de\/jquery-plugins\/"]}]},{"@type":"BreadcrumbList","@id":"https:\/\/elfsight.com\/de\/jquery-plugins\/#breadcrumb","itemListElement":[{"@type":"ListItem","position":1,"name":"Home","item":"https:\/\/elfsight.com\/de\/"},{"@type":"ListItem","position":2,"name":"jQuery Plugins"}]},{"@type":"WebSite","@id":"https:\/\/elfsight.com\/de\/#website","url":"https:\/\/elfsight.com\/de\/","name":"Elfsight DE","description":"Just another Elfsight Sites site","potentialAction":[{"@type":"SearchAction","target":{"@type":"EntryPoint","urlTemplate":"https:\/\/elfsight.com\/de\/?s={search_term_string}"},"query-input":{"@type":"PropertyValueSpecification","valueRequired":true,"valueName":"search_term_string"}}],"inLanguage":"de"}]}},"meta_box":{"industry":"","seo_heading":"","heading":"","description":"","cta_heading":"","cta_description":"","application":"","h1":"Perfekte intelligente Werkzeuge f\u00fcr Ihre jQuery Seite","h1_caption":"Dies ist die Reihe von wunderbaren Oberfl\u00e4chenelemente f\u00fcr Website, um Ihre Kundenbindung zu erh\u00f6hen und unterschiedliche gewerbliche Zweck zu treffen. Die s\u00e4mtliche Apps kann leicht personalisiert und eingebettet werden. Elfsight Firma verschafft die unbeschr\u00e4nkte Reihe von Optionen und die sch\u00f6nste technische Hilfe f\u00fcr alle Kunden.","application_category":[],"applications_title":"Untersuchen Sie alle schl\u00fcsselfertigen kostenlosen jQuery Werkzeuge von der Reihe:","applications_request_title":"Haben Sie das gew\u00fcnschte Plugin nicht gefunden?","applications_request_button_text":"Fordern Sie ein Plugin an","hero_text":"","hero_video":"","hero_video_schema_markup":"","selling_points_title":"","selling_points_caption":"","selling_points":[],"selling_points_cta_text":"","features_title":"","features":"","ed_cta_examples_text":"","ed_cta_examples_hidden":"","ed_cta_demo_text":"","ed_cta_demo_hidden":"","why_caption":"","why_editor_title":"","why_editor_text":"","why_team_title":"","why_team_text":"","why_service_title":"","why_service_text":"","template_catalog_visible":"","template_catalog_title":"","template_catalog_text":"","template_catalog_categories_visible":"","demo_title":"","demo_caption":"","default_faq_hidden":"","app_template_category":[],"platform":"258","template_public_id":"","codecanyon_url":"","codecanyon_item_id":"","codecanyon_price":"","pricing_caption":"","pricing_elfsight_apps_hide_column":"","pricing_elfsight_apps_url":"","pricing_codecanyon_price_caption":"","integration_category":[],"integration_request_title":"","integration_request_cta":"","integration_platform":"","integrations":[],"platform_category":[],"video_schema_markup":"","price":"","trial":"","benefits":[],"button_url":"","button_target_blank":"","button_nofollow":"","attributes":[],"tags":[],"tags_disable_links":"","hide_more_platforms":"","video_object":"","demo_hide_cta":"","demo_hide_cloud_options":"","pricing_title":"","pricing":[],"related_apps_title":"","related_apps_hidden":"","author":"","image":[],"title":"","job":"","social_networks":[]},"_links":{"self":[{"href":"https:\/\/elfsight.com\/de\/wp-json\/wp\/v2\/pages\/425","targetHints":{"allow":["GET"]}}],"collection":[{"href":"https:\/\/elfsight.com\/de\/wp-json\/wp\/v2\/pages"}],"about":[{"href":"https:\/\/elfsight.com\/de\/wp-json\/wp\/v2\/types\/page"}],"author":[{"embeddable":true,"href":"https:\/\/elfsight.com\/de\/wp-json\/wp\/v2\/users\/11"}],"replies":[{"embeddable":true,"href":"https:\/\/elfsight.com\/de\/wp-json\/wp\/v2\/comments?post=425"}],"version-history":[{"count":3,"href":"https:\/\/elfsight.com\/de\/wp-json\/wp\/v2\/pages\/425\/revisions"}],"predecessor-version":[{"id":3074,"href":"https:\/\/elfsight.com\/de\/wp-json\/wp\/v2\/pages\/425\/revisions\/3074"}],"wp:attachment":[{"href":"https:\/\/elfsight.com\/de\/wp-json\/wp\/v2\/media?parent=425"}],"curies":[{"name":"wp","href":"https:\/\/api.w.org\/{rel}","templated":true}]}}