{"id":423,"date":"2020-02-27T08:10:47","date_gmt":"2020-02-27T08:10:47","guid":{"rendered":"https:\/\/elfsight.com\/de\/?page_id=423"},"modified":"2021-12-15T11:45:12","modified_gmt":"2021-12-15T11:45:12","slug":"magento-extensions","status":"publish","type":"page","link":"https:\/\/elfsight.com\/de\/magento-extensions\/","title":{"rendered":"Magento Extensions"},"content":{"rendered":"\n<p>\u00dcber einige Jahre hat Elfsight Team viele vollkommen effizienten und einfachen L\u00f6sungen f\u00fcr Magento  Webseiten gestellt. Mit Hilfe dieser Werkzeuge k\u00f6nnen Sie viel mehr Leads sammeln, die Qualit\u00e4t des Kundensupports verbessern, Kundenbewertungen aus sozialen Medien anzeigen und andere unternehmerischen Herausforderungen l\u00f6sen.<\/p> \n\n<p>Elfsight Team bietet eine gro\u00dfe Auswahl von Peiswahlen: von gratis bis zu Premium. Verbessern Ihre Website-Funktionalit\u00e4t ohne Mehrkosten.<\/p>\n\n\n<h2>Was macht unsere Magento-Miniprogramme so au\u00dfergew\u00f6hnlich?<\/h2>\n\n<p> Lesen Sie die folgende Auflistung der besonderen Leistungen:<\/p> \n<ul>\n<li> Kostenloser Installationsservice  des Widgets;<\/li>\n\n<li>Absolut ansprechbare f\u00fcr jeden Bildschirm; <\/li>\n\n<li>Keine Programmierkenntnisse erforderlich;<\/li>\n\n<li>Eine gro\u00dfe Auswahl von anpassbare und einsatzf\u00e4hige Schablonen;<\/li>\n\n<li>Benutzerfreundlicher Konfigurator;<\/li>\n\n<li>Die Cloud-Dienste f\u00fcr hoher Ladegeschwindigkeit; <\/li>                                                                                                                \n\n<li>Die regelm\u00e4\u00dfige automatische Aktualisierung;<\/li> \n\n<li>Professionelle Hilfe von kompetent Elfsight Team.<\/li> \n<\/ul>\n\n<p>Starten  Sie mit Demo-Widget. Sehen Sie alle Funktionen oder integrieren Sie richtiges Plugin mit 20% Erm\u00e4ssigung. <\/p> \n\n<h2>Wie kann man ein Extension auf Magento Website integrieren?<\/h2> \n<p>Um ein Werkzeug auf der Website hinzuzuf\u00fcgen,folgen Sie einfach den Schritten: <\/p>\n<ol>\n<li>Entdecken Sie das richtig Extension und w\u00e4hlen Sie die entsprechenden Einstellungen. Speichern Sie die \u00c4nderungen.<\/li> \n\n<li>Kopieren und f\u00fcgen Sie den Code hinzu um das Extension auf Ihrer Seite einzubinden. <\/li>\n\n<li>Geschafft! Sie haben das Plugin erfolgreich auf der Magento Webseite installiert. <\/li>\n<\/ol>\n<p>Wenn Sie eine kostenfreie Empfehlung bed\u00fcrfen, um das Widget einzubetten, dann unserer Unterst\u00fctzungsteam ist immer gl\u00fccklich, Ihnen zu helfen.<\/p>\n","protected":false},"excerpt":{"rendered":"\u00dcber einige Jahre hat Elfsight Team viele vollkommen effizienten und einfachen L\u00f6sungen f\u00fcr Magento Webseiten gestellt. Mit Hilfe dieser Werkzeuge k\u00f6nnen Sie viel mehr Leads sammeln, die Qualit\u00e4t des Kundensupports verbessern, Kundenbewertungen aus sozialen Medien anzeigen und andere unternehmerischen Herausforderungen l\u00f6sen. Elfsight Team bietet eine gro\u00dfe Auswahl von Peiswahlen: von&#8230;","protected":false},"author":11,"featured_media":0,"parent":0,"menu_order":0,"comment_status":"closed","ping_status":"closed","template":"templates\/template-platform.php","meta":{"publish_to_discourse":"","publish_post_category":"","wpdc_auto_publish_overridden":"","wpdc_topic_tags":"","wpdc_pin_topic":"","wpdc_pin_until":"","discourse_post_id":"","discourse_permalink":"","wpdc_publishing_response":"","wpdc_publishing_error":"","footnotes":""},"class_list":["post-423","page","type-page","status-publish","hentry"],"yoast_head":"<!-- This site is optimized with the Yoast SEO plugin v25.3.1 - https:\/\/yoast.com\/wordpress\/plugins\/seo\/ -->\n<title>Die mobile-freundlichen Magento Extensionsf\u00fcr Ihre Website (2025)<\/title>\n<meta name=\"description\" content=\"Eine Vielfalt von kostenlosen Bedienelemente f\u00fcr Ihre Magento Web-Seiten. Hilfe mit der Personalisierung und unendliche Reihe von Optionen.\" \/>\n<meta name=\"robots\" content=\"index, follow, max-snippet:-1, max-image-preview:large, max-video-preview:-1\" \/>\n<link rel=\"canonical\" href=\"https:\/\/elfsight.com\/de\/magento-extensions\/\" \/>\n<meta property=\"og:locale\" content=\"de_DE\" \/>\n<meta property=\"og:type\" content=\"article\" \/>\n<meta property=\"og:title\" content=\"Die mobile-freundlichen Magento Extensionsf\u00fcr Ihre Website (2025)\" \/>\n<meta property=\"og:description\" content=\"Eine Vielfalt von kostenlosen Bedienelemente f\u00fcr Ihre Magento Web-Seiten. Hilfe mit der Personalisierung und unendliche Reihe von Optionen.\" \/>\n<meta property=\"og:url\" content=\"https:\/\/elfsight.com\/de\/magento-extensions\/\" \/>\n<meta property=\"og:site_name\" content=\"Elfsight DE\" \/>\n<meta property=\"article:modified_time\" content=\"2021-12-15T11:45:12+00:00\" \/>\n<meta name=\"twitter:card\" content=\"summary_large_image\" \/>\n<meta name=\"twitter:label1\" content=\"Gesch\u00e4tzte Lesezeit\" \/>\n\t<meta name=\"twitter:data1\" content=\"1\u00a0Minute\" \/>\n<!-- \/ Yoast SEO plugin. -->","yoast_head_json":{"title":"Die mobile-freundlichen Magento Extensionsf\u00fcr Ihre Website (2025)","description":"Eine Vielfalt von kostenlosen Bedienelemente f\u00fcr Ihre Magento Web-Seiten. Hilfe mit der Personalisierung und unendliche Reihe von Optionen.","robots":{"index":"index","follow":"follow","max-snippet":"max-snippet:-1","max-image-preview":"max-image-preview:large","max-video-preview":"max-video-preview:-1"},"canonical":"https:\/\/elfsight.com\/de\/magento-extensions\/","og_locale":"de_DE","og_type":"article","og_title":"Die mobile-freundlichen Magento Extensionsf\u00fcr Ihre Website (2025)","og_description":"Eine Vielfalt von kostenlosen Bedienelemente f\u00fcr Ihre Magento Web-Seiten. Hilfe mit der Personalisierung und unendliche Reihe von Optionen.","og_url":"https:\/\/elfsight.com\/de\/magento-extensions\/","og_site_name":"Elfsight DE","article_modified_time":"2021-12-15T11:45:12+00:00","twitter_card":"summary_large_image","twitter_misc":{"Gesch\u00e4tzte Lesezeit":"1\u00a0Minute"},"schema":{"@context":"https:\/\/schema.org","@graph":[{"@type":"WebPage","@id":"https:\/\/elfsight.com\/de\/magento-extensions\/","url":"https:\/\/elfsight.com\/de\/magento-extensions\/","name":"Die mobile-freundlichen Magento Extensionsf\u00fcr Ihre Website (2025)","isPartOf":{"@id":"https:\/\/elfsight.com\/de\/#website"},"datePublished":"2020-02-27T08:10:47+00:00","dateModified":"2021-12-15T11:45:12+00:00","description":"Eine Vielfalt von kostenlosen Bedienelemente f\u00fcr Ihre Magento Web-Seiten. Hilfe mit der Personalisierung und unendliche Reihe von Optionen.","breadcrumb":{"@id":"https:\/\/elfsight.com\/de\/magento-extensions\/#breadcrumb"},"inLanguage":"de","potentialAction":[{"@type":"ReadAction","target":["https:\/\/elfsight.com\/de\/magento-extensions\/"]}]},{"@type":"BreadcrumbList","@id":"https:\/\/elfsight.com\/de\/magento-extensions\/#breadcrumb","itemListElement":[{"@type":"ListItem","position":1,"name":"Home","item":"https:\/\/elfsight.com\/de\/"},{"@type":"ListItem","position":2,"name":"Magento Extensions"}]},{"@type":"WebSite","@id":"https:\/\/elfsight.com\/de\/#website","url":"https:\/\/elfsight.com\/de\/","name":"Elfsight DE","description":"Just another Elfsight Sites site","potentialAction":[{"@type":"SearchAction","target":{"@type":"EntryPoint","urlTemplate":"https:\/\/elfsight.com\/de\/?s={search_term_string}"},"query-input":{"@type":"PropertyValueSpecification","valueRequired":true,"valueName":"search_term_string"}}],"inLanguage":"de"}]}},"meta_box":{"industry":"","seo_heading":"","heading":"","description":"","cta_heading":"","cta_description":"","application":"","h1":"Smart und responsive Extensions f\u00fcr Ihre Magento Website","h1_caption":"Dies ist die Auflistung von besseren Miniprogramme f\u00fcr Internetseite, um seine Anwenderaktivit\u00e4ten zu erh\u00f6hen und wichtige kommerzielle Ziele zu treffen. Diese Plugins kann bequem konfiguriert und hinzugef\u00fcgt werden. Elfsight Kompanie vermittelt die grenzenlose Reihe von Merkmalen und die sch\u00f6nste technische Support f\u00fcr alle Klienten.","application_category":[],"applications_title":"Testen Sie alle besseren kostenlosen Magento Miniprogramme in der Reihe:","applications_request_title":"Haben Sie das gew\u00fcnschte Extensions nicht gefunden?","applications_request_button_text":"Fordern Sie ein Extension an","hero_text":"","hero_video":"","hero_video_schema_markup":"","selling_points_title":"","selling_points_caption":"","selling_points":[],"selling_points_cta_text":"","features_title":"","features":"","ed_cta_examples_text":"","ed_cta_examples_hidden":"","ed_cta_demo_text":"","ed_cta_demo_hidden":"","why_caption":"","why_editor_title":"","why_editor_text":"","why_team_title":"","why_team_text":"","why_service_title":"","why_service_text":"","template_catalog_visible":"","template_catalog_title":"","template_catalog_text":"","template_catalog_categories_visible":"","demo_title":"","demo_caption":"","default_faq_hidden":"","app_template_category":[],"platform":"256","template_public_id":"","codecanyon_url":"","codecanyon_item_id":"","codecanyon_price":"","pricing_caption":"","pricing_elfsight_apps_hide_column":"","pricing_elfsight_apps_url":"","pricing_codecanyon_price_caption":"","integration_category":[],"integration_request_title":"","integration_request_cta":"","integration_platform":"","integrations":[],"platform_category":[],"video_schema_markup":"","price":"","trial":"","benefits":[],"button_url":"","button_target_blank":"","button_nofollow":"","attributes":[],"tags":[],"tags_disable_links":"","hide_more_platforms":"","video_object":"","demo_hide_cta":"","demo_hide_cloud_options":"","pricing_title":"","pricing":[],"related_apps_title":"","related_apps_hidden":"","author":"","image":[],"title":"","job":"","social_networks":[]},"_links":{"self":[{"href":"https:\/\/elfsight.com\/de\/wp-json\/wp\/v2\/pages\/423","targetHints":{"allow":["GET"]}}],"collection":[{"href":"https:\/\/elfsight.com\/de\/wp-json\/wp\/v2\/pages"}],"about":[{"href":"https:\/\/elfsight.com\/de\/wp-json\/wp\/v2\/types\/page"}],"author":[{"embeddable":true,"href":"https:\/\/elfsight.com\/de\/wp-json\/wp\/v2\/users\/11"}],"replies":[{"embeddable":true,"href":"https:\/\/elfsight.com\/de\/wp-json\/wp\/v2\/comments?post=423"}],"version-history":[{"count":3,"href":"https:\/\/elfsight.com\/de\/wp-json\/wp\/v2\/pages\/423\/revisions"}],"predecessor-version":[{"id":3072,"href":"https:\/\/elfsight.com\/de\/wp-json\/wp\/v2\/pages\/423\/revisions\/3072"}],"wp:attachment":[{"href":"https:\/\/elfsight.com\/de\/wp-json\/wp\/v2\/media?parent=423"}],"curies":[{"name":"wp","href":"https:\/\/api.w.org\/{rel}","templated":true}]}}