{"id":421,"date":"2020-02-27T07:50:24","date_gmt":"2020-02-27T07:50:24","guid":{"rendered":"https:\/\/elfsight.com\/de\/?page_id=421"},"modified":"2021-12-15T11:50:36","modified_gmt":"2021-12-15T11:50:36","slug":"opencart-extensions","status":"publish","type":"page","link":"https:\/\/elfsight.com\/de\/opencart-extensions\/","title":{"rendered":"OpenCart Extensions"},"content":{"rendered":"\n<p>Seit etlichen Jahren hat Elfsight  viele absolut praktischen und gebrauchsfertigen Werkzeuge f\u00fcr OpenCart  Webseiten gestaltet. Mit Hilfe der Werkzeuge k\u00f6nnen Sie viel mehr Leads sammeln, Ihren Gewinn steigern, jederzeit \u00fcber Chats mit Kunden in Kontakt bleiben und andere gesch\u00e4ftlichen Herausforderungen l\u00f6sen.<\/p> \n\n<p>Unsere Team verschafft eine gro\u00dfe Vielfalt von Preisoptionen: von kostenlos bis zu Premium. St\u00e4rken Ihre Website-Funktionalit\u00e4t ohne zus\u00e4tzlichen Kosten.<\/p>\n\n\n<h2>Warum brauchen viele Website-Inhaber unsere Widgets?<\/h2>\n\n<p>Betrachten  Sie die anschlie\u00dfende \u00dcbersicht der herausragenden Leistungen:<\/p> \n<ul>\n<li>Kostenlose Installationsunterst\u00fctzung  des Plugins;<\/li>\n\n<li>Voll ansprechbare f\u00fcr jeden Bildschirm; <\/li>\n\n<li>Ohne Programmierung;<\/li>\n\n<li>Eine Vielzahl von anpassbare und fertige Schablonen;<\/li>\n\n<li>Einfach zu bedienende Konfigurator;<\/li>\n\n<li>Die Cloud-L\u00f6sungen f\u00fcr hoher Ladegeschwindigkeit; <\/li>                                                                                                                \n\n<li>Die regul\u00e4re automatische Aktualisierung;<\/li> \n\n<li>Schnelle Hilfe von freuflichen Elfsight Team.<\/li> \n<\/ul>\n\n<p>Zugreifen  Sie mit kostenlosen Plan. Sehen Sie alle M\u00f6glichkeiten oder integrieren Sie ausgew\u00e4hlte Plugin mit 20% Rabatt. <\/p> \n\n<h2>Wie kann man ein Extension auf OpenCart Website integrieren?<\/h2> \n<p>Um ein Werkzeug auf der Web-Seite zu integrieren, folgen Sie einfach den Schritten: <\/p>\n<ol>\n<li>Finden Sie das gew\u00fcnscht Extension und w\u00e4hlen Sie die entsprechenden Einstellungen. Klicken Sie auf Speichern.<\/li> \n\n<li>F\u00fcgen Sie Code hinzu um das Extension auf Ihrer Website zu integrieren. <\/li>\n\n<li>Plugin-Einbindung ist erfolgreich beendet! <\/li>\n<\/ol>\n<p>Falls Sie eine kostenlose Beratung f\u00fcr die Einbindung des Widgets brauchen, dann unserer Unterst\u00fctzungsteam hilft Ihnen gerne weiter.<\/p>\n","protected":false},"excerpt":{"rendered":"Seit etlichen Jahren hat Elfsight viele absolut praktischen und gebrauchsfertigen Werkzeuge f\u00fcr OpenCart Webseiten gestaltet. Mit Hilfe der Werkzeuge k\u00f6nnen Sie viel mehr Leads sammeln, Ihren Gewinn steigern, jederzeit \u00fcber Chats mit Kunden in Kontakt bleiben und andere gesch\u00e4ftlichen Herausforderungen l\u00f6sen. Unsere Team verschafft eine gro\u00dfe Vielfalt von Preisoptionen: von&#8230;","protected":false},"author":11,"featured_media":0,"parent":0,"menu_order":0,"comment_status":"closed","ping_status":"closed","template":"templates\/template-platform.php","meta":{"publish_to_discourse":"","publish_post_category":"","wpdc_auto_publish_overridden":"","wpdc_topic_tags":"","wpdc_pin_topic":"","wpdc_pin_until":"","discourse_post_id":"","discourse_permalink":"","wpdc_publishing_response":"","wpdc_publishing_error":"","footnotes":""},"class_list":["post-421","page","type-page","status-publish","hentry"],"yoast_head":"<!-- This site is optimized with the Yoast SEO plugin v25.3.1 - https:\/\/yoast.com\/wordpress\/plugins\/seo\/ -->\n<title>Die kostenlosen OpenCart Extensions f\u00fcr Ihre Website (2025)<\/title>\n<meta name=\"description\" content=\"Vielfalt von kostenlosen Miniprogramme gerade f\u00fcr Ihre OpenCart Web-Seiten. Hilfe mit der Kundenbezogenheit und unbegrenzte M\u00f6glichkeiten.\" \/>\n<meta name=\"robots\" content=\"index, follow, max-snippet:-1, max-image-preview:large, max-video-preview:-1\" \/>\n<link rel=\"canonical\" href=\"https:\/\/elfsight.com\/de\/opencart-extensions\/\" \/>\n<meta property=\"og:locale\" content=\"de_DE\" \/>\n<meta property=\"og:type\" content=\"article\" \/>\n<meta property=\"og:title\" content=\"Die kostenlosen OpenCart Extensions f\u00fcr Ihre Website (2025)\" \/>\n<meta property=\"og:description\" content=\"Vielfalt von kostenlosen Miniprogramme gerade f\u00fcr Ihre OpenCart Web-Seiten. Hilfe mit der Kundenbezogenheit und unbegrenzte M\u00f6glichkeiten.\" \/>\n<meta property=\"og:url\" content=\"https:\/\/elfsight.com\/de\/opencart-extensions\/\" \/>\n<meta property=\"og:site_name\" content=\"Elfsight DE\" \/>\n<meta property=\"article:modified_time\" content=\"2021-12-15T11:50:36+00:00\" \/>\n<meta name=\"twitter:card\" content=\"summary_large_image\" \/>\n<meta name=\"twitter:label1\" content=\"Gesch\u00e4tzte Lesezeit\" \/>\n\t<meta name=\"twitter:data1\" content=\"1\u00a0Minute\" \/>\n<!-- \/ Yoast SEO plugin. -->","yoast_head_json":{"title":"Die kostenlosen OpenCart Extensions f\u00fcr Ihre Website (2025)","description":"Vielfalt von kostenlosen Miniprogramme gerade f\u00fcr Ihre OpenCart Web-Seiten. Hilfe mit der Kundenbezogenheit und unbegrenzte M\u00f6glichkeiten.","robots":{"index":"index","follow":"follow","max-snippet":"max-snippet:-1","max-image-preview":"max-image-preview:large","max-video-preview":"max-video-preview:-1"},"canonical":"https:\/\/elfsight.com\/de\/opencart-extensions\/","og_locale":"de_DE","og_type":"article","og_title":"Die kostenlosen OpenCart Extensions f\u00fcr Ihre Website (2025)","og_description":"Vielfalt von kostenlosen Miniprogramme gerade f\u00fcr Ihre OpenCart Web-Seiten. Hilfe mit der Kundenbezogenheit und unbegrenzte M\u00f6glichkeiten.","og_url":"https:\/\/elfsight.com\/de\/opencart-extensions\/","og_site_name":"Elfsight DE","article_modified_time":"2021-12-15T11:50:36+00:00","twitter_card":"summary_large_image","twitter_misc":{"Gesch\u00e4tzte Lesezeit":"1\u00a0Minute"},"schema":{"@context":"https:\/\/schema.org","@graph":[{"@type":"WebPage","@id":"https:\/\/elfsight.com\/de\/opencart-extensions\/","url":"https:\/\/elfsight.com\/de\/opencart-extensions\/","name":"Die kostenlosen OpenCart Extensions f\u00fcr Ihre Website (2025)","isPartOf":{"@id":"https:\/\/elfsight.com\/de\/#website"},"datePublished":"2020-02-27T07:50:24+00:00","dateModified":"2021-12-15T11:50:36+00:00","description":"Vielfalt von kostenlosen Miniprogramme gerade f\u00fcr Ihre OpenCart Web-Seiten. Hilfe mit der Kundenbezogenheit und unbegrenzte M\u00f6glichkeiten.","breadcrumb":{"@id":"https:\/\/elfsight.com\/de\/opencart-extensions\/#breadcrumb"},"inLanguage":"de","potentialAction":[{"@type":"ReadAction","target":["https:\/\/elfsight.com\/de\/opencart-extensions\/"]}]},{"@type":"BreadcrumbList","@id":"https:\/\/elfsight.com\/de\/opencart-extensions\/#breadcrumb","itemListElement":[{"@type":"ListItem","position":1,"name":"Home","item":"https:\/\/elfsight.com\/de\/"},{"@type":"ListItem","position":2,"name":"OpenCart Extensions"}]},{"@type":"WebSite","@id":"https:\/\/elfsight.com\/de\/#website","url":"https:\/\/elfsight.com\/de\/","name":"Elfsight DE","description":"Just another Elfsight Sites site","potentialAction":[{"@type":"SearchAction","target":{"@type":"EntryPoint","urlTemplate":"https:\/\/elfsight.com\/de\/?s={search_term_string}"},"query-input":{"@type":"PropertyValueSpecification","valueRequired":true,"valueName":"search_term_string"}}],"inLanguage":"de"}]}},"meta_box":{"industry":"","seo_heading":"","heading":"","description":"","cta_heading":"","cta_description":"","application":"","h1":"Passende intelligente Werkzeuge f\u00fcr Ihre OpenCart Website","h1_caption":"Dies ist die Liste von wunderbaren Bedienelemente f\u00fcr Web-Seite, um seine Kundenbindung zu verbessern und wesentliche gewerbliche Ziele zu erlangen. Die s\u00e4mtliche Bedienelemente kann bequem personalisiert und eingebunden werden. Die Kompanie bietet die unbeschr\u00e4nkte Reihe von Optionen und die hochqualifizierte technische Support f\u00fcr alle Benutzer.","application_category":[],"applications_title":"Testen Sie alle hochwertigen kostenfreien OpenCart Bedienelemente von der Reihe:","applications_request_title":"Haben Sie das gew\u00fcnschte Extension nicht gefunden?","applications_request_button_text":"Fordern Sie ein Extension an","hero_text":"","hero_video":"","hero_video_schema_markup":"","selling_points_title":"","selling_points_caption":"","selling_points":[],"selling_points_cta_text":"","features_title":"","features":"","ed_cta_examples_text":"","ed_cta_examples_hidden":"","ed_cta_demo_text":"","ed_cta_demo_hidden":"","why_caption":"","why_editor_title":"","why_editor_text":"","why_team_title":"","why_team_text":"","why_service_title":"","why_service_text":"","template_catalog_visible":"","template_catalog_title":"","template_catalog_text":"","template_catalog_categories_visible":"","demo_title":"","demo_caption":"","default_faq_hidden":"","app_template_category":[],"platform":"254","template_public_id":"","codecanyon_url":"","codecanyon_item_id":"","codecanyon_price":"","pricing_caption":"","pricing_elfsight_apps_hide_column":"","pricing_elfsight_apps_url":"","pricing_codecanyon_price_caption":"","integration_category":[],"integration_request_title":"","integration_request_cta":"","integration_platform":"","integrations":[],"platform_category":[],"video_schema_markup":"","price":"","trial":"","benefits":[],"button_url":"","button_target_blank":"","button_nofollow":"","attributes":[],"tags":[],"tags_disable_links":"","hide_more_platforms":"","video_object":"","demo_hide_cta":"","demo_hide_cloud_options":"","pricing_title":"","pricing":[],"related_apps_title":"","related_apps_hidden":"","author":"","image":[],"title":"","job":"","social_networks":[]},"_links":{"self":[{"href":"https:\/\/elfsight.com\/de\/wp-json\/wp\/v2\/pages\/421","targetHints":{"allow":["GET"]}}],"collection":[{"href":"https:\/\/elfsight.com\/de\/wp-json\/wp\/v2\/pages"}],"about":[{"href":"https:\/\/elfsight.com\/de\/wp-json\/wp\/v2\/types\/page"}],"author":[{"embeddable":true,"href":"https:\/\/elfsight.com\/de\/wp-json\/wp\/v2\/users\/11"}],"replies":[{"embeddable":true,"href":"https:\/\/elfsight.com\/de\/wp-json\/wp\/v2\/comments?post=421"}],"version-history":[{"count":3,"href":"https:\/\/elfsight.com\/de\/wp-json\/wp\/v2\/pages\/421\/revisions"}],"predecessor-version":[{"id":3070,"href":"https:\/\/elfsight.com\/de\/wp-json\/wp\/v2\/pages\/421\/revisions\/3070"}],"wp:attachment":[{"href":"https:\/\/elfsight.com\/de\/wp-json\/wp\/v2\/media?parent=421"}],"curies":[{"name":"wp","href":"https:\/\/api.w.org\/{rel}","templated":true}]}}