{"id":4116,"date":"2021-05-21T09:20:38","date_gmt":"2021-05-21T09:20:38","guid":{"rendered":"https:\/\/elfsight.com\/de\/?page_id=4116"},"modified":"2021-05-21T09:36:13","modified_gmt":"2021-05-21T09:36:13","slug":"create","status":"publish","type":"page","link":"https:\/\/elfsight.com\/de\/tumblr-feed-widget\/create\/","title":{"rendered":"Tumblr Feed &#8211; Create"},"content":{"rendered":"\n<div class=\"faq\" data-component=\"FAQ\">\n<div class=\"faq-item\">\r\n\t\t\t\t\t<div class=\"faq-item-question\">\r\n\t\t\t\t\t\t<h3 class=\"faq-item-question-text\">Was ist ein Tumblr Feed Widget f\u00fcr Website? <\/h3>\r\n\r\n\t\t\t\t\t\t<div class=\"faq-item-question-icon\"><\/div>\r\n\t\t\t\t\t<\/div>\r\n\r\n\t\t\t\t\t<div class=\"faq-item-answer\">\r\n\t\t\t\t\t\t<div class=\"faq-item-answer-text\">\nDas Tumblr Feed Widget ist ein ansprechbares Instrument, das ist tats\u00e4chlich f\u00fcr das Upgrade Ihrer Website-Leistung|, um die Leistung Ihrer Webseite zu f\u00f6rdern. Es erm\u00f6glicht Benutzer Engagement auf Ihrer Webseite. \n<\/div>\r\n\t\t\t\t\t<\/div>\r\n\t\t\t\t<\/div>\n<div class=\"faq-item\">\r\n\t\t\t\t\t<div class=\"faq-item-question\">\r\n\t\t\t\t\t\t<h3 class=\"faq-item-question-text\">Wie kann die Elemente des Widget ver\u00e4ndern, das Design des Plugin zu \u00e4ndern? <\/h3>\r\n\r\n\t\t\t\t\t\t<div class=\"faq-item-question-icon\"><\/div>\r\n\t\t\t\t\t<\/div>\r\n\r\n\t\t\t\t\t<div class=\"faq-item-answer\">\r\n\t\t\t\t\t\t<div class=\"faq-item-answer-text\">\n Sicher! \n\u00d6ffnen Sie Tab Stil unseres Live- Konfigurators und bearbeiten Sie die Einstellungen des Widgets. Sie k\u00f6nnen alle Modifikationen sofort sehen. \n<\/div>\r\n\t\t\t\t\t<\/div>\r\n\t\t\t\t<\/div>\n<div class=\"faq-item\">\r\n\t\t\t\t\t<div class=\"faq-item-question\">\r\n\t\t\t\t\t\t<h3 class=\"faq-item-question-text\">Wie kann ich das Tumblr Feed Plugin auf meiner Website integrieren? <\/h3>\r\n\r\n\t\t\t\t\t\t<div class=\"faq-item-question-icon\"><\/div>\r\n\t\t\t\t\t<\/div>\r\n\r\n\t\t\t\t\t<div class=\"faq-item-answer\">\r\n\t\t\t\t\t\t<div class=\"faq-item-answer-text\">\nAlles, was Sie tun m\u00fcssen, ist nur noch zu unserm Live-Editor gehen und da anfangs ein Widget zu bauen. Dann speichern Sie alle erforderlichen \u00c4nderungen. Rufen Sie den Widget-Code aus dem \u00f6ffnenden Fenster. Integrieren Sie anschlie\u00dfend den Code in erforderlichen Inhaltszone Ihrer Webseite-Vorlage. \nFalls Sie bei Plugins Anbau irgendwelche Probleme haben, wenden Sie sich einfach unser Support-Team. \n<\/div>\r\n\t\t\t\t\t<\/div>\r\n\t\t\t\t<\/div>\n\n<div class=\"faq-item\">\r\n\t\t\t\t\t<div class=\"faq-item-question\">\r\n\t\t\t\t\t\t<h3 class=\"faq-item-question-text\">Wie kann die Gr\u00f6\u00dfe und Farbe meines Widget \u00e4ndern? <\/h3>\r\n\r\n\t\t\t\t\t\t<div class=\"faq-item-question-icon\"><\/div>\r\n\t\t\t\t\t<\/div>\r\n\r\n\t\t\t\t\t<div class=\"faq-item-answer\">\r\n\t\t\t\t\t\t<div class=\"faq-item-answer-text\">\nElfsight Online-Konfigurator beschert Ihnen absolute Flexibilit\u00e4t f\u00fcr die Anpassung Ihres Plugins. Sie k\u00f6nnen die Gr\u00f6\u00dfe des Widgets in Pixeln einstellen, oder nutzen Sie eine selbstt\u00e4tige Gr\u00f6\u00dfeneinstellung. Folglich k\u00f6nnen Sie jede Farbe aus der Palette beschlie\u00dfen oder einer von angebotene Farbschemata bedienen. \n<\/div>\r\n\t\t\t\t\t<\/div>\r\n\t\t\t\t<\/div>\n<\/div>\n","protected":false},"excerpt":{"rendered":"","protected":false},"author":13,"featured_media":0,"parent":4100,"menu_order":0,"comment_status":"closed","ping_status":"closed","template":"templates\/template-application-create.php","meta":{"publish_to_discourse":"","publish_post_category":"","wpdc_auto_publish_overridden":"","wpdc_topic_tags":"","wpdc_pin_topic":"","wpdc_pin_until":"","discourse_post_id":"","discourse_permalink":"","wpdc_publishing_response":"","wpdc_publishing_error":"","footnotes":""},"class_list":["post-4116","page","type-page","status-publish","hentry"],"yoast_head":"<!-- This site is optimized with the Yoast SEO plugin v25.3.1 - https:\/\/yoast.com\/wordpress\/plugins\/seo\/ -->\n<title>Erstellen ein Tumblr-Feed-Widget f\u00fcr Ihre Website (einfach und schnell)<\/title>\n<meta name=\"description\" content=\"Erstellen Sie einen Tumblr-Feed f\u00fcr Ihre Website mit dem Online-Generator. Es ist kostenlos, schnell und bietet Support f\u00fcr alle Benutzer.\" \/>\n<meta name=\"robots\" content=\"index, follow, max-snippet:-1, max-image-preview:large, max-video-preview:-1\" \/>\n<link rel=\"canonical\" href=\"https:\/\/elfsight.com\/de\/tumblr-feed-widget\/create\/\" \/>\n<meta property=\"og:locale\" content=\"de_DE\" \/>\n<meta property=\"og:type\" content=\"article\" \/>\n<meta property=\"og:title\" content=\"Erstellen ein Tumblr-Feed-Widget f\u00fcr Ihre Website (einfach und schnell)\" \/>\n<meta property=\"og:description\" content=\"Erstellen Sie einen Tumblr-Feed f\u00fcr Ihre Website mit dem Online-Generator. Es ist kostenlos, schnell und bietet Support f\u00fcr alle Benutzer.\" \/>\n<meta property=\"og:url\" content=\"https:\/\/elfsight.com\/de\/tumblr-feed-widget\/create\/\" \/>\n<meta property=\"og:site_name\" content=\"Elfsight DE\" \/>\n<meta property=\"article:modified_time\" content=\"2021-05-21T09:36:13+00:00\" \/>\n<meta name=\"twitter:card\" content=\"summary_large_image\" \/>\n<meta name=\"twitter:label1\" content=\"Gesch\u00e4tzte Lesezeit\" \/>\n\t<meta name=\"twitter:data1\" content=\"1\u00a0Minute\" \/>\n<!-- \/ Yoast SEO plugin. -->","yoast_head_json":{"title":"Erstellen ein Tumblr-Feed-Widget f\u00fcr Ihre Website (einfach und schnell)","description":"Erstellen Sie einen Tumblr-Feed f\u00fcr Ihre Website mit dem Online-Generator. Es ist kostenlos, schnell und bietet Support f\u00fcr alle Benutzer.","robots":{"index":"index","follow":"follow","max-snippet":"max-snippet:-1","max-image-preview":"max-image-preview:large","max-video-preview":"max-video-preview:-1"},"canonical":"https:\/\/elfsight.com\/de\/tumblr-feed-widget\/create\/","og_locale":"de_DE","og_type":"article","og_title":"Erstellen ein Tumblr-Feed-Widget f\u00fcr Ihre Website (einfach und schnell)","og_description":"Erstellen Sie einen Tumblr-Feed f\u00fcr Ihre Website mit dem Online-Generator. Es ist kostenlos, schnell und bietet Support f\u00fcr alle Benutzer.","og_url":"https:\/\/elfsight.com\/de\/tumblr-feed-widget\/create\/","og_site_name":"Elfsight DE","article_modified_time":"2021-05-21T09:36:13+00:00","twitter_card":"summary_large_image","twitter_misc":{"Gesch\u00e4tzte Lesezeit":"1\u00a0Minute"},"schema":{"@context":"https:\/\/schema.org","@graph":[{"@type":"WebPage","@id":"https:\/\/elfsight.com\/de\/tumblr-feed-widget\/create\/","url":"https:\/\/elfsight.com\/de\/tumblr-feed-widget\/create\/","name":"Erstellen ein Tumblr-Feed-Widget f\u00fcr Ihre Website (einfach und schnell)","isPartOf":{"@id":"https:\/\/elfsight.com\/de\/#website"},"datePublished":"2021-05-21T09:20:38+00:00","dateModified":"2021-05-21T09:36:13+00:00","description":"Erstellen Sie einen Tumblr-Feed f\u00fcr Ihre Website mit dem Online-Generator. Es ist kostenlos, schnell und bietet Support f\u00fcr alle Benutzer.","breadcrumb":{"@id":"https:\/\/elfsight.com\/de\/tumblr-feed-widget\/create\/#breadcrumb"},"inLanguage":"de","potentialAction":[{"@type":"ReadAction","target":["https:\/\/elfsight.com\/de\/tumblr-feed-widget\/create\/"]}]},{"@type":"BreadcrumbList","@id":"https:\/\/elfsight.com\/de\/tumblr-feed-widget\/create\/#breadcrumb","itemListElement":[{"@type":"ListItem","position":1,"name":"Home","item":"https:\/\/elfsight.com\/de\/"},{"@type":"ListItem","position":2,"name":"Tumblr Feed","item":"https:\/\/elfsight.com\/de\/tumblr-feed-widget\/"},{"@type":"ListItem","position":3,"name":"Tumblr Feed &#8211; Create"}]},{"@type":"WebSite","@id":"https:\/\/elfsight.com\/de\/#website","url":"https:\/\/elfsight.com\/de\/","name":"Elfsight DE","description":"Just another Elfsight Sites site","potentialAction":[{"@type":"SearchAction","target":{"@type":"EntryPoint","urlTemplate":"https:\/\/elfsight.com\/de\/?s={search_term_string}"},"query-input":{"@type":"PropertyValueSpecification","valueRequired":true,"valueName":"search_term_string"}}],"inLanguage":"de"}]}},"meta_box":{"industry":"","seo_heading":"","heading":"","description":"","cta_heading":"","cta_description":"","application":"4099","h1":"","h1_caption":"","application_category":[],"applications_title":"","applications_request_title":"","applications_request_button_text":"","hero_text":"","hero_video":"","hero_video_schema_markup":"","selling_points_title":"","selling_points_caption":"","selling_points":[],"selling_points_cta_text":"","features_title":"","features":"","ed_cta_examples_text":"","ed_cta_examples_hidden":"","ed_cta_demo_text":"","ed_cta_demo_hidden":"","why_caption":"","why_editor_title":"","why_editor_text":"","why_team_title":"","why_team_text":"","why_service_title":"","why_service_text":"","template_catalog_visible":"","template_catalog_title":"","template_catalog_text":"","template_catalog_categories_visible":"","demo_title":"","demo_caption":"","default_faq_hidden":"","app_template_category":[],"platform":"","template_public_id":"","codecanyon_url":"","codecanyon_item_id":"","codecanyon_price":"","pricing_caption":"","pricing_elfsight_apps_hide_column":"","pricing_elfsight_apps_url":"","pricing_codecanyon_price_caption":"","integration_category":[],"integration_request_title":"","integration_request_cta":"","integration_platform":"","integrations":[],"platform_category":[],"video_schema_markup":"","price":"","trial":"","benefits":[],"button_url":"","button_target_blank":"","button_nofollow":"","attributes":[],"tags":[],"tags_disable_links":"","hide_more_platforms":"","video_object":"","demo_hide_cta":"","demo_hide_cloud_options":"","pricing_title":"","pricing":[],"related_apps_title":"","related_apps_hidden":"","author":"","image":[],"title":"","job":"","social_networks":[]},"_links":{"self":[{"href":"https:\/\/elfsight.com\/de\/wp-json\/wp\/v2\/pages\/4116","targetHints":{"allow":["GET"]}}],"collection":[{"href":"https:\/\/elfsight.com\/de\/wp-json\/wp\/v2\/pages"}],"about":[{"href":"https:\/\/elfsight.com\/de\/wp-json\/wp\/v2\/types\/page"}],"author":[{"embeddable":true,"href":"https:\/\/elfsight.com\/de\/wp-json\/wp\/v2\/users\/13"}],"replies":[{"embeddable":true,"href":"https:\/\/elfsight.com\/de\/wp-json\/wp\/v2\/comments?post=4116"}],"version-history":[{"count":2,"href":"https:\/\/elfsight.com\/de\/wp-json\/wp\/v2\/pages\/4116\/revisions"}],"predecessor-version":[{"id":4118,"href":"https:\/\/elfsight.com\/de\/wp-json\/wp\/v2\/pages\/4116\/revisions\/4118"}],"up":[{"embeddable":true,"href":"https:\/\/elfsight.com\/de\/wp-json\/wp\/v2\/pages\/4100"}],"wp:attachment":[{"href":"https:\/\/elfsight.com\/de\/wp-json\/wp\/v2\/media?parent=4116"}],"curies":[{"name":"wp","href":"https:\/\/api.w.org\/{rel}","templated":true}]}}