{"id":3989,"date":"2021-05-11T09:09:14","date_gmt":"2021-05-11T09:09:14","guid":{"rendered":"https:\/\/elfsight.com\/de\/?page_id=3989"},"modified":"2021-05-11T09:19:26","modified_gmt":"2021-05-11T09:19:26","slug":"square-apps","status":"publish","type":"page","link":"https:\/\/elfsight.com\/de\/square-apps\/","title":{"rendered":"Square apps"},"content":{"rendered":"\n<h2>Effective intelligente Werkzeuge f\u00fcr Ihre Square Web-Seite<\/h2>\n\n\n<p>\u00dcber viele Jahre hat Elfsight Team viele v\u00f6llig intuitiven und einfachen Werkzeuge f\u00fcr Square Webseiten entwickelt. Mit Hilfe dieser Apps k\u00f6nnen Sie die Benutzerinteraktion erh\u00f6hen, den Ruf der Marke verbessern, jederzeit \u00fcber Chats mit Kunden in Kontakt bleiben und andere unternehmerischen Herausforderungen l\u00f6sen. <\/p> \n\n<p>Unsere Team offeriert eine gro\u00dfe Auswahl von Preism\u00f6glichkeiten: von kostenlos bis zu Premium. St\u00e4rken Ihre Website ohne Zusatzkosten. <\/p>\n\n\n<h2>Was macht unsere Square-Werkzeuge so besonderen? <\/h2>\n\n<p>Betrachten Sie die nachstehende Vielfalt der wichtigsten Vorz\u00fcge: <\/p> \n<ul>\n<li> Kostenfreier Installation-Support des Plugins; <\/li>\n\n<li>Voll mobil-freundliche f\u00fcr jeden Bildschirm; <\/li>\n\n<li>Ohne Kodierung; <\/li>\n\n<li>Eine gro\u00dfe Auswahl von anpassbare und einsatzf\u00e4hige Vorlagen; <\/li>\n\n<li>Einfach zu bedienende Konfigurator; <\/li>\n\n<li>Die Cloud-Services f\u00fcr hoher Ladegeschwindigkeit; <\/li> \n\n<li>Die regul\u00e4re automatische Aktualisierung; <\/li> \n\n<li>Schnelle Hilfe von unserem Elfsight Team. <\/li> \n<\/ul>\n\n<p> Probieren Sie mit kostenlosen Version. Schauen Sie alle Funktionen oder integrieren Sie richtiges App mit 20% Rabatt. <\/p> \n\n<h2>Wie kann man ein App auf Square Website installieren? <\/h2> \n<p>Um ein Werkzeug auf der Webseite einzubinden, sehen Sie einfach die folgenden Anweisungen|folgen Sie einfach den Schritten: <\/p>\n<ol>\n<li>Entdecken Sie die optimal App und passen Sie es an. Speichern Sie die \u00c4nderungen. <\/li> \n\n<li>Kopieren und f\u00fcgen Sie den Code hinzu um die App auf Ihrer Seite einzubinden. <\/li>\n\n<li>Fertig! Sie haben Ihre App erfolgreich auf der Square Site hinzugef\u00fcgt. <\/li>\n<\/ol>\n<p>Wenn Sie eine kostenfreie Hilfe ben\u00f6tigen, um das Widget zu installieren, dann k\u00f6nnen Sie sich unseren hochqualifizierten Elfsight Support wenden. <\/p>\n","protected":false},"excerpt":{"rendered":"Effective intelligente Werkzeuge f\u00fcr Ihre Square Web-Seite \u00dcber viele Jahre hat Elfsight Team viele v\u00f6llig intuitiven und einfachen Werkzeuge f\u00fcr Square Webseiten entwickelt. Mit Hilfe dieser Apps k\u00f6nnen Sie die Benutzerinteraktion erh\u00f6hen, den Ruf der Marke verbessern, jederzeit \u00fcber Chats mit Kunden in Kontakt bleiben und andere unternehmerischen Herausforderungen l\u00f6sen&#8230;.","protected":false},"author":13,"featured_media":0,"parent":0,"menu_order":0,"comment_status":"closed","ping_status":"closed","template":"templates\/template-platform.php","meta":{"publish_to_discourse":"","publish_post_category":"","wpdc_auto_publish_overridden":"","wpdc_topic_tags":"","wpdc_pin_topic":"","wpdc_pin_until":"","discourse_post_id":"","discourse_permalink":"","wpdc_publishing_response":"","wpdc_publishing_error":"","footnotes":""},"class_list":["post-3989","page","type-page","status-publish","hentry"],"yoast_head":"<!-- This site is optimized with the Yoast SEO plugin v25.3.1 - https:\/\/yoast.com\/wordpress\/plugins\/seo\/ -->\n<title>Square Apps - Sehen Sie eine der besten L\u00f6sungen f\u00fcr die Ceros-Website<\/title>\n<meta name=\"description\" content=\"Die erstklassig gratis L\u00f6sungen speziell f\u00fcr Ihre Square Websites. Hilfe mit der Personalisierung und unendliche Reihe von Features.\" \/>\n<meta name=\"robots\" content=\"index, follow, max-snippet:-1, max-image-preview:large, max-video-preview:-1\" \/>\n<link rel=\"canonical\" href=\"https:\/\/elfsight.com\/de\/square-apps\/\" \/>\n<meta property=\"og:locale\" content=\"de_DE\" \/>\n<meta property=\"og:type\" content=\"article\" \/>\n<meta property=\"og:title\" content=\"Square Apps - Sehen Sie eine der besten L\u00f6sungen f\u00fcr die Ceros-Website\" \/>\n<meta property=\"og:description\" content=\"Die erstklassig gratis L\u00f6sungen speziell f\u00fcr Ihre Square Websites. Hilfe mit der Personalisierung und unendliche Reihe von Features.\" \/>\n<meta property=\"og:url\" content=\"https:\/\/elfsight.com\/de\/square-apps\/\" \/>\n<meta property=\"og:site_name\" content=\"Elfsight DE\" \/>\n<meta property=\"article:modified_time\" content=\"2021-05-11T09:19:26+00:00\" \/>\n<meta name=\"twitter:card\" content=\"summary_large_image\" \/>\n<meta name=\"twitter:label1\" content=\"Gesch\u00e4tzte Lesezeit\" \/>\n\t<meta name=\"twitter:data1\" content=\"1\u00a0Minute\" \/>\n<!-- \/ Yoast SEO plugin. -->","yoast_head_json":{"title":"Square Apps - Sehen Sie eine der besten L\u00f6sungen f\u00fcr die Ceros-Website","description":"Die erstklassig gratis L\u00f6sungen speziell f\u00fcr Ihre Square Websites. Hilfe mit der Personalisierung und unendliche Reihe von Features.","robots":{"index":"index","follow":"follow","max-snippet":"max-snippet:-1","max-image-preview":"max-image-preview:large","max-video-preview":"max-video-preview:-1"},"canonical":"https:\/\/elfsight.com\/de\/square-apps\/","og_locale":"de_DE","og_type":"article","og_title":"Square Apps - Sehen Sie eine der besten L\u00f6sungen f\u00fcr die Ceros-Website","og_description":"Die erstklassig gratis L\u00f6sungen speziell f\u00fcr Ihre Square Websites. Hilfe mit der Personalisierung und unendliche Reihe von Features.","og_url":"https:\/\/elfsight.com\/de\/square-apps\/","og_site_name":"Elfsight DE","article_modified_time":"2021-05-11T09:19:26+00:00","twitter_card":"summary_large_image","twitter_misc":{"Gesch\u00e4tzte Lesezeit":"1\u00a0Minute"},"schema":{"@context":"https:\/\/schema.org","@graph":[{"@type":"WebPage","@id":"https:\/\/elfsight.com\/de\/square-apps\/","url":"https:\/\/elfsight.com\/de\/square-apps\/","name":"Square Apps - Sehen Sie eine der besten L\u00f6sungen f\u00fcr die Ceros-Website","isPartOf":{"@id":"https:\/\/elfsight.com\/de\/#website"},"datePublished":"2021-05-11T09:09:14+00:00","dateModified":"2021-05-11T09:19:26+00:00","description":"Die erstklassig gratis L\u00f6sungen speziell f\u00fcr Ihre Square Websites. Hilfe mit der Personalisierung und unendliche Reihe von Features.","breadcrumb":{"@id":"https:\/\/elfsight.com\/de\/square-apps\/#breadcrumb"},"inLanguage":"de","potentialAction":[{"@type":"ReadAction","target":["https:\/\/elfsight.com\/de\/square-apps\/"]}]},{"@type":"BreadcrumbList","@id":"https:\/\/elfsight.com\/de\/square-apps\/#breadcrumb","itemListElement":[{"@type":"ListItem","position":1,"name":"Home","item":"https:\/\/elfsight.com\/de\/"},{"@type":"ListItem","position":2,"name":"Square apps"}]},{"@type":"WebSite","@id":"https:\/\/elfsight.com\/de\/#website","url":"https:\/\/elfsight.com\/de\/","name":"Elfsight DE","description":"Just another Elfsight Sites site","potentialAction":[{"@type":"SearchAction","target":{"@type":"EntryPoint","urlTemplate":"https:\/\/elfsight.com\/de\/?s={search_term_string}"},"query-input":{"@type":"PropertyValueSpecification","valueRequired":true,"valueName":"search_term_string"}}],"inLanguage":"de"}]}},"meta_box":{"industry":"","seo_heading":"","heading":"","description":"","cta_heading":"","cta_description":"","application":"","h1":"Die besten Square Apps","h1_caption":"Dies ist die Serie von einsatzbereiten Bedienelemente f\u00fcr Website, um seine Umsatz zu verbessern und grundlegende wirtschaftliche Zweck zu erzielen. Alle Werkzeuge kann m\u00fchelos adaptiert und installiert werden. Die Kompanie gew\u00e4hrt die grenzenlose Anzahl von Optionen und die beeindruckende technische Unterst\u00fctzung f\u00fcr alle Kunden.","application_category":[],"applications_title":"Versuchen Sie alle hochwertigen kostenlosen Square Oberfl\u00e4chenelemente in der \u00dcbersicht:","applications_request_title":"K\u00f6nnen Sie die richtige App nicht finden?","applications_request_button_text":"Fordern Sie eine App an","hero_text":"","hero_video":"","hero_video_schema_markup":"","selling_points_title":"","selling_points_caption":"","selling_points":[],"selling_points_cta_text":"","features_title":"","features":"","ed_cta_examples_text":"","ed_cta_examples_hidden":"","ed_cta_demo_text":"","ed_cta_demo_hidden":"","why_caption":"","why_editor_title":"","why_editor_text":"","why_team_title":"","why_team_text":"","why_service_title":"","why_service_text":"","template_catalog_visible":"","template_catalog_title":"","template_catalog_text":"","template_catalog_categories_visible":"","demo_title":"","demo_caption":"","default_faq_hidden":"","app_template_category":[],"platform":"3979","template_public_id":"","codecanyon_url":"","codecanyon_item_id":"","codecanyon_price":"","pricing_caption":"","pricing_elfsight_apps_hide_column":"","pricing_elfsight_apps_url":"","pricing_codecanyon_price_caption":"","integration_category":[],"integration_request_title":"","integration_request_cta":"","integration_platform":"","integrations":[],"platform_category":[],"video_schema_markup":"","price":"","trial":"","benefits":[],"button_url":"","button_target_blank":"","button_nofollow":"","attributes":[],"tags":[],"tags_disable_links":"","hide_more_platforms":"","video_object":"","demo_hide_cta":"","demo_hide_cloud_options":"","pricing_title":"","pricing":[],"related_apps_title":"","related_apps_hidden":"","author":"","image":[],"title":"","job":"","social_networks":[]},"_links":{"self":[{"href":"https:\/\/elfsight.com\/de\/wp-json\/wp\/v2\/pages\/3989","targetHints":{"allow":["GET"]}}],"collection":[{"href":"https:\/\/elfsight.com\/de\/wp-json\/wp\/v2\/pages"}],"about":[{"href":"https:\/\/elfsight.com\/de\/wp-json\/wp\/v2\/types\/page"}],"author":[{"embeddable":true,"href":"https:\/\/elfsight.com\/de\/wp-json\/wp\/v2\/users\/13"}],"replies":[{"embeddable":true,"href":"https:\/\/elfsight.com\/de\/wp-json\/wp\/v2\/comments?post=3989"}],"version-history":[{"count":2,"href":"https:\/\/elfsight.com\/de\/wp-json\/wp\/v2\/pages\/3989\/revisions"}],"predecessor-version":[{"id":3991,"href":"https:\/\/elfsight.com\/de\/wp-json\/wp\/v2\/pages\/3989\/revisions\/3991"}],"wp:attachment":[{"href":"https:\/\/elfsight.com\/de\/wp-json\/wp\/v2\/media?parent=3989"}],"curies":[{"name":"wp","href":"https:\/\/api.w.org\/{rel}","templated":true}]}}