{"id":3986,"date":"2021-05-11T09:04:38","date_gmt":"2021-05-11T09:04:38","guid":{"rendered":"https:\/\/elfsight.com\/de\/?page_id=3986"},"modified":"2021-05-11T09:16:45","modified_gmt":"2021-05-11T09:16:45","slug":"ceros-widgets","status":"publish","type":"page","link":"https:\/\/elfsight.com\/de\/ceros-widgets\/","title":{"rendered":"Ceros widgets"},"content":{"rendered":"\n<h2>Passende responsive L\u00f6sungen f\u00fcr Ihre Ceros Website<\/h2>\n\n\n<p>\u00dcber mehrere Jahre hat Elfsight Firma viele v\u00f6llig benutzerfreundlichen und smart Werkzeuge f\u00fcr Ceros Webseiten entwickelt. Mit Hilfe der Apps k\u00f6nnen Sie viel mehr Leads sammeln, die Qualit\u00e4t des Kundensupports verbessern, Kundenbewertungen aus sozialen Medien anzeigen und andere gesch\u00e4ftlichen Herausforderungen l\u00f6sen. <\/p> \n\n<p>Elfsight Team verschafft eine breite Vielfalt von Preism\u00f6glichkeiten: von kostenlos bis zu Premium. St\u00e4rken Ihre Website ohne Zusatzausgaben. <\/p>\n\n\n<h2>Was macht unsere Ceros-Werkzeuge diejenigen der besten? <\/h2>\n\n<p>Untersuchen Sie die nachstehende Liste der besonderen Merkmale: <\/p> \n<ul>\n<li>Kostenfreie Installationsunterst\u00fctzung des Widgets; <\/li>\n\n<li>Absolut mobil-freundliche f\u00fcr jedes Ger\u00e4t; <\/li>\n\n<li>Keine Programmierung; <\/li>\n\n<li>Eine Vielzahl von anpassbare und benutzerfreundliche Schablonen; <\/li>\n\n<li>Einfache Benutzeroberfl\u00e4che; <\/li>\n\n<li>Die Cloud-basierte L\u00f6sungen f\u00fcr hoher Ladegeschwindigkeit; <\/li> \n\n<li>Die regul\u00e4re automatische Updates; <\/li> \n\n<li>Professionelle Unterst\u00fctzung von unserem Elfsight Team. <\/li> \n<\/ul>\n\n<p>Testen Sie mit unentgeltlichen Plan. Schauen Sie alle M\u00f6glichkeiten oder bekommen Sie richtiges Plugin mit 20% Erm\u00e4ssigung. <\/p> \n\n<h2>Wie kann ich ein Widget auf Ceros Website installieren? <\/h2> \n<p>Um ein Werkzeug auf der Web-Seite einzubetten, sehen Sie einfach die folgenden Anweisungen|folgen Sie einfach den Schritten: <\/p>\n<ol>\n<li>Entdecken Sie das optimal Werkzeug und w\u00e4hlen Sie die entsprechenden Einstellungen. Klicken Sie auf Speichern. <\/li> \n\n<li>F\u00fcgen Sie Code hinzu um das Widget auf Ihrer Website zu integrieren. <\/li>\n\n<li>Gemacht! Sie haben die App erfolgreich auf der Ceros Website hinzugef\u00fcgt. <\/li>\n<\/ol>\n<p>Falls Sie eine kostenlose Unterst\u00fctzung f\u00fcr die Installation des Widgets bed\u00fcrfen, dann k\u00f6nnen Sie sich unseren professionellen Elfsight Support wenden. <\/p>\n","protected":false},"excerpt":{"rendered":"Passende responsive L\u00f6sungen f\u00fcr Ihre Ceros Website \u00dcber mehrere Jahre hat Elfsight Firma viele v\u00f6llig benutzerfreundlichen und smart Werkzeuge f\u00fcr Ceros Webseiten entwickelt. Mit Hilfe der Apps k\u00f6nnen Sie viel mehr Leads sammeln, die Qualit\u00e4t des Kundensupports verbessern, Kundenbewertungen aus sozialen Medien anzeigen und andere gesch\u00e4ftlichen Herausforderungen l\u00f6sen. Elfsight Team&#8230;","protected":false},"author":13,"featured_media":0,"parent":0,"menu_order":0,"comment_status":"closed","ping_status":"closed","template":"templates\/template-platform.php","meta":{"publish_to_discourse":"","publish_post_category":"","wpdc_auto_publish_overridden":"","wpdc_topic_tags":"","wpdc_pin_topic":"","wpdc_pin_until":"","discourse_post_id":"","discourse_permalink":"","wpdc_publishing_response":"","wpdc_publishing_error":"","footnotes":""},"class_list":["post-3986","page","type-page","status-publish","hentry"],"yoast_head":"<!-- This site is optimized with the Yoast SEO plugin v25.3.1 - https:\/\/yoast.com\/wordpress\/plugins\/seo\/ -->\n<title>Ceros Widgets - Sehen eine der besten L\u00f6sungen f\u00fcr die Ceros-Website<\/title>\n<meta name=\"description\" content=\"Die besseren gratis Miniprogramme eigens f\u00fcr Ihre Ceros Websites. Hilfe mit der Personalisierung und unbeschr\u00e4nkte Reihe von Features.\" \/>\n<meta name=\"robots\" content=\"index, follow, max-snippet:-1, max-image-preview:large, max-video-preview:-1\" \/>\n<link rel=\"canonical\" href=\"https:\/\/elfsight.com\/de\/ceros-widgets\/\" \/>\n<meta property=\"og:locale\" content=\"de_DE\" \/>\n<meta property=\"og:type\" content=\"article\" \/>\n<meta property=\"og:title\" content=\"Ceros Widgets - Sehen eine der besten L\u00f6sungen f\u00fcr die Ceros-Website\" \/>\n<meta property=\"og:description\" content=\"Die besseren gratis Miniprogramme eigens f\u00fcr Ihre Ceros Websites. Hilfe mit der Personalisierung und unbeschr\u00e4nkte Reihe von Features.\" \/>\n<meta property=\"og:url\" content=\"https:\/\/elfsight.com\/de\/ceros-widgets\/\" \/>\n<meta property=\"og:site_name\" content=\"Elfsight DE\" \/>\n<meta property=\"article:modified_time\" content=\"2021-05-11T09:16:45+00:00\" \/>\n<meta name=\"twitter:card\" content=\"summary_large_image\" \/>\n<meta name=\"twitter:label1\" content=\"Gesch\u00e4tzte Lesezeit\" \/>\n\t<meta name=\"twitter:data1\" content=\"1\u00a0Minute\" \/>\n<!-- \/ Yoast SEO plugin. -->","yoast_head_json":{"title":"Ceros Widgets - Sehen eine der besten L\u00f6sungen f\u00fcr die Ceros-Website","description":"Die besseren gratis Miniprogramme eigens f\u00fcr Ihre Ceros Websites. Hilfe mit der Personalisierung und unbeschr\u00e4nkte Reihe von Features.","robots":{"index":"index","follow":"follow","max-snippet":"max-snippet:-1","max-image-preview":"max-image-preview:large","max-video-preview":"max-video-preview:-1"},"canonical":"https:\/\/elfsight.com\/de\/ceros-widgets\/","og_locale":"de_DE","og_type":"article","og_title":"Ceros Widgets - Sehen eine der besten L\u00f6sungen f\u00fcr die Ceros-Website","og_description":"Die besseren gratis Miniprogramme eigens f\u00fcr Ihre Ceros Websites. Hilfe mit der Personalisierung und unbeschr\u00e4nkte Reihe von Features.","og_url":"https:\/\/elfsight.com\/de\/ceros-widgets\/","og_site_name":"Elfsight DE","article_modified_time":"2021-05-11T09:16:45+00:00","twitter_card":"summary_large_image","twitter_misc":{"Gesch\u00e4tzte Lesezeit":"1\u00a0Minute"},"schema":{"@context":"https:\/\/schema.org","@graph":[{"@type":"WebPage","@id":"https:\/\/elfsight.com\/de\/ceros-widgets\/","url":"https:\/\/elfsight.com\/de\/ceros-widgets\/","name":"Ceros Widgets - Sehen eine der besten L\u00f6sungen f\u00fcr die Ceros-Website","isPartOf":{"@id":"https:\/\/elfsight.com\/de\/#website"},"datePublished":"2021-05-11T09:04:38+00:00","dateModified":"2021-05-11T09:16:45+00:00","description":"Die besseren gratis Miniprogramme eigens f\u00fcr Ihre Ceros Websites. Hilfe mit der Personalisierung und unbeschr\u00e4nkte Reihe von Features.","breadcrumb":{"@id":"https:\/\/elfsight.com\/de\/ceros-widgets\/#breadcrumb"},"inLanguage":"de","potentialAction":[{"@type":"ReadAction","target":["https:\/\/elfsight.com\/de\/ceros-widgets\/"]}]},{"@type":"BreadcrumbList","@id":"https:\/\/elfsight.com\/de\/ceros-widgets\/#breadcrumb","itemListElement":[{"@type":"ListItem","position":1,"name":"Home","item":"https:\/\/elfsight.com\/de\/"},{"@type":"ListItem","position":2,"name":"Ceros widgets"}]},{"@type":"WebSite","@id":"https:\/\/elfsight.com\/de\/#website","url":"https:\/\/elfsight.com\/de\/","name":"Elfsight DE","description":"Just another Elfsight Sites site","potentialAction":[{"@type":"SearchAction","target":{"@type":"EntryPoint","urlTemplate":"https:\/\/elfsight.com\/de\/?s={search_term_string}"},"query-input":{"@type":"PropertyValueSpecification","valueRequired":true,"valueName":"search_term_string"}}],"inLanguage":"de"}]}},"meta_box":{"industry":"","seo_heading":"","heading":"","description":"","cta_heading":"","cta_description":"","application":"","h1":"Die besten Ceros Widgets","h1_caption":"Dies ist die Serie von wunderbaren Apps f\u00fcr Web-Seite, um Ihre Verk\u00e4ufe zu steigern und wichtige kommerzielle Zweck zu treffen. Die s\u00e4mtliche Miniprogramme kann leicht angepasst und installiert werden. Die Kompanie vermittelt die unbegrenzte Reihe von M\u00f6glichkeiten und die beeindruckende technische Unterst\u00fctzung f\u00fcr alle Kunden.","application_category":[],"applications_title":"Versuchen Sie alle erstklassigen kostenlosen Ceros Werkzeuge in der \u00dcbersicht:","applications_request_title":"K\u00f6nnen Sie das richtige Widget nicht finden?","applications_request_button_text":"Fordern Sie ein Widget an","hero_text":"","hero_video":"","hero_video_schema_markup":"","selling_points_title":"","selling_points_caption":"","selling_points":[],"selling_points_cta_text":"","features_title":"","features":"","ed_cta_examples_text":"","ed_cta_examples_hidden":"","ed_cta_demo_text":"","ed_cta_demo_hidden":"","why_caption":"","why_editor_title":"","why_editor_text":"","why_team_title":"","why_team_text":"","why_service_title":"","why_service_text":"","template_catalog_visible":"","template_catalog_title":"","template_catalog_text":"","template_catalog_categories_visible":"","demo_title":"","demo_caption":"","default_faq_hidden":"","app_template_category":[],"platform":"3976","template_public_id":"","codecanyon_url":"","codecanyon_item_id":"","codecanyon_price":"","pricing_caption":"","pricing_elfsight_apps_hide_column":"","pricing_elfsight_apps_url":"","pricing_codecanyon_price_caption":"","integration_category":[],"integration_request_title":"","integration_request_cta":"","integration_platform":"","integrations":[],"platform_category":[],"video_schema_markup":"","price":"","trial":"","benefits":[],"button_url":"","button_target_blank":"","button_nofollow":"","attributes":[],"tags":[],"tags_disable_links":"","hide_more_platforms":"","video_object":"","demo_hide_cta":"","demo_hide_cloud_options":"","pricing_title":"","pricing":[],"related_apps_title":"","related_apps_hidden":"","author":"","image":[],"title":"","job":"","social_networks":[]},"_links":{"self":[{"href":"https:\/\/elfsight.com\/de\/wp-json\/wp\/v2\/pages\/3986","targetHints":{"allow":["GET"]}}],"collection":[{"href":"https:\/\/elfsight.com\/de\/wp-json\/wp\/v2\/pages"}],"about":[{"href":"https:\/\/elfsight.com\/de\/wp-json\/wp\/v2\/types\/page"}],"author":[{"embeddable":true,"href":"https:\/\/elfsight.com\/de\/wp-json\/wp\/v2\/users\/13"}],"replies":[{"embeddable":true,"href":"https:\/\/elfsight.com\/de\/wp-json\/wp\/v2\/comments?post=3986"}],"version-history":[{"count":2,"href":"https:\/\/elfsight.com\/de\/wp-json\/wp\/v2\/pages\/3986\/revisions"}],"predecessor-version":[{"id":3988,"href":"https:\/\/elfsight.com\/de\/wp-json\/wp\/v2\/pages\/3986\/revisions\/3988"}],"wp:attachment":[{"href":"https:\/\/elfsight.com\/de\/wp-json\/wp\/v2\/media?parent=3986"}],"curies":[{"name":"wp","href":"https:\/\/api.w.org\/{rel}","templated":true}]}}