{"id":3982,"date":"2021-05-11T08:52:49","date_gmt":"2021-05-11T08:52:49","guid":{"rendered":"https:\/\/elfsight.com\/de\/?page_id=3982"},"modified":"2021-05-11T09:14:33","modified_gmt":"2021-05-11T09:14:33","slug":"webador-widgets","status":"publish","type":"page","link":"https:\/\/elfsight.com\/de\/webador-widgets\/","title":{"rendered":"Webador widgets"},"content":{"rendered":"\n<h2>Besondere reaktionsschnelle Werkzeuge f\u00fcr Ihre Webador Webseite<\/h2>\n\n\n<p>Seit vielen Jahren hat Elfsight Team viele v\u00f6llig n\u00fctzlichen und einfachen Werkzeuge f\u00fcr Webador Webseiten gebaut. Mit Hilfe unserer Plugins k\u00f6nnen Sie viel mehr Leads sammeln, Ihren Gewinn steigern, jederzeit \u00fcber Chats mit Kunden in Kontakt bleiben und andere gesch\u00e4ftlichen Herausforderungen l\u00f6sen. <\/p> \n\n<p>Elfsight Team pr\u00e4sentiert eine gro\u00dfe Auswahl von Preism\u00f6glichkeiten: von kostenfrei bis zu Premium. Ausbauen Ihre Website-Funktionalit\u00e4t ohne Zusatzkosten. <\/p>\n\n\n<h2>Warum brauchen viele Website-Inhaber unsere Widgets? <\/h2>\n\n<p>Hier sind die anschlie\u00dfende Auflistung der ausstehenden Vorz\u00fcge: <\/p> \n<ul>\n<li>Kostenfreie Installationsunterst\u00fctzung des Apps; <\/li>\n\n<li>Voll ansprechende f\u00fcr jedes Ger\u00e4t; <\/li>\n\n<li>Keine \u0421odierung; <\/li>\n\n<li>Eine gro\u00dfe Auswahl von anpassbare und einsatzf\u00e4hige Schablonen; <\/li>\n\n<li>Einfacher Konfigurator; <\/li>\n\n<li>Die Cloud-basierte L\u00f6sungen f\u00fcr hoher Ladegeschwindigkeit; <\/li> \n\n<li>Die regul\u00e4re automatische Updates; <\/li> \n\n<li>Professionelle Hilfe von erfahrenen Elfsight Team. <\/li> \n<\/ul>\n\n<p>Testen Sie mit unentgeltlichen Version. Pr\u00fcfen Sie alle Funktionen oder erwerben Sie ein beliebiges Widget mit 20% Skonto. <\/p> \n\n<h2>Wie kann man ein Widget auf Webador Website einf\u00fcgen? <\/h2> \n<p>Um ein Werkzeug auf der Website hinzuzuf\u00fcgen, sehen Sie einfach die folgenden Anweisungen|folgen Sie einfach den Schritten: <\/p>\n<ol>\n<li>Finden Sie das optimal Widget und w\u00e4hlen Sie die entsprechenden Einstellungen. Speichern Sie die \u00c4nderungen. <\/li> \n\n<li>Kopieren und f\u00fcgen Sie den Code hinzu um das Widget auf Ihrer Seite einzubinden. <\/li>\n\n<li>Vollbracht! Sie haben das Werkzeug erfolgreich auf der Webador Website eingebettet. <\/li>\n<\/ol>\n<p>Wenn Sie eine kostenfreie Beratung f\u00fcr die Einbindung des Widgets ben\u00f6tigen, dann k\u00f6nnen Sie sich unseren professionellen Elfsight Support wenden. <\/p>\n","protected":false},"excerpt":{"rendered":"Besondere reaktionsschnelle Werkzeuge f\u00fcr Ihre Webador Webseite Seit vielen Jahren hat Elfsight Team viele v\u00f6llig n\u00fctzlichen und einfachen Werkzeuge f\u00fcr Webador Webseiten gebaut. Mit Hilfe unserer Plugins k\u00f6nnen Sie viel mehr Leads sammeln, Ihren Gewinn steigern, jederzeit \u00fcber Chats mit Kunden in Kontakt bleiben und andere gesch\u00e4ftlichen Herausforderungen l\u00f6sen. Elfsight&#8230;","protected":false},"author":13,"featured_media":0,"parent":0,"menu_order":0,"comment_status":"closed","ping_status":"closed","template":"templates\/template-platform.php","meta":{"publish_to_discourse":"","publish_post_category":"","wpdc_auto_publish_overridden":"","wpdc_topic_tags":"","wpdc_pin_topic":"","wpdc_pin_until":"","discourse_post_id":"","discourse_permalink":"","wpdc_publishing_response":"","wpdc_publishing_error":"","footnotes":""},"class_list":["post-3982","page","type-page","status-publish","hentry"],"yoast_head":"<!-- This site is optimized with the Yoast SEO plugin v25.3.1 - https:\/\/yoast.com\/wordpress\/plugins\/seo\/ -->\n<title>Webador-Widgets - eine der besten L\u00f6sungen f\u00fcr Webador-Website<\/title>\n<meta name=\"description\" content=\"Vielfalt von zuverl\u00e4ssig kostenlosen Oberfl\u00e4chenelemente f\u00fcr Webador Seiten. Hilfe mit der Personalisierung und unbegrenzte Features.\" \/>\n<meta name=\"robots\" content=\"index, follow, max-snippet:-1, max-image-preview:large, max-video-preview:-1\" \/>\n<link rel=\"canonical\" href=\"https:\/\/elfsight.com\/de\/webador-widgets\/\" \/>\n<meta property=\"og:locale\" content=\"de_DE\" \/>\n<meta property=\"og:type\" content=\"article\" \/>\n<meta property=\"og:title\" content=\"Webador-Widgets - eine der besten L\u00f6sungen f\u00fcr Webador-Website\" \/>\n<meta property=\"og:description\" content=\"Vielfalt von zuverl\u00e4ssig kostenlosen Oberfl\u00e4chenelemente f\u00fcr Webador Seiten. Hilfe mit der Personalisierung und unbegrenzte Features.\" \/>\n<meta property=\"og:url\" content=\"https:\/\/elfsight.com\/de\/webador-widgets\/\" \/>\n<meta property=\"og:site_name\" content=\"Elfsight DE\" \/>\n<meta property=\"article:modified_time\" content=\"2021-05-11T09:14:33+00:00\" \/>\n<meta name=\"twitter:card\" content=\"summary_large_image\" \/>\n<meta name=\"twitter:label1\" content=\"Gesch\u00e4tzte Lesezeit\" \/>\n\t<meta name=\"twitter:data1\" content=\"1\u00a0Minute\" \/>\n<!-- \/ Yoast SEO plugin. -->","yoast_head_json":{"title":"Webador-Widgets - eine der besten L\u00f6sungen f\u00fcr Webador-Website","description":"Vielfalt von zuverl\u00e4ssig kostenlosen Oberfl\u00e4chenelemente f\u00fcr Webador Seiten. Hilfe mit der Personalisierung und unbegrenzte Features.","robots":{"index":"index","follow":"follow","max-snippet":"max-snippet:-1","max-image-preview":"max-image-preview:large","max-video-preview":"max-video-preview:-1"},"canonical":"https:\/\/elfsight.com\/de\/webador-widgets\/","og_locale":"de_DE","og_type":"article","og_title":"Webador-Widgets - eine der besten L\u00f6sungen f\u00fcr Webador-Website","og_description":"Vielfalt von zuverl\u00e4ssig kostenlosen Oberfl\u00e4chenelemente f\u00fcr Webador Seiten. Hilfe mit der Personalisierung und unbegrenzte Features.","og_url":"https:\/\/elfsight.com\/de\/webador-widgets\/","og_site_name":"Elfsight DE","article_modified_time":"2021-05-11T09:14:33+00:00","twitter_card":"summary_large_image","twitter_misc":{"Gesch\u00e4tzte Lesezeit":"1\u00a0Minute"},"schema":{"@context":"https:\/\/schema.org","@graph":[{"@type":"WebPage","@id":"https:\/\/elfsight.com\/de\/webador-widgets\/","url":"https:\/\/elfsight.com\/de\/webador-widgets\/","name":"Webador-Widgets - eine der besten L\u00f6sungen f\u00fcr Webador-Website","isPartOf":{"@id":"https:\/\/elfsight.com\/de\/#website"},"datePublished":"2021-05-11T08:52:49+00:00","dateModified":"2021-05-11T09:14:33+00:00","description":"Vielfalt von zuverl\u00e4ssig kostenlosen Oberfl\u00e4chenelemente f\u00fcr Webador Seiten. Hilfe mit der Personalisierung und unbegrenzte Features.","breadcrumb":{"@id":"https:\/\/elfsight.com\/de\/webador-widgets\/#breadcrumb"},"inLanguage":"de","potentialAction":[{"@type":"ReadAction","target":["https:\/\/elfsight.com\/de\/webador-widgets\/"]}]},{"@type":"BreadcrumbList","@id":"https:\/\/elfsight.com\/de\/webador-widgets\/#breadcrumb","itemListElement":[{"@type":"ListItem","position":1,"name":"Home","item":"https:\/\/elfsight.com\/de\/"},{"@type":"ListItem","position":2,"name":"Webador widgets"}]},{"@type":"WebSite","@id":"https:\/\/elfsight.com\/de\/#website","url":"https:\/\/elfsight.com\/de\/","name":"Elfsight DE","description":"Just another Elfsight Sites site","potentialAction":[{"@type":"SearchAction","target":{"@type":"EntryPoint","urlTemplate":"https:\/\/elfsight.com\/de\/?s={search_term_string}"},"query-input":{"@type":"PropertyValueSpecification","valueRequired":true,"valueName":"search_term_string"}}],"inLanguage":"de"}]}},"meta_box":{"industry":"","seo_heading":"","heading":"","description":"","cta_heading":"","cta_description":"","application":"","h1":"Die besten Webador-Widgets","h1_caption":"Dies ist die Liste von schl\u00fcsselfertigen Apps f\u00fcr Web-Seite, um seine Umsatz zu bessern und andere kommerzielle Zweck zu treffen. Die Werkzeuge kann leicht angepasst und installiert werden. Unsere Firma gew\u00e4hrt die unbeschr\u00e4nkte Reihe von Optionen und die beeindruckende technische Hilfe f\u00fcr alle Benutzer.","application_category":[],"applications_title":"Entdecken Sie alle besseren kostenfreien Webador L\u00f6sungen auf der Auswahl:","applications_request_title":"K\u00f6nnen Sie das richtige Widget nicht finden?","applications_request_button_text":"Fordern Sie ein Widget an","hero_text":"","hero_video":"","hero_video_schema_markup":"","selling_points_title":"","selling_points_caption":"","selling_points":[],"selling_points_cta_text":"","features_title":"","features":"","ed_cta_examples_text":"","ed_cta_examples_hidden":"","ed_cta_demo_text":"","ed_cta_demo_hidden":"","why_caption":"","why_editor_title":"","why_editor_text":"","why_team_title":"","why_team_text":"","why_service_title":"","why_service_text":"","template_catalog_visible":"","template_catalog_title":"","template_catalog_text":"","template_catalog_categories_visible":"","demo_title":"","demo_caption":"","default_faq_hidden":"","app_template_category":[],"platform":"3973","template_public_id":"","codecanyon_url":"","codecanyon_item_id":"","codecanyon_price":"","pricing_caption":"","pricing_elfsight_apps_hide_column":"","pricing_elfsight_apps_url":"","pricing_codecanyon_price_caption":"","integration_category":[],"integration_request_title":"","integration_request_cta":"","integration_platform":"","integrations":[],"platform_category":[],"video_schema_markup":"","price":"","trial":"","benefits":[],"button_url":"","button_target_blank":"","button_nofollow":"","attributes":[],"tags":[],"tags_disable_links":"","hide_more_platforms":"","video_object":"","demo_hide_cta":"","demo_hide_cloud_options":"","pricing_title":"","pricing":[],"related_apps_title":"","related_apps_hidden":"","author":"","image":[],"title":"","job":"","social_networks":[]},"_links":{"self":[{"href":"https:\/\/elfsight.com\/de\/wp-json\/wp\/v2\/pages\/3982","targetHints":{"allow":["GET"]}}],"collection":[{"href":"https:\/\/elfsight.com\/de\/wp-json\/wp\/v2\/pages"}],"about":[{"href":"https:\/\/elfsight.com\/de\/wp-json\/wp\/v2\/types\/page"}],"author":[{"embeddable":true,"href":"https:\/\/elfsight.com\/de\/wp-json\/wp\/v2\/users\/13"}],"replies":[{"embeddable":true,"href":"https:\/\/elfsight.com\/de\/wp-json\/wp\/v2\/comments?post=3982"}],"version-history":[{"count":2,"href":"https:\/\/elfsight.com\/de\/wp-json\/wp\/v2\/pages\/3982\/revisions"}],"predecessor-version":[{"id":3984,"href":"https:\/\/elfsight.com\/de\/wp-json\/wp\/v2\/pages\/3982\/revisions\/3984"}],"wp:attachment":[{"href":"https:\/\/elfsight.com\/de\/wp-json\/wp\/v2\/media?parent=3982"}],"curies":[{"name":"wp","href":"https:\/\/api.w.org\/{rel}","templated":true}]}}