{"id":3962,"date":"2021-04-28T06:02:42","date_gmt":"2021-04-28T06:02:42","guid":{"rendered":"https:\/\/elfsight.com\/de\/?page_id=3962"},"modified":"2022-03-21T09:57:58","modified_gmt":"2022-03-21T09:57:58","slug":"pricing","status":"publish","type":"page","link":"https:\/\/elfsight.com\/de\/subscription-form-widget\/pricing\/","title":{"rendered":"Subscription Form &#8211; Pricing"},"content":{"rendered":"\n<div class=\"faq\" data-component=\"FAQ\">\n<div class=\"faq-item\">\r\n\t\t\t\t\t<div class=\"faq-item-question\">\r\n\t\t\t\t\t\t<h3 class=\"faq-item-question-text\"> Bieten Sie einen kostenlosen Plan f\u00fcr Ihre Widgets? <\/h3>\r\n\r\n\t\t\t\t\t\t<div class=\"faq-item-question-icon\"><\/div>\r\n\t\t\t\t\t<\/div>\r\n\r\n\t\t\t\t\t<div class=\"faq-item-answer\">\r\n\t\t\t\t\t\t<div class=\"faq-item-answer-text\">\n\nJa, stimmt. Elfsight liefert einen kostenlosen Tarif f\u00fcr die Widgets. Au\u00dferdem begrenzen wir die grundlegenden Funktionsweise und die Bearbeitungsoptionen nicht. Beeilen Sie sich alle Vorteile kostenfreier Elfsight-Apps f\u00fcr Ihr Unternehmen zu nutzen. \n<\/div>\r\n\t\t\t\t\t<\/div>\r\n\t\t\t\t<\/div>\n\n<div class=\"faq-item\">\r\n\t\t\t\t\t<div class=\"faq-item-question\">\r\n\t\t\t\t\t\t<h3 class=\"faq-item-question-text\">Bieten Sie eine Probezeit f\u00fcr Ihre Apps? <\/h3>\r\n\r\n\t\t\t\t\t\t<div class=\"faq-item-question-icon\"><\/div>\r\n\t\t\t\t\t<\/div>\r\n\r\n\t\t\t\t\t<div class=\"faq-item-answer\">\r\n\t\t\t\t\t\t<div class=\"faq-item-answer-text\">\n\nUnser kostenloses Abonnement hat keine Testzeitraum. Kunden k\u00f6nnen das Widget auf der Site so lange nutzen, wie Sie es brauchen. \n<\/div>\r\n\t\t\t\t\t<\/div>\r\n\t\t\t\t<\/div>\n\n<div class=\"faq-item\">\r\n\t\t\t\t\t<div class=\"faq-item-question\">\r\n\t\t\t\t\t\t<h3 class=\"faq-item-question-text\">Hat Elfsight einige Rabatt-Coupons? <\/h3>\r\n\r\n\t\t\t\t\t\t<div class=\"faq-item-question-icon\"><\/div>\r\n\t\t\t\t\t<\/div>\r\n\r\n\t\t\t\t\t<div class=\"faq-item-answer\">\r\n\t\t\t\t\t\t<div class=\"faq-item-answer-text\">\n\nJa, Sie k\u00f6nnen 20% Willkommensrabatt f\u00fcr Ihr erstes Plan erhalten. Bitte vergessen Sie nicht, dass Sie es innerhalb von 24 Stunden verwenden sollen. Dann erhalten Sie 30% Rabatt-Coupon f\u00fcr den zweiten Bezahlung eines zahlenden Tarifs. \n<\/div>\r\n\t\t\t\t\t<\/div>\r\n\t\t\t\t<\/div>\n\n<div class=\"faq-item\">\r\n\t\t\t\t\t<div class=\"faq-item-question\">\r\n\t\t\t\t\t\t<h3 class=\"faq-item-question-text\">Kann ich mein Abonnement f\u00fcr das Widget, das ich bereits habe, sp\u00e4ter \u00e4ndern? <\/h3>\r\n\r\n\t\t\t\t\t\t<div class=\"faq-item-question-icon\"><\/div>\r\n\t\t\t\t\t<\/div>\r\n\r\n\t\t\t\t\t<div class=\"faq-item-answer\">\r\n\t\t\t\t\t\t<div class=\"faq-item-answer-text\">\n\nNat\u00fcrlich! Benutzer k\u00f6nnen das Plan jederzeit \u00e4ndern oder zur\u00fccktreten. Das Geld geschenkt f\u00fcr vorherigen Plan wird zu einem neuen Kauf neu berechnet. \n<\/div>\r\n\t\t\t\t\t<\/div>\r\n\t\t\t\t<\/div>\n\n<div class=\"faq-item\">\r\n\t\t\t\t\t<div class=\"faq-item-question\">\r\n\t\t\t\t\t\t<h3 class=\"faq-item-question-text\">Was bedeutet die Limitierung von der Zahl der Plugin-Aufrufe? <\/h3>\r\n\r\n\t\t\t\t\t\t<div class=\"faq-item-question-icon\"><\/div>\r\n\t\t\t\t\t<\/div>\r\n\r\n\t\t\t\t\t<div class=\"faq-item-answer\">\r\n\t\t\t\t\t\t<div class=\"faq-item-answer-text\">\n\nDie Anzahl der Ansichten umfasst die Menge der Widget-Laden auf Ihrer Website. Dies bezeichnet die Vielzahl der eindeutigen auf einer Webseite mit den Widgets nicht. \nDie Anzahl der Views betr\u00e4gt pro Monat und wird jeden Monat verl\u00e4ngt und liegt an Ihrem Tarif. \n<\/div>\r\n\t\t\t\t\t<\/div>\r\n\t\t\t\t<\/div>\n\n<div class=\"faq-item\">\r\n\t\t\t\t\t<div class=\"faq-item-question\">\r\n\t\t\t\t\t\t<h3 class=\"faq-item-question-text\">Auf wie viele Webseiten kann ich das Widget hinzuf\u00fcgen? <\/h3>\r\n\r\n\t\t\t\t\t\t<div class=\"faq-item-question-icon\"><\/div>\r\n\t\t\t\t\t<\/div>\r\n\r\n\t\t\t\t\t<div class=\"faq-item-answer\">\r\n\t\t\t\t\t\t<div class=\"faq-item-answer-text\">\n\nWenn Sie einen kostenlosen Tarif erhalten, k\u00f6nnen Sie das App nur auf einer Seite generieren. \nIn den zahlenden Pl\u00e4nen gibt es keine Beschr\u00e4nkungen &#8211; Sie k\u00f6nnen so viele Widgets f\u00fcr Ihre Website erstellen wie Sie wollen. \n<\/div>\r\n\t\t\t\t\t<\/div>\r\n\t\t\t\t<\/div>\n\n<div class=\"faq-item\">\r\n\t\t\t\t\t<div class=\"faq-item-question\">\r\n\t\t\t\t\t\t<h3 class=\"faq-item-question-text\">Kann ich eine kostenlose Installationshilfe von Ihrem Support-Team erhalten? <\/h3>\r\n\r\n\t\t\t\t\t\t<div class=\"faq-item-question-icon\"><\/div>\r\n\t\t\t\t\t<\/div>\r\n\r\n\t\t\t\t\t<div class=\"faq-item-answer\">\r\n\t\t\t\t\t\t<div class=\"faq-item-answer-text\">\n\nJa, unseres Team liefert allen Elfsight Benutzern gratis Support bei der Aufbau und Einbetten des Plugins. Elfsight Benutzer k\u00f6nnen unser professionelles Support-Team kontaktieren. \n<\/div>\r\n\t\t\t\t\t<\/div>\r\n\t\t\t\t<\/div>\n<\/div>\n","protected":false},"excerpt":{"rendered":"","protected":false},"author":13,"featured_media":0,"parent":3941,"menu_order":0,"comment_status":"closed","ping_status":"closed","template":"templates\/template-application-pricing.php","meta":{"publish_to_discourse":"","publish_post_category":"","wpdc_auto_publish_overridden":"","wpdc_topic_tags":"","wpdc_pin_topic":"","wpdc_pin_until":"","discourse_post_id":"","discourse_permalink":"","wpdc_publishing_response":"","wpdc_publishing_error":"","footnotes":""},"class_list":["post-3962","page","type-page","status-publish","hentry"],"yoast_head":"<!-- This site is optimized with the Yoast SEO plugin v25.3.1 - https:\/\/yoast.com\/wordpress\/plugins\/seo\/ -->\n<title>Elfsight Anmeldeformular f\u00fcr die Website - Preise (kostenlos und premium)<\/title>\n<meta name=\"description\" content=\"Erstellen Ihr Abonnementformular f\u00fcr Website zum niedrigsten Preis! Die Tarife f\u00fcr das Newsletter-Widget reichen von kostenlos bis premium.\" \/>\n<meta name=\"robots\" content=\"index, follow, max-snippet:-1, max-image-preview:large, max-video-preview:-1\" \/>\n<link rel=\"canonical\" href=\"https:\/\/elfsight.com\/de\/subscription-form-widget\/pricing\/\" \/>\n<meta property=\"og:locale\" content=\"de_DE\" \/>\n<meta property=\"og:type\" content=\"article\" \/>\n<meta property=\"og:title\" content=\"Elfsight Anmeldeformular f\u00fcr die Website - Preise (kostenlos und premium)\" \/>\n<meta property=\"og:description\" content=\"Erstellen Ihr Abonnementformular f\u00fcr Website zum niedrigsten Preis! Die Tarife f\u00fcr das Newsletter-Widget reichen von kostenlos bis premium.\" \/>\n<meta property=\"og:url\" content=\"https:\/\/elfsight.com\/de\/subscription-form-widget\/pricing\/\" \/>\n<meta property=\"og:site_name\" content=\"Elfsight DE\" \/>\n<meta property=\"article:modified_time\" content=\"2022-03-21T09:57:58+00:00\" \/>\n<meta name=\"twitter:card\" content=\"summary_large_image\" \/>\n<meta name=\"twitter:label1\" content=\"Gesch\u00e4tzte Lesezeit\" \/>\n\t<meta name=\"twitter:data1\" content=\"2\u00a0Minuten\" \/>\n<!-- \/ Yoast SEO plugin. -->","yoast_head_json":{"title":"Elfsight Anmeldeformular f\u00fcr die Website - Preise (kostenlos und premium)","description":"Erstellen Ihr Abonnementformular f\u00fcr Website zum niedrigsten Preis! Die Tarife f\u00fcr das Newsletter-Widget reichen von kostenlos bis premium.","robots":{"index":"index","follow":"follow","max-snippet":"max-snippet:-1","max-image-preview":"max-image-preview:large","max-video-preview":"max-video-preview:-1"},"canonical":"https:\/\/elfsight.com\/de\/subscription-form-widget\/pricing\/","og_locale":"de_DE","og_type":"article","og_title":"Elfsight Anmeldeformular f\u00fcr die Website - Preise (kostenlos und premium)","og_description":"Erstellen Ihr Abonnementformular f\u00fcr Website zum niedrigsten Preis! Die Tarife f\u00fcr das Newsletter-Widget reichen von kostenlos bis premium.","og_url":"https:\/\/elfsight.com\/de\/subscription-form-widget\/pricing\/","og_site_name":"Elfsight DE","article_modified_time":"2022-03-21T09:57:58+00:00","twitter_card":"summary_large_image","twitter_misc":{"Gesch\u00e4tzte Lesezeit":"2\u00a0Minuten"},"schema":{"@context":"https:\/\/schema.org","@graph":[{"@type":"WebPage","@id":"https:\/\/elfsight.com\/de\/subscription-form-widget\/pricing\/","url":"https:\/\/elfsight.com\/de\/subscription-form-widget\/pricing\/","name":"Elfsight Anmeldeformular f\u00fcr die Website - Preise (kostenlos und premium)","isPartOf":{"@id":"https:\/\/elfsight.com\/de\/#website"},"datePublished":"2021-04-28T06:02:42+00:00","dateModified":"2022-03-21T09:57:58+00:00","description":"Erstellen Ihr Abonnementformular f\u00fcr Website zum niedrigsten Preis! Die Tarife f\u00fcr das Newsletter-Widget reichen von kostenlos bis premium.","breadcrumb":{"@id":"https:\/\/elfsight.com\/de\/subscription-form-widget\/pricing\/#breadcrumb"},"inLanguage":"de","potentialAction":[{"@type":"ReadAction","target":["https:\/\/elfsight.com\/de\/subscription-form-widget\/pricing\/"]}]},{"@type":"BreadcrumbList","@id":"https:\/\/elfsight.com\/de\/subscription-form-widget\/pricing\/#breadcrumb","itemListElement":[{"@type":"ListItem","position":1,"name":"Home","item":"https:\/\/elfsight.com\/de\/"},{"@type":"ListItem","position":2,"name":"Subscription Form","item":"https:\/\/elfsight.com\/de\/subscription-form-widget\/"},{"@type":"ListItem","position":3,"name":"Subscription Form &#8211; Pricing"}]},{"@type":"WebSite","@id":"https:\/\/elfsight.com\/de\/#website","url":"https:\/\/elfsight.com\/de\/","name":"Elfsight DE","description":"Just another Elfsight Sites site","potentialAction":[{"@type":"SearchAction","target":{"@type":"EntryPoint","urlTemplate":"https:\/\/elfsight.com\/de\/?s={search_term_string}"},"query-input":{"@type":"PropertyValueSpecification","valueRequired":true,"valueName":"search_term_string"}}],"inLanguage":"de"}]}},"meta_box":{"industry":"","seo_heading":"","heading":"","description":"","cta_heading":"","cta_description":"","application":"3940","h1":"","h1_caption":"","application_category":[],"applications_title":"","applications_request_title":"","applications_request_button_text":"","hero_text":"","hero_video":"","hero_video_schema_markup":"","selling_points_title":"","selling_points_caption":"","selling_points":[],"selling_points_cta_text":"","features_title":"","features":"","ed_cta_examples_text":"","ed_cta_examples_hidden":"","ed_cta_demo_text":"","ed_cta_demo_hidden":"","why_caption":"","why_editor_title":"","why_editor_text":"","why_team_title":"","why_team_text":"","why_service_title":"","why_service_text":"","template_catalog_visible":"","template_catalog_title":"","template_catalog_text":"","template_catalog_categories_visible":"","demo_title":"","demo_caption":"","default_faq_hidden":"1","app_template_category":[],"platform":"","template_public_id":"","codecanyon_url":"","codecanyon_item_id":"","codecanyon_price":"","pricing_caption":"","pricing_elfsight_apps_hide_column":"","pricing_elfsight_apps_url":"","pricing_codecanyon_price_caption":"","integration_category":[],"integration_request_title":"","integration_request_cta":"","integration_platform":"","integrations":[],"platform_category":[],"video_schema_markup":"","price":"","trial":"","benefits":[],"button_url":"","button_target_blank":"","button_nofollow":"","attributes":[],"tags":[],"tags_disable_links":"","hide_more_platforms":"","video_object":"","demo_hide_cta":"","demo_hide_cloud_options":"","pricing_title":"","pricing":[],"related_apps_title":"","related_apps_hidden":"","author":"","image":[],"title":"","job":"","social_networks":[]},"_links":{"self":[{"href":"https:\/\/elfsight.com\/de\/wp-json\/wp\/v2\/pages\/3962","targetHints":{"allow":["GET"]}}],"collection":[{"href":"https:\/\/elfsight.com\/de\/wp-json\/wp\/v2\/pages"}],"about":[{"href":"https:\/\/elfsight.com\/de\/wp-json\/wp\/v2\/types\/page"}],"author":[{"embeddable":true,"href":"https:\/\/elfsight.com\/de\/wp-json\/wp\/v2\/users\/13"}],"replies":[{"embeddable":true,"href":"https:\/\/elfsight.com\/de\/wp-json\/wp\/v2\/comments?post=3962"}],"version-history":[{"count":4,"href":"https:\/\/elfsight.com\/de\/wp-json\/wp\/v2\/pages\/3962\/revisions"}],"predecessor-version":[{"id":7039,"href":"https:\/\/elfsight.com\/de\/wp-json\/wp\/v2\/pages\/3962\/revisions\/7039"}],"up":[{"embeddable":true,"href":"https:\/\/elfsight.com\/de\/wp-json\/wp\/v2\/pages\/3941"}],"wp:attachment":[{"href":"https:\/\/elfsight.com\/de\/wp-json\/wp\/v2\/media?parent=3962"}],"curies":[{"name":"wp","href":"https:\/\/api.w.org\/{rel}","templated":true}]}}