{"id":394,"date":"2020-02-27T07:11:03","date_gmt":"2020-02-27T07:11:03","guid":{"rendered":"https:\/\/elfsight.com\/de\/?page_id=394"},"modified":"2021-12-15T11:52:54","modified_gmt":"2021-12-15T11:52:54","slug":"squarespace-plugins","status":"publish","type":"page","link":"https:\/\/elfsight.com\/de\/squarespace-plugins\/","title":{"rendered":"Squarespace Plugins"},"content":{"rendered":"\n<p>F\u00fcr 9 Jahre hat Elfsight Kompanie viele vollkommen effektiven und einfachen Werkzeuge f\u00fcr Squarespace  Webseiten gestellt. Mit Hilfe dieser Apps k\u00f6nnen Sie die Benutzerinteraktion erh\u00f6hen, die Funktionalit\u00e4t der Website verbessern,jederzeit \u00fcber Chats mit Kunden in Kontakt bleiben und andere gesch\u00e4ftlichen Herausforderungen l\u00f6sen.<\/p> \n\n<p>Elfsight Team verschafft eine gro\u00dfe Auswahl von Preism\u00f6glichkeiten: von kostenlos bis zu Premium. Ausbauen Ihre Website ohne Zusatzausgaben.<\/p>\n\n\n<h2>Warum geniessen viele Website-Besitzer unsere Widgets?<\/h2>\n\n<p>Finden Sie die nachstehende Vielfalt der herausragenden Vorz\u00fcge:<\/p> \n<ul>\n<li> Kostenloser Installation-Support  des Widgets;<\/li>\n\n<li>Absolut reaktionsschnelle f\u00fcr jeden Bildschirm; <\/li>\n\n<li>Keine Programmierkenntnisse erforderlich;<\/li>\n\n<li>Eine breite Palette von anpassbare und fertige Templates;<\/li>\n\n<li>Intuitive Konfigurator;<\/li>\n\n<li>Die Cloud-basierte Widgets f\u00fcr hoher Ladegeschwindigkeit; <\/li>                                                                                                                \n\n<li>Die regelm\u00e4\u00dfige automatische Updates;<\/li> \n\n<li>Schnelle Hilfe von freuflichen Elfsight Team.<\/li> \n<\/ul>\n\n<p>Testen  Sie mit kostenlosen Widget. Pr\u00fcfen Sie alle Leistungsf\u00e4higkeiten oder bekommen Sie jedes App mit 20% Skonto. <\/p> \n\n<h2>Wie kann ich ein Plugin auf Squarespace Website integrieren?<\/h2> \n<p>Um ein Plugin auf der Web-Seite einzubinden, lesen Sie einfach die folgenden Anweisungen: <\/p>\n<ol>\n<li>Finden Sie das entsprechend Werkzeug und \u00e4ndern Sie die Einstellungen. Speichern Sie die \u00c4nderungen.<\/li> \n\n<li>Kopieren und f\u00fcgen Sie den Code hinzu um das Plugin auf Ihrer Seite zu integrieren. <\/li>\n\n<li>Vollbracht! Sie haben das App erfolgreich auf der Squarespace Site installiert. <\/li>\n<\/ol>\n<p>Falls Sie eine kostenlose Empfehlung f\u00fcr die Installation des Widgets brauchen, dann k\u00f6nnen Sie sich unseren technischen Elfsight Support wenden.<\/p>\n","protected":false},"excerpt":{"rendered":"F\u00fcr 9 Jahre hat Elfsight Kompanie viele vollkommen effektiven und einfachen Werkzeuge f\u00fcr Squarespace Webseiten gestellt. Mit Hilfe dieser Apps k\u00f6nnen Sie die Benutzerinteraktion erh\u00f6hen, die Funktionalit\u00e4t der Website verbessern,jederzeit \u00fcber Chats mit Kunden in Kontakt bleiben und andere gesch\u00e4ftlichen Herausforderungen l\u00f6sen. Elfsight Team verschafft eine gro\u00dfe Auswahl von Preism\u00f6glichkeiten:&#8230;","protected":false},"author":11,"featured_media":0,"parent":0,"menu_order":0,"comment_status":"closed","ping_status":"closed","template":"templates\/template-platform.php","meta":{"publish_to_discourse":"","publish_post_category":"","wpdc_auto_publish_overridden":"","wpdc_topic_tags":"","wpdc_pin_topic":"","wpdc_pin_until":"","discourse_post_id":"","discourse_permalink":"","wpdc_publishing_response":"","wpdc_publishing_error":"","footnotes":""},"class_list":["post-394","page","type-page","status-publish","hentry"],"yoast_head":"<!-- This site is optimized with the Yoast SEO plugin v25.3.1 - https:\/\/yoast.com\/wordpress\/plugins\/seo\/ -->\n<title>Die kostenlosen Squarespace Widgets f\u00fcr Ihre Website (2025)<\/title>\n<meta name=\"description\" content=\"Vielfalt von besseren gratis Miniprogramme gerade f\u00fcr Ihre Squarespace Seiten. Hilfe zu der Personalisierung und unbeschr\u00e4nkte Funktionen.\" \/>\n<meta name=\"robots\" content=\"index, follow, max-snippet:-1, max-image-preview:large, max-video-preview:-1\" \/>\n<link rel=\"canonical\" href=\"https:\/\/elfsight.com\/de\/squarespace-plugins\/\" \/>\n<meta property=\"og:locale\" content=\"de_DE\" \/>\n<meta property=\"og:type\" content=\"article\" \/>\n<meta property=\"og:title\" content=\"Die kostenlosen Squarespace Widgets f\u00fcr Ihre Website (2025)\" \/>\n<meta property=\"og:description\" content=\"Vielfalt von besseren gratis Miniprogramme gerade f\u00fcr Ihre Squarespace Seiten. Hilfe zu der Personalisierung und unbeschr\u00e4nkte Funktionen.\" \/>\n<meta property=\"og:url\" content=\"https:\/\/elfsight.com\/de\/squarespace-plugins\/\" \/>\n<meta property=\"og:site_name\" content=\"Elfsight DE\" \/>\n<meta property=\"article:modified_time\" content=\"2021-12-15T11:52:54+00:00\" \/>\n<meta name=\"twitter:card\" content=\"summary_large_image\" \/>\n<meta name=\"twitter:label1\" content=\"Gesch\u00e4tzte Lesezeit\" \/>\n\t<meta name=\"twitter:data1\" content=\"1\u00a0Minute\" \/>\n<!-- \/ Yoast SEO plugin. -->","yoast_head_json":{"title":"Die kostenlosen Squarespace Widgets f\u00fcr Ihre Website (2025)","description":"Vielfalt von besseren gratis Miniprogramme gerade f\u00fcr Ihre Squarespace Seiten. Hilfe zu der Personalisierung und unbeschr\u00e4nkte Funktionen.","robots":{"index":"index","follow":"follow","max-snippet":"max-snippet:-1","max-image-preview":"max-image-preview:large","max-video-preview":"max-video-preview:-1"},"canonical":"https:\/\/elfsight.com\/de\/squarespace-plugins\/","og_locale":"de_DE","og_type":"article","og_title":"Die kostenlosen Squarespace Widgets f\u00fcr Ihre Website (2025)","og_description":"Vielfalt von besseren gratis Miniprogramme gerade f\u00fcr Ihre Squarespace Seiten. Hilfe zu der Personalisierung und unbeschr\u00e4nkte Funktionen.","og_url":"https:\/\/elfsight.com\/de\/squarespace-plugins\/","og_site_name":"Elfsight DE","article_modified_time":"2021-12-15T11:52:54+00:00","twitter_card":"summary_large_image","twitter_misc":{"Gesch\u00e4tzte Lesezeit":"1\u00a0Minute"},"schema":{"@context":"https:\/\/schema.org","@graph":[{"@type":"WebPage","@id":"https:\/\/elfsight.com\/de\/squarespace-plugins\/","url":"https:\/\/elfsight.com\/de\/squarespace-plugins\/","name":"Die kostenlosen Squarespace Widgets f\u00fcr Ihre Website (2025)","isPartOf":{"@id":"https:\/\/elfsight.com\/de\/#website"},"datePublished":"2020-02-27T07:11:03+00:00","dateModified":"2021-12-15T11:52:54+00:00","description":"Vielfalt von besseren gratis Miniprogramme gerade f\u00fcr Ihre Squarespace Seiten. Hilfe zu der Personalisierung und unbeschr\u00e4nkte Funktionen.","breadcrumb":{"@id":"https:\/\/elfsight.com\/de\/squarespace-plugins\/#breadcrumb"},"inLanguage":"de","potentialAction":[{"@type":"ReadAction","target":["https:\/\/elfsight.com\/de\/squarespace-plugins\/"]}]},{"@type":"BreadcrumbList","@id":"https:\/\/elfsight.com\/de\/squarespace-plugins\/#breadcrumb","itemListElement":[{"@type":"ListItem","position":1,"name":"Home","item":"https:\/\/elfsight.com\/de\/"},{"@type":"ListItem","position":2,"name":"Squarespace Plugins"}]},{"@type":"WebSite","@id":"https:\/\/elfsight.com\/de\/#website","url":"https:\/\/elfsight.com\/de\/","name":"Elfsight DE","description":"Just another Elfsight Sites site","potentialAction":[{"@type":"SearchAction","target":{"@type":"EntryPoint","urlTemplate":"https:\/\/elfsight.com\/de\/?s={search_term_string}"},"query-input":{"@type":"PropertyValueSpecification","valueRequired":true,"valueName":"search_term_string"}}],"inLanguage":"de"}]}},"meta_box":{"industry":"","seo_heading":"","heading":"","description":"","cta_heading":"","cta_description":"","application":"","h1":"Beste reaktionsschnelle L\u00f6sungen f\u00fcr Ihre Squarespace Web-Seite","h1_caption":"Dies ist die Liste von einsatzbereiten Werkzeuge f\u00fcr Internetseite, um Ihre Verk\u00e4ufe zu f\u00f6rdern und wesentliche wirtschaftliche Zweck zu treffen. Die Widgets kann m\u00fchelos benutzerdefiniert und eingebettet werden. Unsere Kompanie verschafft die unbegrenzte Reihe von Optionen und die beeindruckende technische Support f\u00fcr alle Kunden.","application_category":[],"applications_title":"Probieren Sie alle hochwertigen kostenfreien Squarespace Bedienelemente von der Auflistung:","applications_request_title":"Haben Sie das gew\u00fcnschte Widget nicht gefunden?","applications_request_button_text":"Fordern Sie ein Widget an","hero_text":"","hero_video":"","hero_video_schema_markup":"","selling_points_title":"","selling_points_caption":"","selling_points":[],"selling_points_cta_text":"","features_title":"","features":"","ed_cta_examples_text":"","ed_cta_examples_hidden":"","ed_cta_demo_text":"","ed_cta_demo_hidden":"","why_caption":"","why_editor_title":"","why_editor_text":"","why_team_title":"","why_team_text":"","why_service_title":"","why_service_text":"","template_catalog_visible":"","template_catalog_title":"","template_catalog_text":"","template_catalog_categories_visible":"","demo_title":"","demo_caption":"","default_faq_hidden":"","app_template_category":[],"platform":"252","template_public_id":"","codecanyon_url":"","codecanyon_item_id":"","codecanyon_price":"","pricing_caption":"","pricing_elfsight_apps_hide_column":"","pricing_elfsight_apps_url":"","pricing_codecanyon_price_caption":"","integration_category":[],"integration_request_title":"","integration_request_cta":"","integration_platform":"","integrations":[],"platform_category":[],"video_schema_markup":"","price":"","trial":"","benefits":[],"button_url":"","button_target_blank":"","button_nofollow":"","attributes":[],"tags":[],"tags_disable_links":"","hide_more_platforms":"","video_object":"","demo_hide_cta":"","demo_hide_cloud_options":"","pricing_title":"","pricing":[],"related_apps_title":"","related_apps_hidden":"","author":"","image":[],"title":"","job":"","social_networks":[]},"_links":{"self":[{"href":"https:\/\/elfsight.com\/de\/wp-json\/wp\/v2\/pages\/394","targetHints":{"allow":["GET"]}}],"collection":[{"href":"https:\/\/elfsight.com\/de\/wp-json\/wp\/v2\/pages"}],"about":[{"href":"https:\/\/elfsight.com\/de\/wp-json\/wp\/v2\/types\/page"}],"author":[{"embeddable":true,"href":"https:\/\/elfsight.com\/de\/wp-json\/wp\/v2\/users\/11"}],"replies":[{"embeddable":true,"href":"https:\/\/elfsight.com\/de\/wp-json\/wp\/v2\/comments?post=394"}],"version-history":[{"count":4,"href":"https:\/\/elfsight.com\/de\/wp-json\/wp\/v2\/pages\/394\/revisions"}],"predecessor-version":[{"id":3068,"href":"https:\/\/elfsight.com\/de\/wp-json\/wp\/v2\/pages\/394\/revisions\/3068"}],"wp:attachment":[{"href":"https:\/\/elfsight.com\/de\/wp-json\/wp\/v2\/media?parent=394"}],"curies":[{"name":"wp","href":"https:\/\/api.w.org\/{rel}","templated":true}]}}