{"id":392,"date":"2020-02-27T07:04:19","date_gmt":"2020-02-27T07:04:19","guid":{"rendered":"https:\/\/elfsight.com\/de\/?page_id=392"},"modified":"2021-12-15T11:53:43","modified_gmt":"2021-12-15T11:53:43","slug":"webflow-integrations","status":"publish","type":"page","link":"https:\/\/elfsight.com\/de\/webflow-integrations\/","title":{"rendered":"Webflow Widgets"},"content":{"rendered":"\n<p>Seit etlichen Jahren hat Elfsight Firma viele absolut effizienten und responsiven L\u00f6sungen f\u00fcr Webflow  Websites realisiert. Mit Hilfe dieser Apps k\u00f6nnen Sie viel mehr Leads sammeln, Ihren Gewinn steigern, jederzeit \u00fcber Chats mit Kunden in Kontakt bleiben und andere unternehmerischen Herausforderungen l\u00f6sen.<\/p> \n\n<p>Elfsight Team offeriert eine breite Vielfalt von Preisoptionen: von kostenlos bis zu Premium. Erweitern Ihre Website ohne Zusatzkosten.<\/p>\n\n\n<h2>Warum brauchen viele Website-Betreibern unsere Widgets?<\/h2>\n\n<p>Hier sind die anschlie\u00dfende Sammlung der besonderen Vorteile:<\/p> \n<ul>\n<li> Gratis Installationsservice  des Apps;<\/li>\n\n<li>V\u00f6llig ansprechende f\u00fcr jedes Ger\u00e4t; <\/li>\n\n<li>Keine Kodierung;<\/li>\n\n<li>Eine Vielzahl von anpassbare und benutzerfreundliche Vorlagen;<\/li>\n\n<li>Einfach zu bedienende Konfigurator;<\/li>\n\n<li>Die Cloud-Dienste f\u00fcr hoher Ladegeschwindigkeit; <\/li>                                                                                                                \n\n<li>Die regul\u00e4re automatische Updates;<\/li> \n\n<li>Hochqualifizierte Hilfe von freuflichen Elfsight Team.<\/li> \n<\/ul>\n\n<p>Testen  Sie mit Demo-Plan. Pr\u00fcfen Sie alle Leistungsf\u00e4higkeiten oder erwerben Sie richtiges Plugin mit 20% Skonto. <\/p> \n\n<h2>Wie kann ich ein Widgetauf Webflow Website integrieren?<\/h2> \n<p>Um ein Widgetauf der Web-Seite zu integrieren, lesen Sie einfach die folgenden Anweisungen: <\/p>\n<ol>\n<li>Bestimmen Sie das richtig Werkzeug und w\u00e4hlen Sie die entsprechenden Einstellungen. Klicken Sie auf Speichern.<\/li> \n\n<li>F\u00fcgen Sie Code hinzu um das Widgetauf Ihrer Webseite zu installieren. <\/li>\n\n<li>Widget-Integrierung ist erfolgreich durchgef\u00fchrt! <\/li>\n<\/ol>\n<p>Wenn Sie eine kostenfreie Empfehlung f\u00fcr die Installation des Widgets bed\u00fcrfen, dann k\u00f6nnen Sie sich unseren hochqualifizierten Elfsight Support wenden.<\/p>\n","protected":false},"excerpt":{"rendered":"Seit etlichen Jahren hat Elfsight Firma viele absolut effizienten und responsiven L\u00f6sungen f\u00fcr Webflow Websites realisiert. Mit Hilfe dieser Apps k\u00f6nnen Sie viel mehr Leads sammeln, Ihren Gewinn steigern, jederzeit \u00fcber Chats mit Kunden in Kontakt bleiben und andere unternehmerischen Herausforderungen l\u00f6sen. Elfsight Team offeriert eine breite Vielfalt von Preisoptionen:&#8230;","protected":false},"author":11,"featured_media":0,"parent":0,"menu_order":0,"comment_status":"closed","ping_status":"closed","template":"templates\/template-platform.php","meta":{"publish_to_discourse":"","publish_post_category":"","wpdc_auto_publish_overridden":"","wpdc_topic_tags":"","wpdc_pin_topic":"","wpdc_pin_until":"","discourse_post_id":"","discourse_permalink":"","wpdc_publishing_response":"","wpdc_publishing_error":"","footnotes":""},"class_list":["post-392","page","type-page","status-publish","hentry"],"yoast_head":"<!-- This site is optimized with the Yoast SEO plugin v25.3.1 - https:\/\/yoast.com\/wordpress\/plugins\/seo\/ -->\n<title>Die besten kostenlosen Webflow Widgets f\u00fcr Ihre Website (2025)<\/title>\n<meta name=\"description\" content=\"Vielfalt von bew\u00e4hrt kostenfreien Werkzeuge genau f\u00fcr Ihre Webflow Web-Seiten. Hilfe mit der Individualisierung und grenzenlose Features.\" \/>\n<meta name=\"robots\" content=\"index, follow, max-snippet:-1, max-image-preview:large, max-video-preview:-1\" \/>\n<link rel=\"canonical\" href=\"https:\/\/elfsight.com\/de\/webflow-integrations\/\" \/>\n<meta property=\"og:locale\" content=\"de_DE\" \/>\n<meta property=\"og:type\" content=\"article\" \/>\n<meta property=\"og:title\" content=\"Die besten kostenlosen Webflow Widgets f\u00fcr Ihre Website (2025)\" \/>\n<meta property=\"og:description\" content=\"Vielfalt von bew\u00e4hrt kostenfreien Werkzeuge genau f\u00fcr Ihre Webflow Web-Seiten. Hilfe mit der Individualisierung und grenzenlose Features.\" \/>\n<meta property=\"og:url\" content=\"https:\/\/elfsight.com\/de\/webflow-integrations\/\" \/>\n<meta property=\"og:site_name\" content=\"Elfsight DE\" \/>\n<meta property=\"article:modified_time\" content=\"2021-12-15T11:53:43+00:00\" \/>\n<meta name=\"twitter:card\" content=\"summary_large_image\" \/>\n<meta name=\"twitter:label1\" content=\"Gesch\u00e4tzte Lesezeit\" \/>\n\t<meta name=\"twitter:data1\" content=\"1\u00a0Minute\" \/>\n<!-- \/ Yoast SEO plugin. -->","yoast_head_json":{"title":"Die besten kostenlosen Webflow Widgets f\u00fcr Ihre Website (2025)","description":"Vielfalt von bew\u00e4hrt kostenfreien Werkzeuge genau f\u00fcr Ihre Webflow Web-Seiten. Hilfe mit der Individualisierung und grenzenlose Features.","robots":{"index":"index","follow":"follow","max-snippet":"max-snippet:-1","max-image-preview":"max-image-preview:large","max-video-preview":"max-video-preview:-1"},"canonical":"https:\/\/elfsight.com\/de\/webflow-integrations\/","og_locale":"de_DE","og_type":"article","og_title":"Die besten kostenlosen Webflow Widgets f\u00fcr Ihre Website (2025)","og_description":"Vielfalt von bew\u00e4hrt kostenfreien Werkzeuge genau f\u00fcr Ihre Webflow Web-Seiten. Hilfe mit der Individualisierung und grenzenlose Features.","og_url":"https:\/\/elfsight.com\/de\/webflow-integrations\/","og_site_name":"Elfsight DE","article_modified_time":"2021-12-15T11:53:43+00:00","twitter_card":"summary_large_image","twitter_misc":{"Gesch\u00e4tzte Lesezeit":"1\u00a0Minute"},"schema":{"@context":"https:\/\/schema.org","@graph":[{"@type":"WebPage","@id":"https:\/\/elfsight.com\/de\/webflow-integrations\/","url":"https:\/\/elfsight.com\/de\/webflow-integrations\/","name":"Die besten kostenlosen Webflow Widgets f\u00fcr Ihre Website (2025)","isPartOf":{"@id":"https:\/\/elfsight.com\/de\/#website"},"datePublished":"2020-02-27T07:04:19+00:00","dateModified":"2021-12-15T11:53:43+00:00","description":"Vielfalt von bew\u00e4hrt kostenfreien Werkzeuge genau f\u00fcr Ihre Webflow Web-Seiten. Hilfe mit der Individualisierung und grenzenlose Features.","breadcrumb":{"@id":"https:\/\/elfsight.com\/de\/webflow-integrations\/#breadcrumb"},"inLanguage":"de","potentialAction":[{"@type":"ReadAction","target":["https:\/\/elfsight.com\/de\/webflow-integrations\/"]}]},{"@type":"BreadcrumbList","@id":"https:\/\/elfsight.com\/de\/webflow-integrations\/#breadcrumb","itemListElement":[{"@type":"ListItem","position":1,"name":"Home","item":"https:\/\/elfsight.com\/de\/"},{"@type":"ListItem","position":2,"name":"Webflow Widgets"}]},{"@type":"WebSite","@id":"https:\/\/elfsight.com\/de\/#website","url":"https:\/\/elfsight.com\/de\/","name":"Elfsight DE","description":"Just another Elfsight Sites site","potentialAction":[{"@type":"SearchAction","target":{"@type":"EntryPoint","urlTemplate":"https:\/\/elfsight.com\/de\/?s={search_term_string}"},"query-input":{"@type":"PropertyValueSpecification","valueRequired":true,"valueName":"search_term_string"}}],"inLanguage":"de"}]}},"meta_box":{"industry":"","seo_heading":"","heading":"","description":"","cta_heading":"","cta_description":"","application":"","h1":"Hochwertige smart L\u00f6sungen f\u00fcr Ihre Webflow Website","h1_caption":"Dies ist die Auswahl von schl\u00fcsselfertigen Apps f\u00fcr Website, um seine Verk\u00e4ufe zu f\u00f6rdern und verschiedene wirtschaftliche Ziele zu treffen. Die s\u00e4mtliche Plugins kann m\u00fchelos adaptiert und eingebunden werden. Unsere Kompanie liefert die unbegrenzte Reihe von Funktionen und die hochqualifizierte technische Unterst\u00fctzung f\u00fcr alle Klienten.","application_category":[],"applications_title":"Versuchen Sie alle hochwertigen kostenfreien Webflow L\u00f6sungen auf der Vielfalt:","applications_request_title":"Haben Sie das gew\u00fcnschte Widget nicht gefunden?","applications_request_button_text":"Fordern Sie ein Widget an","hero_text":"","hero_video":"","hero_video_schema_markup":"","selling_points_title":"","selling_points_caption":"","selling_points":[],"selling_points_cta_text":"","features_title":"","features":"","ed_cta_examples_text":"","ed_cta_examples_hidden":"","ed_cta_demo_text":"","ed_cta_demo_hidden":"","why_caption":"","why_editor_title":"","why_editor_text":"","why_team_title":"","why_team_text":"","why_service_title":"","why_service_text":"","template_catalog_visible":"","template_catalog_title":"","template_catalog_text":"","template_catalog_categories_visible":"","demo_title":"","demo_caption":"","default_faq_hidden":"","app_template_category":[],"platform":"250","template_public_id":"","codecanyon_url":"","codecanyon_item_id":"","codecanyon_price":"","pricing_caption":"","pricing_elfsight_apps_hide_column":"","pricing_elfsight_apps_url":"","pricing_codecanyon_price_caption":"","integration_category":[],"integration_request_title":"","integration_request_cta":"","integration_platform":"","integrations":[],"platform_category":[],"video_schema_markup":"","price":"","trial":"","benefits":[],"button_url":"","button_target_blank":"","button_nofollow":"","attributes":[],"tags":[],"tags_disable_links":"","hide_more_platforms":"","video_object":"","demo_hide_cta":"","demo_hide_cloud_options":"","pricing_title":"","pricing":[],"related_apps_title":"","related_apps_hidden":"","author":"","image":[],"title":"","job":"","social_networks":[]},"_links":{"self":[{"href":"https:\/\/elfsight.com\/de\/wp-json\/wp\/v2\/pages\/392","targetHints":{"allow":["GET"]}}],"collection":[{"href":"https:\/\/elfsight.com\/de\/wp-json\/wp\/v2\/pages"}],"about":[{"href":"https:\/\/elfsight.com\/de\/wp-json\/wp\/v2\/types\/page"}],"author":[{"embeddable":true,"href":"https:\/\/elfsight.com\/de\/wp-json\/wp\/v2\/users\/11"}],"replies":[{"embeddable":true,"href":"https:\/\/elfsight.com\/de\/wp-json\/wp\/v2\/comments?post=392"}],"version-history":[{"count":3,"href":"https:\/\/elfsight.com\/de\/wp-json\/wp\/v2\/pages\/392\/revisions"}],"predecessor-version":[{"id":3066,"href":"https:\/\/elfsight.com\/de\/wp-json\/wp\/v2\/pages\/392\/revisions\/3066"}],"wp:attachment":[{"href":"https:\/\/elfsight.com\/de\/wp-json\/wp\/v2\/media?parent=392"}],"curies":[{"name":"wp","href":"https:\/\/api.w.org\/{rel}","templated":true}]}}