{"id":391,"date":"2020-02-27T06:58:52","date_gmt":"2020-02-27T06:58:52","guid":{"rendered":"https:\/\/elfsight.com\/de\/?page_id=391"},"modified":"2021-12-15T11:55:41","modified_gmt":"2021-12-15T11:55:41","slug":"weebly-apps","status":"publish","type":"page","link":"https:\/\/elfsight.com\/de\/weebly-apps\/","title":{"rendered":"Weebly Apps"},"content":{"rendered":"\n<p>\u00dcber 9 Jahre hat Elfsight Team viele v\u00f6llig praktischen und mobil-freundlichen Werkzeuge f\u00fcr Weebly  Webseiten gestellt. Mit Hilfe der Widgets k\u00f6nnen Sie viel mehr Leads sammeln, die Anzahl Ihrer Follower erh\u00f6hen, jederzeit \u00fcber Chats mit Kunden in Kontakt bleiben und andere unternehmerischen Herausforderungen l\u00f6sen.<\/p> \n\n<p>Elfsight Team liefert eine gro\u00dfe Auswahl von Preisoptionen: von gratis bis zu Premium. St\u00e4rken Ihre Website-Funktionalit\u00e4t ohne Zusatzkosten.<\/p>\n\n\n<h2>Warum sind unsere Weebly-Bedienelemente so einzigartig?<\/h2>\n\n<p>Finden Sie die nachstehende Sammlung der herausragenden Merkmale:<\/p> \n<ul>\n<li> Kostenloser Installationsservice  des Widgets;<\/li>\n\n<li>Ganz ansprechende f\u00fcr jeden Bildschirm; <\/li>\n\n<li>Ohne Codierung;<\/li>\n\n<li>Eine breite Palette von anpassbare und einsatzf\u00e4hige Schablonen;<\/li>\n\n<li>Einfach zu bedienende Konfigurator;<\/li>\n\n<li>Die Cloud-Services f\u00fcr hoher Ladegeschwindigkeit; <\/li>                                                                                                                \n\n<li>Die regul\u00e4re automatische Updates;<\/li> \n\n<li>Schnelle Unterst\u00fctzung von kompetent Elfsight Team.<\/li> \n<\/ul>\n\n<p> Probieren  Sie mit kostenlosen Plan. Zeigen Sie alle Potenzial oder erwerben Sie ein beliebiges Plugin mit 20% Erm\u00e4ssigung. <\/p> \n\n<h2>Wie kann man ein App auf Weebly Website einf\u00fcgen?<\/h2> \n<p>Um ein Werkzeug auf der Website einzuf\u00fcgen, sehen Sie einfach die folgenden Anweisungen: <\/p>\n<ol>\n<li>Bestimmen Sie das optimal Werkzeug und \u00e4ndern Sie die Einstellungen. Speichern Sie die \u00c4nderungen.<\/li> \n\n<li>Kopieren und f\u00fcgen Sie den Code hinzu um das App auf Ihrer Webseite zu integrieren. <\/li>\n\n<li>Getan! Sie haben das Plugin erfolgreich auf der Weebly Site eingebettet. <\/li>\n<\/ol>\n<p>Wenn Sie eine kostenfreie Hilfe brauchen, um das Widget zu installieren, dann unserer Support Team hilft Ihnen gerne weiter.<\/p>\n","protected":false},"excerpt":{"rendered":"\u00dcber 9 Jahre hat Elfsight Team viele v\u00f6llig praktischen und mobil-freundlichen Werkzeuge f\u00fcr Weebly Webseiten gestellt. Mit Hilfe der Widgets k\u00f6nnen Sie viel mehr Leads sammeln, die Anzahl Ihrer Follower erh\u00f6hen, jederzeit \u00fcber Chats mit Kunden in Kontakt bleiben und andere unternehmerischen Herausforderungen l\u00f6sen. Elfsight Team liefert eine gro\u00dfe Auswahl&#8230;","protected":false},"author":11,"featured_media":0,"parent":0,"menu_order":0,"comment_status":"closed","ping_status":"closed","template":"templates\/template-platform.php","meta":{"publish_to_discourse":"","publish_post_category":"","wpdc_auto_publish_overridden":"","wpdc_topic_tags":"","wpdc_pin_topic":"","wpdc_pin_until":"","discourse_post_id":"","discourse_permalink":"","wpdc_publishing_response":"","wpdc_publishing_error":"","footnotes":""},"class_list":["post-391","page","type-page","status-publish","hentry"],"yoast_head":"<!-- This site is optimized with the Yoast SEO plugin v25.3.1 - https:\/\/yoast.com\/wordpress\/plugins\/seo\/ -->\n<title>Die besten kostenlosen Weebly Apps f\u00fcr Ihre Website (2025)<\/title>\n<meta name=\"description\" content=\"Eine Auflistung von kostenfreien Oberfl\u00e4chenelemente besonders f\u00fcr Ihre Weebly Seiten. Hilfe zu der Anpassung und grenzenlose Funktionen.\" \/>\n<meta name=\"robots\" content=\"index, follow, max-snippet:-1, max-image-preview:large, max-video-preview:-1\" \/>\n<link rel=\"canonical\" href=\"https:\/\/elfsight.com\/de\/weebly-apps\/\" \/>\n<meta property=\"og:locale\" content=\"de_DE\" \/>\n<meta property=\"og:type\" content=\"article\" \/>\n<meta property=\"og:title\" content=\"Die besten kostenlosen Weebly Apps f\u00fcr Ihre Website (2025)\" \/>\n<meta property=\"og:description\" content=\"Eine Auflistung von kostenfreien Oberfl\u00e4chenelemente besonders f\u00fcr Ihre Weebly Seiten. Hilfe zu der Anpassung und grenzenlose Funktionen.\" \/>\n<meta property=\"og:url\" content=\"https:\/\/elfsight.com\/de\/weebly-apps\/\" \/>\n<meta property=\"og:site_name\" content=\"Elfsight DE\" \/>\n<meta property=\"article:modified_time\" content=\"2021-12-15T11:55:41+00:00\" \/>\n<meta name=\"twitter:card\" content=\"summary_large_image\" \/>\n<meta name=\"twitter:label1\" content=\"Gesch\u00e4tzte Lesezeit\" \/>\n\t<meta name=\"twitter:data1\" content=\"1\u00a0Minute\" \/>\n<!-- \/ Yoast SEO plugin. -->","yoast_head_json":{"title":"Die besten kostenlosen Weebly Apps f\u00fcr Ihre Website (2025)","description":"Eine Auflistung von kostenfreien Oberfl\u00e4chenelemente besonders f\u00fcr Ihre Weebly Seiten. Hilfe zu der Anpassung und grenzenlose Funktionen.","robots":{"index":"index","follow":"follow","max-snippet":"max-snippet:-1","max-image-preview":"max-image-preview:large","max-video-preview":"max-video-preview:-1"},"canonical":"https:\/\/elfsight.com\/de\/weebly-apps\/","og_locale":"de_DE","og_type":"article","og_title":"Die besten kostenlosen Weebly Apps f\u00fcr Ihre Website (2025)","og_description":"Eine Auflistung von kostenfreien Oberfl\u00e4chenelemente besonders f\u00fcr Ihre Weebly Seiten. Hilfe zu der Anpassung und grenzenlose Funktionen.","og_url":"https:\/\/elfsight.com\/de\/weebly-apps\/","og_site_name":"Elfsight DE","article_modified_time":"2021-12-15T11:55:41+00:00","twitter_card":"summary_large_image","twitter_misc":{"Gesch\u00e4tzte Lesezeit":"1\u00a0Minute"},"schema":{"@context":"https:\/\/schema.org","@graph":[{"@type":"WebPage","@id":"https:\/\/elfsight.com\/de\/weebly-apps\/","url":"https:\/\/elfsight.com\/de\/weebly-apps\/","name":"Die besten kostenlosen Weebly Apps f\u00fcr Ihre Website (2025)","isPartOf":{"@id":"https:\/\/elfsight.com\/de\/#website"},"datePublished":"2020-02-27T06:58:52+00:00","dateModified":"2021-12-15T11:55:41+00:00","description":"Eine Auflistung von kostenfreien Oberfl\u00e4chenelemente besonders f\u00fcr Ihre Weebly Seiten. Hilfe zu der Anpassung und grenzenlose Funktionen.","breadcrumb":{"@id":"https:\/\/elfsight.com\/de\/weebly-apps\/#breadcrumb"},"inLanguage":"de","potentialAction":[{"@type":"ReadAction","target":["https:\/\/elfsight.com\/de\/weebly-apps\/"]}]},{"@type":"BreadcrumbList","@id":"https:\/\/elfsight.com\/de\/weebly-apps\/#breadcrumb","itemListElement":[{"@type":"ListItem","position":1,"name":"Home","item":"https:\/\/elfsight.com\/de\/"},{"@type":"ListItem","position":2,"name":"Weebly Apps"}]},{"@type":"WebSite","@id":"https:\/\/elfsight.com\/de\/#website","url":"https:\/\/elfsight.com\/de\/","name":"Elfsight DE","description":"Just another Elfsight Sites site","potentialAction":[{"@type":"SearchAction","target":{"@type":"EntryPoint","urlTemplate":"https:\/\/elfsight.com\/de\/?s={search_term_string}"},"query-input":{"@type":"PropertyValueSpecification","valueRequired":true,"valueName":"search_term_string"}}],"inLanguage":"de"}]}},"meta_box":{"industry":"","seo_heading":"","heading":"","description":"","cta_heading":"","cta_description":"","application":"","h1":"Optimale responsive L\u00f6sungen f\u00fcr Ihre Weebly Seite","h1_caption":"Dies ist die Sammlung von erstklassigen Widgets f\u00fcr Internetseite, um seine Nutzerbindung zu verbessern und andere kommerzielle Zweck zu erzielen. Diese Werkzeuge kann einfach adaptiert und aktiviert werden. Unsere Firma verschafft die grenzenlose Anzahl von Merkmalen und die professionelle technische Hilfe f\u00fcr alle Klienten.","application_category":[],"applications_title":"Testen Sie alle erstklassigen kostenfreien Weebly Oberfl\u00e4chenelemente in der Auflistung:","applications_request_title":"Haben Sie das gew\u00fcnschte App nicht gefunden?","applications_request_button_text":"Fordern Sie ein App an","hero_text":"","hero_video":"","hero_video_schema_markup":"","selling_points_title":"","selling_points_caption":"","selling_points":[],"selling_points_cta_text":"","features_title":"","features":"","ed_cta_examples_text":"","ed_cta_examples_hidden":"","ed_cta_demo_text":"","ed_cta_demo_hidden":"","why_caption":"","why_editor_title":"","why_editor_text":"","why_team_title":"","why_team_text":"","why_service_title":"","why_service_text":"","template_catalog_visible":"","template_catalog_title":"","template_catalog_text":"","template_catalog_categories_visible":"","demo_title":"","demo_caption":"","default_faq_hidden":"","app_template_category":[],"platform":"249","template_public_id":"","codecanyon_url":"","codecanyon_item_id":"","codecanyon_price":"","pricing_caption":"","pricing_elfsight_apps_hide_column":"","pricing_elfsight_apps_url":"","pricing_codecanyon_price_caption":"","integration_category":[],"integration_request_title":"","integration_request_cta":"","integration_platform":"","integrations":[],"platform_category":[],"video_schema_markup":"","price":"","trial":"","benefits":[],"button_url":"","button_target_blank":"","button_nofollow":"","attributes":[],"tags":[],"tags_disable_links":"","hide_more_platforms":"","video_object":"","demo_hide_cta":"","demo_hide_cloud_options":"","pricing_title":"","pricing":[],"related_apps_title":"","related_apps_hidden":"","author":"","image":[],"title":"","job":"","social_networks":[]},"_links":{"self":[{"href":"https:\/\/elfsight.com\/de\/wp-json\/wp\/v2\/pages\/391","targetHints":{"allow":["GET"]}}],"collection":[{"href":"https:\/\/elfsight.com\/de\/wp-json\/wp\/v2\/pages"}],"about":[{"href":"https:\/\/elfsight.com\/de\/wp-json\/wp\/v2\/types\/page"}],"author":[{"embeddable":true,"href":"https:\/\/elfsight.com\/de\/wp-json\/wp\/v2\/users\/11"}],"replies":[{"embeddable":true,"href":"https:\/\/elfsight.com\/de\/wp-json\/wp\/v2\/comments?post=391"}],"version-history":[{"count":4,"href":"https:\/\/elfsight.com\/de\/wp-json\/wp\/v2\/pages\/391\/revisions"}],"predecessor-version":[{"id":3065,"href":"https:\/\/elfsight.com\/de\/wp-json\/wp\/v2\/pages\/391\/revisions\/3065"}],"wp:attachment":[{"href":"https:\/\/elfsight.com\/de\/wp-json\/wp\/v2\/media?parent=391"}],"curies":[{"name":"wp","href":"https:\/\/api.w.org\/{rel}","templated":true}]}}