{"id":390,"date":"2020-02-27T06:50:13","date_gmt":"2020-02-27T06:50:13","guid":{"rendered":"https:\/\/elfsight.com\/de\/?page_id=390"},"modified":"2021-12-15T11:54:56","modified_gmt":"2021-12-15T11:54:56","slug":"webnode-plugins","status":"publish","type":"page","link":"https:\/\/elfsight.com\/de\/webnode-plugins\/","title":{"rendered":"Webnode Plugins"},"content":{"rendered":"\n<p>F\u00fcr einige Jahre hat Elfsight  viele vollkommen komfortablen und mobil-freundlichen L\u00f6sungen f\u00fcr Webnode  Websites gestellt. Mit Hilfe der Werkzeuge k\u00f6nnen Sie die Benutzerinteraktion erh\u00f6hen, Ihren Gewinn steigern,jederzeit \u00fcber Chats mit Kunden in Kontakt bleiben und andere gesch\u00e4ftlichen Herausforderungen l\u00f6sen.<\/p> \n\n<p>Elfsight Team liefert eine gro\u00dfe Auswahl von Preisoptionen: von kostenfrei bis zu Premium. Ausbauen Ihre Website ohne zus\u00e4tzlichen Ausgaben.<\/p>\n\n\n<h2>Warum lieben viele Website-Besitzer unsere Widgets?<\/h2>\n\n<p> Lesen Sie die folgende Serie der speziellen Leistungen:<\/p> \n<ul>\n<li> Kostenloser Installation-Support  des Plugins;<\/li>\n\n<li>Ganz mobil-freundliche f\u00fcr jedes Ger\u00e4t; <\/li>\n\n<li>Ohne Programmierung;<\/li>\n\n<li>Eine breite Palette von anpassbare und benutzerfreundliche Schablonen;<\/li>\n\n<li>Einfache Benutzeroberfl\u00e4che;<\/li>\n\n<li>Die Cloud-Dienste f\u00fcr hoher Ladegeschwindigkeit; <\/li>                                                                                                                \n\n<li>Die regul\u00e4re automatische Updat;<\/li> \n\n<li>Fachliche Hilfe von erfahrenen Elfsight Team.<\/li> \n<\/ul>\n\n<p> Probieren  Sie mit  unentgeltlichen Version. Bewerten Sie alle Funktionen oder integrieren Sie ausgew\u00e4hlte Plugin mit 20% Skonto. <\/p> \n\n<h2>Wie kann ich ein Plugin auf Webnode Website integrieren?<\/h2> \n<p>Um ein Werkzeug auf der Web-Seite einzubinden, lesen Sie einfach die folgenden Anweisungen|folgen Sie einfach den Schritten: <\/p>\n<ol>\n<li>W\u00e4hlen Sie das optimal Plugin und \u00e4ndern Sie die Einstellungen. Klicken Sie auf Speichern.<\/li> \n\n<li>Kopieren und f\u00fcgen Sie den Code hinzu um das Plugin auf Ihrer Website einzubetten. <\/li>\n\n<li>Getan! Sie haben das App erfolgreich auf der Webnode Webseite hinzugef\u00fcgt. <\/li>\n<\/ol>\n<p>Falls Sie eine kostenfreie Beratung ben\u00f6tigen, um das Widget hinzuzuf\u00fcgen, dann k\u00f6nnen Sie sich unseren professionellen Elfsight Support wenden.<\/p>\n","protected":false},"excerpt":{"rendered":"F\u00fcr einige Jahre hat Elfsight viele vollkommen komfortablen und mobil-freundlichen L\u00f6sungen f\u00fcr Webnode Websites gestellt. Mit Hilfe der Werkzeuge k\u00f6nnen Sie die Benutzerinteraktion erh\u00f6hen, Ihren Gewinn steigern,jederzeit \u00fcber Chats mit Kunden in Kontakt bleiben und andere gesch\u00e4ftlichen Herausforderungen l\u00f6sen. Elfsight Team liefert eine gro\u00dfe Auswahl von Preisoptionen: von kostenfrei bis&#8230;","protected":false},"author":11,"featured_media":0,"parent":0,"menu_order":0,"comment_status":"closed","ping_status":"closed","template":"templates\/template-platform.php","meta":{"publish_to_discourse":"","publish_post_category":"","wpdc_auto_publish_overridden":"","wpdc_topic_tags":"","wpdc_pin_topic":"","wpdc_pin_until":"","discourse_post_id":"","discourse_permalink":"","wpdc_publishing_response":"","wpdc_publishing_error":"","footnotes":""},"class_list":["post-390","page","type-page","status-publish","hentry"],"yoast_head":"<!-- This site is optimized with the Yoast SEO plugin v25.3.1 - https:\/\/yoast.com\/wordpress\/plugins\/seo\/ -->\n<title>Die besten kostenlosen Webnode Plugins f\u00fcr Ihre Website (2025)<\/title>\n<meta name=\"description\" content=\"Eine Auflistung von kostenlosen Oberfl\u00e4chenelemente genau f\u00fcr Ihre Webnode Websites. Hilfe zu der Anpassung und unbeschr\u00e4nkte Features.\" \/>\n<meta name=\"robots\" content=\"index, follow, max-snippet:-1, max-image-preview:large, max-video-preview:-1\" \/>\n<link rel=\"canonical\" href=\"https:\/\/elfsight.com\/de\/webnode-plugins\/\" \/>\n<meta property=\"og:locale\" content=\"de_DE\" \/>\n<meta property=\"og:type\" content=\"article\" \/>\n<meta property=\"og:title\" content=\"Die besten kostenlosen Webnode Plugins f\u00fcr Ihre Website (2025)\" \/>\n<meta property=\"og:description\" content=\"Eine Auflistung von kostenlosen Oberfl\u00e4chenelemente genau f\u00fcr Ihre Webnode Websites. Hilfe zu der Anpassung und unbeschr\u00e4nkte Features.\" \/>\n<meta property=\"og:url\" content=\"https:\/\/elfsight.com\/de\/webnode-plugins\/\" \/>\n<meta property=\"og:site_name\" content=\"Elfsight DE\" \/>\n<meta property=\"article:modified_time\" content=\"2021-12-15T11:54:56+00:00\" \/>\n<meta name=\"twitter:card\" content=\"summary_large_image\" \/>\n<meta name=\"twitter:label1\" content=\"Gesch\u00e4tzte Lesezeit\" \/>\n\t<meta name=\"twitter:data1\" content=\"1\u00a0Minute\" \/>\n<!-- \/ Yoast SEO plugin. -->","yoast_head_json":{"title":"Die besten kostenlosen Webnode Plugins f\u00fcr Ihre Website (2025)","description":"Eine Auflistung von kostenlosen Oberfl\u00e4chenelemente genau f\u00fcr Ihre Webnode Websites. Hilfe zu der Anpassung und unbeschr\u00e4nkte Features.","robots":{"index":"index","follow":"follow","max-snippet":"max-snippet:-1","max-image-preview":"max-image-preview:large","max-video-preview":"max-video-preview:-1"},"canonical":"https:\/\/elfsight.com\/de\/webnode-plugins\/","og_locale":"de_DE","og_type":"article","og_title":"Die besten kostenlosen Webnode Plugins f\u00fcr Ihre Website (2025)","og_description":"Eine Auflistung von kostenlosen Oberfl\u00e4chenelemente genau f\u00fcr Ihre Webnode Websites. Hilfe zu der Anpassung und unbeschr\u00e4nkte Features.","og_url":"https:\/\/elfsight.com\/de\/webnode-plugins\/","og_site_name":"Elfsight DE","article_modified_time":"2021-12-15T11:54:56+00:00","twitter_card":"summary_large_image","twitter_misc":{"Gesch\u00e4tzte Lesezeit":"1\u00a0Minute"},"schema":{"@context":"https:\/\/schema.org","@graph":[{"@type":"WebPage","@id":"https:\/\/elfsight.com\/de\/webnode-plugins\/","url":"https:\/\/elfsight.com\/de\/webnode-plugins\/","name":"Die besten kostenlosen Webnode Plugins f\u00fcr Ihre Website (2025)","isPartOf":{"@id":"https:\/\/elfsight.com\/de\/#website"},"datePublished":"2020-02-27T06:50:13+00:00","dateModified":"2021-12-15T11:54:56+00:00","description":"Eine Auflistung von kostenlosen Oberfl\u00e4chenelemente genau f\u00fcr Ihre Webnode Websites. Hilfe zu der Anpassung und unbeschr\u00e4nkte Features.","breadcrumb":{"@id":"https:\/\/elfsight.com\/de\/webnode-plugins\/#breadcrumb"},"inLanguage":"de","potentialAction":[{"@type":"ReadAction","target":["https:\/\/elfsight.com\/de\/webnode-plugins\/"]}]},{"@type":"BreadcrumbList","@id":"https:\/\/elfsight.com\/de\/webnode-plugins\/#breadcrumb","itemListElement":[{"@type":"ListItem","position":1,"name":"Home","item":"https:\/\/elfsight.com\/de\/"},{"@type":"ListItem","position":2,"name":"Webnode Plugins"}]},{"@type":"WebSite","@id":"https:\/\/elfsight.com\/de\/#website","url":"https:\/\/elfsight.com\/de\/","name":"Elfsight DE","description":"Just another Elfsight Sites site","potentialAction":[{"@type":"SearchAction","target":{"@type":"EntryPoint","urlTemplate":"https:\/\/elfsight.com\/de\/?s={search_term_string}"},"query-input":{"@type":"PropertyValueSpecification","valueRequired":true,"valueName":"search_term_string"}}],"inLanguage":"de"}]}},"meta_box":{"industry":"","seo_heading":"","heading":"","description":"","cta_heading":"","cta_description":"","application":"","h1":"Effective smart Werkzeuge f\u00fcr Ihre Webnode Webseite","h1_caption":"Dies ist die Auflistung von schl\u00fcsselfertigen Bedienelemente f\u00fcr Webseite, um Ihre Kundenbindung zu st\u00e4rken und wesentliche kommerzielle Zweck zu erzielen. Die Bedienelemente kann schnell personalisiert und eingebunden werden. Elfsight Firma bringt die unendliche Anzahl von Merkmalen und die hochqualifizierte technische Hilfe f\u00fcr alle Klienten.","application_category":[],"applications_title":"Versuchen Sie alle erstklassigen kostenfreien Webnode Miniprogramme von der Serie:","applications_request_title":"Haben Sie das gew\u00fcnschte Plugin nicht gefunden?","applications_request_button_text":"Fordern Sie ein Plugin an","hero_text":"","hero_video":"","hero_video_schema_markup":"","selling_points_title":"","selling_points_caption":"","selling_points":[],"selling_points_cta_text":"","features_title":"","features":"","ed_cta_examples_text":"","ed_cta_examples_hidden":"","ed_cta_demo_text":"","ed_cta_demo_hidden":"","why_caption":"","why_editor_title":"","why_editor_text":"","why_team_title":"","why_team_text":"","why_service_title":"","why_service_text":"","template_catalog_visible":"","template_catalog_title":"","template_catalog_text":"","template_catalog_categories_visible":"","demo_title":"","demo_caption":"","default_faq_hidden":"","app_template_category":[],"platform":"248","template_public_id":"","codecanyon_url":"","codecanyon_item_id":"","codecanyon_price":"","pricing_caption":"","pricing_elfsight_apps_hide_column":"","pricing_elfsight_apps_url":"","pricing_codecanyon_price_caption":"","integration_category":[],"integration_request_title":"","integration_request_cta":"","integration_platform":"","integrations":[],"platform_category":[],"video_schema_markup":"","price":"","trial":"","benefits":[],"button_url":"","button_target_blank":"","button_nofollow":"","attributes":[],"tags":[],"tags_disable_links":"","hide_more_platforms":"","video_object":"","demo_hide_cta":"","demo_hide_cloud_options":"","pricing_title":"","pricing":[],"related_apps_title":"","related_apps_hidden":"","author":"","image":[],"title":"","job":"","social_networks":[]},"_links":{"self":[{"href":"https:\/\/elfsight.com\/de\/wp-json\/wp\/v2\/pages\/390","targetHints":{"allow":["GET"]}}],"collection":[{"href":"https:\/\/elfsight.com\/de\/wp-json\/wp\/v2\/pages"}],"about":[{"href":"https:\/\/elfsight.com\/de\/wp-json\/wp\/v2\/types\/page"}],"author":[{"embeddable":true,"href":"https:\/\/elfsight.com\/de\/wp-json\/wp\/v2\/users\/11"}],"replies":[{"embeddable":true,"href":"https:\/\/elfsight.com\/de\/wp-json\/wp\/v2\/comments?post=390"}],"version-history":[{"count":4,"href":"https:\/\/elfsight.com\/de\/wp-json\/wp\/v2\/pages\/390\/revisions"}],"predecessor-version":[{"id":3064,"href":"https:\/\/elfsight.com\/de\/wp-json\/wp\/v2\/pages\/390\/revisions\/3064"}],"wp:attachment":[{"href":"https:\/\/elfsight.com\/de\/wp-json\/wp\/v2\/media?parent=390"}],"curies":[{"name":"wp","href":"https:\/\/api.w.org\/{rel}","templated":true}]}}