{"id":388,"date":"2020-02-27T06:37:51","date_gmt":"2020-02-27T06:37:51","guid":{"rendered":"https:\/\/elfsight.com\/de\/?page_id=388"},"modified":"2020-09-16T15:01:14","modified_gmt":"2020-09-16T15:01:14","slug":"bigcartel-plugins","status":"publish","type":"page","link":"https:\/\/elfsight.com\/de\/bigcartel-plugins\/","title":{"rendered":"Big \u0421artel Plugins"},"content":{"rendered":"\n\n<p>Seit 9 Jahren hat Elfsight Kompanie viele vollkommen passenden und schlichten L\u00f6sungen f\u00fcr Big Cartel  Websites entworfen. Mit Hilfe dieser Widgets k\u00f6nnen Sie viel mehr Leads sammeln, die Qualit\u00e4t des Kundensupports verbessern, Kundenbewertungen aus sozialen Medien anzeigen und andere unternehmerischen Herausforderungen l\u00f6sen.<\/p> \n\n<p>Elfsight Team offeriert verschiedene Preisoptionen: von kostenfrei bis zu Premium.  Anreichern Ihre Website-Funktionalit\u00e4t ohne zus\u00e4tzlichen Kosten.<\/p>\n\n\n<h2>Was macht unsere Big Cartel-L\u00f6sungen diejenigen der besten?<\/h2>\n\n<p>Schauen Sie sich die nachstehende Liste der bestimmten Leistungen:<\/p> \n<ul>\n<li> Gratis Installationsservice  des Apps;<\/li>\n\n<li>Voll reaktionsschnelle f\u00fcr jedes Ger\u00e4t; <\/li>\n\n<li>Keine Programmierkenntnisse erforderlich;<\/li>\n\n<li>Eine Vielzahl von anpassbare und einsatzf\u00e4hige Templates;<\/li>\n\n<li>Bequeme Benutzeroberfl\u00e4che;<\/li>\n\n<li>Die Cloud-L\u00f6sungen f\u00fcr hoher Ladegeschwindigkeit; <\/li>                                                                                                                \n\n<li>Die regelm\u00e4\u00dfige automatische Updates;<\/li> \n\n<li>Fachliche Hilfe von kompetent Elfsight Team.<\/li> \n<\/ul>\n\n<p>Zugreifen  Sie mit kostenlosen Widget. Bewerten Sie alle M\u00f6glichkeiten oder bekommen Sie jedes App mit 20% Rabatt. <\/p> \n\n<h2>Wie kann ich ein Plugin auf Big Cartel Website einbinden?<\/h2> \n<p>Um ein Werkzeug auf der Website einzuf\u00fcgen, sehen Sie einfach die folgenden Anweisungen: <\/p>\n<ol>\n<li>Bestimmen Sie das entsprechend Plugin und \u00e4ndern Sie die Einstellungen. Klicken Sie auf Speichern.<\/li> \n\n<li>Kopieren und f\u00fcgen Sie den Code hinzu um das Plugin auf Ihrer Website einzubinden. <\/li>\n\n<li>Gemacht! Sie haben das App erfolgreich auf der Big Cartel Webseite installiert. <\/li>\n<\/ol>\n<p>Wenn Sie eine kostenlose Beratung brauchen, um das Widget zu installieren, dann unserer Support Team hilft Ihnen gerne weiter.<\/p>\n\n\n\n\n","protected":false},"excerpt":{"rendered":"Seit 9 Jahren hat Elfsight Kompanie viele vollkommen passenden und schlichten L\u00f6sungen f\u00fcr Big Cartel Websites entworfen. Mit Hilfe dieser Widgets k\u00f6nnen Sie viel mehr Leads sammeln, die Qualit\u00e4t des Kundensupports verbessern, Kundenbewertungen aus sozialen Medien anzeigen und andere unternehmerischen Herausforderungen l\u00f6sen. Elfsight Team offeriert verschiedene Preisoptionen: von kostenfrei bis&#8230;","protected":false},"author":11,"featured_media":0,"parent":0,"menu_order":0,"comment_status":"closed","ping_status":"closed","template":"templates\/template-platform.php","meta":{"publish_to_discourse":"","publish_post_category":"","wpdc_auto_publish_overridden":"","wpdc_topic_tags":"","wpdc_pin_topic":"","wpdc_pin_until":"","discourse_post_id":"","discourse_permalink":"","wpdc_publishing_response":"","wpdc_publishing_error":"","footnotes":""},"class_list":["post-388","page","type-page","status-publish","hentry"],"yoast_head":"<!-- This site is optimized with the Yoast SEO plugin v25.3.1 - https:\/\/yoast.com\/wordpress\/plugins\/seo\/ -->\n<title>Die besten kostenlosen Big \u0421artel Plugins f\u00fcr Ihre Website (2025)<\/title>\n<meta name=\"description\" content=\"Eine Reihe von bew\u00e4hrt kostenfreien L\u00f6sungen speziell f\u00fcr Ihre Big Cartel Seiten. Hilfe zu der Anpassung und unbeschr\u00e4nkte Reihe von Merkmalen.\" \/>\n<meta name=\"robots\" content=\"index, follow, max-snippet:-1, max-image-preview:large, max-video-preview:-1\" \/>\n<link rel=\"canonical\" href=\"https:\/\/elfsight.com\/de\/bigcartel-plugins\/\" \/>\n<meta property=\"og:locale\" content=\"de_DE\" \/>\n<meta property=\"og:type\" content=\"article\" \/>\n<meta property=\"og:title\" content=\"Die besten kostenlosen Big \u0421artel Plugins f\u00fcr Ihre Website (2025)\" \/>\n<meta property=\"og:description\" content=\"Eine Reihe von bew\u00e4hrt kostenfreien L\u00f6sungen speziell f\u00fcr Ihre Big Cartel Seiten. Hilfe zu der Anpassung und unbeschr\u00e4nkte Reihe von Merkmalen.\" \/>\n<meta property=\"og:url\" content=\"https:\/\/elfsight.com\/de\/bigcartel-plugins\/\" \/>\n<meta property=\"og:site_name\" content=\"Elfsight DE\" \/>\n<meta property=\"article:modified_time\" content=\"2020-09-16T15:01:14+00:00\" \/>\n<meta name=\"twitter:card\" content=\"summary_large_image\" \/>\n<meta name=\"twitter:label1\" content=\"Gesch\u00e4tzte Lesezeit\" \/>\n\t<meta name=\"twitter:data1\" content=\"1\u00a0Minute\" \/>\n<!-- \/ Yoast SEO plugin. -->","yoast_head_json":{"title":"Die besten kostenlosen Big \u0421artel Plugins f\u00fcr Ihre Website (2025)","description":"Eine Reihe von bew\u00e4hrt kostenfreien L\u00f6sungen speziell f\u00fcr Ihre Big Cartel Seiten. Hilfe zu der Anpassung und unbeschr\u00e4nkte Reihe von Merkmalen.","robots":{"index":"index","follow":"follow","max-snippet":"max-snippet:-1","max-image-preview":"max-image-preview:large","max-video-preview":"max-video-preview:-1"},"canonical":"https:\/\/elfsight.com\/de\/bigcartel-plugins\/","og_locale":"de_DE","og_type":"article","og_title":"Die besten kostenlosen Big \u0421artel Plugins f\u00fcr Ihre Website (2025)","og_description":"Eine Reihe von bew\u00e4hrt kostenfreien L\u00f6sungen speziell f\u00fcr Ihre Big Cartel Seiten. Hilfe zu der Anpassung und unbeschr\u00e4nkte Reihe von Merkmalen.","og_url":"https:\/\/elfsight.com\/de\/bigcartel-plugins\/","og_site_name":"Elfsight DE","article_modified_time":"2020-09-16T15:01:14+00:00","twitter_card":"summary_large_image","twitter_misc":{"Gesch\u00e4tzte Lesezeit":"1\u00a0Minute"},"schema":{"@context":"https:\/\/schema.org","@graph":[{"@type":"WebPage","@id":"https:\/\/elfsight.com\/de\/bigcartel-plugins\/","url":"https:\/\/elfsight.com\/de\/bigcartel-plugins\/","name":"Die besten kostenlosen Big \u0421artel Plugins f\u00fcr Ihre Website (2025)","isPartOf":{"@id":"https:\/\/elfsight.com\/de\/#website"},"datePublished":"2020-02-27T06:37:51+00:00","dateModified":"2020-09-16T15:01:14+00:00","description":"Eine Reihe von bew\u00e4hrt kostenfreien L\u00f6sungen speziell f\u00fcr Ihre Big Cartel Seiten. Hilfe zu der Anpassung und unbeschr\u00e4nkte Reihe von Merkmalen.","breadcrumb":{"@id":"https:\/\/elfsight.com\/de\/bigcartel-plugins\/#breadcrumb"},"inLanguage":"de","potentialAction":[{"@type":"ReadAction","target":["https:\/\/elfsight.com\/de\/bigcartel-plugins\/"]}]},{"@type":"BreadcrumbList","@id":"https:\/\/elfsight.com\/de\/bigcartel-plugins\/#breadcrumb","itemListElement":[{"@type":"ListItem","position":1,"name":"Home","item":"https:\/\/elfsight.com\/de\/"},{"@type":"ListItem","position":2,"name":"Big \u0421artel Plugins"}]},{"@type":"WebSite","@id":"https:\/\/elfsight.com\/de\/#website","url":"https:\/\/elfsight.com\/de\/","name":"Elfsight DE","description":"Just another Elfsight Sites site","potentialAction":[{"@type":"SearchAction","target":{"@type":"EntryPoint","urlTemplate":"https:\/\/elfsight.com\/de\/?s={search_term_string}"},"query-input":{"@type":"PropertyValueSpecification","valueRequired":true,"valueName":"search_term_string"}}],"inLanguage":"de"}]}},"meta_box":{"industry":"","seo_heading":"","heading":"","description":"","cta_heading":"","cta_description":"","application":"","h1":"Wirksame mobilfreundliche Werkzeuge f\u00fcr Ihre Big Cartel Website","h1_caption":"Dies ist die Auflistung von sch\u00f6nsten Werkzeuge f\u00fcr Website, um seine Anwenderaktivit\u00e4ten zu gestalten und wichtige gewerbliche Ziele zu erlangen. Alle Werkzeuge kann schnell adaptiert und installiert werden. Elfsight Kompanie bietet die unbegrenzte Reihe von Optionen und die qualifizierte technische Hilfe f\u00fcr alle Klienten.","application_category":[],"applications_title":"Probieren Sie alle wunderbaren kostenfreien Big Cartel Oberfl\u00e4chenelemente auf der Reihe:","applications_request_title":"Haben Sie das gew\u00fcnschte Plugin nicht gefunden","applications_request_button_text":"Fordern Sie ein Pligin an","hero_text":"","hero_video":"","hero_video_schema_markup":"","selling_points_title":"","selling_points_caption":"","selling_points":[],"selling_points_cta_text":"","features_title":"","features":"","ed_cta_examples_text":"","ed_cta_examples_hidden":"","ed_cta_demo_text":"","ed_cta_demo_hidden":"","why_caption":"","why_editor_title":"","why_editor_text":"","why_team_title":"","why_team_text":"","why_service_title":"","why_service_text":"","template_catalog_visible":"","template_catalog_title":"","template_catalog_text":"","template_catalog_categories_visible":"","demo_title":"","demo_caption":"","default_faq_hidden":"","app_template_category":[],"platform":"246","template_public_id":"","codecanyon_url":"","codecanyon_item_id":"","codecanyon_price":"","pricing_caption":"","pricing_elfsight_apps_hide_column":"","pricing_elfsight_apps_url":"","pricing_codecanyon_price_caption":"","integration_category":[],"integration_request_title":"","integration_request_cta":"","integration_platform":"","integrations":[],"platform_category":[],"video_schema_markup":"","price":"","trial":"","benefits":[],"button_url":"","button_target_blank":"","button_nofollow":"","attributes":[],"tags":[],"tags_disable_links":"","hide_more_platforms":"","video_object":"","demo_hide_cta":"","demo_hide_cloud_options":"","pricing_title":"","pricing":[],"related_apps_title":"","related_apps_hidden":"","author":"","image":[],"title":"","job":"","social_networks":[]},"_links":{"self":[{"href":"https:\/\/elfsight.com\/de\/wp-json\/wp\/v2\/pages\/388","targetHints":{"allow":["GET"]}}],"collection":[{"href":"https:\/\/elfsight.com\/de\/wp-json\/wp\/v2\/pages"}],"about":[{"href":"https:\/\/elfsight.com\/de\/wp-json\/wp\/v2\/types\/page"}],"author":[{"embeddable":true,"href":"https:\/\/elfsight.com\/de\/wp-json\/wp\/v2\/users\/11"}],"replies":[{"embeddable":true,"href":"https:\/\/elfsight.com\/de\/wp-json\/wp\/v2\/comments?post=388"}],"version-history":[{"count":3,"href":"https:\/\/elfsight.com\/de\/wp-json\/wp\/v2\/pages\/388\/revisions"}],"predecessor-version":[{"id":3062,"href":"https:\/\/elfsight.com\/de\/wp-json\/wp\/v2\/pages\/388\/revisions\/3062"}],"wp:attachment":[{"href":"https:\/\/elfsight.com\/de\/wp-json\/wp\/v2\/media?parent=388"}],"curies":[{"name":"wp","href":"https:\/\/api.w.org\/{rel}","templated":true}]}}