{"id":385,"date":"2020-02-27T06:16:08","date_gmt":"2020-02-27T06:16:08","guid":{"rendered":"https:\/\/elfsight.com\/de\/?page_id=385"},"modified":"2020-09-16T14:55:23","modified_gmt":"2020-09-16T14:55:23","slug":"ecwid-widgets","status":"publish","type":"page","link":"https:\/\/elfsight.com\/de\/ecwid-widgets\/","title":{"rendered":"Ecwid Widgets"},"content":{"rendered":"\n\n<p>Seit 9 Jahren hat Elfsight  viele absolut komfortablen und gebrauchsfertigen L\u00f6sungen f\u00fcr Ecwid  Websites entworfen. Mit Hilfe der Widgets k\u00f6nnen Sie die Benutzerinteraktion erh\u00f6hen, Ihren Gewinn steigern, jederzeit \u00fcber Chats mit Kunden in Kontakt bleiben und andere gesch\u00e4ftlichen Herausforderungen l\u00f6sen.<\/p> \n\n<p>Elfsight Team leistet eine breite Vielfalt von Peiswahlen: von kostenlos bis zu Premium. Vergr\u00f6\u00dfern Ihre Website-Funktionalit\u00e4t ohne Mehrkosten.<\/p>\n\n\n<h2>Warum geniessen viele Website-Betreibern unsere Widgets?<\/h2>\n\n<p>Untersuchen Sie die folgende \u00dcbersicht der wichtigsten Leistungen:<\/p> \n<ul>\n<li> Kostenloser Installation-Support  des Widgets;<\/li>\n\n<li>Voll ansprechende f\u00fcr jeden Bildschirm; <\/li>\n\n<li>Keine Programmierung;<\/li>\n\n<li>Eine breite Palette von anpassbare und fertige Schablonen;<\/li>\n\n<li>Einfacher Konfigurator;<\/li>\n\n<li>Die Cloud-Dienste f\u00fcr hoher Ladegeschwindigkeit; <\/li>                                                                                                                \n\n<li>Die regul\u00e4re automatische Aktualisierung;<\/li> \n\n<li>Schnelle Hilfe von freuflichen Elfsight Team.<\/li> \n<\/ul>\n\n<p>Starten  Sie mit Demo-Widget. Bewerten Sie alle Leistungsf\u00e4higkeiten oder erwerben Sie ein beliebiges Widget mit 20% Rabatt. <\/p> \n\n<h2>Wie kann ich ein Widget auf Ecwid Website integrieren?<\/h2> \n<p>Um ein Widget auf der Webseite hinzuzuf\u00fcgen, lesen Sie einfach die folgenden Anweisungen: <\/p>\n<ol>\n<li>Beschlie\u00dfen Sie das richtig Widget und passen Sie es an. Speichern Sie die \u00c4nderungen.<\/li> \n\n<li>F\u00fcgen Sie Code hinzu um das Widget auf Ihrer Webseite einzubetten. <\/li>\n\n<li>Getan! Sie haben das Werkzeug erfolgreich auf der Ecwid Webseite hinzugef\u00fcgt. <\/li>\n<\/ol>\n<p>Falls Sie eine kostenfreie Unterst\u00fctzung brauchen, um das Widget zu installieren, dann k\u00f6nnen Sie sich unseren technischen Elfsight Support wenden.<\/p>\n\n\n\n","protected":false},"excerpt":{"rendered":"Seit 9 Jahren hat Elfsight viele absolut komfortablen und gebrauchsfertigen L\u00f6sungen f\u00fcr Ecwid Websites entworfen. Mit Hilfe der Widgets k\u00f6nnen Sie die Benutzerinteraktion erh\u00f6hen, Ihren Gewinn steigern, jederzeit \u00fcber Chats mit Kunden in Kontakt bleiben und andere gesch\u00e4ftlichen Herausforderungen l\u00f6sen. Elfsight Team leistet eine breite Vielfalt von Peiswahlen: von kostenlos&#8230;","protected":false},"author":11,"featured_media":0,"parent":0,"menu_order":0,"comment_status":"closed","ping_status":"closed","template":"templates\/template-platform.php","meta":{"publish_to_discourse":"","publish_post_category":"","wpdc_auto_publish_overridden":"","wpdc_topic_tags":"","wpdc_pin_topic":"","wpdc_pin_until":"","discourse_post_id":"","discourse_permalink":"","wpdc_publishing_response":"","wpdc_publishing_error":"","footnotes":""},"class_list":["post-385","page","type-page","status-publish","hentry"],"yoast_head":"<!-- This site is optimized with the Yoast SEO plugin v25.3.1 - https:\/\/yoast.com\/wordpress\/plugins\/seo\/ -->\n<title>Die besten kostenlosen Ecwid Widgets f\u00fcr Ihre Website (2025)<\/title>\n<meta name=\"description\" content=\"Eine Reihe von problemlosen gratis Werkzeuge gerade f\u00fcr Ihre Ecwid Web-Seiten. Hilfe bei der Kundenbezogenheit und unbegrenzte Reihe von Optionen.\" \/>\n<meta name=\"robots\" content=\"index, follow, max-snippet:-1, max-image-preview:large, max-video-preview:-1\" \/>\n<link rel=\"canonical\" href=\"https:\/\/elfsight.com\/de\/ecwid-widgets\/\" \/>\n<meta property=\"og:locale\" content=\"de_DE\" \/>\n<meta property=\"og:type\" content=\"article\" \/>\n<meta property=\"og:title\" content=\"Die besten kostenlosen Ecwid Widgets f\u00fcr Ihre Website (2025)\" \/>\n<meta property=\"og:description\" content=\"Eine Reihe von problemlosen gratis Werkzeuge gerade f\u00fcr Ihre Ecwid Web-Seiten. Hilfe bei der Kundenbezogenheit und unbegrenzte Reihe von Optionen.\" \/>\n<meta property=\"og:url\" content=\"https:\/\/elfsight.com\/de\/ecwid-widgets\/\" \/>\n<meta property=\"og:site_name\" content=\"Elfsight DE\" \/>\n<meta property=\"article:modified_time\" content=\"2020-09-16T14:55:23+00:00\" \/>\n<meta name=\"twitter:card\" content=\"summary_large_image\" \/>\n<meta name=\"twitter:label1\" content=\"Gesch\u00e4tzte Lesezeit\" \/>\n\t<meta name=\"twitter:data1\" content=\"1\u00a0Minute\" \/>\n<!-- \/ Yoast SEO plugin. -->","yoast_head_json":{"title":"Die besten kostenlosen Ecwid Widgets f\u00fcr Ihre Website (2025)","description":"Eine Reihe von problemlosen gratis Werkzeuge gerade f\u00fcr Ihre Ecwid Web-Seiten. Hilfe bei der Kundenbezogenheit und unbegrenzte Reihe von Optionen.","robots":{"index":"index","follow":"follow","max-snippet":"max-snippet:-1","max-image-preview":"max-image-preview:large","max-video-preview":"max-video-preview:-1"},"canonical":"https:\/\/elfsight.com\/de\/ecwid-widgets\/","og_locale":"de_DE","og_type":"article","og_title":"Die besten kostenlosen Ecwid Widgets f\u00fcr Ihre Website (2025)","og_description":"Eine Reihe von problemlosen gratis Werkzeuge gerade f\u00fcr Ihre Ecwid Web-Seiten. Hilfe bei der Kundenbezogenheit und unbegrenzte Reihe von Optionen.","og_url":"https:\/\/elfsight.com\/de\/ecwid-widgets\/","og_site_name":"Elfsight DE","article_modified_time":"2020-09-16T14:55:23+00:00","twitter_card":"summary_large_image","twitter_misc":{"Gesch\u00e4tzte Lesezeit":"1\u00a0Minute"},"schema":{"@context":"https:\/\/schema.org","@graph":[{"@type":"WebPage","@id":"https:\/\/elfsight.com\/de\/ecwid-widgets\/","url":"https:\/\/elfsight.com\/de\/ecwid-widgets\/","name":"Die besten kostenlosen Ecwid Widgets f\u00fcr Ihre Website (2025)","isPartOf":{"@id":"https:\/\/elfsight.com\/de\/#website"},"datePublished":"2020-02-27T06:16:08+00:00","dateModified":"2020-09-16T14:55:23+00:00","description":"Eine Reihe von problemlosen gratis Werkzeuge gerade f\u00fcr Ihre Ecwid Web-Seiten. Hilfe bei der Kundenbezogenheit und unbegrenzte Reihe von Optionen.","breadcrumb":{"@id":"https:\/\/elfsight.com\/de\/ecwid-widgets\/#breadcrumb"},"inLanguage":"de","potentialAction":[{"@type":"ReadAction","target":["https:\/\/elfsight.com\/de\/ecwid-widgets\/"]}]},{"@type":"BreadcrumbList","@id":"https:\/\/elfsight.com\/de\/ecwid-widgets\/#breadcrumb","itemListElement":[{"@type":"ListItem","position":1,"name":"Home","item":"https:\/\/elfsight.com\/de\/"},{"@type":"ListItem","position":2,"name":"Ecwid Widgets"}]},{"@type":"WebSite","@id":"https:\/\/elfsight.com\/de\/#website","url":"https:\/\/elfsight.com\/de\/","name":"Elfsight DE","description":"Just another Elfsight Sites site","potentialAction":[{"@type":"SearchAction","target":{"@type":"EntryPoint","urlTemplate":"https:\/\/elfsight.com\/de\/?s={search_term_string}"},"query-input":{"@type":"PropertyValueSpecification","valueRequired":true,"valueName":"search_term_string"}}],"inLanguage":"de"}]}},"meta_box":{"industry":"","seo_heading":"","heading":"","description":"","cta_heading":"","cta_description":"","application":"","h1":"Perfekte ansprechbare L\u00f6sungen f\u00fcr Ihre Ecwid Webseite","h1_caption":"Dies ist die Auflistung von gebrauchsfertigen Bedienelemente f\u00fcr Webseite, um Ihre Konversion zu steigern und unterschiedliche gewerbliche Ziele zu erzielen. Die Plugins kann leicht benutzerdefiniert und integriert werden. Elfsight Firma bringt die grenzenlose Reihe von Merkmalen und die qualifizierte technische Support f\u00fcr alle Benutzer.","application_category":[],"applications_title":"Probieren Sie alle problemlosen kostenfreien Ecwid Bedienelemente auf der Sammlung::","applications_request_title":"Haben Sie das gew\u00fcnschte Widget nicht gefunden?","applications_request_button_text":"Fordern Sie ein Widget an","hero_text":"","hero_video":"","hero_video_schema_markup":"","selling_points_title":"","selling_points_caption":"","selling_points":[],"selling_points_cta_text":"","features_title":"","features":"","ed_cta_examples_text":"","ed_cta_examples_hidden":"","ed_cta_demo_text":"","ed_cta_demo_hidden":"","why_caption":"","why_editor_title":"","why_editor_text":"","why_team_title":"","why_team_text":"","why_service_title":"","why_service_text":"","template_catalog_visible":"","template_catalog_title":"","template_catalog_text":"","template_catalog_categories_visible":"","demo_title":"","demo_caption":"","default_faq_hidden":"","app_template_category":[],"platform":"242","template_public_id":"","codecanyon_url":"","codecanyon_item_id":"","codecanyon_price":"","pricing_caption":"","pricing_elfsight_apps_hide_column":"","pricing_elfsight_apps_url":"","pricing_codecanyon_price_caption":"","integration_category":[],"integration_request_title":"","integration_request_cta":"","integration_platform":"","integrations":[],"platform_category":[],"video_schema_markup":"","price":"","trial":"","benefits":[],"button_url":"","button_target_blank":"","button_nofollow":"","attributes":[],"tags":[],"tags_disable_links":"","hide_more_platforms":"","video_object":"","demo_hide_cta":"","demo_hide_cloud_options":"","pricing_title":"","pricing":[],"related_apps_title":"","related_apps_hidden":"","author":"","image":[],"title":"","job":"","social_networks":[]},"_links":{"self":[{"href":"https:\/\/elfsight.com\/de\/wp-json\/wp\/v2\/pages\/385","targetHints":{"allow":["GET"]}}],"collection":[{"href":"https:\/\/elfsight.com\/de\/wp-json\/wp\/v2\/pages"}],"about":[{"href":"https:\/\/elfsight.com\/de\/wp-json\/wp\/v2\/types\/page"}],"author":[{"embeddable":true,"href":"https:\/\/elfsight.com\/de\/wp-json\/wp\/v2\/users\/11"}],"replies":[{"embeddable":true,"href":"https:\/\/elfsight.com\/de\/wp-json\/wp\/v2\/comments?post=385"}],"version-history":[{"count":4,"href":"https:\/\/elfsight.com\/de\/wp-json\/wp\/v2\/pages\/385\/revisions"}],"predecessor-version":[{"id":3059,"href":"https:\/\/elfsight.com\/de\/wp-json\/wp\/v2\/pages\/385\/revisions\/3059"}],"wp:attachment":[{"href":"https:\/\/elfsight.com\/de\/wp-json\/wp\/v2\/media?parent=385"}],"curies":[{"name":"wp","href":"https:\/\/api.w.org\/{rel}","templated":true}]}}