{"id":384,"date":"1970-01-01T00:00:00","date_gmt":"1970-01-01T00:00:00","guid":{"rendered":"https:\/\/elfsight.com\/de\/?page_id=384"},"modified":"2025-07-25T10:34:24","modified_gmt":"2025-07-25T10:34:24","slug":"godaddy","status":"publish","type":"page","link":"https:\/\/elfsight.com\/de\/youtube-channel-plugin-yottie\/godaddy\/","title":{"rendered":"YouTube Gallery &#8211; GoDaddy"},"content":{"rendered":"<div class=\"application-platform-content-item-description application-platform-content-item\" id=\"description\" data-nav-section=\"description\"> <h2>YouTube-Galerie auf GoDaddy mit dem Elfsight-Widget einbetten<\/h2> <p>Das Elfsight YouTube Gallery-Plugin f\u00fcr GoDaddy ist ein effektives Tool zur Integration von YouTube Inhalte in Ihre Website einbinden. Zeigen Sie Videos, erstellen Sie Galerien oder zeigen Sie vollst\u00e4ndige Kan\u00e4le auf der Website, um Ihre Besucher zu unterhalten und Ihre Marke bekannter zu machen. Zeigen Sie Video-Tutorials und st\u00e4rken Sie die Kundenbindung, zeigen Sie Videobewertungen Ihrer Produkte an, um neue Kunden zu gewinnen und sehen Sie, wie Ihre Marke immer beliebter wird!<\/p> <p><b>Erh\u00f6hen Sie die Anzahl der Leads durch Video-Werbung und Bewertungen , und Erfahrungsberichte!<\/b><\/p> <\/div> <div class=\"application-platform-content-item-features application-platform-content-item\" id=\"features\" data-nav-section=\"features\"> <h2>Die grundlegenden Plugin-Funktionen umfassen<\/h2> <ul><li>Regelm\u00e4\u00dfige Live-Updates<\/li><li>Premium-Support bei allen Problemen durch ein professionelles Team<\/li><li>Kostenloser Installationsservice<\/li><li>Anpassbare Farben f\u00fcr Header, Gruppen, Inhalte, Video und Popup<\/li><li>5 eingebettete Farben Schemata<\/li><\/ul><p><a href=\"#demo\">Schauen Sie sich einfach diese Demo an, um zu sehen, wie es funktioniert<\/a><\/p> <\/div> <div class=\"application-platform-content-item-installation application-platform-content-item\" id=\"installation\" data-nav-section=\"installation\"> <h2>Wie f\u00fcge ich eine YouTube-Galerie zu meiner GoDaddy-Webseite hinzu? <\/h2> <p>F\u00fchren Sie einfach die folgenden Schritte aus, um das Plugin hinzuzuf\u00fcgen. <\/p> <ol><li><b>Verwalten Sie unseren kostenlosen Editor und beginnen Sie mit der Erstellung Ihres individuellen Plugins. <\/b><br> Geben Sie die ausgew\u00e4hlte Schnittstelle und Funktionalit\u00e4t des Tools an und speichern Sie die Korrekturen. <\/li> <li><b>Erhalten Sie Ihren individuellen Code, der in der Box auf Elfsight Apps angezeigt wird. <\/b><br> Sobald die Generierung Ihres pers\u00f6nlichen Plugins abgeschlossen ist, kopieren Sie den pers\u00f6nlichen Code im erscheinenden Fenster und bewahren Sie ihn f\u00fcr die sp\u00e4tere Verwendung auf. <\/li> <li><b>Beginnen Sie mit der Anwendung des Tools auf Ihrer GoDaddy-Website. <\/b><br> Platzieren Sie den Code, den Sie k\u00fcrzlich kopiert haben, auf Ihrer Homepage und \u00fcbernehmen Sie die \u00c4nderungen. <\/li> <li><b>Fertig! Das Setup wurde erfolgreich beendet. <\/b><br> Besuchen Sie Ihre Webseite, um die Leistung des Tools zu \u00fcberpr\u00fcfen. <\/li><\/ol> <p>Wenn Sie auf Schwierigkeiten sto\u00dfen, wenden Sie sich bitte an unsere Support-Mitarbeiter. Unsere Spezialisten sind bestrebt, alle Probleme zu l\u00f6sen, die Sie m\u00f6glicherweise mit dem Tool haben. <\/p> <div class=\"faq\" data-component=\"FAQ\"><div class=\"faq-item\">\r\n\t\t\t\t\t<div class=\"faq-item-question\">\r\n\t\t\t\t\t\t<h3 class=\"faq-item-question-text\">Wie kann ich das GoDaddy YouTube Gallery-Plugin ohne Programmierkenntnisse in meine Website einbetten?<\/h3>\r\n\r\n\t\t\t\t\t\t<div class=\"faq-item-question-icon\"><\/div>\r\n\t\t\t\t\t<\/div>\r\n\r\n\t\t\t\t\t<div class=\"faq-item-answer\">\r\n\t\t\t\t\t\t<div class=\"faq-item-answer-text\"><p>Elfsight bietet eine cloudbasierte L\u00f6sung, die es Benutzern erm\u00f6glicht, ein GoDaddy YouTube Gallery-Plugin zu erstellen alleine. Sehen Sie, wie einfach der Prozess sein kann:<\/p><ul><li>Greifen Sie auf den Online-Editor zu, um einen GoDaddy-YouTube-Galerie-Plugin-Bereich zu erstellen, den Sie in Ihre Website integrieren m\u00f6chten.<\/li><li>W\u00e4hlen Sie einen davon aus Nutzen Sie unsere vorgefertigten Vorlagen und passen Sie die Einstellungen des GoDaddy YouTube Gallery-Plugins an, \u00e4ndern Sie das Layout und das Farbschema und f\u00fcgen Sie Ihre Inhalte ohne Programmieraufwand ein.<\/li><li>Behalten Sie die Einstellungen bei, die Sie f\u00fcr das GoDaddy YouTube Gallery-Plugin konfiguriert haben und erhalten Sie den Code zum Einbetten, der m\u00fchelos und kostenlos in Ihre Website eingef\u00fcgt werden kann.<\/li><\/ul><p>Durch die Arbeit im benutzerfreundlichen Editor kann jeder Internetnutzer einen GoDaddy-YouTube-Galerie-Plugin-Bereich erstellen und betten es in ihre Website ein. F\u00fcr den Zugriff auf den Elfsight-Editor ist keine Zahlung oder Offenlegung Ihrer Karteninformationen erforderlich. Sollten Sie zu irgendeinem Zeitpunkt auf Schwierigkeiten sto\u00dfen, wenden Sie sich bitte an unseren Kundensupport.<\/p><\/div>\r\n\t\t\t\t\t<\/div>\r\n\t\t\t\t<\/div><\/div><\/div>","protected":false},"excerpt":{"rendered":"","protected":false},"author":9,"featured_media":0,"parent":106,"menu_order":0,"comment_status":"closed","ping_status":"closed","template":"templates\/template-application-platform.php","meta":{"publish_to_discourse":"","publish_post_category":"","wpdc_auto_publish_overridden":"","wpdc_topic_tags":"","wpdc_pin_topic":"","wpdc_pin_until":"","discourse_post_id":"","discourse_permalink":"","wpdc_publishing_response":"","wpdc_publishing_error":"","footnotes":""},"class_list":["post-384","page","type-page","status-publish","hentry"],"yoast_head":"<!-- This site is optimized with the Yoast SEO plugin v25.3.1 - https:\/\/yoast.com\/wordpress\/plugins\/seo\/ -->\n<title>YouTube-Videogalerie \u2013 YouTube-Plugin zu GoDaddy hinzuf\u00fcgen<\/title>\n<meta name=\"description\" content=\"Erstellen Sie ein beeindruckendes YouTube-Galerie-Plugin f\u00fcr Ihre GoDaddy-Site! Beginnen Sie jetzt gemeinsam mit Elfsight mit dem Ausbau Ihres Unternehmens!\" \/>\n<meta name=\"robots\" content=\"index, follow, max-snippet:-1, max-image-preview:large, max-video-preview:-1\" \/>\n<link rel=\"canonical\" href=\"https:\/\/elfsight.com\/de\/youtube-channel-plugin-yottie\/godaddy\/\" \/>\n<meta property=\"og:locale\" content=\"de_DE\" \/>\n<meta property=\"og:type\" content=\"article\" \/>\n<meta property=\"og:title\" content=\"YouTube-Videogalerie \u2013 YouTube-Plugin zu GoDaddy hinzuf\u00fcgen\" \/>\n<meta property=\"og:description\" content=\"Erstellen Sie ein beeindruckendes YouTube-Galerie-Plugin f\u00fcr Ihre GoDaddy-Site! Beginnen Sie jetzt gemeinsam mit Elfsight mit dem Ausbau Ihres Unternehmens!\" \/>\n<meta property=\"og:url\" content=\"https:\/\/elfsight.com\/de\/youtube-channel-plugin-yottie\/godaddy\/\" \/>\n<meta property=\"og:site_name\" content=\"Elfsight DE\" \/>\n<meta property=\"article:modified_time\" content=\"2025-07-25T10:34:24+00:00\" \/>\n<meta name=\"twitter:card\" content=\"summary_large_image\" \/>\n<!-- \/ Yoast SEO plugin. -->","yoast_head_json":{"title":"YouTube-Videogalerie \u2013 YouTube-Plugin zu GoDaddy hinzuf\u00fcgen","description":"Erstellen Sie ein beeindruckendes YouTube-Galerie-Plugin f\u00fcr Ihre GoDaddy-Site! Beginnen Sie jetzt gemeinsam mit Elfsight mit dem Ausbau Ihres Unternehmens!","robots":{"index":"index","follow":"follow","max-snippet":"max-snippet:-1","max-image-preview":"max-image-preview:large","max-video-preview":"max-video-preview:-1"},"canonical":"https:\/\/elfsight.com\/de\/youtube-channel-plugin-yottie\/godaddy\/","og_locale":"de_DE","og_type":"article","og_title":"YouTube-Videogalerie \u2013 YouTube-Plugin zu GoDaddy hinzuf\u00fcgen","og_description":"Erstellen Sie ein beeindruckendes YouTube-Galerie-Plugin f\u00fcr Ihre GoDaddy-Site! Beginnen Sie jetzt gemeinsam mit Elfsight mit dem Ausbau Ihres Unternehmens!","og_url":"https:\/\/elfsight.com\/de\/youtube-channel-plugin-yottie\/godaddy\/","og_site_name":"Elfsight DE","article_modified_time":"2025-07-25T10:34:24+00:00","twitter_card":"summary_large_image","schema":{"@context":"https:\/\/schema.org","@graph":[{"@type":"WebPage","@id":"https:\/\/elfsight.com\/de\/youtube-channel-plugin-yottie\/godaddy\/","url":"https:\/\/elfsight.com\/de\/youtube-channel-plugin-yottie\/godaddy\/","name":"YouTube-Videogalerie \u2013 YouTube-Plugin zu GoDaddy hinzuf\u00fcgen","isPartOf":{"@id":"https:\/\/elfsight.com\/de\/#website"},"datePublished":"1970-01-01T00:00:00+00:00","dateModified":"2025-07-25T10:34:24+00:00","description":"Erstellen Sie ein beeindruckendes YouTube-Galerie-Plugin f\u00fcr Ihre GoDaddy-Site! Beginnen Sie jetzt gemeinsam mit Elfsight mit dem Ausbau Ihres Unternehmens!","breadcrumb":{"@id":"https:\/\/elfsight.com\/de\/youtube-channel-plugin-yottie\/godaddy\/#breadcrumb"},"inLanguage":"de","potentialAction":[{"@type":"ReadAction","target":["https:\/\/elfsight.com\/de\/youtube-channel-plugin-yottie\/godaddy\/"]}]},{"@type":"BreadcrumbList","@id":"https:\/\/elfsight.com\/de\/youtube-channel-plugin-yottie\/godaddy\/#breadcrumb","itemListElement":[{"@type":"ListItem","position":1,"name":"Home","item":"https:\/\/elfsight.com\/de\/"},{"@type":"ListItem","position":2,"name":"YouTube Gallery","item":"https:\/\/elfsight.com\/de\/youtube-channel-plugin-yottie\/"},{"@type":"ListItem","position":3,"name":"YouTube Gallery &#8211; GoDaddy"}]},{"@type":"WebSite","@id":"https:\/\/elfsight.com\/de\/#website","url":"https:\/\/elfsight.com\/de\/","name":"Elfsight DE","description":"Just another Elfsight Sites site","potentialAction":[{"@type":"SearchAction","target":{"@type":"EntryPoint","urlTemplate":"https:\/\/elfsight.com\/de\/?s={search_term_string}"},"query-input":{"@type":"PropertyValueSpecification","valueRequired":true,"valueName":"search_term_string"}}],"inLanguage":"de"}]}},"meta_box":{"industry":"","seo_heading":"","heading":"","description":"","cta_heading":"","cta_description":"","application":"98","h1":"GoDaddy YouTube-Galerie-Plugin","h1_caption":"Betten Sie m\u00fchelos eine Galerie mit YouTube-Videos ein, um Inhalte wie Tutorials, Erfahrungsberichte oder Produktpr\u00e4sentationen auf Ihrer Website in Ihre GoDaddy-Website einzubinden.","application_category":[],"applications_title":"Erproben Sie alle wunderbaren kostenlosen GoDaddy Miniprogramme von der Auswahl:","applications_request_title":"Sie k\u00f6nnen das gew\u00fcnschte Plugin nicht finden?","applications_request_button_text":"Fordern Sie ein Plugin an","hero_text":"","hero_video":"","hero_video_schema_markup":"","selling_points_title":"","selling_points_caption":"","selling_points":[],"selling_points_cta_text":"","features_title":"","features":"","ed_cta_examples_text":"","ed_cta_examples_hidden":"","ed_cta_demo_text":"","ed_cta_demo_hidden":"","why_caption":"","why_editor_title":"","why_editor_text":"","why_team_title":"","why_team_text":"","why_service_title":"","why_service_text":"","template_catalog_visible":"0","template_catalog_title":"","template_catalog_text":"","template_catalog_categories_visible":"","demo_title":"Erstellen Sie Ihr YouTube-Galerie-Plugin","demo_caption":"Konfigurieren Sie Ihre YouTube-Galerie und f\u00fcgen Sie sie kostenlos Ihrer GoDaddy-Website hinzu!","default_faq_hidden":"","app_template_category":[],"platform":"241","template_public_id":"","codecanyon_url":"","codecanyon_item_id":"","codecanyon_price":"","pricing_caption":"","pricing_elfsight_apps_hide_column":"","pricing_elfsight_apps_url":"","pricing_codecanyon_price_caption":"","integration_category":[],"integration_request_title":"","integration_request_cta":"","integration_platform":"","integrations":[],"platform_category":[],"video_schema_markup":"","price":"ab 0 $ \/ Monat","trial":"","benefits":[{"text":"Kostenlose Installationsunterst\u00fctzung"},{"text":"Erfahrener Kundensupport"},{"text":"14-t\u00e4gige R\u00fcckerstattungsgarantie"},{"text":"Lebenslange Verbesserungen"}],"button_url":"#demo","button_target_blank":"0","button_nofollow":"0","attributes":[{"name":"Installiert","content":"100,000 - 500,000"},{"name":"Reaktionsfreudig","content":"Ja"},{"name":"Kompatible Browser","content":"IE11, Firefox, Safari, Opera, Chrome, Edge"}],"tags":[],"tags_disable_links":"0","hide_more_platforms":"0","video_object":"","demo_hide_cta":"0","demo_hide_cloud_options":"0","pricing_title":"","pricing":[{"pricing_icon":"platform","pricing_title":"Elfsight Apps","pricing_title_caption":"Multiplattform-Version, die f\u00fcr jede Website geeignet ist","pricing_price":"ab 0 $ \/ Monat","pricing_price_caption":"Beginnen Sie mit einem kostenlosen Plan","pricing_benefits":[{"text":"Unbegrenzte Websites"},{"text":"Professionelle Kundenbetreuung und gut dokumentiert"},{"text":"Kostenloser Installationsservice"},{"text":"Flexibles Design"}],"pricing_button_text":"Zur Website hinzuf\u00fcgen","pricing_button_url":"#demo"}],"related_apps_title":"","related_apps_hidden":"0","author":"","image":[],"title":"","job":"","social_networks":[]},"_links":{"self":[{"href":"https:\/\/elfsight.com\/de\/wp-json\/wp\/v2\/pages\/384","targetHints":{"allow":["GET"]}}],"collection":[{"href":"https:\/\/elfsight.com\/de\/wp-json\/wp\/v2\/pages"}],"about":[{"href":"https:\/\/elfsight.com\/de\/wp-json\/wp\/v2\/types\/page"}],"author":[{"embeddable":true,"href":"https:\/\/elfsight.com\/de\/wp-json\/wp\/v2\/users\/9"}],"replies":[{"embeddable":true,"href":"https:\/\/elfsight.com\/de\/wp-json\/wp\/v2\/comments?post=384"}],"version-history":[{"count":5,"href":"https:\/\/elfsight.com\/de\/wp-json\/wp\/v2\/pages\/384\/revisions"}],"predecessor-version":[{"id":21120,"href":"https:\/\/elfsight.com\/de\/wp-json\/wp\/v2\/pages\/384\/revisions\/21120"}],"up":[{"embeddable":true,"href":"https:\/\/elfsight.com\/de\/wp-json\/wp\/v2\/pages\/106"}],"wp:attachment":[{"href":"https:\/\/elfsight.com\/de\/wp-json\/wp\/v2\/media?parent=384"}],"curies":[{"name":"wp","href":"https:\/\/api.w.org\/{rel}","templated":true}]}}