{"id":3812,"date":"2020-11-10T08:39:58","date_gmt":"2020-11-10T08:39:58","guid":{"rendered":"https:\/\/elfsight.com\/de\/?page_id=3812"},"modified":"2021-12-15T11:58:44","modified_gmt":"2021-12-15T11:58:44","slug":"prestashop-addons","status":"publish","type":"page","link":"https:\/\/elfsight.com\/de\/prestashop-addons\/","title":{"rendered":"PrestaShop addons"},"content":{"rendered":"\n<h2>Ideale gebrauchsfertige Werkzeuge f\u00fcr Ihre Prestashop Website<\/h2>\n\n\n<p>F\u00fcr mehrere Jahre hat Elfsight Kompanie viele vollkommen komfortablen und responsiven L\u00f6sungen f\u00fcr Prestashop Websites gestaltet. Mit Hilfe der Widgets k\u00f6nnen Sie viel mehr Leads sammeln, Ihren Gewinn steigern, Ihr Gesch\u00e4ft schneller ausbauen und andere unternehmerischen Herausforderungen l\u00f6sen. <\/p> \n\n<p>Unsere Team offeriert eine gro\u00dfe Auswahl von Peiswahlen: von gratis bis zu Premium. Erweitern Ihre Website ohne zus\u00e4tzlichen Ausgaben. <\/p>\n\n\n<h2>Warum sind unsere Prestashop Addons so besonderen?<\/h2>\n\n<p>Entdecken Sie die nachstehende Liste der wichtigsten Merkmale: <\/p> \n<ul>\n<li> Kostenfreier Installationsservice des Widgets; <\/li>\n\n<li>Absolut responsive f\u00fcr jedes Ger\u00e4t; <\/li>\n\n<li>Keine Kodierung; <\/li>\n\n<li>Eine breite Palette von anpassbare und benutzerfreundliche Vorlagen; <\/li>\n\n<li>Einfache Benutzeroberfl\u00e4che; <\/li>\n\n<li>Die Cloud-Services f\u00fcr hoher Ladegeschwindigkeit; <\/li> \n\n<li>Die regul\u00e4re automatische Updates; <\/li> \n\n<li>Fachliche Unterst\u00fctzung von kompetent Elfsight Team. <\/li> \n<\/ul>\n\n<p>Testen Sie mit Demo-Widget. Pr\u00fcfen Sie alle Potenzial oder kaufen Sie richtiges App mit 20% Erm\u00e4ssigung. <\/p> \n\n<h2>Wie kann ich ein Addon auf Prestashop Website hinzuf\u00fcgen? <\/h2> \n<p>Um ein Addon auf der Website zu installieren, lesen Sie einfach die folgenden Anweisungen|folgen Sie einfach den Schritten: <\/p>\n<ol>\n<li>Finden Sie das entsprechend Addon und \u00e4ndern Sie die Einstellungen. Klicken Sie auf Speichern. <\/li> \n\n<li>F\u00fcgen Sie Code hinzu um das Addon auf Ihrer Seite einzubinden. <\/li>\n\n<li>App-Einbindung ist erfolgreich beendet!. <\/li>\n<\/ol>\n<p>Wenn Sie eine kostenlose Empfehlung ben\u00f6tigen, um das Widget hinzuzuf\u00fcgen, dann k\u00f6nnen Sie sich unseren professionellen Elfsight Support wenden. <\/p>\n","protected":false},"excerpt":{"rendered":"Ideale gebrauchsfertige Werkzeuge f\u00fcr Ihre Prestashop Website F\u00fcr mehrere Jahre hat Elfsight Kompanie viele vollkommen komfortablen und responsiven L\u00f6sungen f\u00fcr Prestashop Websites gestaltet. Mit Hilfe der Widgets k\u00f6nnen Sie viel mehr Leads sammeln, Ihren Gewinn steigern, Ihr Gesch\u00e4ft schneller ausbauen und andere unternehmerischen Herausforderungen l\u00f6sen. Unsere Team offeriert eine gro\u00dfe&#8230;","protected":false},"author":13,"featured_media":0,"parent":0,"menu_order":0,"comment_status":"closed","ping_status":"closed","template":"templates\/template-platform.php","meta":{"publish_to_discourse":"","publish_post_category":"","wpdc_auto_publish_overridden":"","wpdc_topic_tags":"","wpdc_pin_topic":"","wpdc_pin_until":"","discourse_post_id":"","discourse_permalink":"","wpdc_publishing_response":"","wpdc_publishing_error":"","footnotes":""},"class_list":["post-3812","page","type-page","status-publish","hentry"],"yoast_head":"<!-- This site is optimized with the Yoast SEO plugin v25.3.1 - https:\/\/yoast.com\/wordpress\/plugins\/seo\/ -->\n<title>Sehen Sie sich eine der besten L\u00f6sungen f\u00fcr die PrestaShop-Website an<\/title>\n<meta name=\"description\" content=\"Eine Vielfalt von wunderbaren kostenfrei Miniprogramme f\u00fcr Ihre Prestashop Website. Grenzenlose Anzahl von M\u00f6glichkeiten.\" \/>\n<meta name=\"robots\" content=\"index, follow, max-snippet:-1, max-image-preview:large, max-video-preview:-1\" \/>\n<link rel=\"canonical\" href=\"https:\/\/elfsight.com\/de\/prestashop-addons\/\" \/>\n<meta property=\"og:locale\" content=\"de_DE\" \/>\n<meta property=\"og:type\" content=\"article\" \/>\n<meta property=\"og:title\" content=\"Sehen Sie sich eine der besten L\u00f6sungen f\u00fcr die PrestaShop-Website an\" \/>\n<meta property=\"og:description\" content=\"Eine Vielfalt von wunderbaren kostenfrei Miniprogramme f\u00fcr Ihre Prestashop Website. Grenzenlose Anzahl von M\u00f6glichkeiten.\" \/>\n<meta property=\"og:url\" content=\"https:\/\/elfsight.com\/de\/prestashop-addons\/\" \/>\n<meta property=\"og:site_name\" content=\"Elfsight DE\" \/>\n<meta property=\"article:modified_time\" content=\"2021-12-15T11:58:44+00:00\" \/>\n<meta name=\"twitter:card\" content=\"summary_large_image\" \/>\n<meta name=\"twitter:label1\" content=\"Gesch\u00e4tzte Lesezeit\" \/>\n\t<meta name=\"twitter:data1\" content=\"1\u00a0Minute\" \/>\n<!-- \/ Yoast SEO plugin. -->","yoast_head_json":{"title":"Sehen Sie sich eine der besten L\u00f6sungen f\u00fcr die PrestaShop-Website an","description":"Eine Vielfalt von wunderbaren kostenfrei Miniprogramme f\u00fcr Ihre Prestashop Website. Grenzenlose Anzahl von M\u00f6glichkeiten.","robots":{"index":"index","follow":"follow","max-snippet":"max-snippet:-1","max-image-preview":"max-image-preview:large","max-video-preview":"max-video-preview:-1"},"canonical":"https:\/\/elfsight.com\/de\/prestashop-addons\/","og_locale":"de_DE","og_type":"article","og_title":"Sehen Sie sich eine der besten L\u00f6sungen f\u00fcr die PrestaShop-Website an","og_description":"Eine Vielfalt von wunderbaren kostenfrei Miniprogramme f\u00fcr Ihre Prestashop Website. Grenzenlose Anzahl von M\u00f6glichkeiten.","og_url":"https:\/\/elfsight.com\/de\/prestashop-addons\/","og_site_name":"Elfsight DE","article_modified_time":"2021-12-15T11:58:44+00:00","twitter_card":"summary_large_image","twitter_misc":{"Gesch\u00e4tzte Lesezeit":"1\u00a0Minute"},"schema":{"@context":"https:\/\/schema.org","@graph":[{"@type":"WebPage","@id":"https:\/\/elfsight.com\/de\/prestashop-addons\/","url":"https:\/\/elfsight.com\/de\/prestashop-addons\/","name":"Sehen Sie sich eine der besten L\u00f6sungen f\u00fcr die PrestaShop-Website an","isPartOf":{"@id":"https:\/\/elfsight.com\/de\/#website"},"datePublished":"2020-11-10T08:39:58+00:00","dateModified":"2021-12-15T11:58:44+00:00","description":"Eine Vielfalt von wunderbaren kostenfrei Miniprogramme f\u00fcr Ihre Prestashop Website. Grenzenlose Anzahl von M\u00f6glichkeiten.","breadcrumb":{"@id":"https:\/\/elfsight.com\/de\/prestashop-addons\/#breadcrumb"},"inLanguage":"de","potentialAction":[{"@type":"ReadAction","target":["https:\/\/elfsight.com\/de\/prestashop-addons\/"]}]},{"@type":"BreadcrumbList","@id":"https:\/\/elfsight.com\/de\/prestashop-addons\/#breadcrumb","itemListElement":[{"@type":"ListItem","position":1,"name":"Home","item":"https:\/\/elfsight.com\/de\/"},{"@type":"ListItem","position":2,"name":"PrestaShop addons"}]},{"@type":"WebSite","@id":"https:\/\/elfsight.com\/de\/#website","url":"https:\/\/elfsight.com\/de\/","name":"Elfsight DE","description":"Just another Elfsight Sites site","potentialAction":[{"@type":"SearchAction","target":{"@type":"EntryPoint","urlTemplate":"https:\/\/elfsight.com\/de\/?s={search_term_string}"},"query-input":{"@type":"PropertyValueSpecification","valueRequired":true,"valueName":"search_term_string"}}],"inLanguage":"de"}]}},"meta_box":{"industry":"","seo_heading":"","heading":"","description":"","cta_heading":"","cta_description":"","application":"","h1":"Die besten PrestaShop Addons","h1_caption":"Dies ist die Auflistung von einsatzbereiten Plugins f\u00fcr Web-Seite, um Ihre Verk\u00e4ufe zu bessern und verschiedene kommerzielle Ziele zu treffen. Die Oberfl\u00e4chenelemente kann bequem angepasst und integriert werden. Unsere Firma bietet die unendliche Reihe von Funktionen und die hochqualifizierte technische Unterst\u00fctzung f\u00fcr alle Klienten.","application_category":[],"applications_title":"Versuchen Sie alle einsatzbereiten kostenfreien Prestashop Bedienelemente aus der \u00dcbersicht:","applications_request_title":"Finden Sie nicht die richtigen Addons?","applications_request_button_text":"Addon anfragen","hero_text":"","hero_video":"","hero_video_schema_markup":"","selling_points_title":"","selling_points_caption":"","selling_points":[],"selling_points_cta_text":"","features_title":"","features":"","ed_cta_examples_text":"","ed_cta_examples_hidden":"","ed_cta_demo_text":"","ed_cta_demo_hidden":"","why_caption":"","why_editor_title":"","why_editor_text":"","why_team_title":"","why_team_text":"","why_service_title":"","why_service_text":"","template_catalog_visible":"","template_catalog_title":"","template_catalog_text":"","template_catalog_categories_visible":"","demo_title":"","demo_caption":"","default_faq_hidden":"","app_template_category":[],"platform":"3811","template_public_id":"","codecanyon_url":"","codecanyon_item_id":"","codecanyon_price":"","pricing_caption":"","pricing_elfsight_apps_hide_column":"","pricing_elfsight_apps_url":"","pricing_codecanyon_price_caption":"","integration_category":[],"integration_request_title":"","integration_request_cta":"","integration_platform":"","integrations":[],"platform_category":[],"video_schema_markup":"","price":"","trial":"","benefits":[],"button_url":"","button_target_blank":"","button_nofollow":"","attributes":[],"tags":[],"tags_disable_links":"","hide_more_platforms":"","video_object":"","demo_hide_cta":"","demo_hide_cloud_options":"","pricing_title":"","pricing":[],"related_apps_title":"","related_apps_hidden":"","author":"","image":[],"title":"","job":"","social_networks":[]},"_links":{"self":[{"href":"https:\/\/elfsight.com\/de\/wp-json\/wp\/v2\/pages\/3812","targetHints":{"allow":["GET"]}}],"collection":[{"href":"https:\/\/elfsight.com\/de\/wp-json\/wp\/v2\/pages"}],"about":[{"href":"https:\/\/elfsight.com\/de\/wp-json\/wp\/v2\/types\/page"}],"author":[{"embeddable":true,"href":"https:\/\/elfsight.com\/de\/wp-json\/wp\/v2\/users\/13"}],"replies":[{"embeddable":true,"href":"https:\/\/elfsight.com\/de\/wp-json\/wp\/v2\/comments?post=3812"}],"version-history":[{"count":5,"href":"https:\/\/elfsight.com\/de\/wp-json\/wp\/v2\/pages\/3812\/revisions"}],"predecessor-version":[{"id":3817,"href":"https:\/\/elfsight.com\/de\/wp-json\/wp\/v2\/pages\/3812\/revisions\/3817"}],"wp:attachment":[{"href":"https:\/\/elfsight.com\/de\/wp-json\/wp\/v2\/media?parent=3812"}],"curies":[{"name":"wp","href":"https:\/\/api.w.org\/{rel}","templated":true}]}}