{"id":3797,"date":"2020-11-03T13:07:08","date_gmt":"2020-11-03T13:07:08","guid":{"rendered":"https:\/\/elfsight.com\/de\/?page_id=3797"},"modified":"2024-07-17T08:47:27","modified_gmt":"2024-07-17T08:47:27","slug":"examples","status":"publish","type":"page","link":"https:\/\/elfsight.com\/de\/hotels-reviews-widget\/examples\/","title":{"rendered":"Hotels Reviews &#8211; Examples"},"content":{"rendered":"\n<div class=\"application-examples-item application-examples-item-loading\">\n                            <div class=\"col-row\">\n                                <div class=\"col-6 col-m-8 col-s-12\"><h3 class=\"application-examples-item-title\">Beispiel 1. Bewertungsantrag<\/h3><div class=\"application-examples-item-description\"><p><b>Hauptmerkmale:<\/b> <span>Call-to-action, CTA-Button.<\/span><\/p>\n\n<p>Hier sind die Bewertungen in einem attraktiven Widget in Originalfarben des Hotels mit einem moderaten Header organisiert. Die Kopfzeile zeigt die Gesamtbewertung der Seite und die Anzahl von Rezensenten mit den Fotos an. Die Fotos anklickbar sind. Mit der Schaltfl\u00e4che Bewertungsantrag werden Benutzer aufgefordert, eine neue Bewertung zu hinterlassen. Die Option Ja ist blau gestrichen, um Klickzahlen zu erh\u00f6hen.<\/p><\/div><\/div>\n                <\/div>\n\n                <div class=\"application-examples-item-iframe-container browser-frame\">\n                    <div class=\"application-examples-item-iframe-wrapper\">\n                        <iframe class=\"application-examples-item-iframe\" data-src=\"https:\/\/elfsight.com\/examples?widget_id=7962117f-6ffd-4532-bf5b-bb8a61890abd&padding=10\" width=\"100%\" allow=\"autoplay; fullscreen\"><\/iframe>\n                    <\/div>\n\n                    <div class=\"application-examples-item-loader\"><\/div>\n                <\/div>\n            <\/div>\n\n<div class=\"application-examples-item application-examples-item-loading\">\n                            <div class=\"col-row\">\n                                <div class=\"col-6 col-m-8 col-s-12\"><h3 class=\"application-examples-item-title\">Beispiel 2. Liste<\/h3><div class=\"application-examples-item-description\"><p><b>Hauptmerkmale:<\/b> <span>Listenlayout, Navigation.<\/span><\/p>\n<p>Mit unserem Widget k\u00f6nnen Sie Bewertungen als klare Liste in eine Seite einbetten. Wenn Sie die Kopfzeile ausblenden und die Abmessungen Auto f\u00fcr Breite und H\u00f6he ausw\u00e4hlen, wie in diesem Beispiel, f\u00fcllt das Widget den gesamten freien Platz auf der Seite perfekt aus und sieht nativ aus. Verwenden Sie Filter, um die Anzahl der Bewertungen festzulegen, nur diejenigen mit positiven Bewertungen zu demonstrieren oder unerw\u00fcnschte Keywords zu verbergen.<\/p><\/div><\/div>\n                <\/div>\n\n                <div class=\"application-examples-item-iframe-container browser-frame\">\n                    <div class=\"application-examples-item-iframe-wrapper\">\n                        <iframe class=\"application-examples-item-iframe application-examples-item-iframe-fixed-height\" data-src=\"https:\/\/elfsight.com\/examples?widget_id=965ed62e-2983-4498-a2f5-686c09db060e&padding=10\" width=\"100%\" height=\"700\" allow=\"autoplay; fullscreen\"><\/iframe>\n                    <\/div>\n\n                    <div class=\"application-examples-item-loader\"><\/div>\n                <\/div>\n            <\/div>\n\n<div class=\"application-examples-item application-examples-item-loading\">\n                            <div class=\"col-row\">\n                                <div class=\"col-6 col-m-8 col-s-12\"><h3 class=\"application-examples-item-title\">Beispiel 3. Mauerwerk<\/h3><div class=\"application-examples-item-description\"><p><b>Hauptmerkmale:<\/b> <span>Mauerwerk Layout, Raster.<\/span><\/p>\n<p>Hier ist ein Raster von Bewertungen in die Masonry-Variante angezeigt, die Bewertungen auf der Grundlage des H\u00f6henwerts der bestm\u00f6glichen Weise anordnet. Benutzerdefinierte Farbvariante sorgt f\u00fcr einen einzigartigen Look. Die Sternebewertung der Rezensionen soll eine hohe Einsch\u00e4tzung der Kunden nachweisen.<\/p><\/div><\/div>\n                <\/div>\n\n                <div class=\"application-examples-item-iframe-container browser-frame\">\n                    <div class=\"application-examples-item-iframe-wrapper\">\n                        <iframe class=\"application-examples-item-iframe application-examples-item-iframe-fixed-height\" data-src=\"https:\/\/elfsight.com\/examples?widget_id=278a39ac-f6b3-4dc5-864a-334338c29b67&padding=20\" width=\"100%\" height=\"700\" allow=\"autoplay; fullscreen\"><\/iframe>\n                    <\/div>\n\n                    <div class=\"application-examples-item-loader\"><\/div>\n                <\/div>\n            <\/div>\n\n<div class=\"application-cta-create\">\n                    <div class=\"application-cta-create-bg\">\n                        <div class=\"application-cta-create-bg-left\"><\/div>\n\n                        <div class=\"application-cta-create-bg-right\">\n                            <img decoding=\"async\" src=\"https:\/\/elfsight.com\/de\/wp-content\/themes\/elfsight\/frontend\/assets\/img\/application-cta-create.jpg\" alt=\"Beginnen Sie mit der Erstellung Ihres Widgets\">\n                        <\/div>\n                    <\/div>\n\n                    <div class=\"application-cta-create-content inner\">\n                        <div class=\"application-cta-create-content-inner\">\n                            <div class=\"application-cta-create-content-icon\">\n                                <svg viewBox=\"0 0 25 25\" width=\"100%\" height=\"100%\">\n                                    <use xlink:href=\"#icon-settings\"><\/use>\n                                <\/svg>\n                            <\/div>\n\n                            <div class=\"application-cta-create-content-title\">Beginnen Sie mit der Erstellung Ihres Widgets<\/div>\n\n                            <div class=\"application-cta-create-content-text\">Schnell. Einfach. Keine Codierung.<\/div>\n\n                            <a class=\"application-cta-create-content-button button-48 button-has-right-icon button-black button\" href=\"\">\n                                <span class=\"button-label\">Widget erstellen<\/span>\n\n                                <svg class=\"button-icon\">\n                                    <use xlink:href=\"#icon-arrow-link\"><\/use>\n                                <\/svg>\n                            <\/a>\n                        <\/div>\n                    <\/div>\n                <\/div>\n\n<div class=\"application-examples-item application-examples-item-loading\">\n                            <div class=\"col-row\">\n                                <div class=\"col-6 col-m-8 col-s-12\"><h3 class=\"application-examples-item-title\">Beispiel 4. Raster<\/h3><div class=\"application-examples-item-description\"><p><b>Hauptmerkmale:<\/b> <span>Rasterlayout, Design.<\/span><\/p>\n<p>Die Kombination des Rasterlayouts und der Spotlight-Vorlage sorgt f\u00fcr ein klares Erscheinungsbild des Widgets. Gerade Linien und mittig ausgerichtete Rezensionstexte ziehen die Aufmerksamkeit des Betrachters. Die lineare Geometrie des Rasterlayouts kann auch zu jeder anderen Bewertungsvorlage passen - die Oberfl\u00e4chenelemente wurden so konzipiert, dass sie vollst\u00e4ndig anpassbar sind.<\/p><\/div><\/div>\n                <\/div>\n\n                <div class=\"application-examples-item-iframe-container browser-frame\">\n                    <div class=\"application-examples-item-iframe-wrapper\">\n                        <iframe class=\"application-examples-item-iframe application-examples-item-iframe-fixed-height\" data-src=\"https:\/\/elfsight.com\/examples?widget_id=f3fcf872-d540-4808-9f58-7fd4cd2eae61&padding=10\" width=\"100%\" height=\"700\" allow=\"autoplay; fullscreen\"><\/iframe>\n                    <\/div>\n\n                    <div class=\"application-examples-item-loader\"><\/div>\n                <\/div>\n            <\/div>\n\n<div class=\"application-examples-item application-examples-item-loading\">\n                            <div class=\"col-row\">\n                                <div class=\"col-6 col-m-8 col-s-12\"><h3 class=\"application-examples-item-title\">Beispiel 5. Karussell<\/h3><div class=\"application-examples-item-description\"><p><b>Hauptmerkmale:<\/b> <span>Karussell, Testimonials.<\/span><\/p>\n<p>Hier das Widget im Slider-Layout demonstriert die Bewertungen durch ein dynamisches Karussell mit Autoplay. Es ist ein guter Fall beispielsweise f\u00fcr die Hauptseite einer Website. Das Schieber-Layout bietet Navigationselemente: Pfeil, Ziehen oder Paginierung. Es gibt eine M\u00f6glichkeit festzulegen, wie viele Bewertungen pro Folie angezeigt werden sollen.<\/p><\/div><\/div>\n                <\/div>\n\n                <div class=\"application-examples-item-iframe-container browser-frame\">\n                    <div class=\"application-examples-item-iframe-wrapper\">\n                        <iframe class=\"application-examples-item-iframe application-examples-item-iframe-fixed-height\" data-src=\"https:\/\/elfsight.com\/examples?widget_id=ab7196c5-750e-4e95-843b-b59f1cbb618e&padding=10\" width=\"100%\" height=\"400\" allow=\"autoplay; fullscreen\"><\/iframe>\n                    <\/div>\n\n                    <div class=\"application-examples-item-loader\"><\/div>\n                <\/div>\n            <\/div>\n\n<div class=\"application-examples-item application-examples-item-loading\">\n                            <div class=\"col-row\">\n                                <div class=\"col-6 col-m-8 col-s-12\"><h3 class=\"application-examples-item-title\">Beispiel 6. Slider<\/h3><div class=\"application-examples-item-description\"><p>Wenn Sie Bewertungen eine nach der anderen anzeigen, werden sie die maximale Aufmerksamkeit der Benutzer. Hier die Auswahl der Vorlage \u00e4ndert die Reihenfolge der Elemente: Die Bilder- und Sternebewertung des Autors liegt \u00fcber dem Bewertungstext mit allen Elementen mittig ausgerichtet. Weitere Bewertungen k\u00f6nnen durch Ziehen oder Klicken auf Pfeile angezeigt werden.<\/p><\/div><\/div>\n                <\/div>\n\n                <div class=\"application-examples-item-iframe-container browser-frame\">\n                    <div class=\"application-examples-item-iframe-wrapper\">\n                        <iframe class=\"application-examples-item-iframe application-examples-item-iframe-fixed-height\" data-src=\"https:\/\/elfsight.com\/examples?widget_id=ae9420a0-477d-434c-9b09-e9ad150c54f8&padding=10\" width=\"100%\" height=\"400\" allow=\"autoplay; fullscreen\"><\/iframe>\n                    <\/div>\n\n                    <div class=\"application-examples-item-loader\"><\/div>\n                <\/div>\n            <\/div>\n\n<div class=\"application-examples-item application-examples-item-loading\">\n                            <div class=\"col-row\">\n                                <div class=\"col-6 col-m-8 col-s-12\"><h3 class=\"application-examples-item-title\">Beispiel 7. Sidebar<\/h3><div class=\"application-examples-item-description\"><p>Schauen Sie sich dieses gute Beispiel an, wie Sie Ihrer Website ein Bewertungs-Widget mit sehr wenig verf\u00fcgbarem Platzangebot hinzuf\u00fcgen k\u00f6nnen. Das Widget ist als Seitenleistenvariante festgelegt, und hat keine extra Elemente und die zul\u00e4ssige Reaktionsgr\u00f6\u00dfe einer moderaten Gr\u00f6\u00dfe an, aber alle Funktionen sind vorhanden.<\/p><\/div><\/div>\n                <\/div>\n\n                <div class=\"application-examples-item-iframe-container browser-frame\">\n                    <div class=\"application-examples-item-iframe-wrapper\">\n                        <iframe class=\"application-examples-item-iframe application-examples-item-iframe-fixed-height\" data-src=\"https:\/\/elfsight.com\/examples?widget_id=07f69980-1143-4058-ae3b-09384e1b07ab&padding=10\" width=\"100%\" height=\"400\" allow=\"autoplay; fullscreen\"><\/iframe>\n                    <\/div>\n\n                    <div class=\"application-examples-item-loader\"><\/div>\n                <\/div>\n            <\/div>\n","protected":false},"excerpt":{"rendered":"","protected":false},"author":13,"featured_media":0,"parent":1569,"menu_order":0,"comment_status":"closed","ping_status":"closed","template":"templates\/template-application-examples.php","meta":{"publish_to_discourse":"","publish_post_category":"","wpdc_auto_publish_overridden":"","wpdc_topic_tags":"","wpdc_pin_topic":"","wpdc_pin_until":"","discourse_post_id":"","discourse_permalink":"","wpdc_publishing_response":"","wpdc_publishing_error":"","footnotes":""},"class_list":["post-3797","page","type-page","status-publish","hentry"],"yoast_head":"<!-- This site is optimized with the Yoast SEO plugin v25.3.1 - https:\/\/yoast.com\/wordpress\/plugins\/seo\/ -->\n<title>Die besten Beispiele f\u00fcr das Hotels Rezensionen Widget in Live-Demo<\/title>\n<meta name=\"description\" content=\"Alle Varianten von Hotels Rezensionen f\u00fcr Ihre Website: Mauerwerk, Liste, Seitenleiste, Karussell usw. W\u00e4hlen Sie die besten f\u00fcr Ihre Website.\" \/>\n<meta name=\"robots\" content=\"index, follow, max-snippet:-1, max-image-preview:large, max-video-preview:-1\" \/>\n<link rel=\"canonical\" href=\"https:\/\/elfsight.com\/de\/hotels-reviews-widget\/examples\/\" \/>\n<meta property=\"og:locale\" content=\"de_DE\" \/>\n<meta property=\"og:type\" content=\"article\" \/>\n<meta property=\"og:title\" content=\"Die besten Beispiele f\u00fcr das Hotels Rezensionen Widget in Live-Demo\" \/>\n<meta property=\"og:description\" content=\"Alle Varianten von Hotels Rezensionen f\u00fcr Ihre Website: Mauerwerk, Liste, Seitenleiste, Karussell usw. W\u00e4hlen Sie die besten f\u00fcr Ihre Website.\" \/>\n<meta property=\"og:url\" content=\"https:\/\/elfsight.com\/de\/hotels-reviews-widget\/examples\/\" \/>\n<meta property=\"og:site_name\" content=\"Elfsight DE\" \/>\n<meta property=\"article:modified_time\" content=\"2024-07-17T08:47:27+00:00\" \/>\n<meta name=\"twitter:card\" content=\"summary_large_image\" \/>\n<meta name=\"twitter:label1\" content=\"Gesch\u00e4tzte Lesezeit\" \/>\n\t<meta name=\"twitter:data1\" content=\"3\u00a0Minuten\" \/>\n<!-- \/ Yoast SEO plugin. -->","yoast_head_json":{"title":"Die besten Beispiele f\u00fcr das Hotels Rezensionen Widget in Live-Demo","description":"Alle Varianten von Hotels Rezensionen f\u00fcr Ihre Website: Mauerwerk, Liste, Seitenleiste, Karussell usw. W\u00e4hlen Sie die besten f\u00fcr Ihre Website.","robots":{"index":"index","follow":"follow","max-snippet":"max-snippet:-1","max-image-preview":"max-image-preview:large","max-video-preview":"max-video-preview:-1"},"canonical":"https:\/\/elfsight.com\/de\/hotels-reviews-widget\/examples\/","og_locale":"de_DE","og_type":"article","og_title":"Die besten Beispiele f\u00fcr das Hotels Rezensionen Widget in Live-Demo","og_description":"Alle Varianten von Hotels Rezensionen f\u00fcr Ihre Website: Mauerwerk, Liste, Seitenleiste, Karussell usw. W\u00e4hlen Sie die besten f\u00fcr Ihre Website.","og_url":"https:\/\/elfsight.com\/de\/hotels-reviews-widget\/examples\/","og_site_name":"Elfsight DE","article_modified_time":"2024-07-17T08:47:27+00:00","twitter_card":"summary_large_image","twitter_misc":{"Gesch\u00e4tzte Lesezeit":"3\u00a0Minuten"},"schema":{"@context":"https:\/\/schema.org","@graph":[{"@type":"WebPage","@id":"https:\/\/elfsight.com\/de\/hotels-reviews-widget\/examples\/","url":"https:\/\/elfsight.com\/de\/hotels-reviews-widget\/examples\/","name":"Die besten Beispiele f\u00fcr das Hotels Rezensionen Widget in Live-Demo","isPartOf":{"@id":"https:\/\/elfsight.com\/de\/#website"},"datePublished":"2020-11-03T13:07:08+00:00","dateModified":"2024-07-17T08:47:27+00:00","description":"Alle Varianten von Hotels Rezensionen f\u00fcr Ihre Website: Mauerwerk, Liste, Seitenleiste, Karussell usw. W\u00e4hlen Sie die besten f\u00fcr Ihre Website.","breadcrumb":{"@id":"https:\/\/elfsight.com\/de\/hotels-reviews-widget\/examples\/#breadcrumb"},"inLanguage":"de","potentialAction":[{"@type":"ReadAction","target":["https:\/\/elfsight.com\/de\/hotels-reviews-widget\/examples\/"]}]},{"@type":"BreadcrumbList","@id":"https:\/\/elfsight.com\/de\/hotels-reviews-widget\/examples\/#breadcrumb","itemListElement":[{"@type":"ListItem","position":1,"name":"Home","item":"https:\/\/elfsight.com\/de\/"},{"@type":"ListItem","position":2,"name":"Hotels Reviews","item":"https:\/\/elfsight.com\/de\/hotels-reviews-widget\/"},{"@type":"ListItem","position":3,"name":"Hotels Reviews &#8211; Examples"}]},{"@type":"WebSite","@id":"https:\/\/elfsight.com\/de\/#website","url":"https:\/\/elfsight.com\/de\/","name":"Elfsight DE","description":"Just another Elfsight Sites site","potentialAction":[{"@type":"SearchAction","target":{"@type":"EntryPoint","urlTemplate":"https:\/\/elfsight.com\/de\/?s={search_term_string}"},"query-input":{"@type":"PropertyValueSpecification","valueRequired":true,"valueName":"search_term_string"}}],"inLanguage":"de"}]}},"meta_box":{"industry":"","seo_heading":"","heading":"","description":"","cta_heading":"","cta_description":"","application":"1568","h1":"Beispiele f\u00fcr das Hotels Rezensionen Widget auf Ihre Seite","h1_caption":"Sehen Sie alle Beispiele f\u00fcr Hotels Bewertungen Plugin, um das volle Potenzial des Widgets zu erkennen.","application_category":[],"applications_title":"","applications_request_title":"","applications_request_button_text":"","hero_text":"","hero_video":"","hero_video_schema_markup":"","selling_points_title":"","selling_points_caption":"","selling_points":[],"selling_points_cta_text":"","features_title":"","features":"","ed_cta_examples_text":"","ed_cta_examples_hidden":"","ed_cta_demo_text":"","ed_cta_demo_hidden":"","why_caption":"","why_editor_title":"","why_editor_text":"","why_team_title":"","why_team_text":"","why_service_title":"","why_service_text":"","template_catalog_visible":"","template_catalog_title":"","template_catalog_text":"","template_catalog_categories_visible":"","demo_title":"","demo_caption":"","default_faq_hidden":"","app_template_category":[],"platform":"","template_public_id":"","codecanyon_url":"","codecanyon_item_id":"","codecanyon_price":"","pricing_caption":"","pricing_elfsight_apps_hide_column":"","pricing_elfsight_apps_url":"","pricing_codecanyon_price_caption":"","integration_category":[],"integration_request_title":"","integration_request_cta":"","integration_platform":"","integrations":[],"platform_category":[],"video_schema_markup":"","price":"","trial":"","benefits":[],"button_url":"","button_target_blank":"","button_nofollow":"","attributes":[],"tags":[],"tags_disable_links":"","hide_more_platforms":"","video_object":"","demo_hide_cta":"","demo_hide_cloud_options":"","pricing_title":"","pricing":[],"related_apps_title":"","related_apps_hidden":"","author":"","image":[],"title":"","job":"","social_networks":[]},"_links":{"self":[{"href":"https:\/\/elfsight.com\/de\/wp-json\/wp\/v2\/pages\/3797","targetHints":{"allow":["GET"]}}],"collection":[{"href":"https:\/\/elfsight.com\/de\/wp-json\/wp\/v2\/pages"}],"about":[{"href":"https:\/\/elfsight.com\/de\/wp-json\/wp\/v2\/types\/page"}],"author":[{"embeddable":true,"href":"https:\/\/elfsight.com\/de\/wp-json\/wp\/v2\/users\/13"}],"replies":[{"embeddable":true,"href":"https:\/\/elfsight.com\/de\/wp-json\/wp\/v2\/comments?post=3797"}],"version-history":[{"count":3,"href":"https:\/\/elfsight.com\/de\/wp-json\/wp\/v2\/pages\/3797\/revisions"}],"predecessor-version":[{"id":22341,"href":"https:\/\/elfsight.com\/de\/wp-json\/wp\/v2\/pages\/3797\/revisions\/22341"}],"up":[{"embeddable":true,"href":"https:\/\/elfsight.com\/de\/wp-json\/wp\/v2\/pages\/1569"}],"wp:attachment":[{"href":"https:\/\/elfsight.com\/de\/wp-json\/wp\/v2\/media?parent=3797"}],"curies":[{"name":"wp","href":"https:\/\/api.w.org\/{rel}","templated":true}]}}