{"id":3774,"date":"2020-11-03T12:30:12","date_gmt":"2020-11-03T12:30:12","guid":{"rendered":"https:\/\/elfsight.com\/de\/?page_id=3774"},"modified":"2022-01-21T06:15:11","modified_gmt":"2022-01-21T06:15:11","slug":"examples","status":"publish","type":"page","link":"https:\/\/elfsight.com\/de\/etsy-reviews-widget\/examples\/","title":{"rendered":"Etsy Reviews &#8211; Examples"},"content":{"rendered":"\n<div class=\"application-examples-item application-examples-item-loading\">\n                            <div class=\"col-row\">\n                                <div class=\"col-6 col-m-8 col-s-12\"><h3 class=\"application-examples-item-title\">Beispiel 1. Bewertungsantrag<\/h3><div class=\"application-examples-item-description\"><p><b>Hauptmerkmale:<\/b> <span>Call-to-action, CTA-Button.<\/span><\/p>\n\n<p>Hier sind die Bewertungen in einem attraktiven Widget in Etsy Reviews Originalfarben mit einem moderaten Header organisiert. Die Kopfzeile zeigt die Gesamtbewertung der Seite und die Anzahl der Bewertungen mit den Fotos der neuesten. Die Fotos anklickbar sind. Die Schaltfl\u00e4che Bewertungsantrag bietet Benutzer eine neue Bewertung zu hinterlassen. Die Option Ja ist blau gestrichen, um Klicks zu erzielen.<\/p><\/div><\/div>\n                <\/div>\n\n                <div class=\"application-examples-item-iframe-container browser-frame\">\n                    <div class=\"application-examples-item-iframe-wrapper\">\n                        <iframe class=\"application-examples-item-iframe\" data-src=\"https:\/\/elfsight.com\/examples?widget_id=5baf4f3f-4d56-4b23-9074-65ec456c8b7e&padding=10\" width=\"100%\" allow=\"autoplay; fullscreen\"><\/iframe>\n                    <\/div>\n\n                    <div class=\"application-examples-item-loader\"><\/div>\n                <\/div>\n            <\/div>\n\n<div class=\"application-examples-item application-examples-item-loading\">\n                            <div class=\"col-row\">\n                                <div class=\"col-6 col-m-8 col-s-12\"><h3 class=\"application-examples-item-title\">Beispiel 2. Liste<\/h3><div class=\"application-examples-item-description\"><p><b>Hauptmerkmale:<\/b> <span>Listenlayout, Navigation.<\/span><\/p>\n<p>Hier ist eine Weise, Ihre Bewertungen als klare Liste auf einer Seite anzuzeigen. Wenn Sie die Kopfzeile ausblenden und die Abmessungen Auto f\u00fcr Breite und H\u00f6he aktivieren, wie in diesem Beispiel, f\u00fcllt das Widget den gesamten freien Platz auf der Seite perfekt aus und sieht verankert aus. Sie k\u00f6nnen Filter anwenden, um die Anzahl der Bewertungen festzulegen, nur positive Bewertungen anzuzeigen oder unerw\u00fcnschte Keywords auszuschlie\u00dfen.<\/p><\/div><\/div>\n                <\/div>\n\n                <div class=\"application-examples-item-iframe-container browser-frame\">\n                    <div class=\"application-examples-item-iframe-wrapper\">\n                        <iframe class=\"application-examples-item-iframe application-examples-item-iframe-fixed-height\" data-src=\"https:\/\/apps.elfsight.com\/template\/68d1b9b3-ff8f-435a-ad67-0affe1c8c458?padding=10\" width=\"100%\" height=\"700\" allow=\"autoplay; fullscreen\"><\/iframe>\n                    <\/div>\n\n                    <div class=\"application-examples-item-loader\"><\/div>\n                <\/div>\n            <\/div>\n\n<div class=\"application-examples-item application-examples-item-loading\">\n                            <div class=\"col-row\">\n                                <div class=\"col-6 col-m-8 col-s-12\"><h3 class=\"application-examples-item-title\">Beispiel 3. Mauerwerk<\/h3><div class=\"application-examples-item-description\"><p><b>Hauptmerkmale:<\/b> <span>Mauerwerk Layout, Raster.<\/span><\/p>\n<p>In diesem Beispiel eine Vielzahl von Bewertungen in die Masonry-Variante integriert, die Bewertungen auf der Grundlage des H\u00f6henwerts auf die ausgewogenste Weise anordnet. Diese Farbe sorgt f\u00fcr einen einzigartigen Look. Die Sternebewertung ist neben den Bewertungen, um einen hohen sozialen Beweis zu zeigen.<\/p><\/div><\/div>\n                <\/div>\n\n                <div class=\"application-examples-item-iframe-container browser-frame\">\n                    <div class=\"application-examples-item-iframe-wrapper\">\n                        <iframe class=\"application-examples-item-iframe application-examples-item-iframe-fixed-height\" data-src=\"https:\/\/apps.elfsight.com\/template\/dca22ebb-c263-47c5-b66e-6e58f0f2ed81?padding=20\" width=\"100%\" height=\"700\" allow=\"autoplay; fullscreen\"><\/iframe>\n                    <\/div>\n\n                    <div class=\"application-examples-item-loader\"><\/div>\n                <\/div>\n            <\/div>\n\n<div class=\"application-cta-create\">\n                    <div class=\"application-cta-create-bg\">\n                        <div class=\"application-cta-create-bg-left\"><\/div>\n\n                        <div class=\"application-cta-create-bg-right\">\n                            <img decoding=\"async\" src=\"https:\/\/elfsight.com\/de\/wp-content\/themes\/elfsight\/frontend\/assets\/img\/application-cta-create.jpg\" alt=\"Beginnen Sie mit der Erstellung Ihres Widgets\">\n                        <\/div>\n                    <\/div>\n\n                    <div class=\"application-cta-create-content inner\">\n                        <div class=\"application-cta-create-content-inner\">\n                            <div class=\"application-cta-create-content-icon\">\n                                <svg viewBox=\"0 0 25 25\" width=\"100%\" height=\"100%\">\n                                    <use xlink:href=\"#icon-settings\"><\/use>\n                                <\/svg>\n                            <\/div>\n\n                            <div class=\"application-cta-create-content-title\">Beginnen Sie mit der Erstellung Ihres Widgets<\/div>\n\n                            <div class=\"application-cta-create-content-text\">Schnell. Einfach. Keine Codierung.<\/div>\n\n                            <a class=\"application-cta-create-content-button button-48 button-has-right-icon button-black button\" href=\"\">\n                                <span class=\"button-label\">Widget erstellen<\/span>\n\n                                <svg class=\"button-icon\">\n                                    <use xlink:href=\"#icon-arrow-link\"><\/use>\n                                <\/svg>\n                            <\/a>\n                        <\/div>\n                    <\/div>\n                <\/div>\n\n<div class=\"application-examples-item application-examples-item-loading\">\n                            <div class=\"col-row\">\n                                <div class=\"col-6 col-m-8 col-s-12\"><h3 class=\"application-examples-item-title\">Beispiel 4. Raster<\/h3><div class=\"application-examples-item-description\"><p><b>Hauptmerkmale:<\/b> <span>Rasterlayout, Design.<\/span><\/p>\n<p>Die Auswahl des Rasterlayouts und der Spotlight-Vorlage sorgt f\u00fcr eine ausgewogene Benutzeroberfl\u00e4che des Widgets. Gerade Linien und mittig ausgerichtete Rezensionstexte ziehen die Aufmerksamkeit des Betrachters. Die klare Geometrie des Rasterlayouts kann auch mit jeden anderen Bewertungen Schablone \u00fcbereinstimmen. Die Interface-Optionen sind vollst\u00e4ndig kompatibel.<\/p><\/div><\/div>\n                <\/div>\n\n                <div class=\"application-examples-item-iframe-container browser-frame\">\n                    <div class=\"application-examples-item-iframe-wrapper\">\n                        <iframe class=\"application-examples-item-iframe application-examples-item-iframe-fixed-height\" data-src=\"https:\/\/elfsight.com\/examples?widget_id=8159a6be-e5a1-489f-9fa4-8a2dd007d6c0&padding=10\" width=\"100%\" height=\"700\" allow=\"autoplay; fullscreen\"><\/iframe>\n                    <\/div>\n\n                    <div class=\"application-examples-item-loader\"><\/div>\n                <\/div>\n            <\/div>\n\n<div class=\"application-examples-item application-examples-item-loading\">\n                            <div class=\"col-row\">\n                                <div class=\"col-6 col-m-8 col-s-12\"><h3 class=\"application-examples-item-title\">Beispiel 5. Karussell<\/h3><div class=\"application-examples-item-description\"><p><b>Hauptmerkmale:<\/b> <span>Karussell, Testimonials.<\/span><\/p>\n<p>Hier das Widget, das ist im Slider-Layout festgelegt demonstriert die Bewertungen durch ein dynamisches Karussell mit Autoplay. Dies ist ein perfektes Anwendungsfall beispielsweise f\u00fcr die Hauptseite Ihrer Website. Das Schieber-Layout umfasst Navigationselemente: Pfeil, Ziehen oder Paginierung. Es ist verf\u00fcgbar zu w\u00e4hlen, wie viele Bewertungen auf jeder Folie erscheint werden.<\/p><\/div><\/div>\n                <\/div>\n\n                <div class=\"application-examples-item-iframe-container browser-frame\">\n                    <div class=\"application-examples-item-iframe-wrapper\">\n                        <iframe class=\"application-examples-item-iframe\" data-src=\"https:\/\/apps.elfsight.com\/template\/72395c67-d92c-4679-b424-e7f75a6cf755?padding=10\" width=\"100%\" allow=\"autoplay; fullscreen\"><\/iframe>\n                    <\/div>\n\n                    <div class=\"application-examples-item-loader\"><\/div>\n                <\/div>\n            <\/div>\n\n<div class=\"application-examples-item application-examples-item-loading\">\n                            <div class=\"col-row\">\n                                <div class=\"col-6 col-m-8 col-s-12\"><h3 class=\"application-examples-item-title\">Beispiel 6. Slider<\/h3><div class=\"application-examples-item-description\"><p><b>Hauptmerkmale:<\/b> <span>Slider Layout, Navigation.<\/span><\/p>\n<p>Wenn Sie Bewertungen einzeln anzeigen, werden sie die maximale Aufmerksamkeit der Benutzer ziehen. In diesem Beispiel \u00e4ndert die Spotlight-Vorlage die Position der Elemente: Die Foto- und Sternebewertung des Autors liegt \u00fcber dem Bewertungstext und alle Elemente sind mittig ausgerichtet. Alle anderen Bewertungen k\u00f6nnen durch Ziehen oder Klicken auf Pfeile angezeigt werden.<\/p><\/div><\/div>\n                <\/div>\n\n                <div class=\"application-examples-item-iframe-container browser-frame\">\n                    <div class=\"application-examples-item-iframe-wrapper\">\n                        <iframe class=\"application-examples-item-iframe\" data-src=\"https:\/\/apps.elfsight.com\/template\/b643f614-8f70-4e94-8206-31f645a78ea0?padding=10\" width=\"100%\" allow=\"autoplay; fullscreen\"><\/iframe>\n                    <\/div>\n\n                    <div class=\"application-examples-item-loader\"><\/div>\n                <\/div>\n            <\/div>\n\n<div class=\"application-examples-item application-examples-item-loading\">\n                            <div class=\"col-row\">\n                                <div class=\"col-6 col-m-8 col-s-12\"><h3 class=\"application-examples-item-title\">Beispiel 7. Sidebar<\/h3><div class=\"application-examples-item-description\"><p><b>Main features:<\/b>  <span> Sidebar layout, navigation.<\/span><\/p>\n<p>Here\u2019s a illustrative example of the way to add a reviews widget into any site with very limited space available. In a sidebar variant, the widget has no extra elements, only the basic parts and the size allowed moderate in size yet all functions are there. <\/p><\/div><\/div>\n                <\/div>\n\n                <div class=\"application-examples-item-iframe-container browser-frame\">\n                    <div class=\"application-examples-item-iframe-wrapper\">\n                        <iframe class=\"application-examples-item-iframe application-examples-item-iframe-fixed-height\" data-src=\"https:\/\/apps.elfsight.com\/template\/ba5ff587-26c4-41f1-827c-a148ed1af5a8?padding=10\" width=\"100%\" height=\"400\" allow=\"autoplay; fullscreen\"><\/iframe>\n                    <\/div>\n\n                    <div class=\"application-examples-item-loader\"><\/div>\n                <\/div>\n            <\/div>\n","protected":false},"excerpt":{"rendered":"","protected":false},"author":13,"featured_media":0,"parent":1762,"menu_order":0,"comment_status":"closed","ping_status":"closed","template":"templates\/template-application-examples.php","meta":{"publish_to_discourse":"","publish_post_category":"","wpdc_auto_publish_overridden":"","wpdc_topic_tags":"","wpdc_pin_topic":"","wpdc_pin_until":"","discourse_post_id":"","discourse_permalink":"","wpdc_publishing_response":"","wpdc_publishing_error":"","footnotes":""},"class_list":["post-3774","page","type-page","status-publish","hentry"],"yoast_head":"<!-- This site is optimized with the Yoast SEO plugin v25.3.1 - https:\/\/yoast.com\/wordpress\/plugins\/seo\/ -->\n<title>Beste Beispiele Etsy-Widgets f\u00fcr Ihre Website - Probieren sie in Demo aus<\/title>\n<meta name=\"description\" content=\"Alle Varianten von Etsy-Bewertungen f\u00fcr Ihre Website anzeigen: Mauerwerk, Raster, Liste, Seitenleiste usw. Bewertungen Widget Probe.\" \/>\n<meta name=\"robots\" content=\"index, follow, max-snippet:-1, max-image-preview:large, max-video-preview:-1\" \/>\n<link rel=\"canonical\" href=\"https:\/\/elfsight.com\/de\/etsy-reviews-widget\/examples\/\" \/>\n<meta property=\"og:locale\" content=\"de_DE\" \/>\n<meta property=\"og:type\" content=\"article\" \/>\n<meta property=\"og:title\" content=\"Beste Beispiele Etsy-Widgets f\u00fcr Ihre Website - Probieren sie in Demo aus\" \/>\n<meta property=\"og:description\" content=\"Alle Varianten von Etsy-Bewertungen f\u00fcr Ihre Website anzeigen: Mauerwerk, Raster, Liste, Seitenleiste usw. Bewertungen Widget Probe.\" \/>\n<meta property=\"og:url\" content=\"https:\/\/elfsight.com\/de\/etsy-reviews-widget\/examples\/\" \/>\n<meta property=\"og:site_name\" content=\"Elfsight DE\" \/>\n<meta property=\"article:modified_time\" content=\"2022-01-21T06:15:11+00:00\" \/>\n<meta name=\"twitter:card\" content=\"summary_large_image\" \/>\n<meta name=\"twitter:label1\" content=\"Gesch\u00e4tzte Lesezeit\" \/>\n\t<meta name=\"twitter:data1\" content=\"2\u00a0Minuten\" \/>\n<!-- \/ Yoast SEO plugin. -->","yoast_head_json":{"title":"Beste Beispiele Etsy-Widgets f\u00fcr Ihre Website - Probieren sie in Demo aus","description":"Alle Varianten von Etsy-Bewertungen f\u00fcr Ihre Website anzeigen: Mauerwerk, Raster, Liste, Seitenleiste usw. Bewertungen Widget Probe.","robots":{"index":"index","follow":"follow","max-snippet":"max-snippet:-1","max-image-preview":"max-image-preview:large","max-video-preview":"max-video-preview:-1"},"canonical":"https:\/\/elfsight.com\/de\/etsy-reviews-widget\/examples\/","og_locale":"de_DE","og_type":"article","og_title":"Beste Beispiele Etsy-Widgets f\u00fcr Ihre Website - Probieren sie in Demo aus","og_description":"Alle Varianten von Etsy-Bewertungen f\u00fcr Ihre Website anzeigen: Mauerwerk, Raster, Liste, Seitenleiste usw. Bewertungen Widget Probe.","og_url":"https:\/\/elfsight.com\/de\/etsy-reviews-widget\/examples\/","og_site_name":"Elfsight DE","article_modified_time":"2022-01-21T06:15:11+00:00","twitter_card":"summary_large_image","twitter_misc":{"Gesch\u00e4tzte Lesezeit":"2\u00a0Minuten"},"schema":{"@context":"https:\/\/schema.org","@graph":[{"@type":"WebPage","@id":"https:\/\/elfsight.com\/de\/etsy-reviews-widget\/examples\/","url":"https:\/\/elfsight.com\/de\/etsy-reviews-widget\/examples\/","name":"Beste Beispiele Etsy-Widgets f\u00fcr Ihre Website - Probieren sie in Demo aus","isPartOf":{"@id":"https:\/\/elfsight.com\/de\/#website"},"datePublished":"2020-11-03T12:30:12+00:00","dateModified":"2022-01-21T06:15:11+00:00","description":"Alle Varianten von Etsy-Bewertungen f\u00fcr Ihre Website anzeigen: Mauerwerk, Raster, Liste, Seitenleiste usw. Bewertungen Widget Probe.","breadcrumb":{"@id":"https:\/\/elfsight.com\/de\/etsy-reviews-widget\/examples\/#breadcrumb"},"inLanguage":"de","potentialAction":[{"@type":"ReadAction","target":["https:\/\/elfsight.com\/de\/etsy-reviews-widget\/examples\/"]}]},{"@type":"BreadcrumbList","@id":"https:\/\/elfsight.com\/de\/etsy-reviews-widget\/examples\/#breadcrumb","itemListElement":[{"@type":"ListItem","position":1,"name":"Home","item":"https:\/\/elfsight.com\/de\/"},{"@type":"ListItem","position":2,"name":"Etsy Reviews","item":"https:\/\/elfsight.com\/de\/etsy-reviews-widget\/"},{"@type":"ListItem","position":3,"name":"Etsy Reviews &#8211; Examples"}]},{"@type":"WebSite","@id":"https:\/\/elfsight.com\/de\/#website","url":"https:\/\/elfsight.com\/de\/","name":"Elfsight DE","description":"Just another Elfsight Sites site","potentialAction":[{"@type":"SearchAction","target":{"@type":"EntryPoint","urlTemplate":"https:\/\/elfsight.com\/de\/?s={search_term_string}"},"query-input":{"@type":"PropertyValueSpecification","valueRequired":true,"valueName":"search_term_string"}}],"inLanguage":"de"}]}},"meta_box":{"industry":"","seo_heading":"","heading":"","description":"","cta_heading":"","cta_description":"","application":"1761","h1":"Beispiele f\u00fcr das Etsy Bewertungen Widget auf Ihre Seite","h1_caption":"Sehen Sie alle Beispiele f\u00fcr Etsy Bewertungen Plugin, um das volle Potenzial des Widgets zu erkennen.","application_category":[],"applications_title":"","applications_request_title":"","applications_request_button_text":"","hero_text":"","hero_video":"","hero_video_schema_markup":"","selling_points_title":"","selling_points_caption":"","selling_points":[],"selling_points_cta_text":"","features_title":"","features":"","ed_cta_examples_text":"","ed_cta_examples_hidden":"","ed_cta_demo_text":"","ed_cta_demo_hidden":"","why_caption":"","why_editor_title":"","why_editor_text":"","why_team_title":"","why_team_text":"","why_service_title":"","why_service_text":"","template_catalog_visible":"","template_catalog_title":"","template_catalog_text":"","template_catalog_categories_visible":"","demo_title":"","demo_caption":"","default_faq_hidden":"","app_template_category":[],"platform":"","template_public_id":"","codecanyon_url":"","codecanyon_item_id":"","codecanyon_price":"","pricing_caption":"","pricing_elfsight_apps_hide_column":"","pricing_elfsight_apps_url":"","pricing_codecanyon_price_caption":"","integration_category":[],"integration_request_title":"","integration_request_cta":"","integration_platform":"","integrations":[],"platform_category":[],"video_schema_markup":"","price":"","trial":"","benefits":[],"button_url":"","button_target_blank":"","button_nofollow":"","attributes":[],"tags":[],"tags_disable_links":"","hide_more_platforms":"","video_object":"","demo_hide_cta":"","demo_hide_cloud_options":"","pricing_title":"","pricing":[],"related_apps_title":"","related_apps_hidden":"","author":"","image":[],"title":"","job":"","social_networks":[]},"_links":{"self":[{"href":"https:\/\/elfsight.com\/de\/wp-json\/wp\/v2\/pages\/3774","targetHints":{"allow":["GET"]}}],"collection":[{"href":"https:\/\/elfsight.com\/de\/wp-json\/wp\/v2\/pages"}],"about":[{"href":"https:\/\/elfsight.com\/de\/wp-json\/wp\/v2\/types\/page"}],"author":[{"embeddable":true,"href":"https:\/\/elfsight.com\/de\/wp-json\/wp\/v2\/users\/13"}],"replies":[{"embeddable":true,"href":"https:\/\/elfsight.com\/de\/wp-json\/wp\/v2\/comments?post=3774"}],"version-history":[{"count":12,"href":"https:\/\/elfsight.com\/de\/wp-json\/wp\/v2\/pages\/3774\/revisions"}],"predecessor-version":[{"id":6933,"href":"https:\/\/elfsight.com\/de\/wp-json\/wp\/v2\/pages\/3774\/revisions\/6933"}],"up":[{"embeddable":true,"href":"https:\/\/elfsight.com\/de\/wp-json\/wp\/v2\/pages\/1762"}],"wp:attachment":[{"href":"https:\/\/elfsight.com\/de\/wp-json\/wp\/v2\/media?parent=3774"}],"curies":[{"name":"wp","href":"https:\/\/api.w.org\/{rel}","templated":true}]}}