{"id":3767,"date":"2020-11-03T10:59:23","date_gmt":"2020-11-03T10:59:23","guid":{"rendered":"https:\/\/elfsight.com\/de\/?page_id=3767"},"modified":"2022-01-20T13:40:52","modified_gmt":"2022-01-20T13:40:52","slug":"examples","status":"publish","type":"page","link":"https:\/\/elfsight.com\/de\/ebay-reviews-widget\/examples\/","title":{"rendered":"eBay Reviews &#8211; Examples"},"content":{"rendered":"\n<div class=\"application-examples-item application-examples-item-loading\">\n                            <div class=\"col-row\">\n                                <div class=\"col-6 col-m-8 col-s-12\"><h3 class=\"application-examples-item-title\">Beispiel 1. Bewertungsantrag<\/h3><div class=\"application-examples-item-description\"><p><b>Hauptmerkmale:<\/b> <span>Call-to-action, CTA-Button.<\/span><\/p>\n\n<p>Hier die Bewertungen sind in einem klaren Widget in authentischen eBay-Farben mit einem informativen Header angebaut. Die Kopfzeile zeigt die Gesamtbewertung der Seite und die Anzahl der Bewertungen mit den Fotos der neuesten. Die Fotos f\u00fchren zu Ihrer Seite beim Klicken. \u00dcber die Schaltfl\u00e4che Bewertungsantrag werden Benutzer aufgefordert, eine neue Bewertung zu hinterlassen. Die Option Ja ist blau gestrichen, um Klicks zu erzielen. <\/p><\/div><\/div>\n                <\/div>\n\n                <div class=\"application-examples-item-iframe-container browser-frame\">\n                    <div class=\"application-examples-item-iframe-wrapper\">\n                        <iframe class=\"application-examples-item-iframe\" data-src=\"https:\/\/apps.elfsight.com\/template\/acffd068-5f1a-4256-9962-e6fc97abd8a8?padding=10\" width=\"100%\" allow=\"autoplay; fullscreen\"><\/iframe>\n                    <\/div>\n\n                    <div class=\"application-examples-item-loader\"><\/div>\n                <\/div>\n            <\/div>\n\n<div class=\"application-examples-item application-examples-item-loading\">\n                            <div class=\"col-row\">\n                                <div class=\"col-6 col-m-8 col-s-12\"><h3 class=\"application-examples-item-title\">Beispiel 2. Liste<\/h3><div class=\"application-examples-item-description\"><p><b>Hauptmerkmale:<\/b> <span>Listenlayout, Navigation.<\/span><\/p>\n<p><b>Hier ist eine Weise, Ihre Bewertungen als moderate Liste auf einer Seite anzuzeigen. Wenn Sie die Kopfzeile ausblenden und die Abmessungen Auto f\u00fcr Breite und H\u00f6he ausw\u00e4hlen, wie in diesem Beispiel, verbreitet das Widget auf den gesamten freien Platz auf der Seite nahtlos aus und sieht ausgewogen aus. Wenden Sie Filter an, um die Anzahl der Bewertungen zu begrenzen, nur positive Bewertungen anzuzeigen oder unerw\u00fcnschte Keywords auszuschlie\u00dfen.<\/p><\/div><\/div>\n                <\/div>\n\n                <div class=\"application-examples-item-iframe-container browser-frame\">\n                    <div class=\"application-examples-item-iframe-wrapper\">\n                        <iframe class=\"application-examples-item-iframe application-examples-item-iframe-fixed-height\" data-src=\"https:\/\/elfsight.com\/examples?widget_id=6ebfd21b-d705-4045-a425-63457bb8d990&padding=10\" width=\"100%\" height=\"700\" allow=\"autoplay; fullscreen\"><\/iframe>\n                    <\/div>\n\n                    <div class=\"application-examples-item-loader\"><\/div>\n                <\/div>\n            <\/div>\n\n<div class=\"application-examples-item application-examples-item-loading\">\n                            <div class=\"col-row\">\n                                <div class=\"col-6 col-m-8 col-s-12\"><h3 class=\"application-examples-item-title\">Beispiele 3. Mauerwerk<\/h3><div class=\"application-examples-item-description\"><p><b>Hauptmerkmale:<\/b> <span>Mauerwerk Layout, Raster.<\/span><\/p>\n<p>In diesem Beispiel ist eine Sammlung von Bewertungen in die Masonry-Variante angezeigt, die Bewertungen auf der Grundlage des H\u00f6henwerts auf das optimale Layout anordnet. Benutzerdefinierte Farben lie\u00dfen das Widget absolut einzigartig aussehen. Die Sternebewertung der Rezensionen soll eine hohe Einsch\u00e4tzung der Kunden nachweisen. <\/p><\/div><\/div>\n                <\/div>\n\n                <div class=\"application-examples-item-iframe-container browser-frame\">\n                    <div class=\"application-examples-item-iframe-wrapper\">\n                        <iframe class=\"application-examples-item-iframe application-examples-item-iframe-fixed-height\" data-src=\"https:\/\/elfsight.com\/examples?widget_id=3f33695b-8a02-4d35-b013-096e961c3434&padding=20\" width=\"100%\" height=\"700\" allow=\"autoplay; fullscreen\"><\/iframe>\n                    <\/div>\n\n                    <div class=\"application-examples-item-loader\"><\/div>\n                <\/div>\n            <\/div>\n\n<div class=\"application-cta-create\">\n                    <div class=\"application-cta-create-bg\">\n                        <div class=\"application-cta-create-bg-left\"><\/div>\n\n                        <div class=\"application-cta-create-bg-right\">\n                            <img decoding=\"async\" src=\"https:\/\/elfsight.com\/de\/wp-content\/themes\/elfsight\/frontend\/assets\/img\/application-cta-create.jpg\" alt=\"Beginnen Sie mit der Erstellung Ihres Widgets\">\n                        <\/div>\n                    <\/div>\n\n                    <div class=\"application-cta-create-content inner\">\n                        <div class=\"application-cta-create-content-inner\">\n                            <div class=\"application-cta-create-content-icon\">\n                                <svg viewBox=\"0 0 25 25\" width=\"100%\" height=\"100%\">\n                                    <use xlink:href=\"#icon-settings\"><\/use>\n                                <\/svg>\n                            <\/div>\n\n                            <div class=\"application-cta-create-content-title\">Beginnen Sie mit der Erstellung Ihres Widgets<\/div>\n\n                            <div class=\"application-cta-create-content-text\">Schnell. Einfach. Keine Codierung.<\/div>\n\n                            <a class=\"application-cta-create-content-button button-48 button-has-right-icon button-black button\" href=\"\">\n                                <span class=\"button-label\">Widget erstellen<\/span>\n\n                                <svg class=\"button-icon\">\n                                    <use xlink:href=\"#icon-arrow-link\"><\/use>\n                                <\/svg>\n                            <\/a>\n                        <\/div>\n                    <\/div>\n                <\/div>\n\n<div class=\"application-examples-item application-examples-item-loading\">\n                            <div class=\"col-row\">\n                                <div class=\"col-6 col-m-8 col-s-12\"><h3 class=\"application-examples-item-title\">Beispiele 4. Raster<\/h3><div class=\"application-examples-item-description\"><p><b>Hauptmerkmale:<\/b> <span>Rasterlayout, Design.<\/span><\/p>\n<p>Die Wahl des Rasterlayouts und der Spotlight-Vorlage sorgt f\u00fcr ein klares Erscheinungsbild des Widgets. Gerade Linien und mittig ausgerichtete Rezensionstexte ziehen die Aufmerksamkeit des Betrachters. Die klare Geometrie des Rasterlayouts kann auch mit jeden anderen Schablone \u00fcbereinstimmen. Die Interface-Optionen sind vollst\u00e4ndig kompatibel. <\/p><\/div><\/div>\n                <\/div>\n\n                <div class=\"application-examples-item-iframe-container browser-frame\">\n                    <div class=\"application-examples-item-iframe-wrapper\">\n                        <iframe class=\"application-examples-item-iframe application-examples-item-iframe-fixed-height\" data-src=\"https:\/\/elfsight.com\/examples?widget_id=dd98340a-e906-4acf-94c6-1b1ba44e3d79&padding=10\" width=\"100%\" height=\"700\" allow=\"autoplay; fullscreen\"><\/iframe>\n                    <\/div>\n\n                    <div class=\"application-examples-item-loader\"><\/div>\n                <\/div>\n            <\/div>\n\n<div class=\"application-examples-item application-examples-item-loading\">\n                            <div class=\"col-row\">\n                                <div class=\"col-6 col-m-8 col-s-12\"><h3 class=\"application-examples-item-title\">Beispiele 5. Karussell<\/h3><div class=\"application-examples-item-description\"><p><b>Hauptmerkmale:<\/b> <span>Karussell, Testimonials.<\/span><\/p>\n<p>Dieses Widget mit Slider-Layout demonstriert die Bewertungen durch ein dynamisches Karussell mit Autoplay. Dies ist eine gute Variante beispielsweise f\u00fcr die Hauptseite Ihrer Website. Das Schieber-Layout bietet mehrere Navigationselemente: Pfeil, Ziehen oder Paginierung. Sie k\u00f6nnen ausw\u00e4hlen, wie viele Bewertungen pro Folie angezeigt werden.<\/p><\/div><\/div>\n                <\/div>\n\n                <div class=\"application-examples-item-iframe-container browser-frame\">\n                    <div class=\"application-examples-item-iframe-wrapper\">\n                        <iframe class=\"application-examples-item-iframe\" data-src=\"https:\/\/elfsight.com\/examples?widget_id=1bdf5f1c-68ba-40e9-bb03-304e9cde68a3&padding=10\" width=\"100%\" allow=\"autoplay; fullscreen\"><\/iframe>\n                    <\/div>\n\n                    <div class=\"application-examples-item-loader\"><\/div>\n                <\/div>\n            <\/div>\n\n<div class=\"application-examples-item application-examples-item-loading\">\n                            <div class=\"col-row\">\n                                <div class=\"col-6 col-m-8 col-s-12\"><h3 class=\"application-examples-item-title\">Beispiele 6. Slider<\/h3><div class=\"application-examples-item-description\"><p><b>Hauptmerkmale:<\/b> <span>Slider Layout, Navigation.<\/span><\/p>\n<p>Wenn Sie Bewertungen einzeln vorf\u00fchren, werden sie die maximale Aufmerksamkeit der Benutzer auf sich ziehen. In diesem Anwendungsfall die Auswahl der Vorlage \u00e4ndert die Reihenfolge der Elemente: Die Bilder- und Sternebewertung des Autors liegt \u00fcber dem Bewertungstext mit allen Elementen mittig ausgerichtet. Weitere Bewertungen k\u00f6nnen durch Ziehen oder Klicken auf Pfeile angezeigt werden. <\/p><\/div><\/div>\n                <\/div>\n\n                <div class=\"application-examples-item-iframe-container browser-frame\">\n                    <div class=\"application-examples-item-iframe-wrapper\">\n                        <iframe class=\"application-examples-item-iframe\" data-src=\"https:\/\/elfsight.com\/examples?widget_id=2c211965-3b0c-40bf-b60d-d9eb23401b12&padding=10\" width=\"100%\" allow=\"autoplay; fullscreen\"><\/iframe>\n                    <\/div>\n\n                    <div class=\"application-examples-item-loader\"><\/div>\n                <\/div>\n            <\/div>\n\n<div class=\"application-examples-item application-examples-item-loading\">\n                            <div class=\"col-row\">\n                                <div class=\"col-6 col-m-8 col-s-12\"><h3 class=\"application-examples-item-title\">Beispiele 7. Sidebar<\/h3><div class=\"application-examples-item-description\"><p><b>Hauptmerkmale:<\/b> <span> Schauen Sie sich dieses ist ein hervorragendes Beispiel, wie Sie ein Bewertungs-Widget mit sehr begrenztem Platze in Ihre Website integrieren k\u00f6nnen. Im Seitenleistenlayout hat das Widget keine zus\u00e4tzlichen Elemente, nur die wesentlichen, und die reaktionsschnelle Gr\u00f6\u00dfe hat dazu beigetragen, dass die Gr\u00f6\u00dfe moderat ist, die volle Funktionalit\u00e4t bleibt jedoch erhalten. <\/p><\/div><\/div>\n                <\/div>\n\n                <div class=\"application-examples-item-iframe-container browser-frame\">\n                    <div class=\"application-examples-item-iframe-wrapper\">\n                        <iframe class=\"application-examples-item-iframe application-examples-item-iframe-fixed-height\" data-src=\"https:\/\/elfsight.com\/examples?widget_id=4673c709-a2c2-42a7-ab03-0fd393703164&padding=10\" width=\"100%\" height=\"400\" allow=\"autoplay; fullscreen\"><\/iframe>\n                    <\/div>\n\n                    <div class=\"application-examples-item-loader\"><\/div>\n                <\/div>\n            <\/div>\n","protected":false},"excerpt":{"rendered":"","protected":false},"author":13,"featured_media":0,"parent":1924,"menu_order":0,"comment_status":"closed","ping_status":"closed","template":"templates\/template-application-examples.php","meta":{"publish_to_discourse":"","publish_post_category":"","wpdc_auto_publish_overridden":"","wpdc_topic_tags":"","wpdc_pin_topic":"","wpdc_pin_until":"","discourse_post_id":"","discourse_permalink":"","wpdc_publishing_response":"","wpdc_publishing_error":"","footnotes":""},"class_list":["post-3767","page","type-page","status-publish","hentry"],"yoast_head":"<!-- This site is optimized with the Yoast SEO plugin v25.3.1 - https:\/\/yoast.com\/wordpress\/plugins\/seo\/ -->\n<title>TOP-Beispiele f\u00fcr die Verwendung eines eBay Reviews-Widgets<\/title>\n<meta name=\"description\" content=\"Alle Varianten von eBay-Bewertungen f\u00fcr Ihre Website : Mauerwerk, Raster, Liste, Seitenleiste usw. Bewertungen Widget Probe f\u00fcr Ihre Website.\" \/>\n<meta name=\"robots\" content=\"index, follow, max-snippet:-1, max-image-preview:large, max-video-preview:-1\" \/>\n<link rel=\"canonical\" href=\"https:\/\/elfsight.com\/de\/ebay-reviews-widget\/examples\/\" \/>\n<meta property=\"og:locale\" content=\"de_DE\" \/>\n<meta property=\"og:type\" content=\"article\" \/>\n<meta property=\"og:title\" content=\"TOP-Beispiele f\u00fcr die Verwendung eines eBay Reviews-Widgets\" \/>\n<meta property=\"og:description\" content=\"Alle Varianten von eBay-Bewertungen f\u00fcr Ihre Website : Mauerwerk, Raster, Liste, Seitenleiste usw. Bewertungen Widget Probe f\u00fcr Ihre Website.\" \/>\n<meta property=\"og:url\" content=\"https:\/\/elfsight.com\/de\/ebay-reviews-widget\/examples\/\" \/>\n<meta property=\"og:site_name\" content=\"Elfsight DE\" \/>\n<meta property=\"article:modified_time\" content=\"2022-01-20T13:40:52+00:00\" \/>\n<meta name=\"twitter:card\" content=\"summary_large_image\" \/>\n<meta name=\"twitter:label1\" content=\"Gesch\u00e4tzte Lesezeit\" \/>\n\t<meta name=\"twitter:data1\" content=\"2\u00a0Minuten\" \/>\n<!-- \/ Yoast SEO plugin. -->","yoast_head_json":{"title":"TOP-Beispiele f\u00fcr die Verwendung eines eBay Reviews-Widgets","description":"Alle Varianten von eBay-Bewertungen f\u00fcr Ihre Website : Mauerwerk, Raster, Liste, Seitenleiste usw. Bewertungen Widget Probe f\u00fcr Ihre Website.","robots":{"index":"index","follow":"follow","max-snippet":"max-snippet:-1","max-image-preview":"max-image-preview:large","max-video-preview":"max-video-preview:-1"},"canonical":"https:\/\/elfsight.com\/de\/ebay-reviews-widget\/examples\/","og_locale":"de_DE","og_type":"article","og_title":"TOP-Beispiele f\u00fcr die Verwendung eines eBay Reviews-Widgets","og_description":"Alle Varianten von eBay-Bewertungen f\u00fcr Ihre Website : Mauerwerk, Raster, Liste, Seitenleiste usw. Bewertungen Widget Probe f\u00fcr Ihre Website.","og_url":"https:\/\/elfsight.com\/de\/ebay-reviews-widget\/examples\/","og_site_name":"Elfsight DE","article_modified_time":"2022-01-20T13:40:52+00:00","twitter_card":"summary_large_image","twitter_misc":{"Gesch\u00e4tzte Lesezeit":"2\u00a0Minuten"},"schema":{"@context":"https:\/\/schema.org","@graph":[{"@type":"WebPage","@id":"https:\/\/elfsight.com\/de\/ebay-reviews-widget\/examples\/","url":"https:\/\/elfsight.com\/de\/ebay-reviews-widget\/examples\/","name":"TOP-Beispiele f\u00fcr die Verwendung eines eBay Reviews-Widgets","isPartOf":{"@id":"https:\/\/elfsight.com\/de\/#website"},"datePublished":"2020-11-03T10:59:23+00:00","dateModified":"2022-01-20T13:40:52+00:00","description":"Alle Varianten von eBay-Bewertungen f\u00fcr Ihre Website : Mauerwerk, Raster, Liste, Seitenleiste usw. Bewertungen Widget Probe f\u00fcr Ihre Website.","breadcrumb":{"@id":"https:\/\/elfsight.com\/de\/ebay-reviews-widget\/examples\/#breadcrumb"},"inLanguage":"de","potentialAction":[{"@type":"ReadAction","target":["https:\/\/elfsight.com\/de\/ebay-reviews-widget\/examples\/"]}]},{"@type":"BreadcrumbList","@id":"https:\/\/elfsight.com\/de\/ebay-reviews-widget\/examples\/#breadcrumb","itemListElement":[{"@type":"ListItem","position":1,"name":"Home","item":"https:\/\/elfsight.com\/de\/"},{"@type":"ListItem","position":2,"name":"eBay Reviews","item":"https:\/\/elfsight.com\/de\/ebay-reviews-widget\/"},{"@type":"ListItem","position":3,"name":"eBay Reviews &#8211; Examples"}]},{"@type":"WebSite","@id":"https:\/\/elfsight.com\/de\/#website","url":"https:\/\/elfsight.com\/de\/","name":"Elfsight DE","description":"Just another Elfsight Sites site","potentialAction":[{"@type":"SearchAction","target":{"@type":"EntryPoint","urlTemplate":"https:\/\/elfsight.com\/de\/?s={search_term_string}"},"query-input":{"@type":"PropertyValueSpecification","valueRequired":true,"valueName":"search_term_string"}}],"inLanguage":"de"}]}},"meta_box":{"industry":"","seo_heading":"","heading":"","description":"","cta_heading":"","cta_description":"","application":"1923","h1":"Beispiele f\u00fcr das eBay Bewertungen Widget auf Ihre Seite","h1_caption":"Sehen Sie alle Beispiele f\u00fcr eBay Bewertungen Plugin, um das volle Potenzial des Widgets zu erkennen.","application_category":[],"applications_title":"","applications_request_title":"","applications_request_button_text":"","hero_text":"","hero_video":"","hero_video_schema_markup":"","selling_points_title":"","selling_points_caption":"","selling_points":[],"selling_points_cta_text":"","features_title":"","features":"","ed_cta_examples_text":"","ed_cta_examples_hidden":"","ed_cta_demo_text":"","ed_cta_demo_hidden":"","why_caption":"","why_editor_title":"","why_editor_text":"","why_team_title":"","why_team_text":"","why_service_title":"","why_service_text":"","template_catalog_visible":"","template_catalog_title":"","template_catalog_text":"","template_catalog_categories_visible":"","demo_title":"","demo_caption":"","default_faq_hidden":"","app_template_category":[],"platform":"","template_public_id":"","codecanyon_url":"","codecanyon_item_id":"","codecanyon_price":"","pricing_caption":"","pricing_elfsight_apps_hide_column":"","pricing_elfsight_apps_url":"","pricing_codecanyon_price_caption":"","integration_category":[],"integration_request_title":"","integration_request_cta":"","integration_platform":"","integrations":[],"platform_category":[],"video_schema_markup":"","price":"","trial":"","benefits":[],"button_url":"","button_target_blank":"","button_nofollow":"","attributes":[],"tags":[],"tags_disable_links":"","hide_more_platforms":"","video_object":"","demo_hide_cta":"","demo_hide_cloud_options":"","pricing_title":"","pricing":[],"related_apps_title":"","related_apps_hidden":"","author":"","image":[],"title":"","job":"","social_networks":[]},"_links":{"self":[{"href":"https:\/\/elfsight.com\/de\/wp-json\/wp\/v2\/pages\/3767","targetHints":{"allow":["GET"]}}],"collection":[{"href":"https:\/\/elfsight.com\/de\/wp-json\/wp\/v2\/pages"}],"about":[{"href":"https:\/\/elfsight.com\/de\/wp-json\/wp\/v2\/types\/page"}],"author":[{"embeddable":true,"href":"https:\/\/elfsight.com\/de\/wp-json\/wp\/v2\/users\/13"}],"replies":[{"embeddable":true,"href":"https:\/\/elfsight.com\/de\/wp-json\/wp\/v2\/comments?post=3767"}],"version-history":[{"count":3,"href":"https:\/\/elfsight.com\/de\/wp-json\/wp\/v2\/pages\/3767\/revisions"}],"predecessor-version":[{"id":6929,"href":"https:\/\/elfsight.com\/de\/wp-json\/wp\/v2\/pages\/3767\/revisions\/6929"}],"up":[{"embeddable":true,"href":"https:\/\/elfsight.com\/de\/wp-json\/wp\/v2\/pages\/1924"}],"wp:attachment":[{"href":"https:\/\/elfsight.com\/de\/wp-json\/wp\/v2\/media?parent=3767"}],"curies":[{"name":"wp","href":"https:\/\/api.w.org\/{rel}","templated":true}]}}