{"id":3723,"date":"2020-10-30T11:48:06","date_gmt":"2020-10-30T11:48:06","guid":{"rendered":"https:\/\/elfsight.com\/de\/?page_id=3723"},"modified":"2021-04-20T06:09:12","modified_gmt":"2021-04-20T06:09:12","slug":"examples","status":"publish","type":"page","link":"https:\/\/elfsight.com\/de\/g2-crowd-reviews-widget\/examples\/","title":{"rendered":"G2 Crowd Reviews &#8211; Examples"},"content":{"rendered":"\n<div class=\"application-examples-item application-examples-item-loading\">\n                            <div class=\"col-row\">\n                                <div class=\"col-6 col-m-8 col-s-12\"><h3 class=\"application-examples-item-title\">Beispiel 1: Bewertungsantrag<\/h3><div class=\"application-examples-item-description\">Hier die Bewertungen sind in einem gro\u00dfen Widget in komplement\u00e4ren G2 Farben mit einem informativen Header gestaltet. Die Kopfzeile zeigt die Gesamtbewertung der Seite an und die Anzahl von Rezensenten mit den Fotos der neuesten. Die Fotos anklickbar sind. Die Schaltfl\u00e4che Bewertungsantrag werden Benutzer fordern, eine neue Bewertung zu hinterlassen. Die Option Ja ist blau gestrichen, um Klicks zu erzielen.<\/div><\/div>\n                <\/div>\n\n                <div class=\"application-examples-item-iframe-container browser-frame\">\n                    <div class=\"application-examples-item-iframe-wrapper\">\n                        <iframe class=\"application-examples-item-iframe application-examples-item-iframe-fixed-height\" data-src=\"https:\/\/elfsight.com\/examples?widget_id=0cb4d7db-e313-4aba-86fd-9192f0fa71d6&padding=28px+40px+40px\" width=\"100%\" height=\"600\" allow=\"autoplay; fullscreen\"><\/iframe>\n                    <\/div>\n\n                    <div class=\"application-examples-item-loader\"><\/div>\n                <\/div>\n            <\/div>\n\n<div class=\"application-examples-item application-examples-item-loading\">\n                            <div class=\"col-row\">\n                                <div class=\"col-6 col-m-8 col-s-12\"><h3 class=\"application-examples-item-title\">Beispiel 2: Liste<\/h3><div class=\"application-examples-item-description\">Mit unserem Widget k\u00f6nnen Sie Bewertungen als minimalistische Liste in eine Seite einbetten. Wenn Sie die Kopfzeile ausblenden und die Abmessungen Auto f\u00fcr Breite und H\u00f6he ausw\u00e4hlen, wie in diesem Beispiel, f\u00fcllt das Widget den gesamten freien Platz auf der Seite perfekt aus und sieht konsistent aus. Wenden Sie Filter an, um die Anzahl der Bewertungen zu begrenzen, nur positive Bewertungen anzuzeigen oder unerw\u00fcnschte Keywords auszuschlie\u00dfen.<\/div><\/div>\n                <\/div>\n\n                <div class=\"application-examples-item-iframe-container browser-frame\">\n                    <div class=\"application-examples-item-iframe-wrapper\">\n                        <iframe class=\"application-examples-item-iframe application-examples-item-iframe-fixed-height\" data-src=\"https:\/\/elfsight.com\/examples?widget_id=54b71632-66ca-47ed-9a06-a5feadec64f7&padding=28px+40px+40px\" width=\"100%\" height=\"600\" allow=\"autoplay; fullscreen\"><\/iframe>\n                    <\/div>\n\n                    <div class=\"application-examples-item-loader\"><\/div>\n                <\/div>\n            <\/div>\n\n<div class=\"application-examples-item application-examples-item-loading\">\n                            <div class=\"col-row\">\n                                <div class=\"col-6 col-m-8 col-s-12\"><h3 class=\"application-examples-item-title\">Beispiel 3: Mauerwerk<\/h3><div class=\"application-examples-item-description\">Hier ist eine Sammlung von Bewertungen in die Masonry-Variante integriert, die Bewertungen auf der Grundlage der bestm\u00f6glichen Weise anordnet. Die gew\u00e4hlte Farbvariante verleiht Authentizit\u00e4t dem Erscheinungsbild des Widgets. Die Sternebewertung ist neben den Bewertungen, um einen hohen sozialen Beweis zu demonstrieren.<\/div><\/div>\n                <\/div>\n\n                <div class=\"application-examples-item-iframe-container browser-frame\">\n                    <div class=\"application-examples-item-iframe-wrapper\">\n                        <iframe class=\"application-examples-item-iframe application-examples-item-iframe-fixed-height\" data-src=\"https:\/\/elfsight.com\/examples?widget_id=2412ead0-ed29-46ed-a992-92e7e2361333&padding=28px+40px+40px\" width=\"100%\" height=\"600\" allow=\"autoplay; fullscreen\"><\/iframe>\n                    <\/div>\n\n                    <div class=\"application-examples-item-loader\"><\/div>\n                <\/div>\n            <\/div>\n\n<div class=\"application-examples-item application-examples-item-loading\">\n                            <div class=\"col-row\">\n                                <div class=\"col-6 col-m-8 col-s-12\"><h3 class=\"application-examples-item-title\">Beispiel 4: Raster<\/h3><div class=\"application-examples-item-description\">Die Kombination des Rasterlayouts und der Spotlight-Vorlage sorgt f\u00fcr eine ausgewogene Erscheinungsbild der Bewertungen. Gerade Linien und mittig ausgerichtete Texte ziehen die Aufmerksamkeit des Betrachters. Die klare Geometrie des Rasterlayouts kann auch mit jeden anderen Schablone \u00fcbereinstimmen. Die Interface-Optionen sind vollst\u00e4ndig kompatibel.<\/div><\/div>\n                <\/div>\n\n                <div class=\"application-examples-item-iframe-container browser-frame\">\n                    <div class=\"application-examples-item-iframe-wrapper\">\n                        <iframe class=\"application-examples-item-iframe application-examples-item-iframe-fixed-height\" data-src=\"https:\/\/elfsight.com\/examples?widget_id=32c30983-5480-418a-8bec-16622ef5ce71&padding=28px+40px+40px\" width=\"100%\" height=\"600\" allow=\"autoplay; fullscreen\"><\/iframe>\n                    <\/div>\n\n                    <div class=\"application-examples-item-loader\"><\/div>\n                <\/div>\n            <\/div>\n\n<div class=\"application-cta-create\">\n                    <div class=\"application-cta-create-bg\">\n                        <div class=\"application-cta-create-bg-left\"><\/div>\n\n                        <div class=\"application-cta-create-bg-right\">\n                            <img decoding=\"async\" src=\"https:\/\/elfsight.com\/de\/wp-content\/themes\/elfsight\/frontend\/assets\/img\/application-cta-create.jpg\" alt=\"Beginnen Sie mit der Erstellung Ihres Widgets\">\n                        <\/div>\n                    <\/div>\n\n                    <div class=\"application-cta-create-content inner\">\n                        <div class=\"application-cta-create-content-inner\">\n                            <div class=\"application-cta-create-content-icon\">\n                                <svg viewBox=\"0 0 25 25\" width=\"100%\" height=\"100%\">\n                                    <use xlink:href=\"#icon-settings\"><\/use>\n                                <\/svg>\n                            <\/div>\n\n                            <div class=\"application-cta-create-content-title\">Beginnen Sie mit der Erstellung Ihres Widgets<\/div>\n\n                            <div class=\"application-cta-create-content-text\">Schnell. Einfach. Keine Codierung.<\/div>\n\n                            <a class=\"application-cta-create-content-button button-48 button-has-right-icon button-black button\" href=\"\">\n                                <span class=\"button-label\">Widget erstellen<\/span>\n\n                                <svg class=\"button-icon\">\n                                    <use xlink:href=\"#icon-arrow-link\"><\/use>\n                                <\/svg>\n                            <\/a>\n                        <\/div>\n                    <\/div>\n                <\/div>\n\n<div class=\"application-examples-item application-examples-item-loading\">\n                            <div class=\"col-row\">\n                                <div class=\"col-6 col-m-8 col-s-12\"><h3 class=\"application-examples-item-title\">Beispiel 5: Karussell<\/h3><div class=\"application-examples-item-description\">Dieses Widget im Slider-Layout zeigt die Bewertungen durch ein dynamisches Karussell mit Autoplay. Dies ist ein optimal Anwendungsfall beispielsweise f\u00fcr die Hauptseite Ihrer Website. Das Schieber-Layout bietet Navigationselemente: Pfeil, Ziehen oder Paginierung. Und Sie k\u00f6nnen festlegen, wie viele Bewertungen pro Folie erscheinen.<\/div><\/div>\n                <\/div>\n\n                <div class=\"application-examples-item-iframe-container browser-frame\">\n                    <div class=\"application-examples-item-iframe-wrapper\">\n                        <iframe class=\"application-examples-item-iframe application-examples-item-iframe-fixed-height\" data-src=\"https:\/\/elfsight.com\/examples?widget_id=2d47bd48-f4ad-4f41-8c99-d89fa475bb48&padding=28px+40px+40px\" width=\"100%\" height=\"600\" allow=\"autoplay; fullscreen\"><\/iframe>\n                    <\/div>\n\n                    <div class=\"application-examples-item-loader\"><\/div>\n                <\/div>\n            <\/div>\n\n<div class=\"application-examples-item application-examples-item-loading\">\n                            <div class=\"col-row\">\n                                <div class=\"col-6 col-m-8 col-s-12\"><h3 class=\"application-examples-item-title\">Beispiel 6: Slider<\/h3><div class=\"application-examples-item-description\">Ihre nacheinander angezeigten Bewertungen werden die Aufmerksamkeit der Benutzer auf sich ziehen. In diesem Anwendungsfall \u00e4ndert die Auswahl der Vorlage die Anordnung der Elemente: Das Bild und die Sternebewertung des Autors liegen \u00fcber dem Bewertungstext, wobei alle Elemente in der Mitte ausgerichtet sind. Alle anderen Bewertungen k\u00f6nnen durch Ziehen oder Verwenden von Pfeilen angezeigt werden.<\/div><\/div>\n                <\/div>\n\n                <div class=\"application-examples-item-iframe-container browser-frame\">\n                    <div class=\"application-examples-item-iframe-wrapper\">\n                        <iframe class=\"application-examples-item-iframe application-examples-item-iframe-fixed-height\" data-src=\"https:\/\/elfsight.com\/examples?widget_id=b96344e2-5403-440b-80d5-9e732d020028&padding=28px+40px+40px\" width=\"100%\" height=\"600\" allow=\"autoplay; fullscreen\"><\/iframe>\n                    <\/div>\n\n                    <div class=\"application-examples-item-loader\"><\/div>\n                <\/div>\n            <\/div>\n\n<div class=\"application-examples-item application-examples-item-loading\">\n                            <div class=\"col-row\">\n                                <div class=\"col-6 col-m-8 col-s-12\"><h3 class=\"application-examples-item-title\">Beispiel 7: Seitenleiste<\/h3><div class=\"application-examples-item-description\">Schauen Sie sich dieses brillante Beispiel an, wie Sie einer Website mit sehr wenig verf\u00fcgbarem Platz ein Bewertungs-Widget hinzuf\u00fcgen k\u00f6nnen. Im Seitenleistenlayout enth\u00e4lt das Widget keine zus\u00e4tzlichen Elemente, sondern nur die wesentlichen Teile. Aufgrund der reaktionsschnellen Gr\u00f6\u00dfe ist das Bewertungs-Widget klein genug, die volle Funktionalit\u00e4t bleibt jedoch erhalten.<\/div><\/div>\n                <\/div>\n\n                <div class=\"application-examples-item-iframe-container browser-frame\">\n                    <div class=\"application-examples-item-iframe-wrapper\">\n                        <iframe class=\"application-examples-item-iframe application-examples-item-iframe-fixed-height\" data-src=\"https:\/\/elfsight.com\/examples?widget_id=e29e0a53-de60-4e29-a8b1-808802ef8341&padding=28px+40px+40px\" width=\"100%\" height=\"600\" allow=\"autoplay; fullscreen\"><\/iframe>\n                    <\/div>\n\n                    <div class=\"application-examples-item-loader\"><\/div>\n                <\/div>\n            <\/div>\n","protected":false},"excerpt":{"rendered":"","protected":false},"author":13,"featured_media":0,"parent":1662,"menu_order":0,"comment_status":"closed","ping_status":"closed","template":"templates\/template-application-examples.php","meta":{"publish_to_discourse":"","publish_post_category":"","wpdc_auto_publish_overridden":"","wpdc_topic_tags":"","wpdc_pin_topic":"","wpdc_pin_until":"","discourse_post_id":"","discourse_permalink":"","wpdc_publishing_response":"","wpdc_publishing_error":"","footnotes":""},"class_list":["post-3723","page","type-page","status-publish","hentry"],"yoast_head":"<!-- This site is optimized with the Yoast SEO plugin v25.3.1 - https:\/\/yoast.com\/wordpress\/plugins\/seo\/ -->\n<title>TOP 7 der besten Widget-Beispiele f\u00fcr G2 Reviews (2025)<\/title>\n<meta name=\"description\" content=\"TOP 7 G2 Widget Beispiele: Bewertungsantrag, Liste, Mauerwerk, Karussell, Slider, Rastergalerie oder Sidebar Widget f\u00fcr Ihre Website.\" \/>\n<meta name=\"robots\" content=\"index, follow, max-snippet:-1, max-image-preview:large, max-video-preview:-1\" \/>\n<link rel=\"canonical\" href=\"https:\/\/elfsight.com\/de\/g2-crowd-reviews-widget\/examples\/\" \/>\n<meta property=\"og:locale\" content=\"de_DE\" \/>\n<meta property=\"og:type\" content=\"article\" \/>\n<meta property=\"og:title\" content=\"TOP 7 der besten Widget-Beispiele f\u00fcr G2 Reviews (2025)\" \/>\n<meta property=\"og:description\" content=\"TOP 7 G2 Widget Beispiele: Bewertungsantrag, Liste, Mauerwerk, Karussell, Slider, Rastergalerie oder Sidebar Widget f\u00fcr Ihre Website.\" \/>\n<meta property=\"og:url\" content=\"https:\/\/elfsight.com\/de\/g2-crowd-reviews-widget\/examples\/\" \/>\n<meta property=\"og:site_name\" content=\"Elfsight DE\" \/>\n<meta property=\"article:modified_time\" content=\"2021-04-20T06:09:12+00:00\" \/>\n<meta name=\"twitter:card\" content=\"summary_large_image\" \/>\n<meta name=\"twitter:label1\" content=\"Gesch\u00e4tzte Lesezeit\" \/>\n\t<meta name=\"twitter:data1\" content=\"3\u00a0Minuten\" \/>\n<!-- \/ Yoast SEO plugin. -->","yoast_head_json":{"title":"TOP 7 der besten Widget-Beispiele f\u00fcr G2 Reviews (2025)","description":"TOP 7 G2 Widget Beispiele: Bewertungsantrag, Liste, Mauerwerk, Karussell, Slider, Rastergalerie oder Sidebar Widget f\u00fcr Ihre Website.","robots":{"index":"index","follow":"follow","max-snippet":"max-snippet:-1","max-image-preview":"max-image-preview:large","max-video-preview":"max-video-preview:-1"},"canonical":"https:\/\/elfsight.com\/de\/g2-crowd-reviews-widget\/examples\/","og_locale":"de_DE","og_type":"article","og_title":"TOP 7 der besten Widget-Beispiele f\u00fcr G2 Reviews (2025)","og_description":"TOP 7 G2 Widget Beispiele: Bewertungsantrag, Liste, Mauerwerk, Karussell, Slider, Rastergalerie oder Sidebar Widget f\u00fcr Ihre Website.","og_url":"https:\/\/elfsight.com\/de\/g2-crowd-reviews-widget\/examples\/","og_site_name":"Elfsight DE","article_modified_time":"2021-04-20T06:09:12+00:00","twitter_card":"summary_large_image","twitter_misc":{"Gesch\u00e4tzte Lesezeit":"3\u00a0Minuten"},"schema":{"@context":"https:\/\/schema.org","@graph":[{"@type":"WebPage","@id":"https:\/\/elfsight.com\/de\/g2-crowd-reviews-widget\/examples\/","url":"https:\/\/elfsight.com\/de\/g2-crowd-reviews-widget\/examples\/","name":"TOP 7 der besten Widget-Beispiele f\u00fcr G2 Reviews (2025)","isPartOf":{"@id":"https:\/\/elfsight.com\/de\/#website"},"datePublished":"2020-10-30T11:48:06+00:00","dateModified":"2021-04-20T06:09:12+00:00","description":"TOP 7 G2 Widget Beispiele: Bewertungsantrag, Liste, Mauerwerk, Karussell, Slider, Rastergalerie oder Sidebar Widget f\u00fcr Ihre Website.","breadcrumb":{"@id":"https:\/\/elfsight.com\/de\/g2-crowd-reviews-widget\/examples\/#breadcrumb"},"inLanguage":"de","potentialAction":[{"@type":"ReadAction","target":["https:\/\/elfsight.com\/de\/g2-crowd-reviews-widget\/examples\/"]}]},{"@type":"BreadcrumbList","@id":"https:\/\/elfsight.com\/de\/g2-crowd-reviews-widget\/examples\/#breadcrumb","itemListElement":[{"@type":"ListItem","position":1,"name":"Home","item":"https:\/\/elfsight.com\/de\/"},{"@type":"ListItem","position":2,"name":"G2 Crowd Reviews","item":"https:\/\/elfsight.com\/de\/g2-crowd-reviews-widget\/"},{"@type":"ListItem","position":3,"name":"G2 Crowd Reviews &#8211; Examples"}]},{"@type":"WebSite","@id":"https:\/\/elfsight.com\/de\/#website","url":"https:\/\/elfsight.com\/de\/","name":"Elfsight DE","description":"Just another Elfsight Sites site","potentialAction":[{"@type":"SearchAction","target":{"@type":"EntryPoint","urlTemplate":"https:\/\/elfsight.com\/de\/?s={search_term_string}"},"query-input":{"@type":"PropertyValueSpecification","valueRequired":true,"valueName":"search_term_string"}}],"inLanguage":"de"}]}},"meta_box":{"industry":"","seo_heading":"","heading":"","description":"","cta_heading":"","cta_description":"","application":"495","h1":"Beispiele f\u00fcr das G2 Reviews Widget auf Ihre Seite","h1_caption":"Sehen Sie alle Beispiele f\u00fcr G2 Bewertungen Plugin, um das volle Potenzial des Widgets zu erkennen.","application_category":[],"applications_title":"","applications_request_title":"","applications_request_button_text":"","hero_text":"","hero_video":"","hero_video_schema_markup":"","selling_points_title":"","selling_points_caption":"","selling_points":[],"selling_points_cta_text":"","features_title":"","features":"","ed_cta_examples_text":"","ed_cta_examples_hidden":"","ed_cta_demo_text":"","ed_cta_demo_hidden":"","why_caption":"","why_editor_title":"","why_editor_text":"","why_team_title":"","why_team_text":"","why_service_title":"","why_service_text":"","template_catalog_visible":"","template_catalog_title":"","template_catalog_text":"","template_catalog_categories_visible":"","demo_title":"","demo_caption":"","default_faq_hidden":"","app_template_category":[],"platform":"","template_public_id":"","codecanyon_url":"","codecanyon_item_id":"","codecanyon_price":"","pricing_caption":"","pricing_elfsight_apps_hide_column":"","pricing_elfsight_apps_url":"","pricing_codecanyon_price_caption":"","integration_category":[],"integration_request_title":"","integration_request_cta":"","integration_platform":"","integrations":[],"platform_category":[],"video_schema_markup":"","price":"","trial":"","benefits":[],"button_url":"","button_target_blank":"","button_nofollow":"","attributes":[],"tags":[],"tags_disable_links":"","hide_more_platforms":"","video_object":"","demo_hide_cta":"","demo_hide_cloud_options":"","pricing_title":"","pricing":[],"related_apps_title":"","related_apps_hidden":"","author":"","image":[],"title":"","job":"","social_networks":[]},"_links":{"self":[{"href":"https:\/\/elfsight.com\/de\/wp-json\/wp\/v2\/pages\/3723","targetHints":{"allow":["GET"]}}],"collection":[{"href":"https:\/\/elfsight.com\/de\/wp-json\/wp\/v2\/pages"}],"about":[{"href":"https:\/\/elfsight.com\/de\/wp-json\/wp\/v2\/types\/page"}],"author":[{"embeddable":true,"href":"https:\/\/elfsight.com\/de\/wp-json\/wp\/v2\/users\/13"}],"replies":[{"embeddable":true,"href":"https:\/\/elfsight.com\/de\/wp-json\/wp\/v2\/comments?post=3723"}],"version-history":[{"count":12,"href":"https:\/\/elfsight.com\/de\/wp-json\/wp\/v2\/pages\/3723\/revisions"}],"predecessor-version":[{"id":3896,"href":"https:\/\/elfsight.com\/de\/wp-json\/wp\/v2\/pages\/3723\/revisions\/3896"}],"up":[{"embeddable":true,"href":"https:\/\/elfsight.com\/de\/wp-json\/wp\/v2\/pages\/1662"}],"wp:attachment":[{"href":"https:\/\/elfsight.com\/de\/wp-json\/wp\/v2\/media?parent=3723"}],"curies":[{"name":"wp","href":"https:\/\/api.w.org\/{rel}","templated":true}]}}