{"id":3706,"date":"2020-10-30T10:01:08","date_gmt":"2020-10-30T10:01:08","guid":{"rendered":"https:\/\/elfsight.com\/de\/?page_id=3706"},"modified":"2021-05-14T06:09:26","modified_gmt":"2021-05-14T06:09:26","slug":"examples","status":"publish","type":"page","link":"https:\/\/elfsight.com\/de\/apple-app-store-reviews-widget\/examples\/","title":{"rendered":"Apple App Store Reviews &#8211; Examples"},"content":{"rendered":"\n<div class=\"application-examples-item application-examples-item-loading\">\n                            <div class=\"col-row\">\n                                <div class=\"col-6 col-m-8 col-s-12\"><h3 class=\"application-examples-item-title\">Beispiel 1. Bewertungsantrag<\/h3><div class=\"application-examples-item-description\">Hier sind die Bewertungen in einem attraktiven Widget in Originalfarben des Apple App Store mit einem moderaten Header organisiert. Die Kopfzeile zeigt die Gesamtbewertung der Seite an und die Anzahl von Rezensenten mit den Fotos der neuesten. Die Fotos anklickbar sind. \u00dcber die Schaltfl\u00e4che Bewertungsantrag werden Benutzer aufgefordert, eine neue Bewertung zu hinterlassen. Die Option Ja ist blau gestrichen, um Klicks zu erzielen.<\/div><\/div>\n                <\/div>\n\n                <div class=\"application-examples-item-iframe-container browser-frame\">\n                    <div class=\"application-examples-item-iframe-wrapper\">\n                        <iframe class=\"application-examples-item-iframe\" data-src=\"https:\/\/elfsight.com\/examples?widget_id=8be617a6-fce9-49d0-9510-7cf86e1b15cb&padding=28px+40px+40px\" width=\"100%\" allow=\"autoplay; fullscreen\"><\/iframe>\n                    <\/div>\n\n                    <div class=\"application-examples-item-loader\"><\/div>\n                <\/div>\n            <\/div>\n\n<div class=\"application-examples-item application-examples-item-loading\">\n                            <div class=\"col-row\">\n                                <div class=\"col-6 col-m-8 col-s-12\"><h3 class=\"application-examples-item-title\">Beispiel 2. Liste<\/h3><div class=\"application-examples-item-description\">Sie k\u00f6nnen Ihre Bewertungen in eine Seite integrieren, um eine klare Liste zu erstellen. Wenn Sie die Kopfzeile ausblenden und die Abmessungen Auto f\u00fcr Breite und H\u00f6he ausw\u00e4hlen, wie in diesem Beispiel, f\u00fcllt das Widget den gesamten freien Platz auf der Seite perfekt aus und sieht einheitlich aus. Wenden Sie Filter an, um die Anzahl der Bewertungen zu begrenzen, nur positive Bewertungen anzuzeigen oder unerw\u00fcnschte Keywords auszuschlie\u00dfen.<\/div><\/div>\n                <\/div>\n\n                <div class=\"application-examples-item-iframe-container browser-frame\">\n                    <div class=\"application-examples-item-iframe-wrapper\">\n                        <iframe class=\"application-examples-item-iframe\" data-src=\"https:\/\/elfsight.com\/examples?widget_id=f20a5f5b-ad4d-4251-868d-96444a92e8e3&padding=28px+40px+40px\" width=\"100%\" allow=\"autoplay; fullscreen\"><\/iframe>\n                    <\/div>\n\n                    <div class=\"application-examples-item-loader\"><\/div>\n                <\/div>\n            <\/div>\n\n<div class=\"application-examples-item application-examples-item-loading\">\n                            <div class=\"col-row\">\n                                <div class=\"col-6 col-m-8 col-s-12\"><h3 class=\"application-examples-item-title\">Beispiel 3. Mauerwerk<\/h3><div class=\"application-examples-item-description\">Hier ist eine Sammlung von Bewertungen in die Masonry-Variante angezeigt, die Bewertungen auf der Grundlage des H\u00f6henwerts der bestm\u00f6glichen Weise anordnet. Diese Farbvariante sorgt f\u00fcr einen einzigartigen Look. Die Sternebewertung soll zeigen, dass das Unternehmen bewertet wird.<\/div><\/div>\n                <\/div>\n\n                <div class=\"application-examples-item-iframe-container browser-frame\">\n                    <div class=\"application-examples-item-iframe-wrapper\">\n                        <iframe class=\"application-examples-item-iframe\" data-src=\"https:\/\/elfsight.com\/examples?widget_id=ac81f462-9012-42a7-a116-48cb7a49cb2f&padding=28px+40px+40px\" width=\"100%\" allow=\"autoplay; fullscreen\"><\/iframe>\n                    <\/div>\n\n                    <div class=\"application-examples-item-loader\"><\/div>\n                <\/div>\n            <\/div>\n\n<div class=\"application-cta-create\">\n                    <div class=\"application-cta-create-bg\">\n                        <div class=\"application-cta-create-bg-left\"><\/div>\n\n                        <div class=\"application-cta-create-bg-right\">\n                            <img decoding=\"async\" src=\"https:\/\/elfsight.com\/de\/wp-content\/themes\/elfsight\/frontend\/assets\/img\/application-cta-create.jpg\" alt=\"Beginnen Sie mit der Erstellung Ihres Widgets\">\n                        <\/div>\n                    <\/div>\n\n                    <div class=\"application-cta-create-content inner\">\n                        <div class=\"application-cta-create-content-inner\">\n                            <div class=\"application-cta-create-content-icon\">\n                                <svg viewBox=\"0 0 25 25\" width=\"100%\" height=\"100%\">\n                                    <use xlink:href=\"#icon-settings\"><\/use>\n                                <\/svg>\n                            <\/div>\n\n                            <div class=\"application-cta-create-content-title\">Beginnen Sie mit der Erstellung Ihres Widgets<\/div>\n\n                            <div class=\"application-cta-create-content-text\">Schnell. Einfach. Keine Codierung.<\/div>\n\n                            <a class=\"application-cta-create-content-button button-48 button-has-right-icon button-black button\" href=\"\">\n                                <span class=\"button-label\">Widget erstellen<\/span>\n\n                                <svg class=\"button-icon\">\n                                    <use xlink:href=\"#icon-arrow-link\"><\/use>\n                                <\/svg>\n                            <\/a>\n                        <\/div>\n                    <\/div>\n                <\/div>\n\n<div class=\"application-examples-item application-examples-item-loading\">\n                            <div class=\"col-row\">\n                                <div class=\"col-6 col-m-8 col-s-12\"><h3 class=\"application-examples-item-title\">Beispiel 4. Raster<\/h3><div class=\"application-examples-item-description\">Die Kombination des Rasterlayouts und der Spotlight-Vorlage sorgt f\u00fcr ein klares Erscheinungsbild des Widgets. Dicke Konturen und mittig ausgerichtete Rezensionstexte ziehen die Aufmerksamkeit des Betrachters. Die lineare Geometrie des Rasterlayouts kann auch mit jeder anderen Bewertungsvorlage arbeiten - die Oberfl\u00e4chenelemente wurden so konzipiert, dass sie vollst\u00e4ndig anpassbar sind.<\/div><\/div>\n                <\/div>\n\n                <div class=\"application-examples-item-iframe-container browser-frame\">\n                    <div class=\"application-examples-item-iframe-wrapper\">\n                        <iframe class=\"application-examples-item-iframe\" data-src=\"https:\/\/elfsight.com\/examples?widget_id=f04bdb72-08d0-4322-b1e3-7b3e10dfae68&padding=28px+40px+40px\" width=\"100%\" allow=\"autoplay; fullscreen\"><\/iframe>\n                    <\/div>\n\n                    <div class=\"application-examples-item-loader\"><\/div>\n                <\/div>\n            <\/div>\n\n<div class=\"application-examples-item application-examples-item-loading\">\n                            <div class=\"col-row\">\n                                <div class=\"col-6 col-m-8 col-s-12\"><h3 class=\"application-examples-item-title\">Beispiel 5. Karussell<\/h3><div class=\"application-examples-item-description\">Hier das Widget im Slider-Layout demonstriert die Bewertungen durch ein dynamisches Karussell mit Autoplay. Dies ist eine perfekte Variante beispielsweise f\u00fcr die Hauptseite Ihrer Website. Das Schieber-Layout bietet Navigationselemente: Pfeil, Ziehen oder Paginierung. Sie k\u00f6nnen ausw\u00e4hlen, wie viele Bewertungen auf jeder Folie erscheint werden sollen.<\/div><\/div>\n                <\/div>\n\n                <div class=\"application-examples-item-iframe-container browser-frame\">\n                    <div class=\"application-examples-item-iframe-wrapper\">\n                        <iframe class=\"application-examples-item-iframe\" data-src=\"https:\/\/elfsight.com\/examples?widget_id=820ce238-f84d-4098-bfc3-ce88b4ea4df3&padding=28px+40px+40px\" width=\"100%\" allow=\"autoplay; fullscreen\"><\/iframe>\n                    <\/div>\n\n                    <div class=\"application-examples-item-loader\"><\/div>\n                <\/div>\n            <\/div>\n\n<div class=\"application-examples-item application-examples-item-loading\">\n                            <div class=\"col-row\">\n                                <div class=\"col-6 col-m-8 col-s-12\"><h3 class=\"application-examples-item-title\">Beispiel 6. Slider<\/h3><div class=\"application-examples-item-description\">Wenn Sie Bewertungen einzeln anzeigen, werden sie die maximale Aufmerksamkeit der Benutzer. In diesem Beispiel \u00e4ndert die Spotlight-Vorlage die Position der Elemente: Die Foto- und Sternebewertung des Autors liegt \u00fcber dem Bewertungstext und alle Elemente sind mittig ausgerichtet. Andere Bewertungen k\u00f6nnen durch Ziehen oder Klicken auf Pfeile angezeigt werden.<\/div><\/div>\n                <\/div>\n\n                <div class=\"application-examples-item-iframe-container browser-frame\">\n                    <div class=\"application-examples-item-iframe-wrapper\">\n                        <iframe class=\"application-examples-item-iframe\" data-src=\"https:\/\/elfsight.com\/examples?widget_id=50686407-5300-4f5c-9898-4aaf5cc75762&padding=28px+40px+40px\" width=\"100%\" allow=\"autoplay; fullscreen\"><\/iframe>\n                    <\/div>\n\n                    <div class=\"application-examples-item-loader\"><\/div>\n                <\/div>\n            <\/div>\n\n<div class=\"application-examples-item application-examples-item-loading\">\n                            <div class=\"col-row\">\n                                <div class=\"col-6 col-m-8 col-s-12\"><h3 class=\"application-examples-item-title\">Beispiel 7. Sidebar<\/h3><div class=\"application-examples-item-description\">Schauen Sie sich dieses gute Beispiel an, wie Sie Ihrer Website ein Bewertungs-Widget mit sehr wenig verf\u00fcgbarem Platzangebot hinzuf\u00fcgen k\u00f6nnen. In einer Seitenleistenvariante zeigt das Widget nur die wichtigsten Elemente und die zul\u00e4ssige Reaktionsgr\u00f6\u00dfe einer moderaten Gr\u00f6\u00dfe an, aber alle Funktionen sind vorhanden.<\/div><\/div>\n                <\/div>\n\n                <div class=\"application-examples-item-iframe-container browser-frame\">\n                    <div class=\"application-examples-item-iframe-wrapper\">\n                        <iframe class=\"application-examples-item-iframe\" data-src=\"https:\/\/elfsight.com\/examples?widget_id=563d874a-baf7-4afe-9507-06a32baf7246&padding=28px+40px+40px\" width=\"100%\" allow=\"autoplay; fullscreen\"><\/iframe>\n                    <\/div>\n\n                    <div class=\"application-examples-item-loader\"><\/div>\n                <\/div>\n            <\/div>\n","protected":false},"excerpt":{"rendered":"","protected":false},"author":13,"featured_media":0,"parent":1843,"menu_order":0,"comment_status":"closed","ping_status":"closed","template":"templates\/template-application-examples.php","meta":{"publish_to_discourse":"","publish_post_category":"","wpdc_auto_publish_overridden":"","wpdc_topic_tags":"","wpdc_pin_topic":"","wpdc_pin_until":"","discourse_post_id":"","discourse_permalink":"","wpdc_publishing_response":"","wpdc_publishing_error":"","footnotes":""},"class_list":["post-3706","page","type-page","status-publish","hentry"],"yoast_head":"<!-- This site is optimized with the Yoast SEO plugin v25.3.1 - https:\/\/yoast.com\/wordpress\/plugins\/seo\/ -->\n<title>Beispiele f\u00fcr Apple App Store Reviews auf einer Website (Showcase)<\/title>\n<meta name=\"description\" content=\"TOP 11-Website App Store Bewertungen Beispiele: Liste, Karussell, Mauerwerk, Slider, Sidebar usw. Apple Apps Store Widget-Probe f\u00fcr Website.\" \/>\n<meta name=\"robots\" content=\"index, follow, max-snippet:-1, max-image-preview:large, max-video-preview:-1\" \/>\n<link rel=\"canonical\" href=\"https:\/\/elfsight.com\/de\/apple-app-store-reviews-widget\/examples\/\" \/>\n<meta property=\"og:locale\" content=\"de_DE\" \/>\n<meta property=\"og:type\" content=\"article\" \/>\n<meta property=\"og:title\" content=\"Beispiele f\u00fcr Apple App Store Reviews auf einer Website (Showcase)\" \/>\n<meta property=\"og:description\" content=\"TOP 11-Website App Store Bewertungen Beispiele: Liste, Karussell, Mauerwerk, Slider, Sidebar usw. Apple Apps Store Widget-Probe f\u00fcr Website.\" \/>\n<meta property=\"og:url\" content=\"https:\/\/elfsight.com\/de\/apple-app-store-reviews-widget\/examples\/\" \/>\n<meta property=\"og:site_name\" content=\"Elfsight DE\" \/>\n<meta property=\"article:modified_time\" content=\"2021-05-14T06:09:26+00:00\" \/>\n<meta name=\"twitter:card\" content=\"summary_large_image\" \/>\n<meta name=\"twitter:label1\" content=\"Gesch\u00e4tzte Lesezeit\" \/>\n\t<meta name=\"twitter:data1\" content=\"3\u00a0Minuten\" \/>\n<!-- \/ Yoast SEO plugin. -->","yoast_head_json":{"title":"Beispiele f\u00fcr Apple App Store Reviews auf einer Website (Showcase)","description":"TOP 11-Website App Store Bewertungen Beispiele: Liste, Karussell, Mauerwerk, Slider, Sidebar usw. Apple Apps Store Widget-Probe f\u00fcr Website.","robots":{"index":"index","follow":"follow","max-snippet":"max-snippet:-1","max-image-preview":"max-image-preview:large","max-video-preview":"max-video-preview:-1"},"canonical":"https:\/\/elfsight.com\/de\/apple-app-store-reviews-widget\/examples\/","og_locale":"de_DE","og_type":"article","og_title":"Beispiele f\u00fcr Apple App Store Reviews auf einer Website (Showcase)","og_description":"TOP 11-Website App Store Bewertungen Beispiele: Liste, Karussell, Mauerwerk, Slider, Sidebar usw. Apple Apps Store Widget-Probe f\u00fcr Website.","og_url":"https:\/\/elfsight.com\/de\/apple-app-store-reviews-widget\/examples\/","og_site_name":"Elfsight DE","article_modified_time":"2021-05-14T06:09:26+00:00","twitter_card":"summary_large_image","twitter_misc":{"Gesch\u00e4tzte Lesezeit":"3\u00a0Minuten"},"schema":{"@context":"https:\/\/schema.org","@graph":[{"@type":"WebPage","@id":"https:\/\/elfsight.com\/de\/apple-app-store-reviews-widget\/examples\/","url":"https:\/\/elfsight.com\/de\/apple-app-store-reviews-widget\/examples\/","name":"Beispiele f\u00fcr Apple App Store Reviews auf einer Website (Showcase)","isPartOf":{"@id":"https:\/\/elfsight.com\/de\/#website"},"datePublished":"2020-10-30T10:01:08+00:00","dateModified":"2021-05-14T06:09:26+00:00","description":"TOP 11-Website App Store Bewertungen Beispiele: Liste, Karussell, Mauerwerk, Slider, Sidebar usw. Apple Apps Store Widget-Probe f\u00fcr Website.","breadcrumb":{"@id":"https:\/\/elfsight.com\/de\/apple-app-store-reviews-widget\/examples\/#breadcrumb"},"inLanguage":"de","potentialAction":[{"@type":"ReadAction","target":["https:\/\/elfsight.com\/de\/apple-app-store-reviews-widget\/examples\/"]}]},{"@type":"BreadcrumbList","@id":"https:\/\/elfsight.com\/de\/apple-app-store-reviews-widget\/examples\/#breadcrumb","itemListElement":[{"@type":"ListItem","position":1,"name":"Home","item":"https:\/\/elfsight.com\/de\/"},{"@type":"ListItem","position":2,"name":"Apple App Store Reviews","item":"https:\/\/elfsight.com\/de\/apple-app-store-reviews-widget\/"},{"@type":"ListItem","position":3,"name":"Apple App Store Reviews &#8211; Examples"}]},{"@type":"WebSite","@id":"https:\/\/elfsight.com\/de\/#website","url":"https:\/\/elfsight.com\/de\/","name":"Elfsight DE","description":"Just another Elfsight Sites site","potentialAction":[{"@type":"SearchAction","target":{"@type":"EntryPoint","urlTemplate":"https:\/\/elfsight.com\/de\/?s={search_term_string}"},"query-input":{"@type":"PropertyValueSpecification","valueRequired":true,"valueName":"search_term_string"}}],"inLanguage":"de"}]}},"meta_box":{"industry":"","seo_heading":"","heading":"","description":"","cta_heading":"","cta_description":"","application":"501","h1":"Beispiele f\u00fcr Apple App Store Bewertungen Widget auf Ihre Seite","h1_caption":"Sehen Sie alle Beispiele f\u00fcr Apple App Store Bewertungen Plugin, um das volle Potenzial des Widgets zu erkennen.","application_category":[],"applications_title":"","applications_request_title":"","applications_request_button_text":"","hero_text":"","hero_video":"","hero_video_schema_markup":"","selling_points_title":"","selling_points_caption":"","selling_points":[],"selling_points_cta_text":"","features_title":"","features":"","ed_cta_examples_text":"","ed_cta_examples_hidden":"","ed_cta_demo_text":"","ed_cta_demo_hidden":"","why_caption":"","why_editor_title":"","why_editor_text":"","why_team_title":"","why_team_text":"","why_service_title":"","why_service_text":"","template_catalog_visible":"","template_catalog_title":"","template_catalog_text":"","template_catalog_categories_visible":"","demo_title":"","demo_caption":"","default_faq_hidden":"","app_template_category":[],"platform":"","template_public_id":"","codecanyon_url":"","codecanyon_item_id":"","codecanyon_price":"","pricing_caption":"","pricing_elfsight_apps_hide_column":"","pricing_elfsight_apps_url":"","pricing_codecanyon_price_caption":"","integration_category":[],"integration_request_title":"","integration_request_cta":"","integration_platform":"","integrations":[],"platform_category":[],"video_schema_markup":"","price":"","trial":"","benefits":[],"button_url":"","button_target_blank":"","button_nofollow":"","attributes":[],"tags":[],"tags_disable_links":"","hide_more_platforms":"","video_object":"","demo_hide_cta":"","demo_hide_cloud_options":"","pricing_title":"","pricing":[],"related_apps_title":"","related_apps_hidden":"","author":"","image":[],"title":"","job":"","social_networks":[]},"_links":{"self":[{"href":"https:\/\/elfsight.com\/de\/wp-json\/wp\/v2\/pages\/3706","targetHints":{"allow":["GET"]}}],"collection":[{"href":"https:\/\/elfsight.com\/de\/wp-json\/wp\/v2\/pages"}],"about":[{"href":"https:\/\/elfsight.com\/de\/wp-json\/wp\/v2\/types\/page"}],"author":[{"embeddable":true,"href":"https:\/\/elfsight.com\/de\/wp-json\/wp\/v2\/users\/13"}],"replies":[{"embeddable":true,"href":"https:\/\/elfsight.com\/de\/wp-json\/wp\/v2\/comments?post=3706"}],"version-history":[{"count":9,"href":"https:\/\/elfsight.com\/de\/wp-json\/wp\/v2\/pages\/3706\/revisions"}],"predecessor-version":[{"id":4025,"href":"https:\/\/elfsight.com\/de\/wp-json\/wp\/v2\/pages\/3706\/revisions\/4025"}],"up":[{"embeddable":true,"href":"https:\/\/elfsight.com\/de\/wp-json\/wp\/v2\/pages\/1843"}],"wp:attachment":[{"href":"https:\/\/elfsight.com\/de\/wp-json\/wp\/v2\/media?parent=3706"}],"curies":[{"name":"wp","href":"https:\/\/api.w.org\/{rel}","templated":true}]}}