{"id":3702,"date":"2020-10-30T09:21:39","date_gmt":"2020-10-30T09:21:39","guid":{"rendered":"https:\/\/elfsight.com\/de\/?page_id=3702"},"modified":"2025-01-15T09:51:18","modified_gmt":"2025-01-15T09:51:18","slug":"examples","status":"publish","type":"page","link":"https:\/\/elfsight.com\/de\/amazon-reviews-widget\/examples\/","title":{"rendered":"Amazon Reviews &#8211; Examples"},"content":{"rendered":"\n<div class=\"application-examples-item application-examples-item-loading\">\n                            <div class=\"col-row\">\n                                <div class=\"col-6 col-m-8 col-s-12\"><h3 class=\"application-examples-item-title\">Beispiel 1: Bewertungsantrag<\/h3><div class=\"application-examples-item-description\">Hier die Bewertungen sind in einem gro\u00dfen Widget in komplement\u00e4ren Amazon-Farben mit einem informativen Header gestaltet. Die Kopfzeile zeigt die Gesamtbewertung der Seite und die Anzahl der Bewertungen mit den Fotos der neuesten, die beim Klicken zu Ihrer Seite f\u00fchren. Mit der Schaltfl\u00e4che Bewertungsantrag werden Benutzer aufgefordert, eine neue Bewertung zu hinterlassen. Die Option Ja ist blau gestrichen, um Aufmerksamkeit zu lenken.<\/div><\/div>\n                <\/div>\n\n                <div class=\"application-examples-item-iframe-container browser-frame\">\n                    <div class=\"application-examples-item-iframe-wrapper\">\n                        <iframe class=\"application-examples-item-iframe application-examples-item-iframe-fixed-height\" data-src=\"https:\/\/elfsight.com\/examples?widget_id=72bb3400-781a-4f6e-984a-8658e614a3d3&padding=28px+40px+40px\" width=\"100%\" height=\"600\" allow=\"autoplay; fullscreen\"><\/iframe>\n                    <\/div>\n\n                    <div class=\"application-examples-item-loader\"><\/div>\n                <\/div>\n            <\/div>\n\n<div class=\"application-examples-item application-examples-item-loading\">\n                            <div class=\"col-row\">\n                                <div class=\"col-6 col-m-8 col-s-12\"><h3 class=\"application-examples-item-title\">Beispiel 2: Liste<\/h3><div class=\"application-examples-item-description\">Hier ist eine M\u00f6glichkeit, Ihre Bewertungen als minimalistische Liste auf einer Seite anzuzeigen. Wenn Sie die Kopfzeile ausblenden und die Abmessungen Auto f\u00fcr Breite und H\u00f6he ausw\u00e4hlen, wie in diesem Beispiel, f\u00fcllt das Widget den gesamten freien Platz auf der Seite perfekt aus und sieht nativ aus. Es gibt Filter, mit denen Sie die Anzahl der Bewertungen setzen, nur positive Bewertungen anzeigen oder unerw\u00fcnschte Keywords ausschlie\u00dfen k\u00f6nnen.<\/div><\/div>\n                <\/div>\n\n                <div class=\"application-examples-item-iframe-container browser-frame\">\n                    <div class=\"application-examples-item-iframe-wrapper\">\n                        <iframe class=\"application-examples-item-iframe application-examples-item-iframe-fixed-height\" data-src=\"https:\/\/elfsight.com\/examples?widget_id=a434929d-15c3-4d6c-af29-22b4e7bf6736&padding=28px+40px+40px\" width=\"100%\" height=\"600\" allow=\"autoplay; fullscreen\"><\/iframe>\n                    <\/div>\n\n                    <div class=\"application-examples-item-loader\"><\/div>\n                <\/div>\n            <\/div>\n\n<div class=\"application-examples-item application-examples-item-loading\">\n                            <div class=\"col-row\">\n                                <div class=\"col-6 col-m-8 col-s-12\"><h3 class=\"application-examples-item-title\">Beispiel 3: Mauerwerk<\/h3><div class=\"application-examples-item-description\">HHier ist eine Sammlung von Bewertungen in die Masonry-Variante angezeigt, die Bewertungen auf der Grundlage des H\u00f6henwerts der bestm\u00f6glichen Weise anordnet. Diese Farbvariante sorgt f\u00fcr einen einzigartigen Look. Die Sternebewertung soll zeigen, dass das Unternehmen bewertet wird.<\/div><\/div>\n                <\/div>\n\n                <div class=\"application-examples-item-iframe-container browser-frame\">\n                    <div class=\"application-examples-item-iframe-wrapper\">\n                        <iframe class=\"application-examples-item-iframe application-examples-item-iframe-fixed-height\" data-src=\"https:\/\/elfsight.com\/examples?widget_id=e55f89d4-90fc-4ee3-a140-8b35df38827d&padding=28px+40px+40px\" width=\"100%\" height=\"600\" allow=\"autoplay; fullscreen\"><\/iframe>\n                    <\/div>\n\n                    <div class=\"application-examples-item-loader\"><\/div>\n                <\/div>\n            <\/div>\n\n<div class=\"application-examples-item application-examples-item-loading\">\n                            <div class=\"col-row\">\n                                <div class=\"col-6 col-m-8 col-s-12\"><h3 class=\"application-examples-item-title\">Beispiel 4: Raster<\/h3><div class=\"application-examples-item-description\">Die Wahl des Rasterlayouts und der Spotlight-Vorlage sorgt f\u00fcr ein klares Erscheinungsbild der Bewertungen. Gerade Linien und mittig ausgerichtete Rezensionstexte ziehen maximale Aufmerksamkeit auf sich. Die klare Geometrie des Rasterlayouts kann auch mit jeder anderen Bewertungsvorlage arbeiten - die Oberfl\u00e4chenelemente wurden so konzipiert, dass sie vollst\u00e4ndig anpassbar sind.<\/div><\/div>\n                <\/div>\n\n                <div class=\"application-examples-item-iframe-container browser-frame\">\n                    <div class=\"application-examples-item-iframe-wrapper\">\n                        <iframe class=\"application-examples-item-iframe application-examples-item-iframe-fixed-height\" data-src=\"https:\/\/elfsight.com\/examples?widget_id=b17ff4ec-3df1-4eaf-80f0-997a1a3b53f0&padding=28px+40px+40px\" width=\"100%\" height=\"600\" allow=\"autoplay; fullscreen\"><\/iframe>\n                    <\/div>\n\n                    <div class=\"application-examples-item-loader\"><\/div>\n                <\/div>\n            <\/div>\n\n<div class=\"application-cta-create\">\n                    <div class=\"application-cta-create-bg\">\n                        <div class=\"application-cta-create-bg-left\"><\/div>\n\n                        <div class=\"application-cta-create-bg-right\">\n                            <img decoding=\"async\" src=\"https:\/\/elfsight.com\/de\/wp-content\/themes\/elfsight\/frontend\/assets\/img\/application-cta-create.jpg\" alt=\"Beginnen Sie mit der Erstellung Ihres Widgets\">\n                        <\/div>\n                    <\/div>\n\n                    <div class=\"application-cta-create-content inner\">\n                        <div class=\"application-cta-create-content-inner\">\n                            <div class=\"application-cta-create-content-icon\">\n                                <svg viewBox=\"0 0 25 25\" width=\"100%\" height=\"100%\">\n                                    <use xlink:href=\"#icon-settings\"><\/use>\n                                <\/svg>\n                            <\/div>\n\n                            <div class=\"application-cta-create-content-title\">Beginnen Sie mit der Erstellung Ihres Widgets<\/div>\n\n                            <div class=\"application-cta-create-content-text\">Schnell. Einfach. Keine Codierung.<\/div>\n\n                            <a class=\"application-cta-create-content-button button-48 button-has-right-icon button-black button\" href=\"\">\n                                <span class=\"button-label\">Widget erstellen<\/span>\n\n                                <svg class=\"button-icon\">\n                                    <use xlink:href=\"#icon-arrow-link\"><\/use>\n                                <\/svg>\n                            <\/a>\n                        <\/div>\n                    <\/div>\n                <\/div>\n\n<div class=\"application-examples-item application-examples-item-loading\">\n                            <div class=\"col-row\">\n                                <div class=\"col-6 col-m-8 col-s-12\"><h3 class=\"application-examples-item-title\">Beispiel 5: Karussell<\/h3><div class=\"application-examples-item-description\">Dieses Widget im Slider-Layout demonstriert die Bewertungen durch ein aktives Karussell mit Autoplay. Dies ist eine gute Variante beispielsweise f\u00fcr die Hauptseite Ihrer Website. Das Schieber-Layout bietet Navigationselemente: Pfeil, Ziehen oder Paginierung. Sie k\u00f6nnen die Anzahl der Bewertungen festlegen, die auf jeder Folie angezeigt werden sollen.<\/div><\/div>\n                <\/div>\n\n                <div class=\"application-examples-item-iframe-container browser-frame\">\n                    <div class=\"application-examples-item-iframe-wrapper\">\n                        <iframe class=\"application-examples-item-iframe application-examples-item-iframe-fixed-height\" data-src=\"https:\/\/elfsight.com\/examples?widget_id=dc5ab16c-46a1-4976-a6a0-dfcecaaac6db&padding=28px+40px+40px\" width=\"100%\" height=\"600\" allow=\"autoplay; fullscreen\"><\/iframe>\n                    <\/div>\n\n                    <div class=\"application-examples-item-loader\"><\/div>\n                <\/div>\n            <\/div>\n\n<div class=\"application-examples-item application-examples-item-loading\">\n                            <div class=\"col-row\">\n                                <div class=\"col-6 col-m-8 col-s-12\"><h3 class=\"application-examples-item-title\">Beispiel 6: Slider<\/h3><div class=\"application-examples-item-description\">Die Anordnung der Bewertungen nacheinander wird die Aufmerksamkeit der Benutzer erh\u00f6hen. In diesem Beispiel \u00e4ndert die Wahl der Spotlight-Vorlage die Reihenfolge der Elemente: Die Bilder- und Sternebewertung des Autors liegt \u00fcber dem Bewertungstext mit allen Elementen sind mittig ausgerichtet. Andere Bewertungen k\u00f6nnen durch Ziehen oder Klicken auf Pfeile angezeigt werden.<\/div><\/div>\n                <\/div>\n\n                <div class=\"application-examples-item-iframe-container browser-frame\">\n                    <div class=\"application-examples-item-iframe-wrapper\">\n                        <iframe class=\"application-examples-item-iframe application-examples-item-iframe-fixed-height\" data-src=\"https:\/\/elfsight.com\/examples?widget_id=c094fde9-9344-490d-8322-670bddf44caf&padding=28px+40px+40px\" width=\"100%\" height=\"600\" allow=\"autoplay; fullscreen\"><\/iframe>\n                    <\/div>\n\n                    <div class=\"application-examples-item-loader\"><\/div>\n                <\/div>\n            <\/div>\n\n<div class=\"application-examples-item application-examples-item-loading\">\n                            <div class=\"col-row\">\n                                <div class=\"col-6 col-m-8 col-s-12\"><h3 class=\"application-examples-item-title\">Beispiel 7: Sidebar<\/h3><div class=\"application-examples-item-description\">Schauen Sie sich dieses brillante Beispiel an, wie Sie Ihrer Website ein Bewertungs-Widget mit sehr wenig verf\u00fcgbarem Platzangebot hinzuf\u00fcgen k\u00f6nnen. Das Widget ist als Seitenleiste festgelegt und zeigt nur die grundlegenden Teile an. Aufgrund der reaktionsschnellen Gr\u00f6\u00dfe hat es eine moderate Gr\u00f6\u00dfe, die volle Funktionalit\u00e4t bleibt jedoch erhalten.<\/div><\/div>\n                <\/div>\n\n                <div class=\"application-examples-item-iframe-container browser-frame\">\n                    <div class=\"application-examples-item-iframe-wrapper\">\n                        <iframe class=\"application-examples-item-iframe application-examples-item-iframe-fixed-height\" data-src=\"https:\/\/elfsight.com\/examples?widget_id=e1dc8459-76c3-4dcb-8241-50afe3f5721f&padding=28px+40px+40px\" width=\"100%\" height=\"600\" allow=\"autoplay; fullscreen\"><\/iframe>\n                    <\/div>\n\n                    <div class=\"application-examples-item-loader\"><\/div>\n                <\/div>\n            <\/div>\n","protected":false},"excerpt":{"rendered":"","protected":false},"author":13,"featured_media":0,"parent":1614,"menu_order":0,"comment_status":"closed","ping_status":"closed","template":"templates\/template-application-examples.php","meta":{"publish_to_discourse":"","publish_post_category":"","wpdc_auto_publish_overridden":"","wpdc_topic_tags":"","wpdc_pin_topic":"","wpdc_pin_until":"","discourse_post_id":"","discourse_permalink":"","wpdc_publishing_response":"","wpdc_publishing_error":"","footnotes":""},"class_list":["post-3702","page","type-page","status-publish","hentry"],"yoast_head":"<!-- This site is optimized with the Yoast SEO plugin v25.3.1 - https:\/\/yoast.com\/wordpress\/plugins\/seo\/ -->\n<title>TOP 7 der besten Widget-Beispiele f\u00fcr Bewertungen von Amazon (2025)<\/title>\n<meta name=\"description\" content=\"Beispiele des TOP 7 Amazon-Widgets f\u00fcr Website: Bewertungsantrag, Liste, Mauerwerk, Karussell, Slider, Rastergalerie oder Sidebar.\" \/>\n<meta name=\"robots\" content=\"index, follow, max-snippet:-1, max-image-preview:large, max-video-preview:-1\" \/>\n<link rel=\"canonical\" href=\"https:\/\/elfsight.com\/de\/amazon-reviews-widget\/examples\/\" \/>\n<meta property=\"og:locale\" content=\"de_DE\" \/>\n<meta property=\"og:type\" content=\"article\" \/>\n<meta property=\"og:title\" content=\"TOP 7 der besten Widget-Beispiele f\u00fcr Bewertungen von Amazon (2025)\" \/>\n<meta property=\"og:description\" content=\"Beispiele des TOP 7 Amazon-Widgets f\u00fcr Website: Bewertungsantrag, Liste, Mauerwerk, Karussell, Slider, Rastergalerie oder Sidebar.\" \/>\n<meta property=\"og:url\" content=\"https:\/\/elfsight.com\/de\/amazon-reviews-widget\/examples\/\" \/>\n<meta property=\"og:site_name\" content=\"Elfsight DE\" \/>\n<meta property=\"article:modified_time\" content=\"2025-01-15T09:51:18+00:00\" \/>\n<meta name=\"twitter:card\" content=\"summary_large_image\" \/>\n<meta name=\"twitter:label1\" content=\"Gesch\u00e4tzte Lesezeit\" \/>\n\t<meta name=\"twitter:data1\" content=\"3\u00a0Minuten\" \/>\n<!-- \/ Yoast SEO plugin. -->","yoast_head_json":{"title":"TOP 7 der besten Widget-Beispiele f\u00fcr Bewertungen von Amazon (2025)","description":"Beispiele des TOP 7 Amazon-Widgets f\u00fcr Website: Bewertungsantrag, Liste, Mauerwerk, Karussell, Slider, Rastergalerie oder Sidebar.","robots":{"index":"index","follow":"follow","max-snippet":"max-snippet:-1","max-image-preview":"max-image-preview:large","max-video-preview":"max-video-preview:-1"},"canonical":"https:\/\/elfsight.com\/de\/amazon-reviews-widget\/examples\/","og_locale":"de_DE","og_type":"article","og_title":"TOP 7 der besten Widget-Beispiele f\u00fcr Bewertungen von Amazon (2025)","og_description":"Beispiele des TOP 7 Amazon-Widgets f\u00fcr Website: Bewertungsantrag, Liste, Mauerwerk, Karussell, Slider, Rastergalerie oder Sidebar.","og_url":"https:\/\/elfsight.com\/de\/amazon-reviews-widget\/examples\/","og_site_name":"Elfsight DE","article_modified_time":"2025-01-15T09:51:18+00:00","twitter_card":"summary_large_image","twitter_misc":{"Gesch\u00e4tzte Lesezeit":"3\u00a0Minuten"},"schema":{"@context":"https:\/\/schema.org","@graph":[{"@type":"WebPage","@id":"https:\/\/elfsight.com\/de\/amazon-reviews-widget\/examples\/","url":"https:\/\/elfsight.com\/de\/amazon-reviews-widget\/examples\/","name":"TOP 7 der besten Widget-Beispiele f\u00fcr Bewertungen von Amazon (2025)","isPartOf":{"@id":"https:\/\/elfsight.com\/de\/#website"},"datePublished":"2020-10-30T09:21:39+00:00","dateModified":"2025-01-15T09:51:18+00:00","description":"Beispiele des TOP 7 Amazon-Widgets f\u00fcr Website: Bewertungsantrag, Liste, Mauerwerk, Karussell, Slider, Rastergalerie oder Sidebar.","breadcrumb":{"@id":"https:\/\/elfsight.com\/de\/amazon-reviews-widget\/examples\/#breadcrumb"},"inLanguage":"de","potentialAction":[{"@type":"ReadAction","target":["https:\/\/elfsight.com\/de\/amazon-reviews-widget\/examples\/"]}]},{"@type":"BreadcrumbList","@id":"https:\/\/elfsight.com\/de\/amazon-reviews-widget\/examples\/#breadcrumb","itemListElement":[{"@type":"ListItem","position":1,"name":"Home","item":"https:\/\/elfsight.com\/de\/"},{"@type":"ListItem","position":2,"name":"Amazon Reviews","item":"https:\/\/elfsight.com\/de\/amazon-reviews-widget\/"},{"@type":"ListItem","position":3,"name":"Amazon Reviews &#8211; Examples"}]},{"@type":"WebSite","@id":"https:\/\/elfsight.com\/de\/#website","url":"https:\/\/elfsight.com\/de\/","name":"Elfsight DE","description":"Just another Elfsight Sites site","potentialAction":[{"@type":"SearchAction","target":{"@type":"EntryPoint","urlTemplate":"https:\/\/elfsight.com\/de\/?s={search_term_string}"},"query-input":{"@type":"PropertyValueSpecification","valueRequired":true,"valueName":"search_term_string"}}],"inLanguage":"de"}]}},"meta_box":{"industry":"","seo_heading":"","heading":"","description":"","cta_heading":"","cta_description":"","application":"496","h1":"Beispiele f\u00fcr das Bewertungen von Amazon Widget auf Ihre Seite","h1_caption":"Sehen Sie alle Beispiele f\u00fcrBewertungen von Amazon Plugin, um das volle Potenzial des Widgets zu erkennen.","application_category":[],"applications_title":"","applications_request_title":"","applications_request_button_text":"","hero_text":"","hero_video":"","hero_video_schema_markup":"","selling_points_title":"","selling_points_caption":"","selling_points":[],"selling_points_cta_text":"","features_title":"","features":"","ed_cta_examples_text":"","ed_cta_examples_hidden":"","ed_cta_demo_text":"","ed_cta_demo_hidden":"","why_caption":"","why_editor_title":"","why_editor_text":"","why_team_title":"","why_team_text":"","why_service_title":"","why_service_text":"","template_catalog_visible":"","template_catalog_title":"","template_catalog_text":"","template_catalog_categories_visible":"","demo_title":"","demo_caption":"","default_faq_hidden":"","app_template_category":[],"platform":"","template_public_id":"","codecanyon_url":"","codecanyon_item_id":"","codecanyon_price":"","pricing_caption":"","pricing_elfsight_apps_hide_column":"","pricing_elfsight_apps_url":"","pricing_codecanyon_price_caption":"","integration_category":[],"integration_request_title":"","integration_request_cta":"","integration_platform":"","integrations":[],"platform_category":[],"video_schema_markup":"","price":"","trial":"","benefits":[],"button_url":"","button_target_blank":"","button_nofollow":"","attributes":[],"tags":[],"tags_disable_links":"","hide_more_platforms":"","video_object":"","demo_hide_cta":"","demo_hide_cloud_options":"","pricing_title":"","pricing":[],"related_apps_title":"","related_apps_hidden":"","author":"","image":[],"title":"","job":"","social_networks":[]},"_links":{"self":[{"href":"https:\/\/elfsight.com\/de\/wp-json\/wp\/v2\/pages\/3702","targetHints":{"allow":["GET"]}}],"collection":[{"href":"https:\/\/elfsight.com\/de\/wp-json\/wp\/v2\/pages"}],"about":[{"href":"https:\/\/elfsight.com\/de\/wp-json\/wp\/v2\/types\/page"}],"author":[{"embeddable":true,"href":"https:\/\/elfsight.com\/de\/wp-json\/wp\/v2\/users\/13"}],"replies":[{"embeddable":true,"href":"https:\/\/elfsight.com\/de\/wp-json\/wp\/v2\/comments?post=3702"}],"version-history":[{"count":4,"href":"https:\/\/elfsight.com\/de\/wp-json\/wp\/v2\/pages\/3702\/revisions"}],"predecessor-version":[{"id":22336,"href":"https:\/\/elfsight.com\/de\/wp-json\/wp\/v2\/pages\/3702\/revisions\/22336"}],"up":[{"embeddable":true,"href":"https:\/\/elfsight.com\/de\/wp-json\/wp\/v2\/pages\/1614"}],"wp:attachment":[{"href":"https:\/\/elfsight.com\/de\/wp-json\/wp\/v2\/media?parent=3702"}],"curies":[{"name":"wp","href":"https:\/\/api.w.org\/{rel}","templated":true}]}}