{"id":363,"date":"2020-02-26T13:58:11","date_gmt":"2020-02-26T13:58:11","guid":{"rendered":"https:\/\/elfsight.com\/de\/?page_id=363"},"modified":"2021-12-15T11:40:55","modified_gmt":"2021-12-15T11:40:55","slug":"iframe-widgets","status":"publish","type":"page","link":"https:\/\/elfsight.com\/de\/iframe-widgets\/","title":{"rendered":"iFrame Widgets"},"content":{"rendered":"\n<p>Seit 9 Jahren hat Elfsight  viele v\u00f6llig effektiven und smart Werkzeuge f\u00fcr iFrame  Websites entworfen. Mit Hilfe Elfsight Widgets k\u00f6nnen Sie viel mehr Leads sammeln, die Anzahl Ihrer Follower erh\u00f6hen, Kundenbewertungen aus sozialen Medien anzeigen und andere unternehmerischen Herausforderungen l\u00f6sen.<\/p> \n\n<p>Elfsight Team bietet vielgestaltig Peiswahlen: von kostenlos bis zu Premium. Verbessern Ihre Website ohne Zusatzausgaben.<\/p>\n\n\n<h2>Warum m\u00f6gen viele Website-Besitzer unsere Widgets?<\/h2>\n\n<p>Finden Sie die nachstehende Auswahl der wesentlichen Leistungen:<\/p> \n<ul>\n<li>Gratis Hilfe zur Integration  des Plugins;<\/li>\n\n<li>V\u00f6llig reaktionsschnelle f\u00fcr jeden Bildschirm; <\/li>\n\n<li>Keine Programmierkenntnisse erforderlich;<\/li>\n\n<li>Eine Vielzahl von anpassbare und fertige Vorlagen;<\/li>\n\n<li>M\u00fchelose Benutzeroberfl\u00e4che;<\/li>\n\n<li>Die Cloud-L\u00f6sungen f\u00fcr hoher Ladegeschwindigkeit; <\/li>                                                                                                                \n\n<li>Die regelm\u00e4\u00dfige automatische Updat;<\/li> \n\n<li>Professionelle Unterst\u00fctzung von unserem Elfsight Team.<\/li> \n<\/ul>\n\n<p>Zugreifen  Sie mit gratis Version. Zeigen Sie alle Leistungsf\u00e4higkeiten oder integrieren Sie ausgew\u00e4hlte Plugin mit 20% Erm\u00e4ssigung. <\/p> \n\n<h2>Wie kann man ein Widget auf iFrame Website hinzuf\u00fcgen?<\/h2> \n<p>Um ein Widget auf der Website zu integrieren, sehen Sie einfach die folgenden Anweisungen: <\/p>\n<ol>\n<li>Finden Sie das entsprechend Werkzeug und passen Sie es an. Speichern Sie die \u00c4nderungen.<\/li> \n\n<li>F\u00fcgen Sie Code hinzu um das Widget auf Ihrer Webseite zu installieren. <\/li>\n\n<li>Fertig! Sie haben das Plugin erfolgreich auf der iFrame Webseite hinzugef\u00fcgt. <\/li>\n<\/ol>\n<p>Wenn Sie eine kostenlose Empfehlung brauchen, um das Widget zu installieren, dann unserer Support Team ist immer gl\u00fccklich, Ihnen zu helfen.<\/p>\n","protected":false},"excerpt":{"rendered":"Seit 9 Jahren hat Elfsight viele v\u00f6llig effektiven und smart Werkzeuge f\u00fcr iFrame Websites entworfen. Mit Hilfe Elfsight Widgets k\u00f6nnen Sie viel mehr Leads sammeln, die Anzahl Ihrer Follower erh\u00f6hen, Kundenbewertungen aus sozialen Medien anzeigen und andere unternehmerischen Herausforderungen l\u00f6sen. Elfsight Team bietet vielgestaltig Peiswahlen: von kostenlos bis zu Premium&#8230;.","protected":false},"author":11,"featured_media":0,"parent":0,"menu_order":0,"comment_status":"closed","ping_status":"closed","template":"templates\/template-platform.php","meta":{"publish_to_discourse":"","publish_post_category":"","wpdc_auto_publish_overridden":"","wpdc_topic_tags":"","wpdc_pin_topic":"","wpdc_pin_until":"","discourse_post_id":"","discourse_permalink":"","wpdc_publishing_response":"","wpdc_publishing_error":"","footnotes":""},"class_list":["post-363","page","type-page","status-publish","hentry"],"yoast_head":"<!-- This site is optimized with the Yoast SEO plugin v25.3.1 - https:\/\/yoast.com\/wordpress\/plugins\/seo\/ -->\n<title>Die besten kostenlosen iFrame Widgets f\u00fcr Ihre Website (2025)<\/title>\n<meta name=\"description\" content=\"Eine Auswahl von kostenlosen Bedienelemente eigens f\u00fcr Ihre iFrame Websites. Hilfe mit der Individualisierung und grenzenlose Features.\" \/>\n<meta name=\"robots\" content=\"index, follow, max-snippet:-1, max-image-preview:large, max-video-preview:-1\" \/>\n<link rel=\"canonical\" href=\"https:\/\/elfsight.com\/de\/iframe-widgets\/\" \/>\n<meta property=\"og:locale\" content=\"de_DE\" \/>\n<meta property=\"og:type\" content=\"article\" \/>\n<meta property=\"og:title\" content=\"Die besten kostenlosen iFrame Widgets f\u00fcr Ihre Website (2025)\" \/>\n<meta property=\"og:description\" content=\"Eine Auswahl von kostenlosen Bedienelemente eigens f\u00fcr Ihre iFrame Websites. Hilfe mit der Individualisierung und grenzenlose Features.\" \/>\n<meta property=\"og:url\" content=\"https:\/\/elfsight.com\/de\/iframe-widgets\/\" \/>\n<meta property=\"og:site_name\" content=\"Elfsight DE\" \/>\n<meta property=\"article:modified_time\" content=\"2021-12-15T11:40:55+00:00\" \/>\n<meta name=\"twitter:card\" content=\"summary_large_image\" \/>\n<meta name=\"twitter:label1\" content=\"Gesch\u00e4tzte Lesezeit\" \/>\n\t<meta name=\"twitter:data1\" content=\"1\u00a0Minute\" \/>\n<!-- \/ Yoast SEO plugin. -->","yoast_head_json":{"title":"Die besten kostenlosen iFrame Widgets f\u00fcr Ihre Website (2025)","description":"Eine Auswahl von kostenlosen Bedienelemente eigens f\u00fcr Ihre iFrame Websites. Hilfe mit der Individualisierung und grenzenlose Features.","robots":{"index":"index","follow":"follow","max-snippet":"max-snippet:-1","max-image-preview":"max-image-preview:large","max-video-preview":"max-video-preview:-1"},"canonical":"https:\/\/elfsight.com\/de\/iframe-widgets\/","og_locale":"de_DE","og_type":"article","og_title":"Die besten kostenlosen iFrame Widgets f\u00fcr Ihre Website (2025)","og_description":"Eine Auswahl von kostenlosen Bedienelemente eigens f\u00fcr Ihre iFrame Websites. Hilfe mit der Individualisierung und grenzenlose Features.","og_url":"https:\/\/elfsight.com\/de\/iframe-widgets\/","og_site_name":"Elfsight DE","article_modified_time":"2021-12-15T11:40:55+00:00","twitter_card":"summary_large_image","twitter_misc":{"Gesch\u00e4tzte Lesezeit":"1\u00a0Minute"},"schema":{"@context":"https:\/\/schema.org","@graph":[{"@type":"WebPage","@id":"https:\/\/elfsight.com\/de\/iframe-widgets\/","url":"https:\/\/elfsight.com\/de\/iframe-widgets\/","name":"Die besten kostenlosen iFrame Widgets f\u00fcr Ihre Website (2025)","isPartOf":{"@id":"https:\/\/elfsight.com\/de\/#website"},"datePublished":"2020-02-26T13:58:11+00:00","dateModified":"2021-12-15T11:40:55+00:00","description":"Eine Auswahl von kostenlosen Bedienelemente eigens f\u00fcr Ihre iFrame Websites. Hilfe mit der Individualisierung und grenzenlose Features.","breadcrumb":{"@id":"https:\/\/elfsight.com\/de\/iframe-widgets\/#breadcrumb"},"inLanguage":"de","potentialAction":[{"@type":"ReadAction","target":["https:\/\/elfsight.com\/de\/iframe-widgets\/"]}]},{"@type":"BreadcrumbList","@id":"https:\/\/elfsight.com\/de\/iframe-widgets\/#breadcrumb","itemListElement":[{"@type":"ListItem","position":1,"name":"Home","item":"https:\/\/elfsight.com\/de\/"},{"@type":"ListItem","position":2,"name":"iFrame Widgets"}]},{"@type":"WebSite","@id":"https:\/\/elfsight.com\/de\/#website","url":"https:\/\/elfsight.com\/de\/","name":"Elfsight DE","description":"Just another Elfsight Sites site","potentialAction":[{"@type":"SearchAction","target":{"@type":"EntryPoint","urlTemplate":"https:\/\/elfsight.com\/de\/?s={search_term_string}"},"query-input":{"@type":"PropertyValueSpecification","valueRequired":true,"valueName":"search_term_string"}}],"inLanguage":"de"}]}},"meta_box":{"industry":"","seo_heading":"","heading":"","description":"","cta_heading":"","cta_description":"","application":"","h1":"Passende gebrauchsfertige L\u00f6sungen f\u00fcr Ihre iFrame Web-Seite","h1_caption":"Dies ist die Auflistung von erstklassigen Werkzeuge f\u00fcr Webseite, um Ihre Nutzeraktivit\u00e4t zu steigern und wesentliche kommerzielle Zweck zu erreichen. Die Oberfl\u00e4chenelemente kann m\u00fchelos personalisiert und installiert werden. Die Firma erm\u00f6glicht die unbeschr\u00e4nkte Reihe von Features und die hochqualifizierte technische Hilfe f\u00fcr alle Kunden.","application_category":[],"applications_title":"Versuchen Sie alle besseren kostenfreien iFrame L\u00f6sungen aus der Auswahl:","applications_request_title":"Sie k\u00f6nnen das gew\u00fcnschte Widget nicht finden?","applications_request_button_text":"Fordern Sie ein PWidget an","hero_text":"","hero_video":"","hero_video_schema_markup":"","selling_points_title":"","selling_points_caption":"","selling_points":[],"selling_points_cta_text":"","features_title":"","features":"","ed_cta_examples_text":"","ed_cta_examples_hidden":"","ed_cta_demo_text":"","ed_cta_demo_hidden":"","why_caption":"","why_editor_title":"","why_editor_text":"","why_team_title":"","why_team_text":"","why_service_title":"","why_service_text":"","template_catalog_visible":"","template_catalog_title":"","template_catalog_text":"","template_catalog_categories_visible":"","demo_title":"","demo_caption":"","default_faq_hidden":"","app_template_category":[],"platform":"240","template_public_id":"","codecanyon_url":"","codecanyon_item_id":"","codecanyon_price":"","pricing_caption":"","pricing_elfsight_apps_hide_column":"","pricing_elfsight_apps_url":"","pricing_codecanyon_price_caption":"","integration_category":[],"integration_request_title":"","integration_request_cta":"","integration_platform":"","integrations":[],"platform_category":[],"video_schema_markup":"","price":"","trial":"","benefits":[],"button_url":"","button_target_blank":"","button_nofollow":"","attributes":[],"tags":[],"tags_disable_links":"","hide_more_platforms":"","video_object":"","demo_hide_cta":"","demo_hide_cloud_options":"","pricing_title":"","pricing":[],"related_apps_title":"","related_apps_hidden":"","author":"","image":[],"title":"","job":"","social_networks":[]},"_links":{"self":[{"href":"https:\/\/elfsight.com\/de\/wp-json\/wp\/v2\/pages\/363","targetHints":{"allow":["GET"]}}],"collection":[{"href":"https:\/\/elfsight.com\/de\/wp-json\/wp\/v2\/pages"}],"about":[{"href":"https:\/\/elfsight.com\/de\/wp-json\/wp\/v2\/types\/page"}],"author":[{"embeddable":true,"href":"https:\/\/elfsight.com\/de\/wp-json\/wp\/v2\/users\/11"}],"replies":[{"embeddable":true,"href":"https:\/\/elfsight.com\/de\/wp-json\/wp\/v2\/comments?post=363"}],"version-history":[{"count":3,"href":"https:\/\/elfsight.com\/de\/wp-json\/wp\/v2\/pages\/363\/revisions"}],"predecessor-version":[{"id":3057,"href":"https:\/\/elfsight.com\/de\/wp-json\/wp\/v2\/pages\/363\/revisions\/3057"}],"wp:attachment":[{"href":"https:\/\/elfsight.com\/de\/wp-json\/wp\/v2\/media?parent=363"}],"curies":[{"name":"wp","href":"https:\/\/api.w.org\/{rel}","templated":true}]}}