{"id":360,"date":"2020-02-26T13:34:22","date_gmt":"2020-02-26T13:34:22","guid":{"rendered":"https:\/\/elfsight.com\/de\/?page_id=360"},"modified":"2020-09-16T14:47:55","modified_gmt":"2020-09-16T14:47:55","slug":"tumblr-widgets","status":"publish","type":"page","link":"https:\/\/elfsight.com\/de\/tumblr-widgets\/","title":{"rendered":"Tumblr Widgets"},"content":{"rendered":"\n<p>Seit 9 Jahren hat Elfsight  viele absolut intuitiven und responsiven Werkzeuge f\u00fcr Tumblr  Webseiten entworfen. Mit Hilfe dieser Werkzeuge k\u00f6nnen Sie den Umsatz steigern, die Anzahl Ihrer Follower erh\u00f6hen, jederzeit \u00fcber Chats mit Kunden in Kontakt bleiben und andere unternehmerischen Herausforderungen l\u00f6sen.<\/p> \n\n<p>Elfsight Team pr\u00e4sentiert vielgestaltig Preism\u00f6glichkeiten: von kostenfrei bis zu Premium. Ausbauen Ihre Website-Funktionalit\u00e4t ohne Mehrkosten.<\/p>\n\n\n<h2>Warum sind unsere Tumblr-Bedienelemente diejenigen der besten?<\/h2>\n\n<p>Entdecken Sie die folgende Auflistung der bestimmten Vorz\u00fcge:<\/p> \n<ul>\n<li>Kostenlose Installationshilfe  des Widgets;<\/li>\n\n<li>Absolut mobil-freundliche f\u00fcr jeden Bildschirm; <\/li>\n\n<li>Keine Kodierung;<\/li>\n\n<li>Eine Vielzahl von anpassbare und benutzerfreundliche Schablonen;<\/li>\n\n<li>Einfach zu bedienende Konfigurator;<\/li>\n\n<li>Die Cloud-Services f\u00fcr hoher Ladegeschwindigkeit; <\/li>                                                                                                                \n\n<li>Die regul\u00e4re automatische Updates;<\/li> \n\n<li>Professionelle Hilfe von unserem Elfsight Team.<\/li> \n<\/ul>\n\n<p> Probieren  Sie mit gratis Plan. Sehen Sie alle Potenzial oder erwerben Sie richtiges Plugin mit 20% Skonto. <\/p> \n\n<h2>Wie kann ich ein Widget auf Tumblr Website hinzuf\u00fcgen?<\/h2> \n<p>Um ein Werkzeug auf der Website zu integrieren, lesen Sie einfach die folgenden Anweisungen: <\/p>\n<ol>\n<li>Finden Sie das entsprechend Werkzeug und \u00e4ndern Sie die Einstellungen. Speichern Sie die \u00c4nderungen.<\/li> \n\n<li>Kopieren und f\u00fcgen Sie den Code hinzu um das Widget auf Ihrer Website einzubinden. <\/li>\n\n<li>Fertig! Sie haben das Werkzeug erfolgreich auf der Tumblr Webseite eingebettet. <\/li>\n<\/ol>\n<p>Wenn Sie eine kostenfreie Hilfe bed\u00fcrfen, um das Widget einzubinden, dann k\u00f6nnen Sie sich unseren hochqualifizierten Elfsight Support wenden.<\/p>\n\n\n\n<p><\/p>\n","protected":false},"excerpt":{"rendered":"Seit 9 Jahren hat Elfsight viele absolut intuitiven und responsiven Werkzeuge f\u00fcr Tumblr Webseiten entworfen. Mit Hilfe dieser Werkzeuge k\u00f6nnen Sie den Umsatz steigern, die Anzahl Ihrer Follower erh\u00f6hen, jederzeit \u00fcber Chats mit Kunden in Kontakt bleiben und andere unternehmerischen Herausforderungen l\u00f6sen. Elfsight Team pr\u00e4sentiert vielgestaltig Preism\u00f6glichkeiten: von kostenfrei bis&#8230;","protected":false},"author":11,"featured_media":0,"parent":0,"menu_order":0,"comment_status":"closed","ping_status":"closed","template":"templates\/template-platform.php","meta":{"publish_to_discourse":"","publish_post_category":"","wpdc_auto_publish_overridden":"","wpdc_topic_tags":"","wpdc_pin_topic":"","wpdc_pin_until":"","discourse_post_id":"","discourse_permalink":"","wpdc_publishing_response":"","wpdc_publishing_error":"","footnotes":""},"class_list":["post-360","page","type-page","status-publish","hentry"],"yoast_head":"<!-- This site is optimized with the Yoast SEO plugin v25.3.1 - https:\/\/yoast.com\/wordpress\/plugins\/seo\/ -->\n<title>Die besten kostenlosen Tumblr Widgets f\u00fcr Ihre Website (2025)<\/title>\n<meta name=\"description\" content=\"Eine Vielfalt von premium Plugins genau f\u00fcr Ihre Tumblr Seiten. Hilfe mit der Personalisierung und unbeschr\u00e4nkte Reihe von Optionen.\" \/>\n<meta name=\"robots\" content=\"index, follow, max-snippet:-1, max-image-preview:large, max-video-preview:-1\" \/>\n<link rel=\"canonical\" href=\"https:\/\/elfsight.com\/de\/tumblr-widgets\/\" \/>\n<meta property=\"og:locale\" content=\"de_DE\" \/>\n<meta property=\"og:type\" content=\"article\" \/>\n<meta property=\"og:title\" content=\"Die besten kostenlosen Tumblr Widgets f\u00fcr Ihre Website (2025)\" \/>\n<meta property=\"og:description\" content=\"Eine Vielfalt von premium Plugins genau f\u00fcr Ihre Tumblr Seiten. Hilfe mit der Personalisierung und unbeschr\u00e4nkte Reihe von Optionen.\" \/>\n<meta property=\"og:url\" content=\"https:\/\/elfsight.com\/de\/tumblr-widgets\/\" \/>\n<meta property=\"og:site_name\" content=\"Elfsight DE\" \/>\n<meta property=\"article:modified_time\" content=\"2020-09-16T14:47:55+00:00\" \/>\n<meta name=\"twitter:card\" content=\"summary_large_image\" \/>\n<meta name=\"twitter:label1\" content=\"Gesch\u00e4tzte Lesezeit\" \/>\n\t<meta name=\"twitter:data1\" content=\"1\u00a0Minute\" \/>\n<!-- \/ Yoast SEO plugin. -->","yoast_head_json":{"title":"Die besten kostenlosen Tumblr Widgets f\u00fcr Ihre Website (2025)","description":"Eine Vielfalt von premium Plugins genau f\u00fcr Ihre Tumblr Seiten. Hilfe mit der Personalisierung und unbeschr\u00e4nkte Reihe von Optionen.","robots":{"index":"index","follow":"follow","max-snippet":"max-snippet:-1","max-image-preview":"max-image-preview:large","max-video-preview":"max-video-preview:-1"},"canonical":"https:\/\/elfsight.com\/de\/tumblr-widgets\/","og_locale":"de_DE","og_type":"article","og_title":"Die besten kostenlosen Tumblr Widgets f\u00fcr Ihre Website (2025)","og_description":"Eine Vielfalt von premium Plugins genau f\u00fcr Ihre Tumblr Seiten. Hilfe mit der Personalisierung und unbeschr\u00e4nkte Reihe von Optionen.","og_url":"https:\/\/elfsight.com\/de\/tumblr-widgets\/","og_site_name":"Elfsight DE","article_modified_time":"2020-09-16T14:47:55+00:00","twitter_card":"summary_large_image","twitter_misc":{"Gesch\u00e4tzte Lesezeit":"1\u00a0Minute"},"schema":{"@context":"https:\/\/schema.org","@graph":[{"@type":"WebPage","@id":"https:\/\/elfsight.com\/de\/tumblr-widgets\/","url":"https:\/\/elfsight.com\/de\/tumblr-widgets\/","name":"Die besten kostenlosen Tumblr Widgets f\u00fcr Ihre Website (2025)","isPartOf":{"@id":"https:\/\/elfsight.com\/de\/#website"},"datePublished":"2020-02-26T13:34:22+00:00","dateModified":"2020-09-16T14:47:55+00:00","description":"Eine Vielfalt von premium Plugins genau f\u00fcr Ihre Tumblr Seiten. Hilfe mit der Personalisierung und unbeschr\u00e4nkte Reihe von Optionen.","breadcrumb":{"@id":"https:\/\/elfsight.com\/de\/tumblr-widgets\/#breadcrumb"},"inLanguage":"de","potentialAction":[{"@type":"ReadAction","target":["https:\/\/elfsight.com\/de\/tumblr-widgets\/"]}]},{"@type":"BreadcrumbList","@id":"https:\/\/elfsight.com\/de\/tumblr-widgets\/#breadcrumb","itemListElement":[{"@type":"ListItem","position":1,"name":"Home","item":"https:\/\/elfsight.com\/de\/"},{"@type":"ListItem","position":2,"name":"Tumblr Widgets"}]},{"@type":"WebSite","@id":"https:\/\/elfsight.com\/de\/#website","url":"https:\/\/elfsight.com\/de\/","name":"Elfsight DE","description":"Just another Elfsight Sites site","potentialAction":[{"@type":"SearchAction","target":{"@type":"EntryPoint","urlTemplate":"https:\/\/elfsight.com\/de\/?s={search_term_string}"},"query-input":{"@type":"PropertyValueSpecification","valueRequired":true,"valueName":"search_term_string"}}],"inLanguage":"de"}]}},"meta_box":{"industry":"","seo_heading":"","heading":"","description":"","cta_heading":"","cta_description":"","application":"","h1":"Wirksame intelligente L\u00f6sungen f\u00fcr Ihre Tumblr Website","h1_caption":"Dies ist die Sammlung von erstklassigen Oberfl\u00e4chenelemente f\u00fcr Webseite, um Ihre Umsatz zu st\u00e4rken und andere gewerbliche Ziele zu erreichen. Alle Oberfl\u00e4chenelemente kann bequem adaptiert und eingebettet werden. Die Kompanie gew\u00e4hrt die unbeschr\u00e4nkte Anzahl von Features und die professionelle technische Support f\u00fcr alle Benutzer.","application_category":[],"applications_title":"Probieren Sie alle einsatzbereiten kostenlosen Tumblr Bedienelemente auf der Reihe:","applications_request_title":"Sie k\u00f6nnen das gew\u00fcnschte Widget nicht finden?","applications_request_button_text":"Fordern Sie ein Widget an","hero_text":"","hero_video":"","hero_video_schema_markup":"","selling_points_title":"","selling_points_caption":"","selling_points":[],"selling_points_cta_text":"","features_title":"","features":"","ed_cta_examples_text":"","ed_cta_examples_hidden":"","ed_cta_demo_text":"","ed_cta_demo_hidden":"","why_caption":"","why_editor_title":"","why_editor_text":"","why_team_title":"","why_team_text":"","why_service_title":"","why_service_text":"","template_catalog_visible":"","template_catalog_title":"","template_catalog_text":"","template_catalog_categories_visible":"","demo_title":"","demo_caption":"","default_faq_hidden":"","app_template_category":[],"platform":"238","template_public_id":"","codecanyon_url":"","codecanyon_item_id":"","codecanyon_price":"","pricing_caption":"","pricing_elfsight_apps_hide_column":"","pricing_elfsight_apps_url":"","pricing_codecanyon_price_caption":"","integration_category":[],"integration_request_title":"","integration_request_cta":"","integration_platform":"","integrations":[],"platform_category":[],"video_schema_markup":"","price":"","trial":"","benefits":[],"button_url":"","button_target_blank":"","button_nofollow":"","attributes":[],"tags":[],"tags_disable_links":"","hide_more_platforms":"","video_object":"","demo_hide_cta":"","demo_hide_cloud_options":"","pricing_title":"","pricing":[],"related_apps_title":"","related_apps_hidden":"","author":"","image":[],"title":"","job":"","social_networks":[]},"_links":{"self":[{"href":"https:\/\/elfsight.com\/de\/wp-json\/wp\/v2\/pages\/360","targetHints":{"allow":["GET"]}}],"collection":[{"href":"https:\/\/elfsight.com\/de\/wp-json\/wp\/v2\/pages"}],"about":[{"href":"https:\/\/elfsight.com\/de\/wp-json\/wp\/v2\/types\/page"}],"author":[{"embeddable":true,"href":"https:\/\/elfsight.com\/de\/wp-json\/wp\/v2\/users\/11"}],"replies":[{"embeddable":true,"href":"https:\/\/elfsight.com\/de\/wp-json\/wp\/v2\/comments?post=360"}],"version-history":[{"count":4,"href":"https:\/\/elfsight.com\/de\/wp-json\/wp\/v2\/pages\/360\/revisions"}],"predecessor-version":[{"id":3055,"href":"https:\/\/elfsight.com\/de\/wp-json\/wp\/v2\/pages\/360\/revisions\/3055"}],"wp:attachment":[{"href":"https:\/\/elfsight.com\/de\/wp-json\/wp\/v2\/media?parent=360"}],"curies":[{"name":"wp","href":"https:\/\/api.w.org\/{rel}","templated":true}]}}