{"id":324,"date":"2020-02-26T13:14:24","date_gmt":"2020-02-26T13:14:24","guid":{"rendered":"https:\/\/elfsight.com\/de\/?page_id=324"},"modified":"2020-09-16T14:44:03","modified_gmt":"2020-09-16T14:44:03","slug":"visual-composer-widgets","status":"publish","type":"page","link":"https:\/\/elfsight.com\/de\/visual-composer-widgets\/","title":{"rendered":"Visual Composer Widgets"},"content":{"rendered":"\n\n<p>F\u00fcr mehrere Jahre hat Elfsight  viele v\u00f6llig passenden und gebrauchsfertigen Werkzeuge f\u00fcr Visual Composer  Websites gebaut. Mit Hilfe der Apps k\u00f6nnen Sie die Benutzerinteraktion erh\u00f6hen, Ihren Gewinn steigern, jederzeit \u00fcber Chats mit Kunden in Kontakt bleiben und andere unternehmerischen Herausforderungen l\u00f6sen.<\/p> \n\n<p>Unsere Team bietet verschiedene Peiswahlen: von kostenlos bis zu Premium. St\u00e4rken Ihre Website ohne Mehrkosten.<\/p>\n\n\n<h2>Warum m\u00f6gen viele Website-Eigent\u00fcmer unsere Widgets?<\/h2>\n\n<p>Schauen Sie sich die anschlie\u00dfende Liste der bestimmten Vorz\u00fcge:<\/p> \n<ul>\n<li> Gratis Installation-Support  des Plugins;<\/li>\n\n<li>Absolut responsive f\u00fcr jedes Ger\u00e4t; <\/li>\n\n<li>Keine Programmierkenntnisse erforderlich;<\/li>\n\n<li>Eine Vielzahl von anpassbare und einsatzf\u00e4hige Schablonen;<\/li>\n\n<li>Einfacher Konfigurator;<\/li>\n\n<li>Die Cloud-basierte L\u00f6sungen f\u00fcr hoher Ladegeschwindigkeit; <\/li>                                                                                                                \n\n<li>Die regul\u00e4re automatische Updat;<\/li> \n\n<li>Professionelle Unterst\u00fctzung von h\u00f6flichen Elfsight Team.<\/li> \n<\/ul>\n\n<p>Starten  Sie mit kostenlosen Widget. Schauen Sie alle Potenzial oder integrieren Sie jedes Plugin mit 20% Erm\u00e4ssigung. <\/p> \n\n<h2>Wie kann man ein Widget auf Visual Composer Website integrieren?<\/h2> \n<p>Um ein Werkzeug auf der Webseite hinzuzuf\u00fcgen, sehen Sie einfach die folgenden Anweisungen: <\/p>\n<ol>\n<li>W\u00e4hlen Sie das entsprechend Widget und w\u00e4hlen Sie die entsprechenden Einstellungen. Klicken Sie auf Speichern.<\/li> \n\n<li>F\u00fcgen Sie Code hinzu um das Widget auf Ihrer Website einzubinden. <\/li>\n\n<li>Geschafft! Sie haben das Werkzeug erfolgreich auf der Visual Composer Website installiert. <\/li>\n<\/ol>\n<p>Falls Sie eine kostenfreie Hilfe ben\u00f6tigen, um das Widget einzubetten, dann unserer Unterst\u00fctzungsteam hilft Ihnen gerne weiter.<\/p>\n\n\n\n","protected":false},"excerpt":{"rendered":"F\u00fcr mehrere Jahre hat Elfsight viele v\u00f6llig passenden und gebrauchsfertigen Werkzeuge f\u00fcr Visual Composer Websites gebaut. Mit Hilfe der Apps k\u00f6nnen Sie die Benutzerinteraktion erh\u00f6hen, Ihren Gewinn steigern, jederzeit \u00fcber Chats mit Kunden in Kontakt bleiben und andere unternehmerischen Herausforderungen l\u00f6sen. Unsere Team bietet verschiedene Peiswahlen: von kostenlos bis zu&#8230;","protected":false},"author":11,"featured_media":0,"parent":0,"menu_order":0,"comment_status":"closed","ping_status":"closed","template":"templates\/template-platform.php","meta":{"publish_to_discourse":"","publish_post_category":"","wpdc_auto_publish_overridden":"","wpdc_topic_tags":"","wpdc_pin_topic":"","wpdc_pin_until":"","discourse_post_id":"","discourse_permalink":"","wpdc_publishing_response":"","wpdc_publishing_error":"","footnotes":""},"class_list":["post-324","page","type-page","status-publish","hentry"],"yoast_head":"<!-- This site is optimized with the Yoast SEO plugin v25.3.1 - https:\/\/yoast.com\/wordpress\/plugins\/seo\/ -->\n<title>Die besten kostenlosen Visual Composer Widgets f\u00fcr Ihre Website (2025)<\/title>\n<meta name=\"description\" content=\"Eine Auswahl von besseren Plugins gerade f\u00fcr Ihre Visual Composer Web-Seiten. Hilfe mit der Anpassung und unbegrenzte Anzahl von Merkmalen.\" \/>\n<meta name=\"robots\" content=\"index, follow, max-snippet:-1, max-image-preview:large, max-video-preview:-1\" \/>\n<link rel=\"canonical\" href=\"https:\/\/elfsight.com\/de\/visual-composer-widgets\/\" \/>\n<meta property=\"og:locale\" content=\"de_DE\" \/>\n<meta property=\"og:type\" content=\"article\" \/>\n<meta property=\"og:title\" content=\"Die besten kostenlosen Visual Composer Widgets f\u00fcr Ihre Website (2025)\" \/>\n<meta property=\"og:description\" content=\"Eine Auswahl von besseren Plugins gerade f\u00fcr Ihre Visual Composer Web-Seiten. Hilfe mit der Anpassung und unbegrenzte Anzahl von Merkmalen.\" \/>\n<meta property=\"og:url\" content=\"https:\/\/elfsight.com\/de\/visual-composer-widgets\/\" \/>\n<meta property=\"og:site_name\" content=\"Elfsight DE\" \/>\n<meta property=\"article:modified_time\" content=\"2020-09-16T14:44:03+00:00\" \/>\n<meta name=\"twitter:card\" content=\"summary_large_image\" \/>\n<meta name=\"twitter:label1\" content=\"Gesch\u00e4tzte Lesezeit\" \/>\n\t<meta name=\"twitter:data1\" content=\"1\u00a0Minute\" \/>\n<!-- \/ Yoast SEO plugin. -->","yoast_head_json":{"title":"Die besten kostenlosen Visual Composer Widgets f\u00fcr Ihre Website (2025)","description":"Eine Auswahl von besseren Plugins gerade f\u00fcr Ihre Visual Composer Web-Seiten. Hilfe mit der Anpassung und unbegrenzte Anzahl von Merkmalen.","robots":{"index":"index","follow":"follow","max-snippet":"max-snippet:-1","max-image-preview":"max-image-preview:large","max-video-preview":"max-video-preview:-1"},"canonical":"https:\/\/elfsight.com\/de\/visual-composer-widgets\/","og_locale":"de_DE","og_type":"article","og_title":"Die besten kostenlosen Visual Composer Widgets f\u00fcr Ihre Website (2025)","og_description":"Eine Auswahl von besseren Plugins gerade f\u00fcr Ihre Visual Composer Web-Seiten. Hilfe mit der Anpassung und unbegrenzte Anzahl von Merkmalen.","og_url":"https:\/\/elfsight.com\/de\/visual-composer-widgets\/","og_site_name":"Elfsight DE","article_modified_time":"2020-09-16T14:44:03+00:00","twitter_card":"summary_large_image","twitter_misc":{"Gesch\u00e4tzte Lesezeit":"1\u00a0Minute"},"schema":{"@context":"https:\/\/schema.org","@graph":[{"@type":"WebPage","@id":"https:\/\/elfsight.com\/de\/visual-composer-widgets\/","url":"https:\/\/elfsight.com\/de\/visual-composer-widgets\/","name":"Die besten kostenlosen Visual Composer Widgets f\u00fcr Ihre Website (2025)","isPartOf":{"@id":"https:\/\/elfsight.com\/de\/#website"},"datePublished":"2020-02-26T13:14:24+00:00","dateModified":"2020-09-16T14:44:03+00:00","description":"Eine Auswahl von besseren Plugins gerade f\u00fcr Ihre Visual Composer Web-Seiten. Hilfe mit der Anpassung und unbegrenzte Anzahl von Merkmalen.","breadcrumb":{"@id":"https:\/\/elfsight.com\/de\/visual-composer-widgets\/#breadcrumb"},"inLanguage":"de","potentialAction":[{"@type":"ReadAction","target":["https:\/\/elfsight.com\/de\/visual-composer-widgets\/"]}]},{"@type":"BreadcrumbList","@id":"https:\/\/elfsight.com\/de\/visual-composer-widgets\/#breadcrumb","itemListElement":[{"@type":"ListItem","position":1,"name":"Home","item":"https:\/\/elfsight.com\/de\/"},{"@type":"ListItem","position":2,"name":"Visual Composer Widgets"}]},{"@type":"WebSite","@id":"https:\/\/elfsight.com\/de\/#website","url":"https:\/\/elfsight.com\/de\/","name":"Elfsight DE","description":"Just another Elfsight Sites site","potentialAction":[{"@type":"SearchAction","target":{"@type":"EntryPoint","urlTemplate":"https:\/\/elfsight.com\/de\/?s={search_term_string}"},"query-input":{"@type":"PropertyValueSpecification","valueRequired":true,"valueName":"search_term_string"}}],"inLanguage":"de"}]}},"meta_box":{"industry":"","seo_heading":"","heading":"","description":"","cta_heading":"","cta_description":"","application":"","h1":"Effective mobilfreundliche L\u00f6sungen f\u00fcr Ihre Visual Composer Web-Seite","h1_caption":"Dies ist die Auswahl von sch\u00f6nsten Miniprogramme f\u00fcr Web-Seite, um seine Umsatz zu f\u00f6rdern und unterschiedliche wirtschaftliche Ziele zu erlangen. Die Werkzeuge kann einfach personalisiert und integriert werden. Die Firma liefert die grenzenlose Reihe von Funktionen und die qualifizierte technische Unterst\u00fctzung f\u00fcr alle Benutzer.","application_category":[],"applications_title":"Erproben Sie alle wunderbaren kostenlosen Visual Composer Bedienelemente in der Auswahl:","applications_request_title":"Sie k\u00f6nnen das gew\u00fcnschte Widget nicht finden?","applications_request_button_text":"Fordern Sie ein Widget an","hero_text":"","hero_video":"","hero_video_schema_markup":"","selling_points_title":"","selling_points_caption":"","selling_points":[],"selling_points_cta_text":"","features_title":"","features":"","ed_cta_examples_text":"","ed_cta_examples_hidden":"","ed_cta_demo_text":"","ed_cta_demo_hidden":"","why_caption":"","why_editor_title":"","why_editor_text":"","why_team_title":"","why_team_text":"","why_service_title":"","why_service_text":"","template_catalog_visible":"","template_catalog_title":"","template_catalog_text":"","template_catalog_categories_visible":"","demo_title":"","demo_caption":"","default_faq_hidden":"","app_template_category":[],"platform":"237","template_public_id":"","codecanyon_url":"","codecanyon_item_id":"","codecanyon_price":"","pricing_caption":"","pricing_elfsight_apps_hide_column":"","pricing_elfsight_apps_url":"","pricing_codecanyon_price_caption":"","integration_category":[],"integration_request_title":"","integration_request_cta":"","integration_platform":"","integrations":[],"platform_category":[],"video_schema_markup":"","price":"","trial":"","benefits":[],"button_url":"","button_target_blank":"","button_nofollow":"","attributes":[],"tags":[],"tags_disable_links":"","hide_more_platforms":"","video_object":"","demo_hide_cta":"","demo_hide_cloud_options":"","pricing_title":"","pricing":[],"related_apps_title":"","related_apps_hidden":"","author":"","image":[],"title":"","job":"","social_networks":[]},"_links":{"self":[{"href":"https:\/\/elfsight.com\/de\/wp-json\/wp\/v2\/pages\/324","targetHints":{"allow":["GET"]}}],"collection":[{"href":"https:\/\/elfsight.com\/de\/wp-json\/wp\/v2\/pages"}],"about":[{"href":"https:\/\/elfsight.com\/de\/wp-json\/wp\/v2\/types\/page"}],"author":[{"embeddable":true,"href":"https:\/\/elfsight.com\/de\/wp-json\/wp\/v2\/users\/11"}],"replies":[{"embeddable":true,"href":"https:\/\/elfsight.com\/de\/wp-json\/wp\/v2\/comments?post=324"}],"version-history":[{"count":3,"href":"https:\/\/elfsight.com\/de\/wp-json\/wp\/v2\/pages\/324\/revisions"}],"predecessor-version":[{"id":3053,"href":"https:\/\/elfsight.com\/de\/wp-json\/wp\/v2\/pages\/324\/revisions\/3053"}],"wp:attachment":[{"href":"https:\/\/elfsight.com\/de\/wp-json\/wp\/v2\/media?parent=324"}],"curies":[{"name":"wp","href":"https:\/\/api.w.org\/{rel}","templated":true}]}}