{"id":323,"date":"2020-02-26T13:05:00","date_gmt":"2020-02-26T13:05:00","guid":{"rendered":"https:\/\/elfsight.com\/de\/?page_id=323"},"modified":"2020-09-16T14:41:35","modified_gmt":"2020-09-16T14:41:35","slug":"volusion-apps","status":"publish","type":"page","link":"https:\/\/elfsight.com\/de\/volusion-apps\/","title":{"rendered":"Volusion Apps"},"content":{"rendered":"\n\n<p>Seit 9 Jahren hat Elfsight Team viele v\u00f6llig effizienten und responsiven Werkzeuge f\u00fcr Volusion  Websites entwickelt. Mit Hilfe Elfsight Apps k\u00f6nnen Sie viel mehr Leads sammeln, die Anzahl Ihrer Follower erh\u00f6hen, Kundenbewertungen aus sozialen Medien anzeigen und andere unternehmerischen Herausforderungen l\u00f6sen.<\/p> \n\n<p>Unsere Team leistet eine gro\u00dfe Auswahl von Preisoptionen: von kostenfrei bis zu Premium. St\u00e4rken Ihre Website ohne Zusatzausgaben.<\/p>\n\n\n<h2>Warum m\u00f6gen viele Website-Inhaber unsere Widgets?<\/h2>\n\n<p>Betrachten  Sie die folgende Auflistung der bestimmten Vorz\u00fcge:<\/p> \n<ul>\n<li> Kostenfreier Installation-Support  des Plugins;<\/li>\n\n<li>Absolut reaktionsschnelle f\u00fcr jeden Bildschirm; <\/li>\n\n<li>Ohne Programmierung;<\/li>\n\n<li>Eine breite Palette von anpassbare und einsatzf\u00e4hige Schablonen;<\/li>\n\n<li>Benutzerfreundlicher Konfigurator;<\/li>\n\n<li>Die Cloud-Services f\u00fcr hoher Ladegeschwindigkeit; <\/li>                                                                                                                \n\n<li>Die regelm\u00e4\u00dfige automatische Updat;<\/li> \n\n<li>Fachliche Unterst\u00fctzung von h\u00f6flichen Elfsight Team.<\/li> \n<\/ul>\n\n<p>Zugreifen  Sie mit kostenfreien Plan. Bewerten Sie alle Potenzial oder erwerben Sie ausgew\u00e4hlte Widget mit 20% Rabatt. <\/p> \n\n<h2>Wie kann man ein App auf Volusion Website einf\u00fcgen?<\/h2> \n<p>Um ein Werkzeug auf der Webseite einzuf\u00fcgen, folgen Sie einfach den Schritten: <\/p>\n<ol>\n<li>Entdecken Sie das entsprechend Werkzeug und \u00e4ndern Sie die Einstellungen. Speichern Sie die \u00c4nderungen.<\/li> \n\n<li>F\u00fcgen Sie Code hinzu um das App auf Ihrer Seite einzubinden. <\/li>\n\n<li>Gemacht! Sie haben das App erfolgreich auf der Volusion Website installiert. <\/li>\n<\/ol>\n<p>Falls Sie eine kostenlose Hilfe bed\u00fcrfen, um das Widget einzubetten, dann unserer Unterst\u00fctzungsteam hilft Ihnen gerne weiter.<\/p>\n\n\n\n","protected":false},"excerpt":{"rendered":"Seit 9 Jahren hat Elfsight Team viele v\u00f6llig effizienten und responsiven Werkzeuge f\u00fcr Volusion Websites entwickelt. Mit Hilfe Elfsight Apps k\u00f6nnen Sie viel mehr Leads sammeln, die Anzahl Ihrer Follower erh\u00f6hen, Kundenbewertungen aus sozialen Medien anzeigen und andere unternehmerischen Herausforderungen l\u00f6sen. Unsere Team leistet eine gro\u00dfe Auswahl von Preisoptionen: von&#8230;","protected":false},"author":11,"featured_media":0,"parent":0,"menu_order":0,"comment_status":"closed","ping_status":"closed","template":"templates\/template-platform.php","meta":{"publish_to_discourse":"","publish_post_category":"","wpdc_auto_publish_overridden":"","wpdc_topic_tags":"","wpdc_pin_topic":"","wpdc_pin_until":"","discourse_post_id":"","discourse_permalink":"","wpdc_publishing_response":"","wpdc_publishing_error":"","footnotes":""},"class_list":["post-323","page","type-page","status-publish","hentry"],"yoast_head":"<!-- This site is optimized with the Yoast SEO plugin v25.3.1 - https:\/\/yoast.com\/wordpress\/plugins\/seo\/ -->\n<title>Die besten kostenlosen Volusion Apps f\u00fcr Ihre Website (2025)<\/title>\n<meta name=\"description\" content=\"Eine Reihe von besseren kostenfreien Oberfl\u00e4chenelemente speziell f\u00fcr Ihre Volusion Seiten. Hilfe zu der Anpassung und grenzenlose Anzahl von Funktionen.\" \/>\n<meta name=\"robots\" content=\"index, follow, max-snippet:-1, max-image-preview:large, max-video-preview:-1\" \/>\n<link rel=\"canonical\" href=\"https:\/\/elfsight.com\/de\/volusion-apps\/\" \/>\n<meta property=\"og:locale\" content=\"de_DE\" \/>\n<meta property=\"og:type\" content=\"article\" \/>\n<meta property=\"og:title\" content=\"Die besten kostenlosen Volusion Apps f\u00fcr Ihre Website (2025)\" \/>\n<meta property=\"og:description\" content=\"Eine Reihe von besseren kostenfreien Oberfl\u00e4chenelemente speziell f\u00fcr Ihre Volusion Seiten. Hilfe zu der Anpassung und grenzenlose Anzahl von Funktionen.\" \/>\n<meta property=\"og:url\" content=\"https:\/\/elfsight.com\/de\/volusion-apps\/\" \/>\n<meta property=\"og:site_name\" content=\"Elfsight DE\" \/>\n<meta property=\"article:modified_time\" content=\"2020-09-16T14:41:35+00:00\" \/>\n<meta name=\"twitter:card\" content=\"summary_large_image\" \/>\n<meta name=\"twitter:label1\" content=\"Gesch\u00e4tzte Lesezeit\" \/>\n\t<meta name=\"twitter:data1\" content=\"1\u00a0Minute\" \/>\n<!-- \/ Yoast SEO plugin. -->","yoast_head_json":{"title":"Die besten kostenlosen Volusion Apps f\u00fcr Ihre Website (2025)","description":"Eine Reihe von besseren kostenfreien Oberfl\u00e4chenelemente speziell f\u00fcr Ihre Volusion Seiten. Hilfe zu der Anpassung und grenzenlose Anzahl von Funktionen.","robots":{"index":"index","follow":"follow","max-snippet":"max-snippet:-1","max-image-preview":"max-image-preview:large","max-video-preview":"max-video-preview:-1"},"canonical":"https:\/\/elfsight.com\/de\/volusion-apps\/","og_locale":"de_DE","og_type":"article","og_title":"Die besten kostenlosen Volusion Apps f\u00fcr Ihre Website (2025)","og_description":"Eine Reihe von besseren kostenfreien Oberfl\u00e4chenelemente speziell f\u00fcr Ihre Volusion Seiten. Hilfe zu der Anpassung und grenzenlose Anzahl von Funktionen.","og_url":"https:\/\/elfsight.com\/de\/volusion-apps\/","og_site_name":"Elfsight DE","article_modified_time":"2020-09-16T14:41:35+00:00","twitter_card":"summary_large_image","twitter_misc":{"Gesch\u00e4tzte Lesezeit":"1\u00a0Minute"},"schema":{"@context":"https:\/\/schema.org","@graph":[{"@type":"WebPage","@id":"https:\/\/elfsight.com\/de\/volusion-apps\/","url":"https:\/\/elfsight.com\/de\/volusion-apps\/","name":"Die besten kostenlosen Volusion Apps f\u00fcr Ihre Website (2025)","isPartOf":{"@id":"https:\/\/elfsight.com\/de\/#website"},"datePublished":"2020-02-26T13:05:00+00:00","dateModified":"2020-09-16T14:41:35+00:00","description":"Eine Reihe von besseren kostenfreien Oberfl\u00e4chenelemente speziell f\u00fcr Ihre Volusion Seiten. Hilfe zu der Anpassung und grenzenlose Anzahl von Funktionen.","breadcrumb":{"@id":"https:\/\/elfsight.com\/de\/volusion-apps\/#breadcrumb"},"inLanguage":"de","potentialAction":[{"@type":"ReadAction","target":["https:\/\/elfsight.com\/de\/volusion-apps\/"]}]},{"@type":"BreadcrumbList","@id":"https:\/\/elfsight.com\/de\/volusion-apps\/#breadcrumb","itemListElement":[{"@type":"ListItem","position":1,"name":"Home","item":"https:\/\/elfsight.com\/de\/"},{"@type":"ListItem","position":2,"name":"Volusion Apps"}]},{"@type":"WebSite","@id":"https:\/\/elfsight.com\/de\/#website","url":"https:\/\/elfsight.com\/de\/","name":"Elfsight DE","description":"Just another Elfsight Sites site","potentialAction":[{"@type":"SearchAction","target":{"@type":"EntryPoint","urlTemplate":"https:\/\/elfsight.com\/de\/?s={search_term_string}"},"query-input":{"@type":"PropertyValueSpecification","valueRequired":true,"valueName":"search_term_string"}}],"inLanguage":"de"}]}},"meta_box":{"industry":"","seo_heading":"","heading":"","description":"","cta_heading":"","cta_description":"","application":"","h1":"Ideale intelligente L\u00f6sungen f\u00fcr Ihre Volusion Seite","h1_caption":"Dies ist die Sammlung von einsatzbereiten Oberfl\u00e4chenelemente f\u00fcr Internetseite, um Ihre Anwenderaktivit\u00e4ten zu gestalten und wesentliche kommerzielle Ziele zu erreichen. Alle Bedienelemente kann leicht benutzerdefiniert und integriert werden. Unsere Kompanie gew\u00e4hrt die unendliche Reihe von Merkmalen und die sch\u00f6nste technische Support f\u00fcr alle Kunden.","application_category":[],"applications_title":"Untersuchen Sie alle einsatzbereiten kostenfreien Volusion Oberfl\u00e4chenelemente auf der Auflistung:","applications_request_title":"Sie k\u00f6nnen das gew\u00fcnschte App nicht finden?","applications_request_button_text":"Fordern Sie ein App an","hero_text":"","hero_video":"","hero_video_schema_markup":"","selling_points_title":"","selling_points_caption":"","selling_points":[],"selling_points_cta_text":"","features_title":"","features":"","ed_cta_examples_text":"","ed_cta_examples_hidden":"","ed_cta_demo_text":"","ed_cta_demo_hidden":"","why_caption":"","why_editor_title":"","why_editor_text":"","why_team_title":"","why_team_text":"","why_service_title":"","why_service_text":"","template_catalog_visible":"","template_catalog_title":"","template_catalog_text":"","template_catalog_categories_visible":"","demo_title":"","demo_caption":"","default_faq_hidden":"","app_template_category":[],"platform":"236","template_public_id":"","codecanyon_url":"","codecanyon_item_id":"","codecanyon_price":"","pricing_caption":"","pricing_elfsight_apps_hide_column":"","pricing_elfsight_apps_url":"","pricing_codecanyon_price_caption":"","integration_category":[],"integration_request_title":"","integration_request_cta":"","integration_platform":"","integrations":[],"platform_category":[],"video_schema_markup":"","price":"","trial":"","benefits":[],"button_url":"","button_target_blank":"","button_nofollow":"","attributes":[],"tags":[],"tags_disable_links":"","hide_more_platforms":"","video_object":"","demo_hide_cta":"","demo_hide_cloud_options":"","pricing_title":"","pricing":[],"related_apps_title":"","related_apps_hidden":"","author":"","image":[],"title":"","job":"","social_networks":[]},"_links":{"self":[{"href":"https:\/\/elfsight.com\/de\/wp-json\/wp\/v2\/pages\/323","targetHints":{"allow":["GET"]}}],"collection":[{"href":"https:\/\/elfsight.com\/de\/wp-json\/wp\/v2\/pages"}],"about":[{"href":"https:\/\/elfsight.com\/de\/wp-json\/wp\/v2\/types\/page"}],"author":[{"embeddable":true,"href":"https:\/\/elfsight.com\/de\/wp-json\/wp\/v2\/users\/11"}],"replies":[{"embeddable":true,"href":"https:\/\/elfsight.com\/de\/wp-json\/wp\/v2\/comments?post=323"}],"version-history":[{"count":4,"href":"https:\/\/elfsight.com\/de\/wp-json\/wp\/v2\/pages\/323\/revisions"}],"predecessor-version":[{"id":3052,"href":"https:\/\/elfsight.com\/de\/wp-json\/wp\/v2\/pages\/323\/revisions\/3052"}],"wp:attachment":[{"href":"https:\/\/elfsight.com\/de\/wp-json\/wp\/v2\/media?parent=323"}],"curies":[{"name":"wp","href":"https:\/\/api.w.org\/{rel}","templated":true}]}}