{"id":3202,"date":"2020-09-17T15:08:12","date_gmt":"2020-09-17T15:08:12","guid":{"rendered":"https:\/\/elfsight.com\/de\/?page_id=3202"},"modified":"2020-10-13T15:35:47","modified_gmt":"2020-10-13T15:35:47","slug":"sendinblue-integrations","status":"publish","type":"page","link":"https:\/\/elfsight.com\/de\/sendinblue-integrations\/","title":{"rendered":"Sendinblue Integrations"},"content":{"rendered":"\n<p>Seit etlichen Jahren hat Elfsight Kompanie viele vollkommen komfortablen und responsiven L\u00f6sungen f\u00fcr Sendinblue Websites gestaltet. Mit Hilfe Elfsight Plugins k\u00f6nnen Sie viel mehr Leads sammeln, den Ruf der Marke verbessern, Kundenbewertungen aus sozialen Medien anzeigen und andere gesch\u00e4ftlichen Herausforderungen l\u00f6sen. <\/p> \n\n<p>Elfsight Team liefert eine gro\u00dfe Auswahl von Peiswahlen: von gratis bis zu Premium. Verbessern Ihre Website ohne Zusatzkosten. <\/p>\n\n\n<h2>Was macht unsere Sendinblue-Miniprogramme so besonderen? <\/h2>\n\n<p>Entdecken Sie die nachstehende \u00dcbersicht der herausragenden Leistungen: <\/p> \n<ul>\n<li> Gratis Installationsservice des Widgets; <\/li>\n\n<li>V\u00f6llig ansprechbare f\u00fcr jeden Bildschirm; <\/li>\n\n<li>Ohne Kodierung; <\/li>\n\n<li>Eine breite Palette von anpassbare und benutzerfreundliche Vorlagen; <\/li>\n\n<li>Einfach zu bedienende Konfigurator; <\/li>\n\n<li>Die Cloud-L\u00f6sungen f\u00fcr hoher Ladegeschwindigkeit; <\/li> \n\n<li>Die regelm\u00e4\u00dfige automatische Aktualisierung; <\/li> \n\n<li>Professionelle Hilfe von erfahrenen Elfsight Team. <\/li> \n<\/ul>\n\n<p>Zugreifen Sie mit unentgeltlichen Widget. Pr\u00fcfen Sie alle Funktionen oder erwerben Sie ein beliebiges Widget mit 20% Erm\u00e4ssigung. <\/p> \n\n<h2>Wie kann man ein Integration auf Sendinblue Website installieren? <\/h2> \n<p>Um ein Werkzeug auf der Website einzubinden, sehen Sie einfach die folgenden Anweisungen: <\/p>\n<ol>\n<li>Beschlie\u00dfen Sie das richtig Integration und w\u00e4hlen Sie die entsprechenden Einstellungen. Klicken Sie auf Speichern. <\/li> \n\n<li>F\u00fcgen Sie Code hinzu um das Integration auf Ihrer Website zu integrieren. <\/li>\n\n<li>Widget-Hinzuf\u00fcgen ist erfolgreich abgeschlossen! <\/li>\n<\/ol>\n<p>Wenn Sie eine kostenfreie Beratung bed\u00fcrfen, um das Widget einzubetten, dann unserer Support Team ist immer gl\u00fccklich, Ihnen zu helfen. <\/p>\n","protected":false},"excerpt":{"rendered":"Seit etlichen Jahren hat Elfsight Kompanie viele vollkommen komfortablen und responsiven L\u00f6sungen f\u00fcr Sendinblue Websites gestaltet. Mit Hilfe Elfsight Plugins k\u00f6nnen Sie viel mehr Leads sammeln, den Ruf der Marke verbessern, Kundenbewertungen aus sozialen Medien anzeigen und andere gesch\u00e4ftlichen Herausforderungen l\u00f6sen. Elfsight Team liefert eine gro\u00dfe Auswahl von Peiswahlen: von&#8230;","protected":false},"author":11,"featured_media":0,"parent":0,"menu_order":0,"comment_status":"closed","ping_status":"closed","template":"templates\/template-platform.php","meta":{"publish_to_discourse":"","publish_post_category":"","wpdc_auto_publish_overridden":"","wpdc_topic_tags":"","wpdc_pin_topic":"","wpdc_pin_until":"","discourse_post_id":"","discourse_permalink":"","wpdc_publishing_response":"","wpdc_publishing_error":"","footnotes":""},"class_list":["post-3202","page","type-page","status-publish","hentry"],"yoast_head":"<!-- This site is optimized with the Yoast SEO plugin v25.3.1 - https:\/\/yoast.com\/wordpress\/plugins\/seo\/ -->\n<title>Die mobile-freundlichen Integrations f\u00fcr Ihr Sendinblue Website (2025)<\/title>\n<meta name=\"description\" content=\"Eine Sammlung von erstklassigen gratis L\u00f6sungen genau f\u00fcr Ihre Sendinblue Websites. Hilfe mit der Kundenbezogenheit und unbegrenzte Reihe von Funktionen.\" \/>\n<meta name=\"robots\" content=\"index, follow, max-snippet:-1, max-image-preview:large, max-video-preview:-1\" \/>\n<link rel=\"canonical\" href=\"https:\/\/elfsight.com\/de\/sendinblue-integrations\/\" \/>\n<meta property=\"og:locale\" content=\"de_DE\" \/>\n<meta property=\"og:type\" content=\"article\" \/>\n<meta property=\"og:title\" content=\"Die mobile-freundlichen Integrations f\u00fcr Ihr Sendinblue Website (2025)\" \/>\n<meta property=\"og:description\" content=\"Eine Sammlung von erstklassigen gratis L\u00f6sungen genau f\u00fcr Ihre Sendinblue Websites. Hilfe mit der Kundenbezogenheit und unbegrenzte Reihe von Funktionen.\" \/>\n<meta property=\"og:url\" content=\"https:\/\/elfsight.com\/de\/sendinblue-integrations\/\" \/>\n<meta property=\"og:site_name\" content=\"Elfsight DE\" \/>\n<meta property=\"article:modified_time\" content=\"2020-10-13T15:35:47+00:00\" \/>\n<meta name=\"twitter:card\" content=\"summary_large_image\" \/>\n<meta name=\"twitter:label1\" content=\"Gesch\u00e4tzte Lesezeit\" \/>\n\t<meta name=\"twitter:data1\" content=\"1\u00a0Minute\" \/>\n<!-- \/ Yoast SEO plugin. -->","yoast_head_json":{"title":"Die mobile-freundlichen Integrations f\u00fcr Ihr Sendinblue Website (2025)","description":"Eine Sammlung von erstklassigen gratis L\u00f6sungen genau f\u00fcr Ihre Sendinblue Websites. Hilfe mit der Kundenbezogenheit und unbegrenzte Reihe von Funktionen.","robots":{"index":"index","follow":"follow","max-snippet":"max-snippet:-1","max-image-preview":"max-image-preview:large","max-video-preview":"max-video-preview:-1"},"canonical":"https:\/\/elfsight.com\/de\/sendinblue-integrations\/","og_locale":"de_DE","og_type":"article","og_title":"Die mobile-freundlichen Integrations f\u00fcr Ihr Sendinblue Website (2025)","og_description":"Eine Sammlung von erstklassigen gratis L\u00f6sungen genau f\u00fcr Ihre Sendinblue Websites. Hilfe mit der Kundenbezogenheit und unbegrenzte Reihe von Funktionen.","og_url":"https:\/\/elfsight.com\/de\/sendinblue-integrations\/","og_site_name":"Elfsight DE","article_modified_time":"2020-10-13T15:35:47+00:00","twitter_card":"summary_large_image","twitter_misc":{"Gesch\u00e4tzte Lesezeit":"1\u00a0Minute"},"schema":{"@context":"https:\/\/schema.org","@graph":[{"@type":"WebPage","@id":"https:\/\/elfsight.com\/de\/sendinblue-integrations\/","url":"https:\/\/elfsight.com\/de\/sendinblue-integrations\/","name":"Die mobile-freundlichen Integrations f\u00fcr Ihr Sendinblue Website (2025)","isPartOf":{"@id":"https:\/\/elfsight.com\/de\/#website"},"datePublished":"2020-09-17T15:08:12+00:00","dateModified":"2020-10-13T15:35:47+00:00","description":"Eine Sammlung von erstklassigen gratis L\u00f6sungen genau f\u00fcr Ihre Sendinblue Websites. Hilfe mit der Kundenbezogenheit und unbegrenzte Reihe von Funktionen.","breadcrumb":{"@id":"https:\/\/elfsight.com\/de\/sendinblue-integrations\/#breadcrumb"},"inLanguage":"de","potentialAction":[{"@type":"ReadAction","target":["https:\/\/elfsight.com\/de\/sendinblue-integrations\/"]}]},{"@type":"BreadcrumbList","@id":"https:\/\/elfsight.com\/de\/sendinblue-integrations\/#breadcrumb","itemListElement":[{"@type":"ListItem","position":1,"name":"Home","item":"https:\/\/elfsight.com\/de\/"},{"@type":"ListItem","position":2,"name":"Sendinblue Integrations"}]},{"@type":"WebSite","@id":"https:\/\/elfsight.com\/de\/#website","url":"https:\/\/elfsight.com\/de\/","name":"Elfsight DE","description":"Just another Elfsight Sites site","potentialAction":[{"@type":"SearchAction","target":{"@type":"EntryPoint","urlTemplate":"https:\/\/elfsight.com\/de\/?s={search_term_string}"},"query-input":{"@type":"PropertyValueSpecification","valueRequired":true,"valueName":"search_term_string"}}],"inLanguage":"de"}]}},"meta_box":{"industry":"","seo_heading":"","heading":"","description":"","cta_heading":"","cta_description":"","application":"","h1":"Passende mobilfreundliche Werkzeuge f\u00fcr Ihre Sendinblue Web-Seite","h1_caption":"Dies ist die Serie von einsatzbereiten Widgets f\u00fcr Website, um Ihre Benutzerinteraktion zu st\u00e4rken und grundlegende wirtschaftliche Ziele zu treffen. Alle Werkzeuge kann leicht angepasst und aktiviert werden. Unsere Kompanie vermittelt die unbeschr\u00e4nkte Reihe von Funktionen und die sch\u00f6nste technische Hilfe f\u00fcr alle Benutzer.","application_category":[],"applications_title":"Untersuchen Sie alle wunderbaren kostenlosen Sendinblue Werkzeuge von der \u00dcbersicht:","applications_request_title":"K\u00f6nnen Sie kein Integration finden, das Sie ben\u00f6tigen?","applications_request_button_text":"Fordern Sie ein Integration an","hero_text":"","hero_video":"","hero_video_schema_markup":"","selling_points_title":"","selling_points_caption":"","selling_points":[],"selling_points_cta_text":"","features_title":"","features":"","ed_cta_examples_text":"","ed_cta_examples_hidden":"","ed_cta_demo_text":"","ed_cta_demo_hidden":"","why_caption":"","why_editor_title":"","why_editor_text":"","why_team_title":"","why_team_text":"","why_service_title":"","why_service_text":"","template_catalog_visible":"","template_catalog_title":"","template_catalog_text":"","template_catalog_categories_visible":"","demo_title":"","demo_caption":"","default_faq_hidden":"","app_template_category":[],"platform":"3016","template_public_id":"","codecanyon_url":"","codecanyon_item_id":"","codecanyon_price":"","pricing_caption":"","pricing_elfsight_apps_hide_column":"","pricing_elfsight_apps_url":"","pricing_codecanyon_price_caption":"","integration_category":[],"integration_request_title":"","integration_request_cta":"","integration_platform":"","integrations":[],"platform_category":[],"video_schema_markup":"","price":"","trial":"","benefits":[],"button_url":"","button_target_blank":"","button_nofollow":"","attributes":[],"tags":[],"tags_disable_links":"","hide_more_platforms":"","video_object":"","demo_hide_cta":"","demo_hide_cloud_options":"","pricing_title":"","pricing":[],"related_apps_title":"","related_apps_hidden":"","author":"","image":[],"title":"","job":"","social_networks":[]},"_links":{"self":[{"href":"https:\/\/elfsight.com\/de\/wp-json\/wp\/v2\/pages\/3202","targetHints":{"allow":["GET"]}}],"collection":[{"href":"https:\/\/elfsight.com\/de\/wp-json\/wp\/v2\/pages"}],"about":[{"href":"https:\/\/elfsight.com\/de\/wp-json\/wp\/v2\/types\/page"}],"author":[{"embeddable":true,"href":"https:\/\/elfsight.com\/de\/wp-json\/wp\/v2\/users\/11"}],"replies":[{"embeddable":true,"href":"https:\/\/elfsight.com\/de\/wp-json\/wp\/v2\/comments?post=3202"}],"version-history":[{"count":2,"href":"https:\/\/elfsight.com\/de\/wp-json\/wp\/v2\/pages\/3202\/revisions"}],"predecessor-version":[{"id":3204,"href":"https:\/\/elfsight.com\/de\/wp-json\/wp\/v2\/pages\/3202\/revisions\/3204"}],"wp:attachment":[{"href":"https:\/\/elfsight.com\/de\/wp-json\/wp\/v2\/media?parent=3202"}],"curies":[{"name":"wp","href":"https:\/\/api.w.org\/{rel}","templated":true}]}}