{"id":3199,"date":"2020-09-17T15:05:47","date_gmt":"2020-09-17T15:05:47","guid":{"rendered":"https:\/\/elfsight.com\/de\/?page_id=3199"},"modified":"2020-10-21T15:27:59","modified_gmt":"2020-10-21T15:27:59","slug":"landingi-integrations","status":"publish","type":"page","link":"https:\/\/elfsight.com\/de\/landingi-integrations\/","title":{"rendered":"Landingi Integrations"},"content":{"rendered":"\n<p>\u00dcber viele Jahre hat Elfsight Firma viele v\u00f6llig intuitiven und responsiven L\u00f6sungen f\u00fcr Landingi Websites gebaut. Mit Hilfe dieser Werkzeuge k\u00f6nnen Sie die Benutzerinteraktion erh\u00f6hen, die Anzahl Ihrer Follower erh\u00f6hen, Kundenbewertungen aus sozialen Medien anzeigen und andere gesch\u00e4ftlichen Herausforderungen l\u00f6sen. <\/p> \n\n<p>Unsere Team verschafft eine gro\u00dfe Auswahl von Preism\u00f6glichkeiten: von kostenfrei bis zu Premium. Anreichern Ihre Website ohne Zusatzkosten. <\/p>\n\n\n<h2>Warum geniessen viele Website-Betreibern unsere Widgets? <\/h2>\n\n<p>Hier sind die folgende Liste der speziellen Vorz\u00fcge: <\/p> \n<ul>\n<li> Kostenloser Installation-Support des Plugins; <\/li>\n\n<li>V\u00f6llig ansprechbare f\u00fcr jedes Ger\u00e4t; <\/li>\n\n<li>Ohne Kodierung; <\/li>\n\n<li>Eine breite Palette von anpassbare und einsatzf\u00e4hige Vorlagen; <\/li>\n\n<li>Leicht zu bedienende Konfigurator; <\/li>\n\n<li>Die Cloud-Dienste f\u00fcr hoher Ladegeschwindigkeit; <\/li> \n\n<li>Die regelm\u00e4\u00dfige automatische Aktualisierung; <\/li> \n\n<li>Professionelle Hilfe von h\u00f6flichen Elfsight Team. <\/li> \n<\/ul>\n\n<p>Testen Sie mit kostenfreien Plan. Zeigen Sie alle Funktionen oder erwerben Sie ein beliebiges App mit 20% Skonto. <\/p> \n\n<h2>Wie kann man ein Integration auf Landingi Website integrieren? <\/h2> \n<p>Um ein Werkzeug auf der Webseite einzubetten, sehen Sie einfach die folgenden Anweisungen: <\/p>\n<ol>\n<li>Finden Sie das richtig Integration und w\u00e4hlen Sie die entsprechenden Einstellungen. Speichern Sie die \u00c4nderungen. <\/li> \n\n<li>F\u00fcgen Sie Code hinzu um das Integration auf Ihrer Seite einzubetten. <\/li>\n\n<li>Widget-Einbindung ist erfolgreich beendet! <\/li>\n<\/ol>\n<p>Wenn Sie eine kostenfreie Unterst\u00fctzung f\u00fcr die Integration des Widgets bed\u00fcrfen, dann k\u00f6nnen Sie sich unseren technischen Elfsight Support wenden. <\/p>\n","protected":false},"excerpt":{"rendered":"\u00dcber viele Jahre hat Elfsight Firma viele v\u00f6llig intuitiven und responsiven L\u00f6sungen f\u00fcr Landingi Websites gebaut. Mit Hilfe dieser Werkzeuge k\u00f6nnen Sie die Benutzerinteraktion erh\u00f6hen, die Anzahl Ihrer Follower erh\u00f6hen, Kundenbewertungen aus sozialen Medien anzeigen und andere gesch\u00e4ftlichen Herausforderungen l\u00f6sen. Unsere Team verschafft eine gro\u00dfe Auswahl von Preism\u00f6glichkeiten: von kostenfrei&#8230;","protected":false},"author":11,"featured_media":0,"parent":0,"menu_order":0,"comment_status":"closed","ping_status":"closed","template":"templates\/template-platform.php","meta":{"publish_to_discourse":"","publish_post_category":"","wpdc_auto_publish_overridden":"","wpdc_topic_tags":"","wpdc_pin_topic":"","wpdc_pin_until":"","discourse_post_id":"","discourse_permalink":"","wpdc_publishing_response":"","wpdc_publishing_error":"","footnotes":""},"class_list":["post-3199","page","type-page","status-publish","hentry"],"yoast_head":"<!-- This site is optimized with the Yoast SEO plugin v25.3.1 - https:\/\/yoast.com\/wordpress\/plugins\/seo\/ -->\n<title>Die mobile-freundlichen Integrations f\u00fcr Ihr Landingi Website (2026)<\/title>\n<meta name=\"description\" content=\"Eine Auflistung von kostenlosen Oberfl\u00e4chenelemente speziell f\u00fcr Ihre Landingi Seiten. Hilfe bei der Anpassung und grenzenlose Reihe von Funktionen.\" \/>\n<meta name=\"robots\" content=\"index, follow, max-snippet:-1, max-image-preview:large, max-video-preview:-1\" \/>\n<link rel=\"canonical\" href=\"https:\/\/elfsight.com\/de\/landingi-integrations\/\" \/>\n<meta property=\"og:locale\" content=\"de_DE\" \/>\n<meta property=\"og:type\" content=\"article\" \/>\n<meta property=\"og:title\" content=\"Die mobile-freundlichen Integrations f\u00fcr Ihr Landingi Website (2026)\" \/>\n<meta property=\"og:description\" content=\"Eine Auflistung von kostenlosen Oberfl\u00e4chenelemente speziell f\u00fcr Ihre Landingi Seiten. Hilfe bei der Anpassung und grenzenlose Reihe von Funktionen.\" \/>\n<meta property=\"og:url\" content=\"https:\/\/elfsight.com\/de\/landingi-integrations\/\" \/>\n<meta property=\"og:site_name\" content=\"Elfsight DE\" \/>\n<meta property=\"article:modified_time\" content=\"2020-10-21T15:27:59+00:00\" \/>\n<meta name=\"twitter:card\" content=\"summary_large_image\" \/>\n<meta name=\"twitter:label1\" content=\"Gesch\u00e4tzte Lesezeit\" \/>\n\t<meta name=\"twitter:data1\" content=\"1\u00a0Minute\" \/>\n<!-- \/ Yoast SEO plugin. -->","yoast_head_json":{"title":"Die mobile-freundlichen Integrations f\u00fcr Ihr Landingi Website (2026)","description":"Eine Auflistung von kostenlosen Oberfl\u00e4chenelemente speziell f\u00fcr Ihre Landingi Seiten. Hilfe bei der Anpassung und grenzenlose Reihe von Funktionen.","robots":{"index":"index","follow":"follow","max-snippet":"max-snippet:-1","max-image-preview":"max-image-preview:large","max-video-preview":"max-video-preview:-1"},"canonical":"https:\/\/elfsight.com\/de\/landingi-integrations\/","og_locale":"de_DE","og_type":"article","og_title":"Die mobile-freundlichen Integrations f\u00fcr Ihr Landingi Website (2026)","og_description":"Eine Auflistung von kostenlosen Oberfl\u00e4chenelemente speziell f\u00fcr Ihre Landingi Seiten. Hilfe bei der Anpassung und grenzenlose Reihe von Funktionen.","og_url":"https:\/\/elfsight.com\/de\/landingi-integrations\/","og_site_name":"Elfsight DE","article_modified_time":"2020-10-21T15:27:59+00:00","twitter_card":"summary_large_image","twitter_misc":{"Gesch\u00e4tzte Lesezeit":"1\u00a0Minute"},"schema":{"@context":"https:\/\/schema.org","@graph":[{"@type":"WebPage","@id":"https:\/\/elfsight.com\/de\/landingi-integrations\/","url":"https:\/\/elfsight.com\/de\/landingi-integrations\/","name":"Die mobile-freundlichen Integrations f\u00fcr Ihr Landingi Website (2026)","isPartOf":{"@id":"https:\/\/elfsight.com\/de\/#website"},"datePublished":"2020-09-17T15:05:47+00:00","dateModified":"2020-10-21T15:27:59+00:00","description":"Eine Auflistung von kostenlosen Oberfl\u00e4chenelemente speziell f\u00fcr Ihre Landingi Seiten. Hilfe bei der Anpassung und grenzenlose Reihe von Funktionen.","breadcrumb":{"@id":"https:\/\/elfsight.com\/de\/landingi-integrations\/#breadcrumb"},"inLanguage":"de","potentialAction":[{"@type":"ReadAction","target":["https:\/\/elfsight.com\/de\/landingi-integrations\/"]}]},{"@type":"BreadcrumbList","@id":"https:\/\/elfsight.com\/de\/landingi-integrations\/#breadcrumb","itemListElement":[{"@type":"ListItem","position":1,"name":"Home","item":"https:\/\/elfsight.com\/de\/"},{"@type":"ListItem","position":2,"name":"Landingi Integrations"}]},{"@type":"WebSite","@id":"https:\/\/elfsight.com\/de\/#website","url":"https:\/\/elfsight.com\/de\/","name":"Elfsight DE","description":"Just another Elfsight Sites site","potentialAction":[{"@type":"SearchAction","target":{"@type":"EntryPoint","urlTemplate":"https:\/\/elfsight.com\/de\/?s={search_term_string}"},"query-input":{"@type":"PropertyValueSpecification","valueRequired":true,"valueName":"search_term_string"}}],"inLanguage":"de"}]}},"meta_box":{"industry":"","seo_heading":"","heading":"","description":"","cta_heading":"","cta_description":"","application":"","h1":"Effective gebrauchsfertige L\u00f6sungen f\u00fcr Ihre Landingi Seite","h1_caption":"Dies ist die \u00dcbersicht von gebrauchsfertigen Oberfl\u00e4chenelemente f\u00fcr Internetseite, um Ihre Umsatz zu erh\u00f6hen und verschiedene gewerbliche Zweck zu erreichen. Alle Plugins kann bequem personalisiert und eingebettet werden. Elfsight Firma bietet die grenzenlose Anzahl von Features und die hochqualifizierte technische Hilfe f\u00fcr alle Kunden.","application_category":[],"applications_title":"Versuchen Sie alle erstklassigen kostenfreien Landingi Werkzeuge aus der Auswahl:","applications_request_title":"K\u00f6nnen Sie kein Integration finden, das Sie ben\u00f6tigen?","applications_request_button_text":"Fordern Sie ein Integration an","hero_text":"","hero_video":"","hero_video_schema_markup":"","selling_points_title":"","selling_points_caption":"","selling_points":[],"selling_points_cta_text":"","features_title":"","features":"","ed_cta_examples_text":"","ed_cta_examples_hidden":"","ed_cta_demo_text":"","ed_cta_demo_hidden":"","why_caption":"","why_editor_title":"","why_editor_text":"","why_team_title":"","why_team_text":"","why_service_title":"","why_service_text":"","template_catalog_visible":"","template_catalog_title":"","template_catalog_text":"","template_catalog_categories_visible":"","demo_title":"","demo_caption":"","default_faq_hidden":"","app_template_category":[],"platform":"3015","template_public_id":"","codecanyon_url":"","codecanyon_item_id":"","codecanyon_price":"","pricing_caption":"","pricing_elfsight_apps_hide_column":"","pricing_elfsight_apps_url":"","pricing_codecanyon_price_caption":"","integration_category":[],"integration_request_title":"","integration_request_cta":"","integration_platform":"","integrations":[],"platform_category":[],"video_schema_markup":"","price":"","trial":"","benefits":[],"button_url":"","button_target_blank":"","button_nofollow":"","attributes":[],"tags":[],"tags_disable_links":"","hide_more_platforms":"","video_object":"","demo_hide_cta":"","demo_hide_cloud_options":"","pricing_title":"","pricing":[],"related_apps_title":"","related_apps_hidden":"","author":"","image":[],"title":"","job":"","social_networks":[]},"_links":{"self":[{"href":"https:\/\/elfsight.com\/de\/wp-json\/wp\/v2\/pages\/3199","targetHints":{"allow":["GET"]}}],"collection":[{"href":"https:\/\/elfsight.com\/de\/wp-json\/wp\/v2\/pages"}],"about":[{"href":"https:\/\/elfsight.com\/de\/wp-json\/wp\/v2\/types\/page"}],"author":[{"embeddable":true,"href":"https:\/\/elfsight.com\/de\/wp-json\/wp\/v2\/users\/11"}],"replies":[{"embeddable":true,"href":"https:\/\/elfsight.com\/de\/wp-json\/wp\/v2\/comments?post=3199"}],"version-history":[{"count":2,"href":"https:\/\/elfsight.com\/de\/wp-json\/wp\/v2\/pages\/3199\/revisions"}],"predecessor-version":[{"id":3201,"href":"https:\/\/elfsight.com\/de\/wp-json\/wp\/v2\/pages\/3199\/revisions\/3201"}],"wp:attachment":[{"href":"https:\/\/elfsight.com\/de\/wp-json\/wp\/v2\/media?parent=3199"}],"curies":[{"name":"wp","href":"https:\/\/api.w.org\/{rel}","templated":true}]}}