{"id":3196,"date":"2020-09-17T15:03:05","date_gmt":"2020-09-17T15:03:05","guid":{"rendered":"https:\/\/elfsight.com\/de\/?page_id=3196"},"modified":"2020-10-21T15:24:21","modified_gmt":"2020-10-21T15:24:21","slug":"getresponse-integrations","status":"publish","type":"page","link":"https:\/\/elfsight.com\/de\/getresponse-integrations\/","title":{"rendered":"GetResponse Integrations"},"content":{"rendered":"\n<p>F\u00fcr einige Jahre hat Elfsight Kompanie viele absolut komfortablen und mobil-freundlichen L\u00f6sungen f\u00fcr GetResponse Webseiten gebaut. Mit Hilfe dieser Werkzeuge k\u00f6nnen Sie die Benutzerinteraktion erh\u00f6hen, die Funktionalit\u00e4t der Website verbessern, jederzeit \u00fcber Chats mit Kunden in Kontakt bleiben und andere unternehmerischen Herausforderungen l\u00f6sen. <\/p> \n\n<p>Unsere Team leistet eine gro\u00dfe Vielfalt von Preism\u00f6glichkeiten: von kostenfrei bis zu Premium. St\u00e4rken Ihre Website ohne Zusatzkosten. <\/p>\n\n\n<h2>Warum sind unsere GetResponse-Werkzeuge diejenigen der besten? <\/h2>\n\n<p>Hier sind die folgende Vielfalt der wichtigsten Funktionen: <\/p> \n<ul>\n<li>Kostenlose Unterst\u00fctzung zur Integration des Plugins; <\/li>\n\n<li>Absolut reaktionsschnelle f\u00fcr jedes Ger\u00e4t; <\/li>\n\n<li>Keine \u0421odierung; <\/li>\n\n<li>Eine gro\u00dfe Auswahl von anpassbare und benutzerfreundliche Vorlagen; <\/li>\n\n<li>Komfortable Konfigurator; <\/li>\n\n<li>Die Cloud-Dienste f\u00fcr hoher Ladegeschwindigkeit; <\/li> \n\n<li>Die regul\u00e4re automatische Updates; <\/li> \n\n<li>Hochqualifizierte Hilfe von kompetent Elfsight Team. <\/li> \n<\/ul>\n\n<p>Starten Sie mit Demo-Widget. Zeigen Sie alle Funktionen oder bekommen Sie ausgew\u00e4hlte Widget mit 20% Skonto. <\/p> \n\n<h2>Wie kann man ein Integration auf GetResponse Website einbetten? <\/h2> \n<p>Um ein Werkzeug auf der Webseite einzuf\u00fcgen, sehen Sie einfach die folgenden Anweisungen|folgen Sie einfach den Schritten: <\/p>\n<ol>\n<li>Finden Sie das richtig Werkzeug und w\u00e4hlen Sie die entsprechenden Einstellungen. Speichern Sie die \u00c4nderungen. <\/li> \n\n<li>F\u00fcgen Sie Code hinzu um das Integration auf Ihrer Seite einzubinden. <\/li>\n\n<li>Widget-Einbindung ist erfolgreich abgeschlossen! <\/li>\n<\/ol>\n<p>Falls Sie eine kostenfreie Empfehlung bed\u00fcrfen, um das Widget zu installieren, dann k\u00f6nnen Sie sich unseren professionellenElfsight Support wenden. <\/p>\n","protected":false},"excerpt":{"rendered":"F\u00fcr einige Jahre hat Elfsight Kompanie viele absolut komfortablen und mobil-freundlichen L\u00f6sungen f\u00fcr GetResponse Webseiten gebaut. Mit Hilfe dieser Werkzeuge k\u00f6nnen Sie die Benutzerinteraktion erh\u00f6hen, die Funktionalit\u00e4t der Website verbessern, jederzeit \u00fcber Chats mit Kunden in Kontakt bleiben und andere unternehmerischen Herausforderungen l\u00f6sen. Unsere Team leistet eine gro\u00dfe Vielfalt von&#8230;","protected":false},"author":11,"featured_media":0,"parent":0,"menu_order":0,"comment_status":"closed","ping_status":"closed","template":"templates\/template-platform.php","meta":{"publish_to_discourse":"","publish_post_category":"","wpdc_auto_publish_overridden":"","wpdc_topic_tags":"","wpdc_pin_topic":"","wpdc_pin_until":"","discourse_post_id":"","discourse_permalink":"","wpdc_publishing_response":"","wpdc_publishing_error":"","footnotes":""},"class_list":["post-3196","page","type-page","status-publish","hentry"],"yoast_head":"<!-- This site is optimized with the Yoast SEO plugin v25.3.1 - https:\/\/yoast.com\/wordpress\/plugins\/seo\/ -->\n<title>Die mobile-freundlichen Integration f\u00fcr Ihr GetResponse Website (2025)<\/title>\n<meta name=\"description\" content=\"Eine Auswahl von kostenfreien Bedienelemente speziell f\u00fcr Ihre GetResponse Websites. Hilfe zu der Anpassung und unbegrenzte Reihe von M\u00f6glichkeiten.\" \/>\n<meta name=\"robots\" content=\"index, follow, max-snippet:-1, max-image-preview:large, max-video-preview:-1\" \/>\n<link rel=\"canonical\" href=\"https:\/\/elfsight.com\/de\/getresponse-integrations\/\" \/>\n<meta property=\"og:locale\" content=\"de_DE\" \/>\n<meta property=\"og:type\" content=\"article\" \/>\n<meta property=\"og:title\" content=\"Die mobile-freundlichen Integration f\u00fcr Ihr GetResponse Website (2025)\" \/>\n<meta property=\"og:description\" content=\"Eine Auswahl von kostenfreien Bedienelemente speziell f\u00fcr Ihre GetResponse Websites. Hilfe zu der Anpassung und unbegrenzte Reihe von M\u00f6glichkeiten.\" \/>\n<meta property=\"og:url\" content=\"https:\/\/elfsight.com\/de\/getresponse-integrations\/\" \/>\n<meta property=\"og:site_name\" content=\"Elfsight DE\" \/>\n<meta property=\"article:modified_time\" content=\"2020-10-21T15:24:21+00:00\" \/>\n<meta name=\"twitter:card\" content=\"summary_large_image\" \/>\n<meta name=\"twitter:label1\" content=\"Gesch\u00e4tzte Lesezeit\" \/>\n\t<meta name=\"twitter:data1\" content=\"1\u00a0Minute\" \/>\n<!-- \/ Yoast SEO plugin. -->","yoast_head_json":{"title":"Die mobile-freundlichen Integration f\u00fcr Ihr GetResponse Website (2025)","description":"Eine Auswahl von kostenfreien Bedienelemente speziell f\u00fcr Ihre GetResponse Websites. Hilfe zu der Anpassung und unbegrenzte Reihe von M\u00f6glichkeiten.","robots":{"index":"index","follow":"follow","max-snippet":"max-snippet:-1","max-image-preview":"max-image-preview:large","max-video-preview":"max-video-preview:-1"},"canonical":"https:\/\/elfsight.com\/de\/getresponse-integrations\/","og_locale":"de_DE","og_type":"article","og_title":"Die mobile-freundlichen Integration f\u00fcr Ihr GetResponse Website (2025)","og_description":"Eine Auswahl von kostenfreien Bedienelemente speziell f\u00fcr Ihre GetResponse Websites. Hilfe zu der Anpassung und unbegrenzte Reihe von M\u00f6glichkeiten.","og_url":"https:\/\/elfsight.com\/de\/getresponse-integrations\/","og_site_name":"Elfsight DE","article_modified_time":"2020-10-21T15:24:21+00:00","twitter_card":"summary_large_image","twitter_misc":{"Gesch\u00e4tzte Lesezeit":"1\u00a0Minute"},"schema":{"@context":"https:\/\/schema.org","@graph":[{"@type":"WebPage","@id":"https:\/\/elfsight.com\/de\/getresponse-integrations\/","url":"https:\/\/elfsight.com\/de\/getresponse-integrations\/","name":"Die mobile-freundlichen Integration f\u00fcr Ihr GetResponse Website (2025)","isPartOf":{"@id":"https:\/\/elfsight.com\/de\/#website"},"datePublished":"2020-09-17T15:03:05+00:00","dateModified":"2020-10-21T15:24:21+00:00","description":"Eine Auswahl von kostenfreien Bedienelemente speziell f\u00fcr Ihre GetResponse Websites. Hilfe zu der Anpassung und unbegrenzte Reihe von M\u00f6glichkeiten.","breadcrumb":{"@id":"https:\/\/elfsight.com\/de\/getresponse-integrations\/#breadcrumb"},"inLanguage":"de","potentialAction":[{"@type":"ReadAction","target":["https:\/\/elfsight.com\/de\/getresponse-integrations\/"]}]},{"@type":"BreadcrumbList","@id":"https:\/\/elfsight.com\/de\/getresponse-integrations\/#breadcrumb","itemListElement":[{"@type":"ListItem","position":1,"name":"Home","item":"https:\/\/elfsight.com\/de\/"},{"@type":"ListItem","position":2,"name":"GetResponse Integrations"}]},{"@type":"WebSite","@id":"https:\/\/elfsight.com\/de\/#website","url":"https:\/\/elfsight.com\/de\/","name":"Elfsight DE","description":"Just another Elfsight Sites site","potentialAction":[{"@type":"SearchAction","target":{"@type":"EntryPoint","urlTemplate":"https:\/\/elfsight.com\/de\/?s={search_term_string}"},"query-input":{"@type":"PropertyValueSpecification","valueRequired":true,"valueName":"search_term_string"}}],"inLanguage":"de"}]}},"meta_box":{"industry":"","seo_heading":"","heading":"","description":"","cta_heading":"","cta_description":"","application":"","h1":"Perfekte reaktionsschnelle L\u00f6sungen f\u00fcr Ihre GetResponse Web-Seite","h1_caption":"Dies ist die Reihe von gebrauchsfertigen Widgets f\u00fcr Webseite, um seine Kundenbindung zu verbessern und grunds\u00e4tzliche kommerzielle Ziele zu erreichen. Alle Apps kann m\u00fchelos konfiguriert und eingebettet werden. Die Kompanie bereitstellt die unbegrenzte Anzahl von Funktionen und die beste technische Support f\u00fcr alle Klienten.","application_category":[],"applications_title":"Probieren Sie alle gebrauchsfertigen kostenfreien GetResponse Bedienelemente in der Serie:","applications_request_title":"K\u00f6nnen Sie kein Widget finden, das Sie ben\u00f6tigen?","applications_request_button_text":"Fordern Sie ein Widget an","hero_text":"","hero_video":"","hero_video_schema_markup":"","selling_points_title":"","selling_points_caption":"","selling_points":[],"selling_points_cta_text":"","features_title":"","features":"","ed_cta_examples_text":"","ed_cta_examples_hidden":"","ed_cta_demo_text":"","ed_cta_demo_hidden":"","why_caption":"","why_editor_title":"","why_editor_text":"","why_team_title":"","why_team_text":"","why_service_title":"","why_service_text":"","template_catalog_visible":"","template_catalog_title":"","template_catalog_text":"","template_catalog_categories_visible":"","demo_title":"","demo_caption":"","default_faq_hidden":"","app_template_category":[],"platform":"3014","template_public_id":"","codecanyon_url":"","codecanyon_item_id":"","codecanyon_price":"","pricing_caption":"","pricing_elfsight_apps_hide_column":"","pricing_elfsight_apps_url":"","pricing_codecanyon_price_caption":"","integration_category":[],"integration_request_title":"","integration_request_cta":"","integration_platform":"","integrations":[],"platform_category":[],"video_schema_markup":"","price":"","trial":"","benefits":[],"button_url":"","button_target_blank":"","button_nofollow":"","attributes":[],"tags":[],"tags_disable_links":"","hide_more_platforms":"","video_object":"","demo_hide_cta":"","demo_hide_cloud_options":"","pricing_title":"","pricing":[],"related_apps_title":"","related_apps_hidden":"","author":"","image":[],"title":"","job":"","social_networks":[]},"_links":{"self":[{"href":"https:\/\/elfsight.com\/de\/wp-json\/wp\/v2\/pages\/3196","targetHints":{"allow":["GET"]}}],"collection":[{"href":"https:\/\/elfsight.com\/de\/wp-json\/wp\/v2\/pages"}],"about":[{"href":"https:\/\/elfsight.com\/de\/wp-json\/wp\/v2\/types\/page"}],"author":[{"embeddable":true,"href":"https:\/\/elfsight.com\/de\/wp-json\/wp\/v2\/users\/11"}],"replies":[{"embeddable":true,"href":"https:\/\/elfsight.com\/de\/wp-json\/wp\/v2\/comments?post=3196"}],"version-history":[{"count":2,"href":"https:\/\/elfsight.com\/de\/wp-json\/wp\/v2\/pages\/3196\/revisions"}],"predecessor-version":[{"id":3198,"href":"https:\/\/elfsight.com\/de\/wp-json\/wp\/v2\/pages\/3196\/revisions\/3198"}],"wp:attachment":[{"href":"https:\/\/elfsight.com\/de\/wp-json\/wp\/v2\/media?parent=3196"}],"curies":[{"name":"wp","href":"https:\/\/api.w.org\/{rel}","templated":true}]}}