{"id":3193,"date":"2020-09-17T15:00:09","date_gmt":"2020-09-17T15:00:09","guid":{"rendered":"https:\/\/elfsight.com\/de\/?page_id=3193"},"modified":"2020-10-21T15:28:04","modified_gmt":"2020-10-21T15:28:04","slug":"lander-widgets","status":"publish","type":"page","link":"https:\/\/elfsight.com\/de\/lander-widgets\/","title":{"rendered":"Lander Widgets"},"content":{"rendered":"\n<p>Seit 9 Jahren hat Elfsight Kompanie viele vollkommen passenden und einfachen L\u00f6sungen f\u00fcr Lander Websites gestaltet. Mit Hilfe Elfsight Apps k\u00f6nnen Sie viel mehr Leads sammeln, den Ruf der Marke verbessern, Ihr Gesch\u00e4ft schneller ausbauen und andere gesch\u00e4ftlichen Herausforderungen l\u00f6sen. <\/p> \n\n<p>Elfsight Team leistet vielgestaltig Preism\u00f6glichkeiten: von kostenlos bis zu Premium. Anreichern Ihre Website ohne Mehrkosten. <\/p>\n\n\n<h2>Warum geniessen viele Website-Inhaber unsere Widgets? <\/h2>\n\n<p>Finden Sie die folgende Sammlung der wichtigsten Merkmale: <\/p> \n<ul>\n<li> Kostenfreier Installationsservice des Plugins; <\/li>\n\n<li>V\u00f6llig ansprechbare f\u00fcr jedes Ger\u00e4t; <\/li>\n\n<li>Keine Programmierung; <\/li>\n\n<li>Eine gro\u00dfe Auswahl von anpassbare und einsatzf\u00e4hige Templates; <\/li>\n\n<li>Leicht zu bedienende Konfigurator; <\/li>\n\n<li>Die Cloud-Dienste f\u00fcr hoher Ladegeschwindigkeit; <\/li> \n\n<li>Die regul\u00e4re automatische Updat; <\/li> \n\n<li>Schnelle Unterst\u00fctzung von erfahrenen Elfsight Team. <\/li> \n<\/ul>\n\n<p>Zugreifen Sie mit gratis Version. Bewerten Sie alle Potenzial oder erwerben Sie jedes App mit 20% Rabatt. <\/p> \n\n<h2>Wie kann man ein Widget auf Lander Website einf\u00fcgen? <\/h2> \n<p>Um ein Werkzeug auf der Website einzubinden, folgen Sie einfach den Schritten: <\/p>\n<ol>\n<li>Finden Sie das optimal Werkzeug und passen Sie es an. Klicken Sie auf Speichern. <\/li> \n\n<li>Kopieren und f\u00fcgen Sie den Code hinzu um das Widget auf Ihrer Webseite zu installieren. <\/li>\n\n<li>Widget-Integrierung ist erfolgreich durchgef\u00fchrt! <\/li>\n<\/ol>\n<p>Wenn Sie eine kostenfreie Beratung bed\u00fcrfen, um das Widget zu integrieren, dann k\u00f6nnen Sie sich unseren hochqualifizierten Elfsight Support wenden. <\/p>\n","protected":false},"excerpt":{"rendered":"Seit 9 Jahren hat Elfsight Kompanie viele vollkommen passenden und einfachen L\u00f6sungen f\u00fcr Lander Websites gestaltet. Mit Hilfe Elfsight Apps k\u00f6nnen Sie viel mehr Leads sammeln, den Ruf der Marke verbessern, Ihr Gesch\u00e4ft schneller ausbauen und andere gesch\u00e4ftlichen Herausforderungen l\u00f6sen. Elfsight Team leistet vielgestaltig Preism\u00f6glichkeiten: von kostenlos bis zu Premium&#8230;.","protected":false},"author":11,"featured_media":0,"parent":0,"menu_order":0,"comment_status":"closed","ping_status":"closed","template":"templates\/template-platform.php","meta":{"publish_to_discourse":"","publish_post_category":"","wpdc_auto_publish_overridden":"","wpdc_topic_tags":"","wpdc_pin_topic":"","wpdc_pin_until":"","discourse_post_id":"","discourse_permalink":"","wpdc_publishing_response":"","wpdc_publishing_error":"","footnotes":""},"class_list":["post-3193","page","type-page","status-publish","hentry"],"yoast_head":"<!-- This site is optimized with the Yoast SEO plugin v25.3.1 - https:\/\/yoast.com\/wordpress\/plugins\/seo\/ -->\n<title>Die mobile-freundlichen Widgets f\u00fcr Ihre Lander Website (2025)<\/title>\n<meta name=\"description\" content=\"Eine Liste von kostenlosen Miniprogramme eigens f\u00fcr Ihre Lander Websites. Hilfe bei der Kundenbezogenheit und unbegrenzte Anzahl von M\u00f6glichkeiten.\" \/>\n<meta name=\"robots\" content=\"index, follow, max-snippet:-1, max-image-preview:large, max-video-preview:-1\" \/>\n<link rel=\"canonical\" href=\"https:\/\/elfsight.com\/de\/lander-widgets\/\" \/>\n<meta property=\"og:locale\" content=\"de_DE\" \/>\n<meta property=\"og:type\" content=\"article\" \/>\n<meta property=\"og:title\" content=\"Die mobile-freundlichen Widgets f\u00fcr Ihre Lander Website (2025)\" \/>\n<meta property=\"og:description\" content=\"Eine Liste von kostenlosen Miniprogramme eigens f\u00fcr Ihre Lander Websites. Hilfe bei der Kundenbezogenheit und unbegrenzte Anzahl von M\u00f6glichkeiten.\" \/>\n<meta property=\"og:url\" content=\"https:\/\/elfsight.com\/de\/lander-widgets\/\" \/>\n<meta property=\"og:site_name\" content=\"Elfsight DE\" \/>\n<meta property=\"article:modified_time\" content=\"2020-10-21T15:28:04+00:00\" \/>\n<meta name=\"twitter:card\" content=\"summary_large_image\" \/>\n<meta name=\"twitter:label1\" content=\"Gesch\u00e4tzte Lesezeit\" \/>\n\t<meta name=\"twitter:data1\" content=\"1\u00a0Minute\" \/>\n<!-- \/ Yoast SEO plugin. -->","yoast_head_json":{"title":"Die mobile-freundlichen Widgets f\u00fcr Ihre Lander Website (2025)","description":"Eine Liste von kostenlosen Miniprogramme eigens f\u00fcr Ihre Lander Websites. Hilfe bei der Kundenbezogenheit und unbegrenzte Anzahl von M\u00f6glichkeiten.","robots":{"index":"index","follow":"follow","max-snippet":"max-snippet:-1","max-image-preview":"max-image-preview:large","max-video-preview":"max-video-preview:-1"},"canonical":"https:\/\/elfsight.com\/de\/lander-widgets\/","og_locale":"de_DE","og_type":"article","og_title":"Die mobile-freundlichen Widgets f\u00fcr Ihre Lander Website (2025)","og_description":"Eine Liste von kostenlosen Miniprogramme eigens f\u00fcr Ihre Lander Websites. Hilfe bei der Kundenbezogenheit und unbegrenzte Anzahl von M\u00f6glichkeiten.","og_url":"https:\/\/elfsight.com\/de\/lander-widgets\/","og_site_name":"Elfsight DE","article_modified_time":"2020-10-21T15:28:04+00:00","twitter_card":"summary_large_image","twitter_misc":{"Gesch\u00e4tzte Lesezeit":"1\u00a0Minute"},"schema":{"@context":"https:\/\/schema.org","@graph":[{"@type":"WebPage","@id":"https:\/\/elfsight.com\/de\/lander-widgets\/","url":"https:\/\/elfsight.com\/de\/lander-widgets\/","name":"Die mobile-freundlichen Widgets f\u00fcr Ihre Lander Website (2025)","isPartOf":{"@id":"https:\/\/elfsight.com\/de\/#website"},"datePublished":"2020-09-17T15:00:09+00:00","dateModified":"2020-10-21T15:28:04+00:00","description":"Eine Liste von kostenlosen Miniprogramme eigens f\u00fcr Ihre Lander Websites. Hilfe bei der Kundenbezogenheit und unbegrenzte Anzahl von M\u00f6glichkeiten.","breadcrumb":{"@id":"https:\/\/elfsight.com\/de\/lander-widgets\/#breadcrumb"},"inLanguage":"de","potentialAction":[{"@type":"ReadAction","target":["https:\/\/elfsight.com\/de\/lander-widgets\/"]}]},{"@type":"BreadcrumbList","@id":"https:\/\/elfsight.com\/de\/lander-widgets\/#breadcrumb","itemListElement":[{"@type":"ListItem","position":1,"name":"Home","item":"https:\/\/elfsight.com\/de\/"},{"@type":"ListItem","position":2,"name":"Lander Widgets"}]},{"@type":"WebSite","@id":"https:\/\/elfsight.com\/de\/#website","url":"https:\/\/elfsight.com\/de\/","name":"Elfsight DE","description":"Just another Elfsight Sites site","potentialAction":[{"@type":"SearchAction","target":{"@type":"EntryPoint","urlTemplate":"https:\/\/elfsight.com\/de\/?s={search_term_string}"},"query-input":{"@type":"PropertyValueSpecification","valueRequired":true,"valueName":"search_term_string"}}],"inLanguage":"de"}]}},"meta_box":{"industry":"","seo_heading":"","heading":"","description":"","cta_heading":"","cta_description":"","application":"","h1":"Effective ansprechbare L\u00f6sungen f\u00fcr Ihre Lander Webseite","h1_caption":"Dies ist die Auflistung von gebrauchsfertigen Bedienelemente f\u00fcr Web-Seite, um Ihre Kundenbindung zu steigern und grunds\u00e4tzliche wirtschaftliche Zweck zu erreichen. Die Miniprogramme kann einfach konfiguriert und installiert werden. Die Firma leistet die unendliche Reihe von M\u00f6glichkeiten und die qualifizierte technische Hilfe f\u00fcr alle Benutzer.","application_category":[],"applications_title":"Versuchen Sie alle einsatzbereiten kostenlosen Lander Werkzeuge aus der Reihe:","applications_request_title":"K\u00f6nnen Sie kein Widget finden, das Sie ben\u00f6tigen?","applications_request_button_text":"Fordern Sie ein Widget an","hero_text":"","hero_video":"","hero_video_schema_markup":"","selling_points_title":"","selling_points_caption":"","selling_points":[],"selling_points_cta_text":"","features_title":"","features":"","ed_cta_examples_text":"","ed_cta_examples_hidden":"","ed_cta_demo_text":"","ed_cta_demo_hidden":"","why_caption":"","why_editor_title":"","why_editor_text":"","why_team_title":"","why_team_text":"","why_service_title":"","why_service_text":"","template_catalog_visible":"","template_catalog_title":"","template_catalog_text":"","template_catalog_categories_visible":"","demo_title":"","demo_caption":"","default_faq_hidden":"","app_template_category":[],"platform":"3013","template_public_id":"","codecanyon_url":"","codecanyon_item_id":"","codecanyon_price":"","pricing_caption":"","pricing_elfsight_apps_hide_column":"","pricing_elfsight_apps_url":"","pricing_codecanyon_price_caption":"","integration_category":[],"integration_request_title":"","integration_request_cta":"","integration_platform":"","integrations":[],"platform_category":[],"video_schema_markup":"","price":"","trial":"","benefits":[],"button_url":"","button_target_blank":"","button_nofollow":"","attributes":[],"tags":[],"tags_disable_links":"","hide_more_platforms":"","video_object":"","demo_hide_cta":"","demo_hide_cloud_options":"","pricing_title":"","pricing":[],"related_apps_title":"","related_apps_hidden":"","author":"","image":[],"title":"","job":"","social_networks":[]},"_links":{"self":[{"href":"https:\/\/elfsight.com\/de\/wp-json\/wp\/v2\/pages\/3193","targetHints":{"allow":["GET"]}}],"collection":[{"href":"https:\/\/elfsight.com\/de\/wp-json\/wp\/v2\/pages"}],"about":[{"href":"https:\/\/elfsight.com\/de\/wp-json\/wp\/v2\/types\/page"}],"author":[{"embeddable":true,"href":"https:\/\/elfsight.com\/de\/wp-json\/wp\/v2\/users\/11"}],"replies":[{"embeddable":true,"href":"https:\/\/elfsight.com\/de\/wp-json\/wp\/v2\/comments?post=3193"}],"version-history":[{"count":2,"href":"https:\/\/elfsight.com\/de\/wp-json\/wp\/v2\/pages\/3193\/revisions"}],"predecessor-version":[{"id":3195,"href":"https:\/\/elfsight.com\/de\/wp-json\/wp\/v2\/pages\/3193\/revisions\/3195"}],"wp:attachment":[{"href":"https:\/\/elfsight.com\/de\/wp-json\/wp\/v2\/media?parent=3193"}],"curies":[{"name":"wp","href":"https:\/\/api.w.org\/{rel}","templated":true}]}}