{"id":3186,"date":"2020-09-17T14:54:31","date_gmt":"2020-09-17T14:54:31","guid":{"rendered":"https:\/\/elfsight.com\/de\/?page_id=3186"},"modified":"2020-10-13T15:35:40","modified_gmt":"2020-10-13T15:35:40","slug":"shogun-apps","status":"publish","type":"page","link":"https:\/\/elfsight.com\/de\/shogun-apps\/","title":{"rendered":"Shogun Apps"},"content":{"rendered":"\n<p>Seit 9 Jahren hat Elfsight Team viele absolut n\u00fctzlichen und einfachen L\u00f6sungen f\u00fcr Shogun Websites entworfen. Mit Hilfe Elfsight Widgets k\u00f6nnen Sie viel mehr Leads sammeln, den Ruf der Marke verbessern, jederzeit \u00fcber Chats mit Kunden in Kontakt bleiben und andere unternehmerischen Herausforderungen l\u00f6sen. <\/p> \n\n<p>Elfsight Team verschafft vielgestaltig Preism\u00f6glichkeiten: von gratis bis zu Premium. Erweitern Ihre Website-Funktionalit\u00e4t ohne Mehrkosten. <\/p>\n\n\n<h2>Warum sind unsere Shogun-L\u00f6sungen so besonderen? <\/h2>\n\n<p>Entdecken Sie die folgende \u00dcbersicht der ausstehenden Funktionen: <\/p> \n<ul>\n<li> Kostenfreier Installation-Support des Widgets; <\/li>\n\n<li>Voll ansprechende f\u00fcr jedes Ger\u00e4t; <\/li>\n\n<li>Ohne Kodierung; <\/li>\n\n<li>Eine Vielzahl von anpassbare und einsatzf\u00e4hige Templates; <\/li>\n\n<li>Leicht zu bedienende Konfigurator; <\/li>\n\n<li>Die Cloud-Dienste f\u00fcr hoher Ladegeschwindigkeit; <\/li> \n\n<li>Die regelm\u00e4\u00dfige automatische Aktualisierung; <\/li> \n\n<li>Professionelle Hilfe von kompetent Elfsight Team. <\/li> \n<\/ul>\n\n<p>Testen Sie mit unentgeltlichen Version. Entdecken Sie alle Leistungsf\u00e4higkeiten oder nutzen Sie ausgew\u00e4hlte Widget mit 20% Rabatt. <\/p> \n\n<h2>Wie kann ich ein App auf Shogun Website einbinden? <\/h2> \n<p>Um ein App auf der Web-Seite einzubinden, sehen Sie einfach die folgenden Anweisungen: <\/p>\n<ol>\n<li>Entdecken Sie das richtig App und \u00e4ndern Sie die Einstellungen. Speichern Sie die \u00c4nderungen. <\/li> \n\n<li>Kopieren und f\u00fcgen Sie den Code hinzu um das App auf Ihrer Website zu installieren. <\/li>\n\n<li>App-Einbindung ist erfolgreich verlaufen! <\/li>\n<\/ol>\n<p>Wenn Sie eine kostenlose Unterst\u00fctzung f\u00fcr die Installation des Widgets bed\u00fcrfen, dann k\u00f6nnen Sie sich unseren professionellen Elfsight Support wenden. <\/p>\n","protected":false},"excerpt":{"rendered":"Seit 9 Jahren hat Elfsight Team viele absolut n\u00fctzlichen und einfachen L\u00f6sungen f\u00fcr Shogun Websites entworfen. Mit Hilfe Elfsight Widgets k\u00f6nnen Sie viel mehr Leads sammeln, den Ruf der Marke verbessern, jederzeit \u00fcber Chats mit Kunden in Kontakt bleiben und andere unternehmerischen Herausforderungen l\u00f6sen. Elfsight Team verschafft vielgestaltig Preism\u00f6glichkeiten: von&#8230;","protected":false},"author":11,"featured_media":0,"parent":0,"menu_order":0,"comment_status":"closed","ping_status":"closed","template":"templates\/template-platform.php","meta":{"publish_to_discourse":"","publish_post_category":"","wpdc_auto_publish_overridden":"","wpdc_topic_tags":"","wpdc_pin_topic":"","wpdc_pin_until":"","discourse_post_id":"","discourse_permalink":"","wpdc_publishing_response":"","wpdc_publishing_error":"","footnotes":""},"class_list":["post-3186","page","type-page","status-publish","hentry"],"yoast_head":"<!-- This site is optimized with the Yoast SEO plugin v25.3.1 - https:\/\/yoast.com\/wordpress\/plugins\/seo\/ -->\n<title>Die mobile-freundlichen Widgets f\u00fcr Ihre Shogun Website (2025)<\/title>\n<meta name=\"description\" content=\"Eine Reihe von kostenfreien Werkzeuge besonders f\u00fcr Ihre Shogun Websites. Hilfe mit der Individualisierung und unbegrenzte Reihe von Merkmalen.\" \/>\n<meta name=\"robots\" content=\"index, follow, max-snippet:-1, max-image-preview:large, max-video-preview:-1\" \/>\n<link rel=\"canonical\" href=\"https:\/\/elfsight.com\/de\/shogun-apps\/\" \/>\n<meta property=\"og:locale\" content=\"de_DE\" \/>\n<meta property=\"og:type\" content=\"article\" \/>\n<meta property=\"og:title\" content=\"Die mobile-freundlichen Widgets f\u00fcr Ihre Shogun Website (2025)\" \/>\n<meta property=\"og:description\" content=\"Eine Reihe von kostenfreien Werkzeuge besonders f\u00fcr Ihre Shogun Websites. Hilfe mit der Individualisierung und unbegrenzte Reihe von Merkmalen.\" \/>\n<meta property=\"og:url\" content=\"https:\/\/elfsight.com\/de\/shogun-apps\/\" \/>\n<meta property=\"og:site_name\" content=\"Elfsight DE\" \/>\n<meta property=\"article:modified_time\" content=\"2020-10-13T15:35:40+00:00\" \/>\n<meta name=\"twitter:card\" content=\"summary_large_image\" \/>\n<meta name=\"twitter:label1\" content=\"Gesch\u00e4tzte Lesezeit\" \/>\n\t<meta name=\"twitter:data1\" content=\"1\u00a0Minute\" \/>\n<!-- \/ Yoast SEO plugin. -->","yoast_head_json":{"title":"Die mobile-freundlichen Widgets f\u00fcr Ihre Shogun Website (2025)","description":"Eine Reihe von kostenfreien Werkzeuge besonders f\u00fcr Ihre Shogun Websites. Hilfe mit der Individualisierung und unbegrenzte Reihe von Merkmalen.","robots":{"index":"index","follow":"follow","max-snippet":"max-snippet:-1","max-image-preview":"max-image-preview:large","max-video-preview":"max-video-preview:-1"},"canonical":"https:\/\/elfsight.com\/de\/shogun-apps\/","og_locale":"de_DE","og_type":"article","og_title":"Die mobile-freundlichen Widgets f\u00fcr Ihre Shogun Website (2025)","og_description":"Eine Reihe von kostenfreien Werkzeuge besonders f\u00fcr Ihre Shogun Websites. Hilfe mit der Individualisierung und unbegrenzte Reihe von Merkmalen.","og_url":"https:\/\/elfsight.com\/de\/shogun-apps\/","og_site_name":"Elfsight DE","article_modified_time":"2020-10-13T15:35:40+00:00","twitter_card":"summary_large_image","twitter_misc":{"Gesch\u00e4tzte Lesezeit":"1\u00a0Minute"},"schema":{"@context":"https:\/\/schema.org","@graph":[{"@type":"WebPage","@id":"https:\/\/elfsight.com\/de\/shogun-apps\/","url":"https:\/\/elfsight.com\/de\/shogun-apps\/","name":"Die mobile-freundlichen Widgets f\u00fcr Ihre Shogun Website (2025)","isPartOf":{"@id":"https:\/\/elfsight.com\/de\/#website"},"datePublished":"2020-09-17T14:54:31+00:00","dateModified":"2020-10-13T15:35:40+00:00","description":"Eine Reihe von kostenfreien Werkzeuge besonders f\u00fcr Ihre Shogun Websites. Hilfe mit der Individualisierung und unbegrenzte Reihe von Merkmalen.","breadcrumb":{"@id":"https:\/\/elfsight.com\/de\/shogun-apps\/#breadcrumb"},"inLanguage":"de","potentialAction":[{"@type":"ReadAction","target":["https:\/\/elfsight.com\/de\/shogun-apps\/"]}]},{"@type":"BreadcrumbList","@id":"https:\/\/elfsight.com\/de\/shogun-apps\/#breadcrumb","itemListElement":[{"@type":"ListItem","position":1,"name":"Home","item":"https:\/\/elfsight.com\/de\/"},{"@type":"ListItem","position":2,"name":"Shogun Apps"}]},{"@type":"WebSite","@id":"https:\/\/elfsight.com\/de\/#website","url":"https:\/\/elfsight.com\/de\/","name":"Elfsight DE","description":"Just another Elfsight Sites site","potentialAction":[{"@type":"SearchAction","target":{"@type":"EntryPoint","urlTemplate":"https:\/\/elfsight.com\/de\/?s={search_term_string}"},"query-input":{"@type":"PropertyValueSpecification","valueRequired":true,"valueName":"search_term_string"}}],"inLanguage":"de"}]}},"meta_box":{"industry":"","seo_heading":"","heading":"","description":"","cta_heading":"","cta_description":"","application":"","h1":"Besondere gebrauchsfertige Werkzeuge f\u00fcr Ihre Shogun Seite","h1_caption":"Dies ist die Serie von besseren Oberfl\u00e4chenelemente f\u00fcr Webseite, um seine Konversion zu verbessern und wesentliche gewerbliche Zweck zu erlangen. Alle Miniprogramme kann einfach konfiguriert und eingebunden werden. Unsere Firma bietet die unendliche Reihe von Optionen und die qualifizierte technische Unterst\u00fctzung f\u00fcr alle Klienten.","application_category":[],"applications_title":"Untersuchen Sie alle gebrauchsfertigen kostenfreien Shogun Miniprogramme aus der Liste:","applications_request_title":"K\u00f6nnen Sie kein Widget finden, das Sie ben\u00f6tigen?","applications_request_button_text":"Fordern Sie ein Widget an","hero_text":"","hero_video":"","hero_video_schema_markup":"","selling_points_title":"","selling_points_caption":"","selling_points":[],"selling_points_cta_text":"","features_title":"","features":"","ed_cta_examples_text":"","ed_cta_examples_hidden":"","ed_cta_demo_text":"","ed_cta_demo_hidden":"","why_caption":"","why_editor_title":"","why_editor_text":"","why_team_title":"","why_team_text":"","why_service_title":"","why_service_text":"","template_catalog_visible":"","template_catalog_title":"","template_catalog_text":"","template_catalog_categories_visible":"","demo_title":"","demo_caption":"","default_faq_hidden":"","app_template_category":[],"platform":"3011","template_public_id":"","codecanyon_url":"","codecanyon_item_id":"","codecanyon_price":"","pricing_caption":"","pricing_elfsight_apps_hide_column":"","pricing_elfsight_apps_url":"","pricing_codecanyon_price_caption":"","integration_category":[],"integration_request_title":"","integration_request_cta":"","integration_platform":"","integrations":[],"platform_category":[],"video_schema_markup":"","price":"","trial":"","benefits":[],"button_url":"","button_target_blank":"","button_nofollow":"","attributes":[],"tags":[],"tags_disable_links":"","hide_more_platforms":"","video_object":"","demo_hide_cta":"","demo_hide_cloud_options":"","pricing_title":"","pricing":[],"related_apps_title":"","related_apps_hidden":"","author":"","image":[],"title":"","job":"","social_networks":[]},"_links":{"self":[{"href":"https:\/\/elfsight.com\/de\/wp-json\/wp\/v2\/pages\/3186","targetHints":{"allow":["GET"]}}],"collection":[{"href":"https:\/\/elfsight.com\/de\/wp-json\/wp\/v2\/pages"}],"about":[{"href":"https:\/\/elfsight.com\/de\/wp-json\/wp\/v2\/types\/page"}],"author":[{"embeddable":true,"href":"https:\/\/elfsight.com\/de\/wp-json\/wp\/v2\/users\/11"}],"replies":[{"embeddable":true,"href":"https:\/\/elfsight.com\/de\/wp-json\/wp\/v2\/comments?post=3186"}],"version-history":[{"count":2,"href":"https:\/\/elfsight.com\/de\/wp-json\/wp\/v2\/pages\/3186\/revisions"}],"predecessor-version":[{"id":3188,"href":"https:\/\/elfsight.com\/de\/wp-json\/wp\/v2\/pages\/3186\/revisions\/3188"}],"wp:attachment":[{"href":"https:\/\/elfsight.com\/de\/wp-json\/wp\/v2\/media?parent=3186"}],"curies":[{"name":"wp","href":"https:\/\/api.w.org\/{rel}","templated":true}]}}