{"id":3183,"date":"2020-09-17T14:51:16","date_gmt":"2020-09-17T14:51:16","guid":{"rendered":"https:\/\/elfsight.com\/de\/?page_id=3183"},"modified":"2020-10-21T15:25:05","modified_gmt":"2020-10-21T15:25:05","slug":"cms-max-widgets","status":"publish","type":"page","link":"https:\/\/elfsight.com\/de\/cms-max-widgets\/","title":{"rendered":"CMS Max Widgets"},"content":{"rendered":"\n<p>\u00dcber einige Jahre hat Elfsight Firma viele absolut praktischen und responsiven Werkzeuge f\u00fcr CMS Max Widgets Websites entwickelt. Mit Hilfe unserer Widgets k\u00f6nnen Sie den Umsatz steigern, die Funktionalit\u00e4t der Website verbessern, Ihr Gesch\u00e4ft schneller ausbauen und andere unternehmerischen Herausforderungen l\u00f6sen. <\/p> \n\n<p>Elfsight Team bietet eine breite Vielfalt von Preism\u00f6glichkeiten: von kostenlos bis zu Premium. Erweitern Ihre Website ohne Zusatzausgaben. <\/p>\n\n\n<h2>Warum sind unsere CMS Max Widgets-L\u00f6sungen so speziell? <\/h2>\n\n<p>Finden Sie die folgende Liste der wesentlichen Vorteile: <\/p> \n<ul>\n<li> Kostenloser Installation-Support des Plugins; <\/li>\n\n<li>Voll mobil-freundliche f\u00fcr jeden Bildschirm; <\/li>\n\n<li>Keine Programmierkenntnisse erforderlich; <\/li>\n\n<li>Eine gro\u00dfe Auswahl von anpassbare und benutzerfreundliche Vorlagen; <\/li>\n\n<li>Benutzerfreundlicher Konfigurator; <\/li>\n\n<li>Die Cloud-basierte L\u00f6sungen f\u00fcr hoher Ladegeschwindigkeit; <\/li> \n\n<li>Die regul\u00e4re automatische Updates; <\/li> \n\n<li>Hochqualifizierte Unterst\u00fctzung von kompetent Elfsight Team. <\/li> \n<\/ul>\n\n<p>Starten Sie mit Demo-Widget. Zeigen Sie alle M\u00f6glichkeiten oder nutzen Sie jedes Plugin mit 20% Erm\u00e4ssigung. <\/p> \n\n<h2>Wie kann ich ein Widget auf CMS Max Widgets Website hinzuf\u00fcgen? <\/h2> \n<p>Um ein Werkzeug auf der Webseite einzubetten, sehen Sie einfach die folgenden Anweisungen: <\/p>\n<ol>\n<li>Beschlie\u00dfen Sie das richtig Werkzeug und passen Sie es an. Speichern Sie die \u00c4nderungen. <\/li> \n\n<li>F\u00fcgen Sie Code hinzu um das Widget auf Ihrer Webseite einzubetten. <\/li>\n\n<li>Geschafft! Sie haben das Plugin erfolgreich auf der CMS Max Widgets Webseite installiert. <\/li>\n<\/ol>\n<p>Wenn Sie eine kostenlose Hilfe f\u00fcr die Integration des Widgets bed\u00fcrfen, dann k\u00f6nnen Sie sich unseren professionellen Elfsight Support wenden. <\/p>\n","protected":false},"excerpt":{"rendered":"\u00dcber einige Jahre hat Elfsight Firma viele absolut praktischen und responsiven Werkzeuge f\u00fcr CMS Max Widgets Websites entwickelt. Mit Hilfe unserer Widgets k\u00f6nnen Sie den Umsatz steigern, die Funktionalit\u00e4t der Website verbessern, Ihr Gesch\u00e4ft schneller ausbauen und andere unternehmerischen Herausforderungen l\u00f6sen. Elfsight Team bietet eine breite Vielfalt von Preism\u00f6glichkeiten: von&#8230;","protected":false},"author":11,"featured_media":0,"parent":0,"menu_order":0,"comment_status":"closed","ping_status":"closed","template":"templates\/template-platform.php","meta":{"publish_to_discourse":"","publish_post_category":"","wpdc_auto_publish_overridden":"","wpdc_topic_tags":"","wpdc_pin_topic":"","wpdc_pin_until":"","discourse_post_id":"","discourse_permalink":"","wpdc_publishing_response":"","wpdc_publishing_error":"","footnotes":""},"class_list":["post-3183","page","type-page","status-publish","hentry"],"yoast_head":"<!-- This site is optimized with the Yoast SEO plugin v25.3.1 - https:\/\/yoast.com\/wordpress\/plugins\/seo\/ -->\n<title>Die mobile-freundlichen Widgets f\u00fcr Ihre CMS Max Website (2025)<\/title>\n<meta name=\"description\" content=\"Eine Sammlung von gratis Bedienelemente eigens f\u00fcr Ihre CMS Max Widgets Websites. Hilfe zu der Personalisierung und unbegrenzte Reihe von Funktionen.\" \/>\n<meta name=\"robots\" content=\"index, follow, max-snippet:-1, max-image-preview:large, max-video-preview:-1\" \/>\n<link rel=\"canonical\" href=\"https:\/\/elfsight.com\/de\/cms-max-widgets\/\" \/>\n<meta property=\"og:locale\" content=\"de_DE\" \/>\n<meta property=\"og:type\" content=\"article\" \/>\n<meta property=\"og:title\" content=\"Die mobile-freundlichen Widgets f\u00fcr Ihre CMS Max Website (2025)\" \/>\n<meta property=\"og:description\" content=\"Eine Sammlung von gratis Bedienelemente eigens f\u00fcr Ihre CMS Max Widgets Websites. Hilfe zu der Personalisierung und unbegrenzte Reihe von Funktionen.\" \/>\n<meta property=\"og:url\" content=\"https:\/\/elfsight.com\/de\/cms-max-widgets\/\" \/>\n<meta property=\"og:site_name\" content=\"Elfsight DE\" \/>\n<meta property=\"article:modified_time\" content=\"2020-10-21T15:25:05+00:00\" \/>\n<meta name=\"twitter:card\" content=\"summary_large_image\" \/>\n<meta name=\"twitter:label1\" content=\"Gesch\u00e4tzte Lesezeit\" \/>\n\t<meta name=\"twitter:data1\" content=\"1\u00a0Minute\" \/>\n<!-- \/ Yoast SEO plugin. -->","yoast_head_json":{"title":"Die mobile-freundlichen Widgets f\u00fcr Ihre CMS Max Website (2025)","description":"Eine Sammlung von gratis Bedienelemente eigens f\u00fcr Ihre CMS Max Widgets Websites. Hilfe zu der Personalisierung und unbegrenzte Reihe von Funktionen.","robots":{"index":"index","follow":"follow","max-snippet":"max-snippet:-1","max-image-preview":"max-image-preview:large","max-video-preview":"max-video-preview:-1"},"canonical":"https:\/\/elfsight.com\/de\/cms-max-widgets\/","og_locale":"de_DE","og_type":"article","og_title":"Die mobile-freundlichen Widgets f\u00fcr Ihre CMS Max Website (2025)","og_description":"Eine Sammlung von gratis Bedienelemente eigens f\u00fcr Ihre CMS Max Widgets Websites. Hilfe zu der Personalisierung und unbegrenzte Reihe von Funktionen.","og_url":"https:\/\/elfsight.com\/de\/cms-max-widgets\/","og_site_name":"Elfsight DE","article_modified_time":"2020-10-21T15:25:05+00:00","twitter_card":"summary_large_image","twitter_misc":{"Gesch\u00e4tzte Lesezeit":"1\u00a0Minute"},"schema":{"@context":"https:\/\/schema.org","@graph":[{"@type":"WebPage","@id":"https:\/\/elfsight.com\/de\/cms-max-widgets\/","url":"https:\/\/elfsight.com\/de\/cms-max-widgets\/","name":"Die mobile-freundlichen Widgets f\u00fcr Ihre CMS Max Website (2025)","isPartOf":{"@id":"https:\/\/elfsight.com\/de\/#website"},"datePublished":"2020-09-17T14:51:16+00:00","dateModified":"2020-10-21T15:25:05+00:00","description":"Eine Sammlung von gratis Bedienelemente eigens f\u00fcr Ihre CMS Max Widgets Websites. Hilfe zu der Personalisierung und unbegrenzte Reihe von Funktionen.","breadcrumb":{"@id":"https:\/\/elfsight.com\/de\/cms-max-widgets\/#breadcrumb"},"inLanguage":"de","potentialAction":[{"@type":"ReadAction","target":["https:\/\/elfsight.com\/de\/cms-max-widgets\/"]}]},{"@type":"BreadcrumbList","@id":"https:\/\/elfsight.com\/de\/cms-max-widgets\/#breadcrumb","itemListElement":[{"@type":"ListItem","position":1,"name":"Home","item":"https:\/\/elfsight.com\/de\/"},{"@type":"ListItem","position":2,"name":"CMS Max Widgets"}]},{"@type":"WebSite","@id":"https:\/\/elfsight.com\/de\/#website","url":"https:\/\/elfsight.com\/de\/","name":"Elfsight DE","description":"Just another Elfsight Sites site","potentialAction":[{"@type":"SearchAction","target":{"@type":"EntryPoint","urlTemplate":"https:\/\/elfsight.com\/de\/?s={search_term_string}"},"query-input":{"@type":"PropertyValueSpecification","valueRequired":true,"valueName":"search_term_string"}}],"inLanguage":"de"}]}},"meta_box":{"industry":"","seo_heading":"","heading":"","description":"","cta_heading":"","cta_description":"","application":"","h1":"Hochwertige intelligente L\u00f6sungen f\u00fcr Ihre CMS Max Widgets Website","h1_caption":"Dies ist die Auswahl von schl\u00fcsselfertigen Bedienelemente f\u00fcr Website, um Ihre Nutzeraktivit\u00e4t zu erh\u00f6hen und wichtige kommerzielle Zweck zu erzielen. Diese Bedienelemente kann schnell personalisiert und installiert werden. Unsere Kompanie leistet die grenzenlose Anzahl von Features und die hochqualifizierte technische Support f\u00fcr alle Klienten.","application_category":[],"applications_title":"Erproben Sie alle hochwertigen kostenlosen CMS Max Widgets Bedienelemente aus der Liste:","applications_request_title":"K\u00f6nnen Sie kein Widget finden, das Sie ben\u00f6tigen?","applications_request_button_text":"Fordern Sie ein Widget an","hero_text":"","hero_video":"","hero_video_schema_markup":"","selling_points_title":"","selling_points_caption":"","selling_points":[],"selling_points_cta_text":"","features_title":"","features":"","ed_cta_examples_text":"","ed_cta_examples_hidden":"","ed_cta_demo_text":"","ed_cta_demo_hidden":"","why_caption":"","why_editor_title":"","why_editor_text":"","why_team_title":"","why_team_text":"","why_service_title":"","why_service_text":"","template_catalog_visible":"","template_catalog_title":"","template_catalog_text":"","template_catalog_categories_visible":"","demo_title":"","demo_caption":"","default_faq_hidden":"","app_template_category":[],"platform":"3010","template_public_id":"","codecanyon_url":"","codecanyon_item_id":"","codecanyon_price":"","pricing_caption":"","pricing_elfsight_apps_hide_column":"","pricing_elfsight_apps_url":"","pricing_codecanyon_price_caption":"","integration_category":[],"integration_request_title":"","integration_request_cta":"","integration_platform":"","integrations":[],"platform_category":[],"video_schema_markup":"","price":"","trial":"","benefits":[],"button_url":"","button_target_blank":"","button_nofollow":"","attributes":[],"tags":[],"tags_disable_links":"","hide_more_platforms":"","video_object":"","demo_hide_cta":"","demo_hide_cloud_options":"","pricing_title":"","pricing":[],"related_apps_title":"","related_apps_hidden":"","author":"","image":[],"title":"","job":"","social_networks":[]},"_links":{"self":[{"href":"https:\/\/elfsight.com\/de\/wp-json\/wp\/v2\/pages\/3183","targetHints":{"allow":["GET"]}}],"collection":[{"href":"https:\/\/elfsight.com\/de\/wp-json\/wp\/v2\/pages"}],"about":[{"href":"https:\/\/elfsight.com\/de\/wp-json\/wp\/v2\/types\/page"}],"author":[{"embeddable":true,"href":"https:\/\/elfsight.com\/de\/wp-json\/wp\/v2\/users\/11"}],"replies":[{"embeddable":true,"href":"https:\/\/elfsight.com\/de\/wp-json\/wp\/v2\/comments?post=3183"}],"version-history":[{"count":2,"href":"https:\/\/elfsight.com\/de\/wp-json\/wp\/v2\/pages\/3183\/revisions"}],"predecessor-version":[{"id":3185,"href":"https:\/\/elfsight.com\/de\/wp-json\/wp\/v2\/pages\/3183\/revisions\/3185"}],"wp:attachment":[{"href":"https:\/\/elfsight.com\/de\/wp-json\/wp\/v2\/media?parent=3183"}],"curies":[{"name":"wp","href":"https:\/\/api.w.org\/{rel}","templated":true}]}}