{"id":3178,"date":"2020-09-17T14:47:50","date_gmt":"2020-09-17T14:47:50","guid":{"rendered":"https:\/\/elfsight.com\/de\/?page_id=3178"},"modified":"2020-10-13T15:34:15","modified_gmt":"2020-10-13T15:34:15","slug":"zoho-apps","status":"publish","type":"page","link":"https:\/\/elfsight.com\/de\/zoho-apps\/","title":{"rendered":"Zoho Apps"},"content":{"rendered":"\n<p>Seit etlichen Jahren hat Elfsight Team viele absolut praktischen und smart L\u00f6sungen f\u00fcr Zoho Webseiten realisiert. Mit Hilfe der Apps k\u00f6nnen Sie den Umsatz steigern, die Anzahl Ihrer Follower erh\u00f6hen, Ihr Gesch\u00e4ft schneller ausbauen und andere gesch\u00e4ftlichen Herausforderungen l\u00f6sen. <\/p> \n\n<p>Elfsight Team verschafft eine gro\u00dfe Auswahl von Preism\u00f6glichkeiten: von kostenlos bis zu Premium. Erweitern Ihre Website ohne Zusatzkosten. <\/p>\n\n\n<h2>Warum lieben viele Website-Betreibern unsere Apps? <\/h2>\n\n<p>Entdecken Sie die folgende Sammlung der wichtigsten Leistungen: <\/p> \n<ul>\n<li>Kostenlose Installationshilfe des Apps; <\/li>\n\n<li>Voll mobil-freundliche f\u00fcr jedes Ger\u00e4t; <\/li>\n\n<li>Keine Kodierung; <\/li>\n\n<li>Eine gro\u00dfe Auswahl von anpassbare und einsatzf\u00e4hige Vorlagen; <\/li>\n\n<li>Leicht zu bedienende Konfigurator; <\/li>\n\n<li>Die Cloud-L\u00f6sungen f\u00fcr hoher Ladegeschwindigkeit; <\/li> \n\n<li>Die regul\u00e4re automatische Updates; <\/li> \n\n<li>Hochqualifizierte Unterst\u00fctzung von kompetent Elfsight Team. <\/li> \n<\/ul>\n\n<p>Zugreifen Sie mit unentgeltlichen Version. Pr\u00fcfen Sie alle M\u00f6glichkeiten oder erwerben Sie ein beliebiges App mit 20% Erm\u00e4ssigung. <\/p> \n\n<h2>Wie kann man ein App auf Zoho Website einf\u00fcgen? <\/h2> \n<p>Um ein Werkzeug auf der Web-Seite einzubetten, sehen Sie einfach die folgenden Anweisungen: <\/p>\n<ol>\n<li>Finden Sie das optimal Werkzeug und \u00e4ndern Sie die Einstellungen. Speichern Sie die \u00c4nderungen. <\/li> \n\n<li>F\u00fcgen Sie Code hinzu um das App auf Ihrer Seite zu integrieren. <\/li>\n\n<li>App-Hinzuf\u00fcgen ist erfolgreich absolviert! <\/li>\n<\/ol>\n<p>Wenn Sie eine kostenlose Beratung bed\u00fcrfen, um das App einzubinden, dann k\u00f6nnen Sie sich unseren professionellen Elfsight Support wenden. <\/p>\n","protected":false},"excerpt":{"rendered":"Seit etlichen Jahren hat Elfsight Team viele absolut praktischen und smart L\u00f6sungen f\u00fcr Zoho Webseiten realisiert. Mit Hilfe der Apps k\u00f6nnen Sie den Umsatz steigern, die Anzahl Ihrer Follower erh\u00f6hen, Ihr Gesch\u00e4ft schneller ausbauen und andere gesch\u00e4ftlichen Herausforderungen l\u00f6sen. Elfsight Team verschafft eine gro\u00dfe Auswahl von Preism\u00f6glichkeiten: von kostenlos bis&#8230;","protected":false},"author":11,"featured_media":0,"parent":0,"menu_order":0,"comment_status":"closed","ping_status":"closed","template":"templates\/template-platform.php","meta":{"publish_to_discourse":"","publish_post_category":"","wpdc_auto_publish_overridden":"","wpdc_topic_tags":"","wpdc_pin_topic":"","wpdc_pin_until":"","discourse_post_id":"","discourse_permalink":"","wpdc_publishing_response":"","wpdc_publishing_error":"","footnotes":""},"class_list":["post-3178","page","type-page","status-publish","hentry"],"yoast_head":"<!-- This site is optimized with the Yoast SEO plugin v25.3.1 - https:\/\/yoast.com\/wordpress\/plugins\/seo\/ -->\n<title>Die mobile-freundlichen Apps f\u00fcr Ihre Zoho Website (2025)<\/title>\n<meta name=\"description\" content=\"Eine Auswahl von problemlosen gratis Werkzeuge genau f\u00fcr Ihre Zoho Web-Seiten. Hilfe bei der Individualisierung und grenzenlose Anzahl von Optionen.\" \/>\n<meta name=\"robots\" content=\"index, follow, max-snippet:-1, max-image-preview:large, max-video-preview:-1\" \/>\n<link rel=\"canonical\" href=\"https:\/\/elfsight.com\/de\/zoho-apps\/\" \/>\n<meta property=\"og:locale\" content=\"de_DE\" \/>\n<meta property=\"og:type\" content=\"article\" \/>\n<meta property=\"og:title\" content=\"Die mobile-freundlichen Apps f\u00fcr Ihre Zoho Website (2025)\" \/>\n<meta property=\"og:description\" content=\"Eine Auswahl von problemlosen gratis Werkzeuge genau f\u00fcr Ihre Zoho Web-Seiten. Hilfe bei der Individualisierung und grenzenlose Anzahl von Optionen.\" \/>\n<meta property=\"og:url\" content=\"https:\/\/elfsight.com\/de\/zoho-apps\/\" \/>\n<meta property=\"og:site_name\" content=\"Elfsight DE\" \/>\n<meta property=\"article:modified_time\" content=\"2020-10-13T15:34:15+00:00\" \/>\n<meta name=\"twitter:card\" content=\"summary_large_image\" \/>\n<meta name=\"twitter:label1\" content=\"Gesch\u00e4tzte Lesezeit\" \/>\n\t<meta name=\"twitter:data1\" content=\"1\u00a0Minute\" \/>\n<!-- \/ Yoast SEO plugin. -->","yoast_head_json":{"title":"Die mobile-freundlichen Apps f\u00fcr Ihre Zoho Website (2025)","description":"Eine Auswahl von problemlosen gratis Werkzeuge genau f\u00fcr Ihre Zoho Web-Seiten. Hilfe bei der Individualisierung und grenzenlose Anzahl von Optionen.","robots":{"index":"index","follow":"follow","max-snippet":"max-snippet:-1","max-image-preview":"max-image-preview:large","max-video-preview":"max-video-preview:-1"},"canonical":"https:\/\/elfsight.com\/de\/zoho-apps\/","og_locale":"de_DE","og_type":"article","og_title":"Die mobile-freundlichen Apps f\u00fcr Ihre Zoho Website (2025)","og_description":"Eine Auswahl von problemlosen gratis Werkzeuge genau f\u00fcr Ihre Zoho Web-Seiten. Hilfe bei der Individualisierung und grenzenlose Anzahl von Optionen.","og_url":"https:\/\/elfsight.com\/de\/zoho-apps\/","og_site_name":"Elfsight DE","article_modified_time":"2020-10-13T15:34:15+00:00","twitter_card":"summary_large_image","twitter_misc":{"Gesch\u00e4tzte Lesezeit":"1\u00a0Minute"},"schema":{"@context":"https:\/\/schema.org","@graph":[{"@type":"WebPage","@id":"https:\/\/elfsight.com\/de\/zoho-apps\/","url":"https:\/\/elfsight.com\/de\/zoho-apps\/","name":"Die mobile-freundlichen Apps f\u00fcr Ihre Zoho Website (2025)","isPartOf":{"@id":"https:\/\/elfsight.com\/de\/#website"},"datePublished":"2020-09-17T14:47:50+00:00","dateModified":"2020-10-13T15:34:15+00:00","description":"Eine Auswahl von problemlosen gratis Werkzeuge genau f\u00fcr Ihre Zoho Web-Seiten. Hilfe bei der Individualisierung und grenzenlose Anzahl von Optionen.","breadcrumb":{"@id":"https:\/\/elfsight.com\/de\/zoho-apps\/#breadcrumb"},"inLanguage":"de","potentialAction":[{"@type":"ReadAction","target":["https:\/\/elfsight.com\/de\/zoho-apps\/"]}]},{"@type":"BreadcrumbList","@id":"https:\/\/elfsight.com\/de\/zoho-apps\/#breadcrumb","itemListElement":[{"@type":"ListItem","position":1,"name":"Home","item":"https:\/\/elfsight.com\/de\/"},{"@type":"ListItem","position":2,"name":"Zoho Apps"}]},{"@type":"WebSite","@id":"https:\/\/elfsight.com\/de\/#website","url":"https:\/\/elfsight.com\/de\/","name":"Elfsight DE","description":"Just another Elfsight Sites site","potentialAction":[{"@type":"SearchAction","target":{"@type":"EntryPoint","urlTemplate":"https:\/\/elfsight.com\/de\/?s={search_term_string}"},"query-input":{"@type":"PropertyValueSpecification","valueRequired":true,"valueName":"search_term_string"}}],"inLanguage":"de"}]}},"meta_box":{"industry":"","seo_heading":"","heading":"","description":"","cta_heading":"","cta_description":"","application":"","h1":"Besondere gebrauchsfertige Werkzeuge f\u00fcr Ihre Zoho Webseite","h1_caption":"Dies ist die Sammlung von problemlosen Apps f\u00fcr Internetseite, um seine Anwenderaktivit\u00e4ten zu gestalten und andere kommerzielle Ziele zu erreichen. Diese Apps kann leicht angepasst und aktiviert werden. Elfsight Firma liefert die unbegrenzte Anzahl von Features und die beste technische Unterst\u00fctzung f\u00fcr alle Klienten.","application_category":[],"applications_title":"Erproben Sie alle erstklassigen kostenlosen Zoho Werkzeuge in der Liste:","applications_request_title":"K\u00f6nnen Sie kein App finden, das Sie ben\u00f6tigen?","applications_request_button_text":"Fordern Sie ein App an","hero_text":"","hero_video":"","hero_video_schema_markup":"","selling_points_title":"","selling_points_caption":"","selling_points":[],"selling_points_cta_text":"","features_title":"","features":"","ed_cta_examples_text":"","ed_cta_examples_hidden":"","ed_cta_demo_text":"","ed_cta_demo_hidden":"","why_caption":"","why_editor_title":"","why_editor_text":"","why_team_title":"","why_team_text":"","why_service_title":"","why_service_text":"","template_catalog_visible":"","template_catalog_title":"","template_catalog_text":"","template_catalog_categories_visible":"","demo_title":"","demo_caption":"","default_faq_hidden":"","app_template_category":[],"platform":"3009","template_public_id":"","codecanyon_url":"","codecanyon_item_id":"","codecanyon_price":"","pricing_caption":"","pricing_elfsight_apps_hide_column":"","pricing_elfsight_apps_url":"","pricing_codecanyon_price_caption":"","integration_category":[],"integration_request_title":"","integration_request_cta":"","integration_platform":"","integrations":[],"platform_category":[],"video_schema_markup":"","price":"","trial":"","benefits":[],"button_url":"","button_target_blank":"","button_nofollow":"","attributes":[],"tags":[],"tags_disable_links":"","hide_more_platforms":"","video_object":"","demo_hide_cta":"","demo_hide_cloud_options":"","pricing_title":"","pricing":[],"related_apps_title":"","related_apps_hidden":"","author":"","image":[],"title":"","job":"","social_networks":[]},"_links":{"self":[{"href":"https:\/\/elfsight.com\/de\/wp-json\/wp\/v2\/pages\/3178","targetHints":{"allow":["GET"]}}],"collection":[{"href":"https:\/\/elfsight.com\/de\/wp-json\/wp\/v2\/pages"}],"about":[{"href":"https:\/\/elfsight.com\/de\/wp-json\/wp\/v2\/types\/page"}],"author":[{"embeddable":true,"href":"https:\/\/elfsight.com\/de\/wp-json\/wp\/v2\/users\/11"}],"replies":[{"embeddable":true,"href":"https:\/\/elfsight.com\/de\/wp-json\/wp\/v2\/comments?post=3178"}],"version-history":[{"count":3,"href":"https:\/\/elfsight.com\/de\/wp-json\/wp\/v2\/pages\/3178\/revisions"}],"predecessor-version":[{"id":3181,"href":"https:\/\/elfsight.com\/de\/wp-json\/wp\/v2\/pages\/3178\/revisions\/3181"}],"wp:attachment":[{"href":"https:\/\/elfsight.com\/de\/wp-json\/wp\/v2\/media?parent=3178"}],"curies":[{"name":"wp","href":"https:\/\/api.w.org\/{rel}","templated":true}]}}