{"id":3171,"date":"2020-09-17T14:40:56","date_gmt":"2020-09-17T14:40:56","guid":{"rendered":"https:\/\/elfsight.com\/de\/?page_id=3171"},"modified":"2020-10-21T12:39:29","modified_gmt":"2020-10-21T12:39:29","slug":"templatetoaster-widgets","status":"publish","type":"page","link":"https:\/\/elfsight.com\/de\/templatetoaster-widgets\/","title":{"rendered":"TemplateToaster Widgets"},"content":{"rendered":"\n<p>Seit mehreren Jahren hat Elfsight Team viele absolut effizienten und responsiven L\u00f6sungen f\u00fcr TemplateToaster Webseiten gebaut. Mit Hilfe dieser Plugins k\u00f6nnen Sie den Umsatz steigern, die Anzahl Ihrer Follower erh\u00f6hen, Kundenbewertungen aus sozialen Medien anzeigen und andere gesch\u00e4ftlichen Herausforderungen l\u00f6sen. <\/p> \n\n<p>Unsere Team leistet eine breite Vielfalt von Preisoptionen: von kostenfrei bis zu Premium. Ausbauen Ihre Website-Funktionalit\u00e4t ohne zus\u00e4tzlichen Ausgaben. <\/p>\n\n\n<h2>Warum lieben viele Website-Inhaber unsere Widgets? <\/h2>\n\n<p>Untersuchen Sie die anschlie\u00dfende Sammlung der wesentlichen Vorteile: <\/p> \n<ul>\n<li> Kostenloser Installation-Support des Widgets; <\/li>\n\n<li>Ganz ansprechbare f\u00fcr jedes Ger\u00e4t; <\/li>\n\n<li>Keine Programmierkenntnisse erforderlich; <\/li>\n\n<li>Eine Vielzahl von anpassbare und einsatzf\u00e4hige Schablonen; <\/li>\n\n<li>Intuitive Benutzeroberfl\u00e4che; <\/li>\n\n<li>Die Cloud-basierte L\u00f6sungen f\u00fcr hoher Ladegeschwindigkeit; <\/li> \n\n<li>Die regelm\u00e4\u00dfige automatische Updates; <\/li> \n\n<li>Schnelle Hilfe von freuflichen Elfsight Team. <\/li> \n<\/ul>\n\n<p>Testen Sie mit unentgeltlichen Plan. Entdecken Sie alle Leistungsf\u00e4higkeiten oder integrieren Sie ausgew\u00e4hlte App mit 20% Rabatt. <\/p> \n\n<h2>Wie kann man ein Widgets auf TemplateToaster Website einbinden? <\/h2> \n<p>Um ein Werkzeug auf der Web-Seite einzubinden, folgen Sie einfach den Schritten: <\/p>\n<ol>\n<li>W\u00e4hlen Sie das gew\u00fcnscht Werkzeug und passen Sie es an. Klicken Sie auf Speichern. <\/li> \n\n<li>F\u00fcgen Sie Code hinzu um das Widgets auf Ihrer Seite einzubinden. <\/li>\n\n<li>Geschafft! Sie haben das Plugin erfolgreich auf der TemplateToaster Site hinzugef\u00fcgt. <\/li>\n<\/ol>\n<p>Wenn Sie eine kostenfreie Unterst\u00fctzung f\u00fcr die Integration des Widgets brauchen, dann unserer Unterst\u00fctzungsteam hilft Ihnen gerne weiter. <\/p>\n","protected":false},"excerpt":{"rendered":"Seit mehreren Jahren hat Elfsight Team viele absolut effizienten und responsiven L\u00f6sungen f\u00fcr TemplateToaster Webseiten gebaut. Mit Hilfe dieser Plugins k\u00f6nnen Sie den Umsatz steigern, die Anzahl Ihrer Follower erh\u00f6hen, Kundenbewertungen aus sozialen Medien anzeigen und andere gesch\u00e4ftlichen Herausforderungen l\u00f6sen. Unsere Team leistet eine breite Vielfalt von Preisoptionen: von kostenfrei&#8230;","protected":false},"author":11,"featured_media":0,"parent":0,"menu_order":0,"comment_status":"closed","ping_status":"closed","template":"templates\/template-platform.php","meta":{"publish_to_discourse":"","publish_post_category":"","wpdc_auto_publish_overridden":"","wpdc_topic_tags":"","wpdc_pin_topic":"","wpdc_pin_until":"","discourse_post_id":"","discourse_permalink":"","wpdc_publishing_response":"","wpdc_publishing_error":"","footnotes":""},"class_list":["post-3171","page","type-page","status-publish","hentry"],"yoast_head":"<!-- This site is optimized with the Yoast SEO plugin v25.3.1 - https:\/\/yoast.com\/wordpress\/plugins\/seo\/ -->\n<title>Die mobile-freundlichen Widgets f\u00fcr Ihre TemplateToaster Website (2025)<\/title>\n<meta name=\"description\" content=\"Eine Bibliothek mit kostenlosen Widgets und Plugins exklusiv f\u00fcr TemplateToaster-Sites. Hilfe bei der Anpassung und Einbettung.\" \/>\n<meta name=\"robots\" content=\"index, follow, max-snippet:-1, max-image-preview:large, max-video-preview:-1\" \/>\n<link rel=\"canonical\" href=\"https:\/\/elfsight.com\/de\/templatetoaster-widgets\/\" \/>\n<meta property=\"og:locale\" content=\"de_DE\" \/>\n<meta property=\"og:type\" content=\"article\" \/>\n<meta property=\"og:title\" content=\"Die mobile-freundlichen Widgets f\u00fcr Ihre TemplateToaster Website (2025)\" \/>\n<meta property=\"og:description\" content=\"Eine Bibliothek mit kostenlosen Widgets und Plugins exklusiv f\u00fcr TemplateToaster-Sites. Hilfe bei der Anpassung und Einbettung.\" \/>\n<meta property=\"og:url\" content=\"https:\/\/elfsight.com\/de\/templatetoaster-widgets\/\" \/>\n<meta property=\"og:site_name\" content=\"Elfsight DE\" \/>\n<meta property=\"article:modified_time\" content=\"2020-10-21T12:39:29+00:00\" \/>\n<meta name=\"twitter:card\" content=\"summary_large_image\" \/>\n<meta name=\"twitter:label1\" content=\"Gesch\u00e4tzte Lesezeit\" \/>\n\t<meta name=\"twitter:data1\" content=\"1\u00a0Minute\" \/>\n<!-- \/ Yoast SEO plugin. -->","yoast_head_json":{"title":"Die mobile-freundlichen Widgets f\u00fcr Ihre TemplateToaster Website (2025)","description":"Eine Bibliothek mit kostenlosen Widgets und Plugins exklusiv f\u00fcr TemplateToaster-Sites. Hilfe bei der Anpassung und Einbettung.","robots":{"index":"index","follow":"follow","max-snippet":"max-snippet:-1","max-image-preview":"max-image-preview:large","max-video-preview":"max-video-preview:-1"},"canonical":"https:\/\/elfsight.com\/de\/templatetoaster-widgets\/","og_locale":"de_DE","og_type":"article","og_title":"Die mobile-freundlichen Widgets f\u00fcr Ihre TemplateToaster Website (2025)","og_description":"Eine Bibliothek mit kostenlosen Widgets und Plugins exklusiv f\u00fcr TemplateToaster-Sites. Hilfe bei der Anpassung und Einbettung.","og_url":"https:\/\/elfsight.com\/de\/templatetoaster-widgets\/","og_site_name":"Elfsight DE","article_modified_time":"2020-10-21T12:39:29+00:00","twitter_card":"summary_large_image","twitter_misc":{"Gesch\u00e4tzte Lesezeit":"1\u00a0Minute"},"schema":{"@context":"https:\/\/schema.org","@graph":[{"@type":"WebPage","@id":"https:\/\/elfsight.com\/de\/templatetoaster-widgets\/","url":"https:\/\/elfsight.com\/de\/templatetoaster-widgets\/","name":"Die mobile-freundlichen Widgets f\u00fcr Ihre TemplateToaster Website (2025)","isPartOf":{"@id":"https:\/\/elfsight.com\/de\/#website"},"datePublished":"2020-09-17T14:40:56+00:00","dateModified":"2020-10-21T12:39:29+00:00","description":"Eine Bibliothek mit kostenlosen Widgets und Plugins exklusiv f\u00fcr TemplateToaster-Sites. Hilfe bei der Anpassung und Einbettung.","breadcrumb":{"@id":"https:\/\/elfsight.com\/de\/templatetoaster-widgets\/#breadcrumb"},"inLanguage":"de","potentialAction":[{"@type":"ReadAction","target":["https:\/\/elfsight.com\/de\/templatetoaster-widgets\/"]}]},{"@type":"BreadcrumbList","@id":"https:\/\/elfsight.com\/de\/templatetoaster-widgets\/#breadcrumb","itemListElement":[{"@type":"ListItem","position":1,"name":"Home","item":"https:\/\/elfsight.com\/de\/"},{"@type":"ListItem","position":2,"name":"TemplateToaster Widgets"}]},{"@type":"WebSite","@id":"https:\/\/elfsight.com\/de\/#website","url":"https:\/\/elfsight.com\/de\/","name":"Elfsight DE","description":"Just another Elfsight Sites site","potentialAction":[{"@type":"SearchAction","target":{"@type":"EntryPoint","urlTemplate":"https:\/\/elfsight.com\/de\/?s={search_term_string}"},"query-input":{"@type":"PropertyValueSpecification","valueRequired":true,"valueName":"search_term_string"}}],"inLanguage":"de"}]}},"meta_box":{"industry":"","seo_heading":"","heading":"","description":"","cta_heading":"","cta_description":"","application":"","h1":"Optimale reaktionsschnelle Werkzeuge f\u00fcr Ihre TemplateToaster Website","h1_caption":"Dies ist die Auswahl von erstklassigen Oberfl\u00e4chenelemente f\u00fcr Internetseite, um seine Umsatz zu bessern und wesentliche kommerzielle Ziele zu erreichen. Alle Miniprogramme kann schnell konfiguriert und integriert werden. Die Firma verschafft die unbeschr\u00e4nkte Anzahl von Features und die beeindruckende technische Support f\u00fcr alle Kunden.","application_category":[],"applications_title":"Entdecken Sie alle sch\u00f6nsten kostenlosen TemplateToaster Oberfl\u00e4chenelemente aus der Auflistung:","applications_request_title":"K\u00f6nnen Sie kein Widget finden, das Sie ben\u00f6tigen?","applications_request_button_text":"Fordern Sie ein Widget an","hero_text":"","hero_video":"","hero_video_schema_markup":"","selling_points_title":"","selling_points_caption":"","selling_points":[],"selling_points_cta_text":"","features_title":"","features":"","ed_cta_examples_text":"","ed_cta_examples_hidden":"","ed_cta_demo_text":"","ed_cta_demo_hidden":"","why_caption":"","why_editor_title":"","why_editor_text":"","why_team_title":"","why_team_text":"","why_service_title":"","why_service_text":"","template_catalog_visible":"","template_catalog_title":"","template_catalog_text":"","template_catalog_categories_visible":"","demo_title":"","demo_caption":"","default_faq_hidden":"","app_template_category":[],"platform":"3007","template_public_id":"","codecanyon_url":"","codecanyon_item_id":"","codecanyon_price":"","pricing_caption":"","pricing_elfsight_apps_hide_column":"","pricing_elfsight_apps_url":"","pricing_codecanyon_price_caption":"","integration_category":[],"integration_request_title":"","integration_request_cta":"","integration_platform":"","integrations":[],"platform_category":[],"video_schema_markup":"","price":"","trial":"","benefits":[],"button_url":"","button_target_blank":"","button_nofollow":"","attributes":[],"tags":[],"tags_disable_links":"","hide_more_platforms":"","video_object":"","demo_hide_cta":"","demo_hide_cloud_options":"","pricing_title":"","pricing":[],"related_apps_title":"","related_apps_hidden":"","author":"","image":[],"title":"","job":"","social_networks":[]},"_links":{"self":[{"href":"https:\/\/elfsight.com\/de\/wp-json\/wp\/v2\/pages\/3171","targetHints":{"allow":["GET"]}}],"collection":[{"href":"https:\/\/elfsight.com\/de\/wp-json\/wp\/v2\/pages"}],"about":[{"href":"https:\/\/elfsight.com\/de\/wp-json\/wp\/v2\/types\/page"}],"author":[{"embeddable":true,"href":"https:\/\/elfsight.com\/de\/wp-json\/wp\/v2\/users\/11"}],"replies":[{"embeddable":true,"href":"https:\/\/elfsight.com\/de\/wp-json\/wp\/v2\/comments?post=3171"}],"version-history":[{"count":3,"href":"https:\/\/elfsight.com\/de\/wp-json\/wp\/v2\/pages\/3171\/revisions"}],"predecessor-version":[{"id":3174,"href":"https:\/\/elfsight.com\/de\/wp-json\/wp\/v2\/pages\/3171\/revisions\/3174"}],"wp:attachment":[{"href":"https:\/\/elfsight.com\/de\/wp-json\/wp\/v2\/media?parent=3171"}],"curies":[{"name":"wp","href":"https:\/\/api.w.org\/{rel}","templated":true}]}}