{"id":3168,"date":"2020-09-17T14:38:00","date_gmt":"2020-09-17T14:38:00","guid":{"rendered":"https:\/\/elfsight.com\/de\/?page_id=3168"},"modified":"2020-10-13T15:26:27","modified_gmt":"2020-10-13T15:26:27","slug":"mailchimp-plugins","status":"publish","type":"page","link":"https:\/\/elfsight.com\/de\/mailchimp-plugins\/","title":{"rendered":"Mailchimp Plugins"},"content":{"rendered":"\n<p>Seit vielen Jahren hat Elfsight Team viele absolut passenden und schlichten L\u00f6sungen f\u00fcr Mailchimp Websites gestellt. Mit Hilfe dieser Widgets k\u00f6nnen Sie viel mehr Leads sammeln, die Qualit\u00e4t des Kundensupports verbessern, jederzeit \u00fcber Chats mit Kunden in Kontakt bleiben und andere unternehmerischen Herausforderungen l\u00f6sen. <\/p> \n\n<p>Unsere Team offeriert vielgestaltig Preism\u00f6glichkeiten: von gratis bis zu Premium. Verbessern Ihre Website-Funktionalit\u00e4t ohne Mehrkosten. <\/p>\n\n\n<h2>Warum sind unsere Mailchimp-Miniprogramme so einzigartig? <\/h2>\n\n<p>Schauen Sie sich die anschlie\u00dfende Serie der wesentlichen Leistungen: <\/p> \n<ul>\n<li>Gratis Installationsunterst\u00fctzung des Plugins; <\/li>\n\n<li>Absolut ansprechbare f\u00fcr jeden Bildschirm; <\/li>\n\n<li>Ohne Programmierung; <\/li>\n\n<li>Eine Vielzahl von anpassbare und einsatzf\u00e4hige Schablonen; <\/li>\n\n<li>Einfach zu bedienende Konfigurator; <\/li>\n\n<li>Die Cloud-Dienste f\u00fcr hoher Ladegeschwindigkeit; <\/li> \n\n<li>Die regul\u00e4re automatische Updat; <\/li> \n\n<li>Schnelle Hilfe von kompetent Elfsight Team. <\/li> \n<\/ul>\n\n<p>Testen Sie mit unentgeltlichen Widget. Schauen Sie alle M\u00f6glichkeiten oder bekommen Sie ausgew\u00e4hlte App mit 20% Skonto. <\/p> \n\n<h2>Wie kann man ein Plugin auf Mailchimp Website installieren? <\/h2> \n<p>Um ein Werkzeug auf der Website zu integrieren, folgen Sie einfach den Schritten: <\/p>\n<ol>\n<li>Beschlie\u00dfen Sie das entsprechend Werkzeug und w\u00e4hlen Sie die entsprechenden Einstellungen. Speichern Sie die \u00c4nderungen. <\/li> \n\n<li>Kopieren und f\u00fcgen Sie den Code hinzu um das Plugin auf Ihrer Website zu installieren. <\/li>\n\n<li>Gemacht! Sie haben das Widget erfolgreich auf der Mailchimp Site installiert. <\/li>\n<\/ol>\n<p>Falls Sie eine kostenlose Hilfe f\u00fcr die Integration des Widgets brauchen, dann k\u00f6nnen Sie sich unseren hochqualifizierten Elfsight Support wenden. <\/p>\n","protected":false},"excerpt":{"rendered":"Seit vielen Jahren hat Elfsight Team viele absolut passenden und schlichten L\u00f6sungen f\u00fcr Mailchimp Websites gestellt. Mit Hilfe dieser Widgets k\u00f6nnen Sie viel mehr Leads sammeln, die Qualit\u00e4t des Kundensupports verbessern, jederzeit \u00fcber Chats mit Kunden in Kontakt bleiben und andere unternehmerischen Herausforderungen l\u00f6sen. Unsere Team offeriert vielgestaltig Preism\u00f6glichkeiten: von&#8230;","protected":false},"author":11,"featured_media":0,"parent":0,"menu_order":0,"comment_status":"closed","ping_status":"closed","template":"templates\/template-platform.php","meta":{"publish_to_discourse":"","publish_post_category":"","wpdc_auto_publish_overridden":"","wpdc_topic_tags":"","wpdc_pin_topic":"","wpdc_pin_until":"","discourse_post_id":"","discourse_permalink":"","wpdc_publishing_response":"","wpdc_publishing_error":"","footnotes":""},"class_list":["post-3168","page","type-page","status-publish","hentry"],"yoast_head":"<!-- This site is optimized with the Yoast SEO plugin v25.3.1 - https:\/\/yoast.com\/wordpress\/plugins\/seo\/ -->\n<title>Die mobile-freundlichen Integrations f\u00fcr Ihre MailChimp Website (2025)<\/title>\n<meta name=\"description\" content=\"Eine Sammlung von gratis Plugins besonders f\u00fcr Ihre Mailchimp Web-Seiten. Hilfe bei der Kundenbezogenheit und unbeschr\u00e4nkte Anzahl von Merkmalen.\" \/>\n<meta name=\"robots\" content=\"index, follow, max-snippet:-1, max-image-preview:large, max-video-preview:-1\" \/>\n<link rel=\"canonical\" href=\"https:\/\/elfsight.com\/de\/mailchimp-plugins\/\" \/>\n<meta property=\"og:locale\" content=\"de_DE\" \/>\n<meta property=\"og:type\" content=\"article\" \/>\n<meta property=\"og:title\" content=\"Die mobile-freundlichen Integrations f\u00fcr Ihre MailChimp Website (2025)\" \/>\n<meta property=\"og:description\" content=\"Eine Sammlung von gratis Plugins besonders f\u00fcr Ihre Mailchimp Web-Seiten. Hilfe bei der Kundenbezogenheit und unbeschr\u00e4nkte Anzahl von Merkmalen.\" \/>\n<meta property=\"og:url\" content=\"https:\/\/elfsight.com\/de\/mailchimp-plugins\/\" \/>\n<meta property=\"og:site_name\" content=\"Elfsight DE\" \/>\n<meta property=\"article:modified_time\" content=\"2020-10-13T15:26:27+00:00\" \/>\n<meta name=\"twitter:card\" content=\"summary_large_image\" \/>\n<meta name=\"twitter:label1\" content=\"Gesch\u00e4tzte Lesezeit\" \/>\n\t<meta name=\"twitter:data1\" content=\"1\u00a0Minute\" \/>\n<!-- \/ Yoast SEO plugin. -->","yoast_head_json":{"title":"Die mobile-freundlichen Integrations f\u00fcr Ihre MailChimp Website (2025)","description":"Eine Sammlung von gratis Plugins besonders f\u00fcr Ihre Mailchimp Web-Seiten. Hilfe bei der Kundenbezogenheit und unbeschr\u00e4nkte Anzahl von Merkmalen.","robots":{"index":"index","follow":"follow","max-snippet":"max-snippet:-1","max-image-preview":"max-image-preview:large","max-video-preview":"max-video-preview:-1"},"canonical":"https:\/\/elfsight.com\/de\/mailchimp-plugins\/","og_locale":"de_DE","og_type":"article","og_title":"Die mobile-freundlichen Integrations f\u00fcr Ihre MailChimp Website (2025)","og_description":"Eine Sammlung von gratis Plugins besonders f\u00fcr Ihre Mailchimp Web-Seiten. Hilfe bei der Kundenbezogenheit und unbeschr\u00e4nkte Anzahl von Merkmalen.","og_url":"https:\/\/elfsight.com\/de\/mailchimp-plugins\/","og_site_name":"Elfsight DE","article_modified_time":"2020-10-13T15:26:27+00:00","twitter_card":"summary_large_image","twitter_misc":{"Gesch\u00e4tzte Lesezeit":"1\u00a0Minute"},"schema":{"@context":"https:\/\/schema.org","@graph":[{"@type":"WebPage","@id":"https:\/\/elfsight.com\/de\/mailchimp-plugins\/","url":"https:\/\/elfsight.com\/de\/mailchimp-plugins\/","name":"Die mobile-freundlichen Integrations f\u00fcr Ihre MailChimp Website (2025)","isPartOf":{"@id":"https:\/\/elfsight.com\/de\/#website"},"datePublished":"2020-09-17T14:38:00+00:00","dateModified":"2020-10-13T15:26:27+00:00","description":"Eine Sammlung von gratis Plugins besonders f\u00fcr Ihre Mailchimp Web-Seiten. Hilfe bei der Kundenbezogenheit und unbeschr\u00e4nkte Anzahl von Merkmalen.","breadcrumb":{"@id":"https:\/\/elfsight.com\/de\/mailchimp-plugins\/#breadcrumb"},"inLanguage":"de","potentialAction":[{"@type":"ReadAction","target":["https:\/\/elfsight.com\/de\/mailchimp-plugins\/"]}]},{"@type":"BreadcrumbList","@id":"https:\/\/elfsight.com\/de\/mailchimp-plugins\/#breadcrumb","itemListElement":[{"@type":"ListItem","position":1,"name":"Home","item":"https:\/\/elfsight.com\/de\/"},{"@type":"ListItem","position":2,"name":"Mailchimp Plugins"}]},{"@type":"WebSite","@id":"https:\/\/elfsight.com\/de\/#website","url":"https:\/\/elfsight.com\/de\/","name":"Elfsight DE","description":"Just another Elfsight Sites site","potentialAction":[{"@type":"SearchAction","target":{"@type":"EntryPoint","urlTemplate":"https:\/\/elfsight.com\/de\/?s={search_term_string}"},"query-input":{"@type":"PropertyValueSpecification","valueRequired":true,"valueName":"search_term_string"}}],"inLanguage":"de"}]}},"meta_box":{"industry":"","seo_heading":"","heading":"","description":"","cta_heading":"","cta_description":"","application":"","h1":"Optimale reaktionsschnelle L\u00f6sungen f\u00fcr Ihre Mailchimp Website","h1_caption":"Dies ist die Auflistung von einsatzbereiten Oberfl\u00e4chenelemente f\u00fcr Website, um Ihre Anwenderaktivit\u00e4ten zu st\u00e4rken und unterschiedliche wirtschaftliche Zweck zu treffen. Alle Oberfl\u00e4chenelemente kann leicht personalisiert und eingebettet werden. Unsere Firma erm\u00f6glicht die unbegrenzte Reihe von Features und die qualifizierte technische Hilfe f\u00fcr alle Klienten.","application_category":[],"applications_title":"Versuchen Sie alle einsatzbereiten kostenfreien Mailchimp Oberfl\u00e4chenelemente auf der Serie:","applications_request_title":"K\u00f6nnen Sie kein Integration finden, das Sie ben\u00f6tigen?","applications_request_button_text":"Fordern Sie ein Integration an","hero_text":"","hero_video":"","hero_video_schema_markup":"","selling_points_title":"","selling_points_caption":"","selling_points":[],"selling_points_cta_text":"","features_title":"","features":"","ed_cta_examples_text":"","ed_cta_examples_hidden":"","ed_cta_demo_text":"","ed_cta_demo_hidden":"","why_caption":"","why_editor_title":"","why_editor_text":"","why_team_title":"","why_team_text":"","why_service_title":"","why_service_text":"","template_catalog_visible":"","template_catalog_title":"","template_catalog_text":"","template_catalog_categories_visible":"","demo_title":"","demo_caption":"","default_faq_hidden":"","app_template_category":[],"platform":"3006","template_public_id":"","codecanyon_url":"","codecanyon_item_id":"","codecanyon_price":"","pricing_caption":"","pricing_elfsight_apps_hide_column":"","pricing_elfsight_apps_url":"","pricing_codecanyon_price_caption":"","integration_category":[],"integration_request_title":"","integration_request_cta":"","integration_platform":"","integrations":[],"platform_category":[],"video_schema_markup":"","price":"","trial":"","benefits":[],"button_url":"","button_target_blank":"","button_nofollow":"","attributes":[],"tags":[],"tags_disable_links":"","hide_more_platforms":"","video_object":"","demo_hide_cta":"","demo_hide_cloud_options":"","pricing_title":"","pricing":[],"related_apps_title":"","related_apps_hidden":"","author":"","image":[],"title":"","job":"","social_networks":[]},"_links":{"self":[{"href":"https:\/\/elfsight.com\/de\/wp-json\/wp\/v2\/pages\/3168","targetHints":{"allow":["GET"]}}],"collection":[{"href":"https:\/\/elfsight.com\/de\/wp-json\/wp\/v2\/pages"}],"about":[{"href":"https:\/\/elfsight.com\/de\/wp-json\/wp\/v2\/types\/page"}],"author":[{"embeddable":true,"href":"https:\/\/elfsight.com\/de\/wp-json\/wp\/v2\/users\/11"}],"replies":[{"embeddable":true,"href":"https:\/\/elfsight.com\/de\/wp-json\/wp\/v2\/comments?post=3168"}],"version-history":[{"count":2,"href":"https:\/\/elfsight.com\/de\/wp-json\/wp\/v2\/pages\/3168\/revisions"}],"predecessor-version":[{"id":3170,"href":"https:\/\/elfsight.com\/de\/wp-json\/wp\/v2\/pages\/3168\/revisions\/3170"}],"wp:attachment":[{"href":"https:\/\/elfsight.com\/de\/wp-json\/wp\/v2\/media?parent=3168"}],"curies":[{"name":"wp","href":"https:\/\/api.w.org\/{rel}","templated":true}]}}