{"id":3165,"date":"2020-09-17T14:33:10","date_gmt":"2020-09-17T14:33:10","guid":{"rendered":"https:\/\/elfsight.com\/de\/?page_id=3165"},"modified":"2020-10-13T15:34:29","modified_gmt":"2020-10-13T15:34:29","slug":"wishpond-integrations","status":"publish","type":"page","link":"https:\/\/elfsight.com\/de\/wishpond-integrations\/","title":{"rendered":"Wishpond Integrations"},"content":{"rendered":"\n<p>F\u00fcr einige Jahre hat Elfsight viele absolut effizienten und schlichten L\u00f6sungen f\u00fcr Wishpond Websites gestellt. Mit Hilfe unserer Plugins k\u00f6nnen Sie viel mehr Leads sammeln, Ihren Gewinn steigern, Kundenbewertungen aus sozialen Medien anzeigen und andere unternehmerischen Herausforderungen l\u00f6sen. <\/p> \n\n<p>Elfsight Team leistet vielgestaltig Preism\u00f6glichkeiten: von kostenlos bis zu Premium. Anreichern Ihre Website ohne Zusatzausgaben. <\/p>\n\n\n<h2>Warum geniessen viele Website-Inhaber unsere Widgets? <\/h2>\n\n<p>Entdecken Sie die folgende Auswahl der wesentlichen Leistungen: <\/p> \n<ul>\n<li> Gratis Installationsservice des Plugins; <\/li>\n\n<li>Absolut ansprechbare f\u00fcr jeden Bildschirm; <\/li>\n\n<li>Keine Kodierung; <\/li>\n\n<li>Eine Vielzahl von anpassbare und benutzerfreundliche Templates; <\/li>\n\n<li>Einfach zu bedienende Konfigurator; <\/li>\n\n<li>Die Cloud-Dienste f\u00fcr hoher Ladegeschwindigkeit; <\/li> \n\n<li>Die regul\u00e4re automatische Updates; <\/li> \n\n<li>Professionelle Hilfe von kompetent Elfsight Team. <\/li> \n<\/ul>\n\n<p>Zugreifen Sie mit kostenfreien Version. Entdecken Sie alle M\u00f6glichkeiten oder bekommen Sie ausgew\u00e4hlte Widget mit 20% Rabatt. <\/p> \n\n<h2>Wie kann ich ein Integration auf Wishpond Website einbinden? <\/h2> \n<p>Um ein Werkzeug auf der Webseite zu integrieren, folgen Sie einfach den Schritten: <\/p>\n<ol>\n<li>Beschlie\u00dfen Sie das entsprechend Werkzeug und w\u00e4hlen Sie die entsprechenden Einstellungen. Speichern Sie die \u00c4nderungen. <\/li> \n\n<li>F\u00fcgen Sie Code hinzu um das Integration auf Ihrer Seite zu installieren. <\/li>\n\n<li>Plugin-Einbindung ist erfolgreich durchgef\u00fchrt! <\/li>\n<\/ol>\n<p>Wenn Sie eine kostenlose Unterst\u00fctzung brauchen, um das Widget einzubinden, dann unserer Unterst\u00fctzungsteam ist immer gl\u00fccklich, Ihnen zu helfen. <\/p>\n","protected":false},"excerpt":{"rendered":"F\u00fcr einige Jahre hat Elfsight viele absolut effizienten und schlichten L\u00f6sungen f\u00fcr Wishpond Websites gestellt. Mit Hilfe unserer Plugins k\u00f6nnen Sie viel mehr Leads sammeln, Ihren Gewinn steigern, Kundenbewertungen aus sozialen Medien anzeigen und andere unternehmerischen Herausforderungen l\u00f6sen. Elfsight Team leistet vielgestaltig Preism\u00f6glichkeiten: von kostenlos bis zu Premium. Anreichern Ihre&#8230;","protected":false},"author":11,"featured_media":0,"parent":0,"menu_order":0,"comment_status":"closed","ping_status":"closed","template":"templates\/template-platform.php","meta":{"publish_to_discourse":"","publish_post_category":"","wpdc_auto_publish_overridden":"","wpdc_topic_tags":"","wpdc_pin_topic":"","wpdc_pin_until":"","discourse_post_id":"","discourse_permalink":"","wpdc_publishing_response":"","wpdc_publishing_error":"","footnotes":""},"class_list":["post-3165","page","type-page","status-publish","hentry"],"yoast_head":"<!-- This site is optimized with the Yoast SEO plugin v25.3.1 - https:\/\/yoast.com\/wordpress\/plugins\/seo\/ -->\n<title>Die mobile-freundlichen Integrations f\u00fcr Ihre Wishpond Website (2025)<\/title>\n<meta name=\"description\" content=\"Eine Auflistung von kostenlosen L\u00f6sungen besonders f\u00fcr Ihre Wishpond Websites. Hilfe zu der Individualisierung und unbeschr\u00e4nkte Reihe von Features.\" \/>\n<meta name=\"robots\" content=\"index, follow, max-snippet:-1, max-image-preview:large, max-video-preview:-1\" \/>\n<link rel=\"canonical\" href=\"https:\/\/elfsight.com\/de\/wishpond-integrations\/\" \/>\n<meta property=\"og:locale\" content=\"de_DE\" \/>\n<meta property=\"og:type\" content=\"article\" \/>\n<meta property=\"og:title\" content=\"Die mobile-freundlichen Integrations f\u00fcr Ihre Wishpond Website (2025)\" \/>\n<meta property=\"og:description\" content=\"Eine Auflistung von kostenlosen L\u00f6sungen besonders f\u00fcr Ihre Wishpond Websites. Hilfe zu der Individualisierung und unbeschr\u00e4nkte Reihe von Features.\" \/>\n<meta property=\"og:url\" content=\"https:\/\/elfsight.com\/de\/wishpond-integrations\/\" \/>\n<meta property=\"og:site_name\" content=\"Elfsight DE\" \/>\n<meta property=\"article:modified_time\" content=\"2020-10-13T15:34:29+00:00\" \/>\n<meta name=\"twitter:card\" content=\"summary_large_image\" \/>\n<meta name=\"twitter:label1\" content=\"Gesch\u00e4tzte Lesezeit\" \/>\n\t<meta name=\"twitter:data1\" content=\"1\u00a0Minute\" \/>\n<!-- \/ Yoast SEO plugin. -->","yoast_head_json":{"title":"Die mobile-freundlichen Integrations f\u00fcr Ihre Wishpond Website (2025)","description":"Eine Auflistung von kostenlosen L\u00f6sungen besonders f\u00fcr Ihre Wishpond Websites. Hilfe zu der Individualisierung und unbeschr\u00e4nkte Reihe von Features.","robots":{"index":"index","follow":"follow","max-snippet":"max-snippet:-1","max-image-preview":"max-image-preview:large","max-video-preview":"max-video-preview:-1"},"canonical":"https:\/\/elfsight.com\/de\/wishpond-integrations\/","og_locale":"de_DE","og_type":"article","og_title":"Die mobile-freundlichen Integrations f\u00fcr Ihre Wishpond Website (2025)","og_description":"Eine Auflistung von kostenlosen L\u00f6sungen besonders f\u00fcr Ihre Wishpond Websites. Hilfe zu der Individualisierung und unbeschr\u00e4nkte Reihe von Features.","og_url":"https:\/\/elfsight.com\/de\/wishpond-integrations\/","og_site_name":"Elfsight DE","article_modified_time":"2020-10-13T15:34:29+00:00","twitter_card":"summary_large_image","twitter_misc":{"Gesch\u00e4tzte Lesezeit":"1\u00a0Minute"},"schema":{"@context":"https:\/\/schema.org","@graph":[{"@type":"WebPage","@id":"https:\/\/elfsight.com\/de\/wishpond-integrations\/","url":"https:\/\/elfsight.com\/de\/wishpond-integrations\/","name":"Die mobile-freundlichen Integrations f\u00fcr Ihre Wishpond Website (2025)","isPartOf":{"@id":"https:\/\/elfsight.com\/de\/#website"},"datePublished":"2020-09-17T14:33:10+00:00","dateModified":"2020-10-13T15:34:29+00:00","description":"Eine Auflistung von kostenlosen L\u00f6sungen besonders f\u00fcr Ihre Wishpond Websites. Hilfe zu der Individualisierung und unbeschr\u00e4nkte Reihe von Features.","breadcrumb":{"@id":"https:\/\/elfsight.com\/de\/wishpond-integrations\/#breadcrumb"},"inLanguage":"de","potentialAction":[{"@type":"ReadAction","target":["https:\/\/elfsight.com\/de\/wishpond-integrations\/"]}]},{"@type":"BreadcrumbList","@id":"https:\/\/elfsight.com\/de\/wishpond-integrations\/#breadcrumb","itemListElement":[{"@type":"ListItem","position":1,"name":"Home","item":"https:\/\/elfsight.com\/de\/"},{"@type":"ListItem","position":2,"name":"Wishpond Integrations"}]},{"@type":"WebSite","@id":"https:\/\/elfsight.com\/de\/#website","url":"https:\/\/elfsight.com\/de\/","name":"Elfsight DE","description":"Just another Elfsight Sites site","potentialAction":[{"@type":"SearchAction","target":{"@type":"EntryPoint","urlTemplate":"https:\/\/elfsight.com\/de\/?s={search_term_string}"},"query-input":{"@type":"PropertyValueSpecification","valueRequired":true,"valueName":"search_term_string"}}],"inLanguage":"de"}]}},"meta_box":{"industry":"","seo_heading":"","heading":"","description":"","cta_heading":"","cta_description":"","application":"","h1":"Beste ansprechbare L\u00f6sungen f\u00fcr Ihre Wishpond Webseite","h1_caption":"Dies ist die \u00dcbersicht von einsatzbereiten Bedienelemente f\u00fcr Internetseite, um Ihre Anwenderaktivit\u00e4ten zu gestalten und verschiedene gewerbliche Ziele zu erlangen. Die s\u00e4mtliche Apps kann leicht benutzerdefiniert und eingebunden werden. Unsere Firma liefert die grenzenlose Reihe von Merkmalen und die professionelle technische Unterst\u00fctzung f\u00fcr alle Kunden.","application_category":[],"applications_title":"Untersuchen Sie alle einsatzbereiten kostenfreien Wishpond Werkzeuge aus der Serie:","applications_request_title":"K\u00f6nnen Sie kein Integration finden, das Sie ben\u00f6tigen?","applications_request_button_text":"Fordern Sie ein Integration an","hero_text":"","hero_video":"","hero_video_schema_markup":"","selling_points_title":"","selling_points_caption":"","selling_points":[],"selling_points_cta_text":"","features_title":"","features":"","ed_cta_examples_text":"","ed_cta_examples_hidden":"","ed_cta_demo_text":"","ed_cta_demo_hidden":"","why_caption":"","why_editor_title":"","why_editor_text":"","why_team_title":"","why_team_text":"","why_service_title":"","why_service_text":"","template_catalog_visible":"","template_catalog_title":"","template_catalog_text":"","template_catalog_categories_visible":"","demo_title":"","demo_caption":"","default_faq_hidden":"","app_template_category":[],"platform":"3005","template_public_id":"","codecanyon_url":"","codecanyon_item_id":"","codecanyon_price":"","pricing_caption":"","pricing_elfsight_apps_hide_column":"","pricing_elfsight_apps_url":"","pricing_codecanyon_price_caption":"","integration_category":[],"integration_request_title":"","integration_request_cta":"","integration_platform":"","integrations":[],"platform_category":[],"video_schema_markup":"","price":"","trial":"","benefits":[],"button_url":"","button_target_blank":"","button_nofollow":"","attributes":[],"tags":[],"tags_disable_links":"","hide_more_platforms":"","video_object":"","demo_hide_cta":"","demo_hide_cloud_options":"","pricing_title":"","pricing":[],"related_apps_title":"","related_apps_hidden":"","author":"","image":[],"title":"","job":"","social_networks":[]},"_links":{"self":[{"href":"https:\/\/elfsight.com\/de\/wp-json\/wp\/v2\/pages\/3165","targetHints":{"allow":["GET"]}}],"collection":[{"href":"https:\/\/elfsight.com\/de\/wp-json\/wp\/v2\/pages"}],"about":[{"href":"https:\/\/elfsight.com\/de\/wp-json\/wp\/v2\/types\/page"}],"author":[{"embeddable":true,"href":"https:\/\/elfsight.com\/de\/wp-json\/wp\/v2\/users\/11"}],"replies":[{"embeddable":true,"href":"https:\/\/elfsight.com\/de\/wp-json\/wp\/v2\/comments?post=3165"}],"version-history":[{"count":2,"href":"https:\/\/elfsight.com\/de\/wp-json\/wp\/v2\/pages\/3165\/revisions"}],"predecessor-version":[{"id":3167,"href":"https:\/\/elfsight.com\/de\/wp-json\/wp\/v2\/pages\/3165\/revisions\/3167"}],"wp:attachment":[{"href":"https:\/\/elfsight.com\/de\/wp-json\/wp\/v2\/media?parent=3165"}],"curies":[{"name":"wp","href":"https:\/\/api.w.org\/{rel}","templated":true}]}}