{"id":3162,"date":"2020-09-17T14:30:18","date_gmt":"2020-09-17T14:30:18","guid":{"rendered":"https:\/\/elfsight.com\/de\/?page_id=3162"},"modified":"2020-10-13T15:35:01","modified_gmt":"2020-10-13T15:35:01","slug":"unbounce-integrations","status":"publish","type":"page","link":"https:\/\/elfsight.com\/de\/unbounce-integrations\/","title":{"rendered":"Unbounce Integrations"},"content":{"rendered":"\n<p>Seit einigen Jahren hat Elfsight viele v\u00f6llig n\u00fctzlichen und mobil-freundlichen Werkzeuge f\u00fcr Unbounce Webseiten gestellt. Mit Hilfe der Werkzeuge k\u00f6nnen Sie den Umsatz steigern, die Qualit\u00e4t des Kundensupports verbessern, jederzeit \u00fcber Chats mit Kunden in Kontakt bleiben und andere unternehmerischen Herausforderungen l\u00f6sen. <\/p> \n\n<p>Unsere Team pr\u00e4sentiert eine gro\u00dfe Auswahl von Preisoptionen: von gratis bis zu Premium. Anreichern Ihre Website ohne Zusatzausgaben. <\/p>\n\n\n<h2>Warum w\u00e4hlen viele Website-Besitzer unsere Integrations? <\/h2>\n\n<p>Entdecken Sie die nachstehende Auflistung der ausstehenden Funktionen: <\/p> \n<ul>\n<li>Gratis Installationshilfe des Plugins; <\/li>\n\n<li>Voll ansprechende f\u00fcr jedes Ger\u00e4t; <\/li>\n\n<li>Keine \u0421odierung; <\/li>\n\n<li>Eine Vielzahl von anpassbare und benutzerfreundliche Templates; <\/li>\n\n<li>Intuitive Konfigurator; <\/li>\n\n<li>Die Cloud-Services f\u00fcr hoher Ladegeschwindigkeit; <\/li> \n\n<li>Die regul\u00e4re automatische Aktualisierung; <\/li> \n\n<li>Fachliche Unterst\u00fctzung von erfahrenen Elfsight Team. <\/li> \n<\/ul>\n\n<p>Testen Sie mit unentgeltlichen Integration. Bewerten Sie alle Leistungsf\u00e4higkeiten oder bekommen Sie richtiges Integration mit 20% Skonto. <\/p> \n\n<h2>Wie kann man ein Integration auf Unbounce Website hinzuf\u00fcgen? <\/h2> \n<p>Um ein Werkzeug auf der Website einzubetten, folgen Sie einfach den Schritten: <\/p>\n<ol>\n<li>Entdecken Sie das entsprechend Werkzeug und w\u00e4hlen Sie die entsprechenden Einstellungen. Speichern Sie die \u00c4nderungen. <\/li> \n\n<li>Kopieren und f\u00fcgen Sie den Code hinzu um das Integration auf Ihrer Website zu installieren. <\/li>\n\n<li>App-Installation ist erfolgreich durchgef\u00fchrt! <\/li>\n<\/ol>\n<p>Wenn Sie eine kostenfreie Hilfe brauchen, um das Integration hinzuzuf\u00fcgen, dann k\u00f6nnen Sie sich unseren technischen Elfsight Support wenden. <\/p>\n","protected":false},"excerpt":{"rendered":"Seit einigen Jahren hat Elfsight viele v\u00f6llig n\u00fctzlichen und mobil-freundlichen Werkzeuge f\u00fcr Unbounce Webseiten gestellt. Mit Hilfe der Werkzeuge k\u00f6nnen Sie den Umsatz steigern, die Qualit\u00e4t des Kundensupports verbessern, jederzeit \u00fcber Chats mit Kunden in Kontakt bleiben und andere unternehmerischen Herausforderungen l\u00f6sen. Unsere Team pr\u00e4sentiert eine gro\u00dfe Auswahl von Preisoptionen:&#8230;","protected":false},"author":11,"featured_media":0,"parent":0,"menu_order":0,"comment_status":"closed","ping_status":"closed","template":"templates\/template-platform.php","meta":{"publish_to_discourse":"","publish_post_category":"","wpdc_auto_publish_overridden":"","wpdc_topic_tags":"","wpdc_pin_topic":"","wpdc_pin_until":"","discourse_post_id":"","discourse_permalink":"","wpdc_publishing_response":"","wpdc_publishing_error":"","footnotes":""},"class_list":["post-3162","page","type-page","status-publish","hentry"],"yoast_head":"<!-- This site is optimized with the Yoast SEO plugin v25.3.1 - https:\/\/yoast.com\/wordpress\/plugins\/seo\/ -->\n<title>Die mobile-freundlichen Integrations f\u00fcr Ihre Unbounce Website (2026)<\/title>\n<meta name=\"description\" content=\"Eine Liste von bew\u00e4hrt kostenlosen Miniprogramme besonders f\u00fcr Ihre Unbounce Websites. Hilfe mit der Individualisierung und grenzenlose Reihe von Merkmalen.\" \/>\n<meta name=\"robots\" content=\"index, follow, max-snippet:-1, max-image-preview:large, max-video-preview:-1\" \/>\n<link rel=\"canonical\" href=\"https:\/\/elfsight.com\/de\/unbounce-integrations\/\" \/>\n<meta property=\"og:locale\" content=\"de_DE\" \/>\n<meta property=\"og:type\" content=\"article\" \/>\n<meta property=\"og:title\" content=\"Die mobile-freundlichen Integrations f\u00fcr Ihre Unbounce Website (2026)\" \/>\n<meta property=\"og:description\" content=\"Eine Liste von bew\u00e4hrt kostenlosen Miniprogramme besonders f\u00fcr Ihre Unbounce Websites. Hilfe mit der Individualisierung und grenzenlose Reihe von Merkmalen.\" \/>\n<meta property=\"og:url\" content=\"https:\/\/elfsight.com\/de\/unbounce-integrations\/\" \/>\n<meta property=\"og:site_name\" content=\"Elfsight DE\" \/>\n<meta property=\"article:modified_time\" content=\"2020-10-13T15:35:01+00:00\" \/>\n<meta name=\"twitter:card\" content=\"summary_large_image\" \/>\n<meta name=\"twitter:label1\" content=\"Gesch\u00e4tzte Lesezeit\" \/>\n\t<meta name=\"twitter:data1\" content=\"1\u00a0Minute\" \/>\n<!-- \/ Yoast SEO plugin. -->","yoast_head_json":{"title":"Die mobile-freundlichen Integrations f\u00fcr Ihre Unbounce Website (2026)","description":"Eine Liste von bew\u00e4hrt kostenlosen Miniprogramme besonders f\u00fcr Ihre Unbounce Websites. Hilfe mit der Individualisierung und grenzenlose Reihe von Merkmalen.","robots":{"index":"index","follow":"follow","max-snippet":"max-snippet:-1","max-image-preview":"max-image-preview:large","max-video-preview":"max-video-preview:-1"},"canonical":"https:\/\/elfsight.com\/de\/unbounce-integrations\/","og_locale":"de_DE","og_type":"article","og_title":"Die mobile-freundlichen Integrations f\u00fcr Ihre Unbounce Website (2026)","og_description":"Eine Liste von bew\u00e4hrt kostenlosen Miniprogramme besonders f\u00fcr Ihre Unbounce Websites. Hilfe mit der Individualisierung und grenzenlose Reihe von Merkmalen.","og_url":"https:\/\/elfsight.com\/de\/unbounce-integrations\/","og_site_name":"Elfsight DE","article_modified_time":"2020-10-13T15:35:01+00:00","twitter_card":"summary_large_image","twitter_misc":{"Gesch\u00e4tzte Lesezeit":"1\u00a0Minute"},"schema":{"@context":"https:\/\/schema.org","@graph":[{"@type":"WebPage","@id":"https:\/\/elfsight.com\/de\/unbounce-integrations\/","url":"https:\/\/elfsight.com\/de\/unbounce-integrations\/","name":"Die mobile-freundlichen Integrations f\u00fcr Ihre Unbounce Website (2026)","isPartOf":{"@id":"https:\/\/elfsight.com\/de\/#website"},"datePublished":"2020-09-17T14:30:18+00:00","dateModified":"2020-10-13T15:35:01+00:00","description":"Eine Liste von bew\u00e4hrt kostenlosen Miniprogramme besonders f\u00fcr Ihre Unbounce Websites. Hilfe mit der Individualisierung und grenzenlose Reihe von Merkmalen.","breadcrumb":{"@id":"https:\/\/elfsight.com\/de\/unbounce-integrations\/#breadcrumb"},"inLanguage":"de","potentialAction":[{"@type":"ReadAction","target":["https:\/\/elfsight.com\/de\/unbounce-integrations\/"]}]},{"@type":"BreadcrumbList","@id":"https:\/\/elfsight.com\/de\/unbounce-integrations\/#breadcrumb","itemListElement":[{"@type":"ListItem","position":1,"name":"Home","item":"https:\/\/elfsight.com\/de\/"},{"@type":"ListItem","position":2,"name":"Unbounce Integrations"}]},{"@type":"WebSite","@id":"https:\/\/elfsight.com\/de\/#website","url":"https:\/\/elfsight.com\/de\/","name":"Elfsight DE","description":"Just another Elfsight Sites site","potentialAction":[{"@type":"SearchAction","target":{"@type":"EntryPoint","urlTemplate":"https:\/\/elfsight.com\/de\/?s={search_term_string}"},"query-input":{"@type":"PropertyValueSpecification","valueRequired":true,"valueName":"search_term_string"}}],"inLanguage":"de"}]}},"meta_box":{"industry":"","seo_heading":"","heading":"","description":"","cta_heading":"","cta_description":"","application":"","h1":"Perfekte smart Werkzeuge f\u00fcr Ihre Unbounce Web-Seite","h1_caption":"Dies ist die Serie von besseren Apps f\u00fcr Webseite, um seine Anwenderaktivit\u00e4ten zu steigern und wesentliche kommerzielle Zweck zu erzielen. Die Bedienelemente kann einfach benutzerdefiniert und aktiviert werden. Elfsight Kompanie bietet die grenzenlose Reihe von Funktionen und die beeindruckende technische Unterst\u00fctzung f\u00fcr alle Klienten.","application_category":[],"applications_title":"Erproben Sie alle schl\u00fcsselfertigen kostenlosen Unbounce Bedienelemente auf der Auswahl:","applications_request_title":"K\u00f6nnen Sie kein Integration finden, das Sie ben\u00f6tigen?","applications_request_button_text":"Fordern Sie ein Integration an","hero_text":"","hero_video":"","hero_video_schema_markup":"","selling_points_title":"","selling_points_caption":"","selling_points":[],"selling_points_cta_text":"","features_title":"","features":"","ed_cta_examples_text":"","ed_cta_examples_hidden":"","ed_cta_demo_text":"","ed_cta_demo_hidden":"","why_caption":"","why_editor_title":"","why_editor_text":"","why_team_title":"","why_team_text":"","why_service_title":"","why_service_text":"","template_catalog_visible":"","template_catalog_title":"","template_catalog_text":"","template_catalog_categories_visible":"","demo_title":"","demo_caption":"","default_faq_hidden":"","app_template_category":[],"platform":"3004","template_public_id":"","codecanyon_url":"","codecanyon_item_id":"","codecanyon_price":"","pricing_caption":"","pricing_elfsight_apps_hide_column":"","pricing_elfsight_apps_url":"","pricing_codecanyon_price_caption":"","integration_category":[],"integration_request_title":"","integration_request_cta":"","integration_platform":"","integrations":[],"platform_category":[],"video_schema_markup":"","price":"","trial":"","benefits":[],"button_url":"","button_target_blank":"","button_nofollow":"","attributes":[],"tags":[],"tags_disable_links":"","hide_more_platforms":"","video_object":"","demo_hide_cta":"","demo_hide_cloud_options":"","pricing_title":"","pricing":[],"related_apps_title":"","related_apps_hidden":"","author":"","image":[],"title":"","job":"","social_networks":[]},"_links":{"self":[{"href":"https:\/\/elfsight.com\/de\/wp-json\/wp\/v2\/pages\/3162","targetHints":{"allow":["GET"]}}],"collection":[{"href":"https:\/\/elfsight.com\/de\/wp-json\/wp\/v2\/pages"}],"about":[{"href":"https:\/\/elfsight.com\/de\/wp-json\/wp\/v2\/types\/page"}],"author":[{"embeddable":true,"href":"https:\/\/elfsight.com\/de\/wp-json\/wp\/v2\/users\/11"}],"replies":[{"embeddable":true,"href":"https:\/\/elfsight.com\/de\/wp-json\/wp\/v2\/comments?post=3162"}],"version-history":[{"count":2,"href":"https:\/\/elfsight.com\/de\/wp-json\/wp\/v2\/pages\/3162\/revisions"}],"predecessor-version":[{"id":3164,"href":"https:\/\/elfsight.com\/de\/wp-json\/wp\/v2\/pages\/3162\/revisions\/3164"}],"wp:attachment":[{"href":"https:\/\/elfsight.com\/de\/wp-json\/wp\/v2\/media?parent=3162"}],"curies":[{"name":"wp","href":"https:\/\/api.w.org\/{rel}","templated":true}]}}