{"id":316,"date":"2020-02-26T10:39:16","date_gmt":"2020-02-26T10:39:16","guid":{"rendered":"https:\/\/elfsight.com\/de\/?page_id=316"},"modified":"2020-09-16T14:07:00","modified_gmt":"2020-09-16T14:07:00","slug":"pinegrow-plugins","status":"publish","type":"page","link":"https:\/\/elfsight.com\/de\/pinegrow-plugins\/","title":{"rendered":"Pinegrow plugins"},"content":{"rendered":"\n<p>F\u00fcr einige Jahre hat Elfsight Kompanie viele vollkommen praktischen und einfachen L\u00f6sungen f\u00fcr Pinegrow  Webseiten entwickelt. Mit Hilfe dieser Apps k\u00f6nnen Sie den Umsatz steigern, die Qualit\u00e4t des Kundensupports verbessern, jederzeit \u00fcber Chats mit Kunden in Kontakt bleiben und andere gesch\u00e4ftlichen Herausforderungen l\u00f6sen.<\/p> \n\n<p>Elfsight Team liefert eine gro\u00dfe Vielfalt von Preism\u00f6glichkeiten: von kostenlos bis zu Premium.  Anreichern Ihre Website ohne Zusatzkosten.<\/p>\n\n\n<h2>Warum sind unsere Pinegrow-Oberfl\u00e4chenelemente so einzigartig?<\/h2>\n\n<p>Betrachten  Sie die folgende Reihe der besonderen Merkmale:<\/p> \n<ul>\n<li> Gratis Installation-Support  des Apps;<\/li>\n\n<li>Voll mobil-freundliche f\u00fcr jeden Bildschirm; <\/li>\n\n<li>Ohne Codierung;<\/li>\n\n<li>Eine gro\u00dfe Auswahl von anpassbare und benutzerfreundliche Templates;<\/li>\n\n<li>Benutzerfreundlicher Konfigurator;<\/li>\n\n<li>Die Cloud-L\u00f6sungen f\u00fcr hoher Ladegeschwindigkeit; <\/li>                                                                                                                \n\n<li>Die regelm\u00e4\u00dfige automatische Aktualisierung;<\/li> \n\n<li>Professionelle Hilfe von erfahrenen Elfsight Team.<\/li> \n<\/ul>\n\n<p>Testen  Sie mit kostenfreien Plan. Bewerten Sie alle Potenzial oder erwerben Sie jedes Widget mit 20% Skonto. <\/p> \n\n<h2>Wie kann man ein Plugin auf Pinegrow Website integrieren?<\/h2> \n<p>Um ein Werkzeug auf der Web-Seite hinzuzuf\u00fcgen, lesen Sie einfach die folgenden Anweisungen: <\/p>\n<ol>\n<li>Beschlie\u00dfen Sie das gew\u00fcnscht Plugin und w\u00e4hlen Sie die entsprechenden Einstellungen. Klicken Sie auf Speichern.<\/li> \n\n<li>Kopieren und f\u00fcgen Sie den Code hinzu um das Plugin auf Ihrer Website einzubetten. <\/li>\n\n<li>Geschafft! Sie haben das Werkzeug erfolgreich auf der Pinegrow Website installiert. <\/li>\n<\/ol>\n<p>Falls Sie eine kostenfreie Empfehlung f\u00fcr die Integration des Widgets ben\u00f6tigen, dann k\u00f6nnen Sie sich unseren professionellen Elfsight Support wenden.<\/p>\n","protected":false},"excerpt":{"rendered":"F\u00fcr einige Jahre hat Elfsight Kompanie viele vollkommen praktischen und einfachen L\u00f6sungen f\u00fcr Pinegrow Webseiten entwickelt. Mit Hilfe dieser Apps k\u00f6nnen Sie den Umsatz steigern, die Qualit\u00e4t des Kundensupports verbessern, jederzeit \u00fcber Chats mit Kunden in Kontakt bleiben und andere gesch\u00e4ftlichen Herausforderungen l\u00f6sen. Elfsight Team liefert eine gro\u00dfe Vielfalt von&#8230;","protected":false},"author":11,"featured_media":0,"parent":0,"menu_order":0,"comment_status":"closed","ping_status":"closed","template":"templates\/template-platform.php","meta":{"publish_to_discourse":"","publish_post_category":"","wpdc_auto_publish_overridden":"","wpdc_topic_tags":"","wpdc_pin_topic":"","wpdc_pin_until":"","discourse_post_id":"","discourse_permalink":"","wpdc_publishing_response":"","wpdc_publishing_error":"","footnotes":""},"class_list":["post-316","page","type-page","status-publish","hentry"],"yoast_head":"<!-- This site is optimized with the Yoast SEO plugin v25.3.1 - https:\/\/yoast.com\/wordpress\/plugins\/seo\/ -->\n<title>Die besten kostenlosen Pinegrow Plugins f\u00fcr Ihre Website (2025)<\/title>\n<meta name=\"description\" content=\"Eine Serie von schl\u00fcsselfertigen gratis Werkzeuge besonders f\u00fcr Ihre Websites. Hilfe mit der Kundenbezogenheit und unendliche Reihe von M\u00f6glichkeiten.\" \/>\n<meta name=\"robots\" content=\"index, follow, max-snippet:-1, max-image-preview:large, max-video-preview:-1\" \/>\n<link rel=\"canonical\" href=\"https:\/\/elfsight.com\/de\/pinegrow-plugins\/\" \/>\n<meta property=\"og:locale\" content=\"de_DE\" \/>\n<meta property=\"og:type\" content=\"article\" \/>\n<meta property=\"og:title\" content=\"Die besten kostenlosen Pinegrow Plugins f\u00fcr Ihre Website (2025)\" \/>\n<meta property=\"og:description\" content=\"Eine Serie von schl\u00fcsselfertigen gratis Werkzeuge besonders f\u00fcr Ihre Websites. Hilfe mit der Kundenbezogenheit und unendliche Reihe von M\u00f6glichkeiten.\" \/>\n<meta property=\"og:url\" content=\"https:\/\/elfsight.com\/de\/pinegrow-plugins\/\" \/>\n<meta property=\"og:site_name\" content=\"Elfsight DE\" \/>\n<meta property=\"article:modified_time\" content=\"2020-09-16T14:07:00+00:00\" \/>\n<meta name=\"twitter:card\" content=\"summary_large_image\" \/>\n<meta name=\"twitter:label1\" content=\"Gesch\u00e4tzte Lesezeit\" \/>\n\t<meta name=\"twitter:data1\" content=\"1\u00a0Minute\" \/>\n<!-- \/ Yoast SEO plugin. -->","yoast_head_json":{"title":"Die besten kostenlosen Pinegrow Plugins f\u00fcr Ihre Website (2025)","description":"Eine Serie von schl\u00fcsselfertigen gratis Werkzeuge besonders f\u00fcr Ihre Websites. Hilfe mit der Kundenbezogenheit und unendliche Reihe von M\u00f6glichkeiten.","robots":{"index":"index","follow":"follow","max-snippet":"max-snippet:-1","max-image-preview":"max-image-preview:large","max-video-preview":"max-video-preview:-1"},"canonical":"https:\/\/elfsight.com\/de\/pinegrow-plugins\/","og_locale":"de_DE","og_type":"article","og_title":"Die besten kostenlosen Pinegrow Plugins f\u00fcr Ihre Website (2025)","og_description":"Eine Serie von schl\u00fcsselfertigen gratis Werkzeuge besonders f\u00fcr Ihre Websites. Hilfe mit der Kundenbezogenheit und unendliche Reihe von M\u00f6glichkeiten.","og_url":"https:\/\/elfsight.com\/de\/pinegrow-plugins\/","og_site_name":"Elfsight DE","article_modified_time":"2020-09-16T14:07:00+00:00","twitter_card":"summary_large_image","twitter_misc":{"Gesch\u00e4tzte Lesezeit":"1\u00a0Minute"},"schema":{"@context":"https:\/\/schema.org","@graph":[{"@type":"WebPage","@id":"https:\/\/elfsight.com\/de\/pinegrow-plugins\/","url":"https:\/\/elfsight.com\/de\/pinegrow-plugins\/","name":"Die besten kostenlosen Pinegrow Plugins f\u00fcr Ihre Website (2025)","isPartOf":{"@id":"https:\/\/elfsight.com\/de\/#website"},"datePublished":"2020-02-26T10:39:16+00:00","dateModified":"2020-09-16T14:07:00+00:00","description":"Eine Serie von schl\u00fcsselfertigen gratis Werkzeuge besonders f\u00fcr Ihre Websites. Hilfe mit der Kundenbezogenheit und unendliche Reihe von M\u00f6glichkeiten.","breadcrumb":{"@id":"https:\/\/elfsight.com\/de\/pinegrow-plugins\/#breadcrumb"},"inLanguage":"de","potentialAction":[{"@type":"ReadAction","target":["https:\/\/elfsight.com\/de\/pinegrow-plugins\/"]}]},{"@type":"BreadcrumbList","@id":"https:\/\/elfsight.com\/de\/pinegrow-plugins\/#breadcrumb","itemListElement":[{"@type":"ListItem","position":1,"name":"Home","item":"https:\/\/elfsight.com\/de\/"},{"@type":"ListItem","position":2,"name":"Pinegrow plugins"}]},{"@type":"WebSite","@id":"https:\/\/elfsight.com\/de\/#website","url":"https:\/\/elfsight.com\/de\/","name":"Elfsight DE","description":"Just another Elfsight Sites site","potentialAction":[{"@type":"SearchAction","target":{"@type":"EntryPoint","urlTemplate":"https:\/\/elfsight.com\/de\/?s={search_term_string}"},"query-input":{"@type":"PropertyValueSpecification","valueRequired":true,"valueName":"search_term_string"}}],"inLanguage":"de"}]}},"meta_box":{"industry":"","seo_heading":"","heading":"","description":"","cta_heading":"","cta_description":"","application":"","h1":"Ideale gebrauchsfertige Werkzeuge f\u00fcr Ihre Pinegrow Website","h1_caption":"Dies ist die Reihe von schl\u00fcsselfertigen Werkzeuge f\u00fcr Web-Seite, um seine Kundenbindung zu optimieren und verschiedene wirtschaftliche Ziele zu erzielen. Die Bedienelemente kann einfach adaptiert und eingebettet werden. Die Kompanie bereitstellt die unbeschr\u00e4nkte Anzahl von Funktionen und die sch\u00f6nste technische Unterst\u00fctzung f\u00fcr alle Klienten.","application_category":[],"applications_title":"Versuchen Sie alle hochwertigen kostenfreien Pinegrow Bedienelemente von der \u00dcbersicht:","applications_request_title":"Sie k\u00f6nnen das gew\u00fcnschte Plugin nicht finden?","applications_request_button_text":"Fordern Sie ein Plugin an","hero_text":"","hero_video":"","hero_video_schema_markup":"","selling_points_title":"","selling_points_caption":"","selling_points":[],"selling_points_cta_text":"","features_title":"","features":"","ed_cta_examples_text":"","ed_cta_examples_hidden":"","ed_cta_demo_text":"","ed_cta_demo_hidden":"","why_caption":"","why_editor_title":"","why_editor_text":"","why_team_title":"","why_team_text":"","why_service_title":"","why_service_text":"","template_catalog_visible":"","template_catalog_title":"","template_catalog_text":"","template_catalog_categories_visible":"","demo_title":"","demo_caption":"","default_faq_hidden":"","app_template_category":[],"platform":"230","template_public_id":"","codecanyon_url":"","codecanyon_item_id":"","codecanyon_price":"","pricing_caption":"","pricing_elfsight_apps_hide_column":"","pricing_elfsight_apps_url":"","pricing_codecanyon_price_caption":"","integration_category":[],"integration_request_title":"","integration_request_cta":"","integration_platform":"","integrations":[],"platform_category":[],"video_schema_markup":"","price":"","trial":"","benefits":[],"button_url":"","button_target_blank":"","button_nofollow":"","attributes":[],"tags":[],"tags_disable_links":"","hide_more_platforms":"","video_object":"","demo_hide_cta":"","demo_hide_cloud_options":"","pricing_title":"","pricing":[],"related_apps_title":"","related_apps_hidden":"","author":"","image":[],"title":"","job":"","social_networks":[]},"_links":{"self":[{"href":"https:\/\/elfsight.com\/de\/wp-json\/wp\/v2\/pages\/316","targetHints":{"allow":["GET"]}}],"collection":[{"href":"https:\/\/elfsight.com\/de\/wp-json\/wp\/v2\/pages"}],"about":[{"href":"https:\/\/elfsight.com\/de\/wp-json\/wp\/v2\/types\/page"}],"author":[{"embeddable":true,"href":"https:\/\/elfsight.com\/de\/wp-json\/wp\/v2\/users\/11"}],"replies":[{"embeddable":true,"href":"https:\/\/elfsight.com\/de\/wp-json\/wp\/v2\/comments?post=316"}],"version-history":[{"count":4,"href":"https:\/\/elfsight.com\/de\/wp-json\/wp\/v2\/pages\/316\/revisions"}],"predecessor-version":[{"id":3046,"href":"https:\/\/elfsight.com\/de\/wp-json\/wp\/v2\/pages\/316\/revisions\/3046"}],"wp:attachment":[{"href":"https:\/\/elfsight.com\/de\/wp-json\/wp\/v2\/media?parent=316"}],"curies":[{"name":"wp","href":"https:\/\/api.w.org\/{rel}","templated":true}]}}