{"id":3158,"date":"2020-09-17T14:25:25","date_gmt":"2020-09-17T14:25:25","guid":{"rendered":"https:\/\/elfsight.com\/de\/?page_id=3158"},"modified":"2020-10-13T15:26:44","modified_gmt":"2020-10-13T15:26:44","slug":"instapage-widgets","status":"publish","type":"page","link":"https:\/\/elfsight.com\/de\/instapage-widgets\/","title":{"rendered":"Instapage Widgets"},"content":{"rendered":"\n<p>\u00dcber 9 Jahre hat Elfsight Firma viele v\u00f6llig intuitiven und mobil-freundlichen L\u00f6sungen f\u00fcr Instapage Websites realisiert. Mit Hilfe Elfsight Apps k\u00f6nnen Sie viel mehr Leads sammeln, die Funktionalit\u00e4t der Website verbessern, jederzeit \u00fcber Chats mit Kunden in Kontakt bleiben und andere gesch\u00e4ftlichen Herausforderungen l\u00f6sen. <\/p> \n\n<p>Unsere Team verschafft eine gro\u00dfe Auswahl von Peiswahlen: von kostenlos bis zu Premium. St\u00e4rken Ihre Website ohne zus\u00e4tzlichen Ausgaben. <\/p>\n\n\n<h2>Was macht unsere Instapage-Werkzeuge so einzigartig? <\/h2>\n\n<p> Lesen Sie die anschlie\u00dfende Auflistung der wichtigsten Vorteile: <\/p> \n<ul>\n<li> Kostenloser Installation-Support des Widgets; <\/li>\n\n<li>Ganz ansprechende f\u00fcr jedes Ger\u00e4t; <\/li>\n\n<li>Keine Kodierung; <\/li>\n\n<li>Eine gro\u00dfe Auswahl von anpassbare und einsatzf\u00e4hige Schablonen; <\/li>\n\n<li>Einfacher Konfigurator; <\/li>\n\n<li>Die Cloud-Dienste f\u00fcr hoher Ladegeschwindigkeit; <\/li> \n\n<li>Die regelm\u00e4\u00dfige automatische Aktualisierung; <\/li> \n\n<li>Hochqualifizierte Unterst\u00fctzung von h\u00f6flichen Elfsight Team. <\/li> \n<\/ul>\n\n<p>Zugreifen Sie mit unentgeltlichen Plan. Sehen Sie alle M\u00f6glichkeiten oder kaufen Sie ausgew\u00e4hlte Plugin mit 20% Skonto. <\/p> \n\n<h2>Wie kann ich ein Widget auf Instapage Website installieren? <\/h2> \n<p>Um ein Werkzeug auf der Webseite zu installieren, sehen Sie einfach die folgenden Anweisungen: <\/p>\n<ol>\n<li>Bestimmen Sie das richtig Werkzeug und w\u00e4hlen Sie die entsprechenden Einstellungen. Speichern Sie die \u00c4nderungen. <\/li> \n\n<li>F\u00fcgen Sie Code hinzu um das Widget auf Ihrer Seite einzubinden. <\/li>\n\n<li>Widget-Einbindung ist erfolgreich abgeschlossen! <\/li>\n<\/ol>\n<p>Falls Sie eine kostenfreie Empfehlung brauchen, um das Widget hinzuzuf\u00fcgen, dann unserer Unterst\u00fctzungsteam ist immer gl\u00fccklich, Ihnen zu helfen. <\/p>\n","protected":false},"excerpt":{"rendered":"\u00dcber 9 Jahre hat Elfsight Firma viele v\u00f6llig intuitiven und mobil-freundlichen L\u00f6sungen f\u00fcr Instapage Websites realisiert. Mit Hilfe Elfsight Apps k\u00f6nnen Sie viel mehr Leads sammeln, die Funktionalit\u00e4t der Website verbessern, jederzeit \u00fcber Chats mit Kunden in Kontakt bleiben und andere gesch\u00e4ftlichen Herausforderungen l\u00f6sen. Unsere Team verschafft eine gro\u00dfe Auswahl&#8230;","protected":false},"author":11,"featured_media":0,"parent":0,"menu_order":0,"comment_status":"closed","ping_status":"closed","template":"templates\/template-platform.php","meta":{"publish_to_discourse":"","publish_post_category":"","wpdc_auto_publish_overridden":"","wpdc_topic_tags":"","wpdc_pin_topic":"","wpdc_pin_until":"","discourse_post_id":"","discourse_permalink":"","wpdc_publishing_response":"","wpdc_publishing_error":"","footnotes":""},"class_list":["post-3158","page","type-page","status-publish","hentry"],"yoast_head":"<!-- This site is optimized with the Yoast SEO plugin v25.3.1 - https:\/\/yoast.com\/wordpress\/plugins\/seo\/ -->\n<title>Die mobile-freundlichen Widgets f\u00fcr Ihre Instapage Website (2026)<\/title>\n<meta name=\"description\" content=\"Eine Auswahl von kostenfreien Werkzeuge eigens f\u00fcr Ihre Instapage Web-Seiten. Hilfe bei der Individualisierung und unbegrenzte Reihe von Funktionen.\" \/>\n<meta name=\"robots\" content=\"index, follow, max-snippet:-1, max-image-preview:large, max-video-preview:-1\" \/>\n<link rel=\"canonical\" href=\"https:\/\/elfsight.com\/de\/instapage-widgets\/\" \/>\n<meta property=\"og:locale\" content=\"de_DE\" \/>\n<meta property=\"og:type\" content=\"article\" \/>\n<meta property=\"og:title\" content=\"Die mobile-freundlichen Widgets f\u00fcr Ihre Instapage Website (2026)\" \/>\n<meta property=\"og:description\" content=\"Eine Auswahl von kostenfreien Werkzeuge eigens f\u00fcr Ihre Instapage Web-Seiten. Hilfe bei der Individualisierung und unbegrenzte Reihe von Funktionen.\" \/>\n<meta property=\"og:url\" content=\"https:\/\/elfsight.com\/de\/instapage-widgets\/\" \/>\n<meta property=\"og:site_name\" content=\"Elfsight DE\" \/>\n<meta property=\"article:modified_time\" content=\"2020-10-13T15:26:44+00:00\" \/>\n<meta name=\"twitter:card\" content=\"summary_large_image\" \/>\n<meta name=\"twitter:label1\" content=\"Gesch\u00e4tzte Lesezeit\" \/>\n\t<meta name=\"twitter:data1\" content=\"1\u00a0Minute\" \/>\n<!-- \/ Yoast SEO plugin. -->","yoast_head_json":{"title":"Die mobile-freundlichen Widgets f\u00fcr Ihre Instapage Website (2026)","description":"Eine Auswahl von kostenfreien Werkzeuge eigens f\u00fcr Ihre Instapage Web-Seiten. Hilfe bei der Individualisierung und unbegrenzte Reihe von Funktionen.","robots":{"index":"index","follow":"follow","max-snippet":"max-snippet:-1","max-image-preview":"max-image-preview:large","max-video-preview":"max-video-preview:-1"},"canonical":"https:\/\/elfsight.com\/de\/instapage-widgets\/","og_locale":"de_DE","og_type":"article","og_title":"Die mobile-freundlichen Widgets f\u00fcr Ihre Instapage Website (2026)","og_description":"Eine Auswahl von kostenfreien Werkzeuge eigens f\u00fcr Ihre Instapage Web-Seiten. Hilfe bei der Individualisierung und unbegrenzte Reihe von Funktionen.","og_url":"https:\/\/elfsight.com\/de\/instapage-widgets\/","og_site_name":"Elfsight DE","article_modified_time":"2020-10-13T15:26:44+00:00","twitter_card":"summary_large_image","twitter_misc":{"Gesch\u00e4tzte Lesezeit":"1\u00a0Minute"},"schema":{"@context":"https:\/\/schema.org","@graph":[{"@type":"WebPage","@id":"https:\/\/elfsight.com\/de\/instapage-widgets\/","url":"https:\/\/elfsight.com\/de\/instapage-widgets\/","name":"Die mobile-freundlichen Widgets f\u00fcr Ihre Instapage Website (2026)","isPartOf":{"@id":"https:\/\/elfsight.com\/de\/#website"},"datePublished":"2020-09-17T14:25:25+00:00","dateModified":"2020-10-13T15:26:44+00:00","description":"Eine Auswahl von kostenfreien Werkzeuge eigens f\u00fcr Ihre Instapage Web-Seiten. Hilfe bei der Individualisierung und unbegrenzte Reihe von Funktionen.","breadcrumb":{"@id":"https:\/\/elfsight.com\/de\/instapage-widgets\/#breadcrumb"},"inLanguage":"de","potentialAction":[{"@type":"ReadAction","target":["https:\/\/elfsight.com\/de\/instapage-widgets\/"]}]},{"@type":"BreadcrumbList","@id":"https:\/\/elfsight.com\/de\/instapage-widgets\/#breadcrumb","itemListElement":[{"@type":"ListItem","position":1,"name":"Home","item":"https:\/\/elfsight.com\/de\/"},{"@type":"ListItem","position":2,"name":"Instapage Widgets"}]},{"@type":"WebSite","@id":"https:\/\/elfsight.com\/de\/#website","url":"https:\/\/elfsight.com\/de\/","name":"Elfsight DE","description":"Just another Elfsight Sites site","potentialAction":[{"@type":"SearchAction","target":{"@type":"EntryPoint","urlTemplate":"https:\/\/elfsight.com\/de\/?s={search_term_string}"},"query-input":{"@type":"PropertyValueSpecification","valueRequired":true,"valueName":"search_term_string"}}],"inLanguage":"de"}]}},"meta_box":{"industry":"","seo_heading":"","heading":"","description":"","cta_heading":"","cta_description":"","application":"","h1":"Ideale smart Werkzeuge f\u00fcr Ihre Instapage Webseite","h1_caption":"Dies ist die Vielfalt von einsatzbereiten Miniprogramme f\u00fcr Website, um Ihre Konversion zu erh\u00f6hen und grunds\u00e4tzliche gewerbliche Zweck zu erzielen. Diese Plugins kann leicht adaptiert und hinzugef\u00fcgt werden. Elfsight Firma verschafft die unendliche Reihe von M\u00f6glichkeiten und die beeindruckende technische Support f\u00fcr alle Klienten.","application_category":[],"applications_title":"Entdecken Sie alle besseren kostenlosen Instapage Bedienelemente auf der Reihe:","applications_request_title":"K\u00f6nnen Sie kein Widget finden, das Sie ben\u00f6tigen?","applications_request_button_text":"Fordern Sie ein Widget an","hero_text":"","hero_video":"","hero_video_schema_markup":"","selling_points_title":"","selling_points_caption":"","selling_points":[],"selling_points_cta_text":"","features_title":"","features":"","ed_cta_examples_text":"","ed_cta_examples_hidden":"","ed_cta_demo_text":"","ed_cta_demo_hidden":"","why_caption":"","why_editor_title":"","why_editor_text":"","why_team_title":"","why_team_text":"","why_service_title":"","why_service_text":"","template_catalog_visible":"","template_catalog_title":"","template_catalog_text":"","template_catalog_categories_visible":"","demo_title":"","demo_caption":"","default_faq_hidden":"","app_template_category":[],"platform":"3003","template_public_id":"","codecanyon_url":"","codecanyon_item_id":"","codecanyon_price":"","pricing_caption":"","pricing_elfsight_apps_hide_column":"","pricing_elfsight_apps_url":"","pricing_codecanyon_price_caption":"","integration_category":[],"integration_request_title":"","integration_request_cta":"","integration_platform":"","integrations":[],"platform_category":[],"video_schema_markup":"","price":"","trial":"","benefits":[],"button_url":"","button_target_blank":"","button_nofollow":"","attributes":[],"tags":[],"tags_disable_links":"","hide_more_platforms":"","video_object":"","demo_hide_cta":"","demo_hide_cloud_options":"","pricing_title":"","pricing":[],"related_apps_title":"","related_apps_hidden":"","author":"","image":[],"title":"","job":"","social_networks":[]},"_links":{"self":[{"href":"https:\/\/elfsight.com\/de\/wp-json\/wp\/v2\/pages\/3158","targetHints":{"allow":["GET"]}}],"collection":[{"href":"https:\/\/elfsight.com\/de\/wp-json\/wp\/v2\/pages"}],"about":[{"href":"https:\/\/elfsight.com\/de\/wp-json\/wp\/v2\/types\/page"}],"author":[{"embeddable":true,"href":"https:\/\/elfsight.com\/de\/wp-json\/wp\/v2\/users\/11"}],"replies":[{"embeddable":true,"href":"https:\/\/elfsight.com\/de\/wp-json\/wp\/v2\/comments?post=3158"}],"version-history":[{"count":2,"href":"https:\/\/elfsight.com\/de\/wp-json\/wp\/v2\/pages\/3158\/revisions"}],"predecessor-version":[{"id":3160,"href":"https:\/\/elfsight.com\/de\/wp-json\/wp\/v2\/pages\/3158\/revisions\/3160"}],"wp:attachment":[{"href":"https:\/\/elfsight.com\/de\/wp-json\/wp\/v2\/media?parent=3158"}],"curies":[{"name":"wp","href":"https:\/\/api.w.org\/{rel}","templated":true}]}}